{"id":1914,"date":"2021-09-21T10:51:45","date_gmt":"2021-09-21T08:51:45","guid":{"rendered":"http:\/\/vbw-klarenthal-2021.de.w01729c4.kasserver.com\/?page_id=1914"},"modified":"2025-07-30T18:27:53","modified_gmt":"2025-07-30T16:27:53","slug":"kinder-und-familien","status":"publish","type":"page","link":"https:\/\/www.klarenthal-vbw.de\/de_LS\/programm\/kurse\/kinder-und-familien\/","title":{"rendered":"Kinder und Familien"},"content":{"rendered":"","protected":false},"excerpt":{"rendered":"","protected":false},"author":3,"featured_media":5610,"parent":2875,"menu_order":0,"comment_status":"closed","ping_status":"closed","template":"","meta":{"_acf_changed":false,"footnotes":""},"categories":[],"tags":[],"folder":[14],"class_list":["post-1914","page","type-page","status-publish","has-post-thumbnail","hentry"],"acf":[],"yoast_head":"<!-- This site is optimized with the Yoast SEO plugin v27.4 - https:\/\/yoast.com\/product\/yoast-seo-wordpress\/ -->\n<title>Kinder und Familien - Volksbildungswerk Klarenthal e.V.<\/title>\n<meta name=\"description\" content=\"Entdecken Sie eine Welt voller Spa\u00df f\u00fcr Kinder und Familien! Kinderfreundliche Aktivit\u00e4ten, Spiele und Lernm\u00f6glichkeiten.\" \/>\n<meta name=\"robots\" content=\"index, follow, max-snippet:-1, max-image-preview:large, max-video-preview:-1\" \/>\n<link rel=\"canonical\" href=\"https:\/\/www.klarenthal-vbw.de\/de_LS\/programm\/kurse\/kinder-und-familien\/\" \/>\n<meta property=\"og:locale\" content=\"de_DE\" \/>\n<meta property=\"og:type\" content=\"article\" \/>\n<meta property=\"og:title\" content=\"Kinder und Familien - Volksbildungswerk Klarenthal e.V.\" \/>\n<meta property=\"og:description\" content=\"Entdecken Sie eine Welt voller Spa\u00df f\u00fcr Kinder und Familien! Kinderfreundliche Aktivit\u00e4ten, Spiele und Lernm\u00f6glichkeiten.\" \/>\n<meta property=\"og:url\" content=\"https:\/\/www.klarenthal-vbw.de\/de_LS\/programm\/kurse\/kinder-und-familien\/\" \/>\n<meta property=\"og:site_name\" content=\"Volksbildungswerk Klarenthal e.V.\" \/>\n<meta property=\"article:modified_time\" content=\"2025-07-30T16:27:53+00:00\" \/>\n<meta name=\"twitter:card\" content=\"summary_large_image\" \/>\n<meta name=\"twitter:label1\" content=\"Gesch\u00e4tzte Lesezeit\" \/>\n\t<meta name=\"twitter:data1\" content=\"1\u00a0Minute\" \/>\n<script type=\"application\/ld+json\" class=\"yoast-schema-graph\">{\"@context\":\"https:\\\/\\\/schema.org\",\"@graph\":[{\"@type\":\"WebPage\",\"@id\":\"https:\\\/\\\/www.klarenthal-vbw.de\\\/de_LS\\\/programm\\\/kurse\\\/kinder-und-familien\\\/\",\"url\":\"https:\\\/\\\/www.klarenthal-vbw.de\\\/de_LS\\\/programm\\\/kurse\\\/kinder-und-familien\\\/\",\"name\":\"Kinder und Familien - Volksbildungswerk Klarenthal e.V.\",\"isPartOf\":{\"@id\":\"https:\\\/\\\/www.klarenthal-vbw.de\\\/de_LS\\\/#website\"},\"primaryImageOfPage\":{\"@id\":\"https:\\\/\\\/www.klarenthal-vbw.de\\\/de_LS\\\/programm\\\/kurse\\\/kinder-und-familien\\\/#primaryimage\"},\"image\":{\"@id\":\"https:\\\/\\\/www.klarenthal-vbw.de\\\/de_LS\\\/programm\\\/kurse\\\/kinder-und-familien\\\/#primaryimage\"},\"thumbnailUrl\":\"https:\\\/\\\/www.klarenthal-vbw.de\\\/wp-content\\\/uploads\\\/2025\\\/04\\\/volksbildungswerk-programm-kinder-und-familien.svg\",\"datePublished\":\"2021-09-21T08:51:45+00:00\",\"dateModified\":\"2025-07-30T16:27:53+00:00\",\"description\":\"Entdecken Sie eine Welt voller Spa\u00df f\u00fcr Kinder und Familien! Kinderfreundliche Aktivit\u00e4ten, Spiele und Lernm\u00f6glichkeiten.\",\"breadcrumb\":{\"@id\":\"https:\\\/\\\/www.klarenthal-vbw.de\\\/de_LS\\\/programm\\\/kurse\\\/kinder-und-familien\\\/#breadcrumb\"},\"inLanguage\":\"de\",\"potentialAction\":[{\"@type\":\"ReadAction\",\"target\":[\"https:\\\/\\\/www.klarenthal-vbw.de\\\/de_LS\\\/programm\\\/kurse\\\/kinder-und-familien\\\/\"]}]},{\"@type\":\"ImageObject\",\"inLanguage\":\"de\",\"@id\":\"https:\\\/\\\/www.klarenthal-vbw.de\\\/de_LS\\\/programm\\\/kurse\\\/kinder-und-familien\\\/#primaryimage\",\"url\":\"https:\\\/\\\/www.klarenthal-vbw.de\\\/wp-content\\\/uploads\\\/2025\\\/04\\\/volksbildungswerk-programm-kinder-und-familien.svg\",\"contentUrl\":\"https:\\\/\\\/www.klarenthal-vbw.de\\\/wp-content\\\/uploads\\\/2025\\\/04\\\/volksbildungswerk-programm-kinder-und-familien.svg\",\"width\":24,\"height\":24,\"caption\":\"Kinder und Familie Icon\"},{\"@type\":\"BreadcrumbList\",\"@id\":\"https:\\\/\\\/www.klarenthal-vbw.de\\\/de_LS\\\/programm\\\/kurse\\\/kinder-und-familien\\\/#breadcrumb\",\"itemListElement\":[{\"@type\":\"ListItem\",\"position\":1,\"name\":\"Startseite\",\"item\":\"https:\\\/\\\/www.klarenthal-vbw.de\\\/de_LS\\\/\"},{\"@type\":\"ListItem\",\"position\":2,\"name\":\"Programm\",\"item\":\"https:\\\/\\\/www.klarenthal-vbw.de\\\/de_LS\\\/programm\\\/\"},{\"@type\":\"ListItem\",\"position\":3,\"name\":\"Kurse\",\"item\":\"https:\\\/\\\/www.klarenthal-vbw.de\\\/de_LS\\\/programm\\\/kurse\\\/\"},{\"@type\":\"ListItem\",\"position\":4,\"name\":\"Kinder und Familien\"}]},{\"@type\":\"WebSite\",\"@id\":\"https:\\\/\\\/www.klarenthal-vbw.de\\\/de_LS\\\/#website\",\"url\":\"https:\\\/\\\/www.klarenthal-vbw.de\\\/de_LS\\\/\",\"name\":\"Volksbildungswerk Klarenthal e.V.\",\"description\":\"Chancen. Bildung. Perspektiven\",\"publisher\":{\"@id\":\"https:\\\/\\\/www.klarenthal-vbw.de\\\/de_LS\\\/#organization\"},\"potentialAction\":[{\"@type\":\"SearchAction\",\"target\":{\"@type\":\"EntryPoint\",\"urlTemplate\":\"https:\\\/\\\/www.klarenthal-vbw.de\\\/de_LS\\\/?s={search_term_string}\"},\"query-input\":{\"@type\":\"PropertyValueSpecification\",\"valueRequired\":true,\"valueName\":\"search_term_string\"}}],\"inLanguage\":\"de\"},{\"@type\":\"Organization\",\"@id\":\"https:\\\/\\\/www.klarenthal-vbw.de\\\/de_LS\\\/#organization\",\"name\":\"Volksbildungswerk Klarenthal e.V.\",\"url\":\"https:\\\/\\\/www.klarenthal-vbw.de\\\/de_LS\\\/\",\"logo\":{\"@type\":\"ImageObject\",\"inLanguage\":\"de\",\"@id\":\"https:\\\/\\\/www.klarenthal-vbw.de\\\/de_LS\\\/#\\\/schema\\\/logo\\\/image\\\/\",\"url\":\"https:\\\/\\\/www.klarenthal-vbw.de\\\/wp-content\\\/uploads\\\/2025\\\/02\\\/logo.svg\",\"contentUrl\":\"https:\\\/\\\/www.klarenthal-vbw.de\\\/wp-content\\\/uploads\\\/2025\\\/02\\\/logo.svg\",\"caption\":\"Volksbildungswerk Klarenthal e.V.\"},\"image\":{\"@id\":\"https:\\\/\\\/www.klarenthal-vbw.de\\\/de_LS\\\/#\\\/schema\\\/logo\\\/image\\\/\"}}]}<\/script>\n<!-- \/ Yoast SEO plugin. -->","yoast_head_json":{"title":"Kinder und Familien - Volksbildungswerk Klarenthal e.V.","description":"Entdecken Sie eine Welt voller Spa\u00df f\u00fcr Kinder und Familien! Kinderfreundliche Aktivit\u00e4ten, Spiele und Lernm\u00f6glichkeiten.","robots":{"index":"index","follow":"follow","max-snippet":"max-snippet:-1","max-image-preview":"max-image-preview:large","max-video-preview":"max-video-preview:-1"},"canonical":"https:\/\/www.klarenthal-vbw.de\/de_LS\/programm\/kurse\/kinder-und-familien\/","og_locale":"de_DE","og_type":"article","og_title":"Kinder und Familien - Volksbildungswerk Klarenthal e.V.","og_description":"Entdecken Sie eine Welt voller Spa\u00df f\u00fcr Kinder und Familien! Kinderfreundliche Aktivit\u00e4ten, Spiele und Lernm\u00f6glichkeiten.","og_url":"https:\/\/www.klarenthal-vbw.de\/de_LS\/programm\/kurse\/kinder-und-familien\/","og_site_name":"Volksbildungswerk Klarenthal e.V.","article_modified_time":"2025-07-30T16:27:53+00:00","twitter_card":"summary_large_image","twitter_misc":{"Gesch\u00e4tzte Lesezeit":"1\u00a0Minute"},"schema":{"@context":"https:\/\/schema.org","@graph":[{"@type":"WebPage","@id":"https:\/\/www.klarenthal-vbw.de\/de_LS\/programm\/kurse\/kinder-und-familien\/","url":"https:\/\/www.klarenthal-vbw.de\/de_LS\/programm\/kurse\/kinder-und-familien\/","name":"Kinder und Familien - Volksbildungswerk Klarenthal e.V.","isPartOf":{"@id":"https:\/\/www.klarenthal-vbw.de\/de_LS\/#website"},"primaryImageOfPage":{"@id":"https:\/\/www.klarenthal-vbw.de\/de_LS\/programm\/kurse\/kinder-und-familien\/#primaryimage"},"image":{"@id":"https:\/\/www.klarenthal-vbw.de\/de_LS\/programm\/kurse\/kinder-und-familien\/#primaryimage"},"thumbnailUrl":"https:\/\/www.klarenthal-vbw.de\/wp-content\/uploads\/2025\/04\/volksbildungswerk-programm-kinder-und-familien.svg","datePublished":"2021-09-21T08:51:45+00:00","dateModified":"2025-07-30T16:27:53+00:00","description":"Entdecken Sie eine Welt voller Spa\u00df f\u00fcr Kinder und Familien! Kinderfreundliche Aktivit\u00e4ten, Spiele und Lernm\u00f6glichkeiten.","breadcrumb":{"@id":"https:\/\/www.klarenthal-vbw.de\/de_LS\/programm\/kurse\/kinder-und-familien\/#breadcrumb"},"inLanguage":"de","potentialAction":[{"@type":"ReadAction","target":["https:\/\/www.klarenthal-vbw.de\/de_LS\/programm\/kurse\/kinder-und-familien\/"]}]},{"@type":"ImageObject","inLanguage":"de","@id":"https:\/\/www.klarenthal-vbw.de\/de_LS\/programm\/kurse\/kinder-und-familien\/#primaryimage","url":"https:\/\/www.klarenthal-vbw.de\/wp-content\/uploads\/2025\/04\/volksbildungswerk-programm-kinder-und-familien.svg","contentUrl":"https:\/\/www.klarenthal-vbw.de\/wp-content\/uploads\/2025\/04\/volksbildungswerk-programm-kinder-und-familien.svg","width":24,"height":24,"caption":"Kinder und Familie Icon"},{"@type":"BreadcrumbList","@id":"https:\/\/www.klarenthal-vbw.de\/de_LS\/programm\/kurse\/kinder-und-familien\/#breadcrumb","itemListElement":[{"@type":"ListItem","position":1,"name":"Startseite","item":"https:\/\/www.klarenthal-vbw.de\/de_LS\/"},{"@type":"ListItem","position":2,"name":"Programm","item":"https:\/\/www.klarenthal-vbw.de\/de_LS\/programm\/"},{"@type":"ListItem","position":3,"name":"Kurse","item":"https:\/\/www.klarenthal-vbw.de\/de_LS\/programm\/kurse\/"},{"@type":"ListItem","position":4,"name":"Kinder und Familien"}]},{"@type":"WebSite","@id":"https:\/\/www.klarenthal-vbw.de\/de_LS\/#website","url":"https:\/\/www.klarenthal-vbw.de\/de_LS\/","name":"Volksbildungswerk Klarenthal e.V.","description":"Chancen. Bildung. Perspektiven","publisher":{"@id":"https:\/\/www.klarenthal-vbw.de\/de_LS\/#organization"},"potentialAction":[{"@type":"SearchAction","target":{"@type":"EntryPoint","urlTemplate":"https:\/\/www.klarenthal-vbw.de\/de_LS\/?s={search_term_string}"},"query-input":{"@type":"PropertyValueSpecification","valueRequired":true,"valueName":"search_term_string"}}],"inLanguage":"de"},{"@type":"Organization","@id":"https:\/\/www.klarenthal-vbw.de\/de_LS\/#organization","name":"Volksbildungswerk Klarenthal e.V.","url":"https:\/\/www.klarenthal-vbw.de\/de_LS\/","logo":{"@type":"ImageObject","inLanguage":"de","@id":"https:\/\/www.klarenthal-vbw.de\/de_LS\/#\/schema\/logo\/image\/","url":"https:\/\/www.klarenthal-vbw.de\/wp-content\/uploads\/2025\/02\/logo.svg","contentUrl":"https:\/\/www.klarenthal-vbw.de\/wp-content\/uploads\/2025\/02\/logo.svg","caption":"Volksbildungswerk Klarenthal e.V."},"image":{"@id":"https:\/\/www.klarenthal-vbw.de\/de_LS\/#\/schema\/logo\/image\/"}}]}},"_links":{"self":[{"href":"https:\/\/www.klarenthal-vbw.de\/de_LS\/wp-json\/wp\/v2\/pages\/1914","targetHints":{"allow":["GET"]}}],"collection":[{"href":"https:\/\/www.klarenthal-vbw.de\/de_LS\/wp-json\/wp\/v2\/pages"}],"about":[{"href":"https:\/\/www.klarenthal-vbw.de\/de_LS\/wp-json\/wp\/v2\/types\/page"}],"author":[{"embeddable":true,"href":"https:\/\/www.klarenthal-vbw.de\/de_LS\/wp-json\/wp\/v2\/users\/3"}],"replies":[{"embeddable":true,"href":"https:\/\/www.klarenthal-vbw.de\/de_LS\/wp-json\/wp\/v2\/comments?post=1914"}],"version-history":[{"count":0,"href":"https:\/\/www.klarenthal-vbw.de\/de_LS\/wp-json\/wp\/v2\/pages\/1914\/revisions"}],"up":[{"embeddable":true,"href":"https:\/\/www.klarenthal-vbw.de\/de_LS\/wp-json\/wp\/v2\/pages\/2875"}],"wp:featuredmedia":[{"embeddable":true,"href":"https:\/\/www.klarenthal-vbw.de\/de_LS\/wp-json\/wp\/v2\/media\/5610"}],"wp:attachment":[{"href":"https:\/\/www.klarenthal-vbw.de\/de_LS\/wp-json\/wp\/v2\/media?parent=1914"}],"wp:term":[{"taxonomy":"category","embeddable":true,"href":"https:\/\/www.klarenthal-vbw.de\/de_LS\/wp-json\/wp\/v2\/categories?post=1914"},{"taxonomy":"post_tag","embeddable":true,"href":"https:\/\/www.klarenthal-vbw.de\/de_LS\/wp-json\/wp\/v2\/tags?post=1914"},{"taxonomy":"folder","embeddable":true,"href":"https:\/\/www.klarenthal-vbw.de\/de_LS\/wp-json\/wp\/v2\/folder?post=1914"}],"curies":[{"name":"wp","href":"https:\/\/api.w.org\/{rel}","templated":true}]}}