{"id":8200,"date":"2025-02-27T22:01:15","date_gmt":"2025-02-27T21:01:15","guid":{"rendered":"https:\/\/vbw.entwicklung-mediengewerk.de\/soziale-stadtteilarbeit\/stadtteilarbeit\/"},"modified":"2025-07-30T17:36:16","modified_gmt":"2025-07-30T15:36:16","slug":"stadtteilarbeit","status":"publish","type":"page","link":"https:\/\/www.klarenthal-vbw.de\/de_LS\/soziale-stadtteilarbeit\/stadtteilarbeit\/","title":{"rendered":"Stadtteilarbeit"},"content":{"rendered":"\t\t<div data-elementor-type=\"wp-page\" data-elementor-id=\"8200\" class=\"elementor elementor-8200 elementor-3654\" data-elementor-post-type=\"page\">\n\t\t\t\t<div class=\"elementor-element elementor-element-48e243d8 e-flex e-con-boxed e-con e-parent\" data-id=\"48e243d8\" data-element_type=\"container\">\n\t\t\t\t\t<div class=\"e-con-inner\">\n\t\t\t\t<div class=\"elementor-element elementor-element-8015fa9 animated-slow elementor-widget__width-initial elementor-view-default elementor-invisible elementor-widget elementor-widget-icon\" data-id=\"8015fa9\" data-element_type=\"widget\" data-settings=\"{&quot;_animation&quot;:&quot;fadeIn&quot;}\" data-widget_type=\"icon.default\">\n\t\t\t\t<div class=\"elementor-widget-container\">\n\t\t\t\t\t\t\t<div class=\"elementor-icon-wrapper\">\n\t\t\t<div class=\"elementor-icon\">\n\t\t\t<svg xmlns=\"http:\/\/www.w3.org\/2000\/svg\" id=\"Ebene_1\" viewBox=\"0 0 24 24\"><path d=\"M22.993,23.55h-7.493c-.027,0-.05-.022-.05-.05V1.022c0-.303.246-.55.55-.55h6.993c.304,0,.55.247.55.55v21.978c0,.304-.246.55-.55.55ZM15.55,23.45h7.443c.248,0,.45-.202.45-.45V1.022c0-.248-.202-.45-.45-.45h-6.993c-.248,0-.45.202-.45.45v22.428Z\"><\/path><path d=\"M15.496,23.55h-7.991c-.028,0-.05-.022-.05-.05v-10.989c0-.028.022-.05.05-.05h7.991c.027,0,.05.022.05.05s-.022.05-.05.05h-7.941v10.889h7.941c.027,0,.05.022.05.05s-.022.05-.05.05Z\"><\/path><path d=\"M15.5,12.561h-7.995c-.02,0-.039-.012-.046-.031-.007-.019-.003-.04.011-.054l3.642-3.643c.214-.215.563-.215.777,0l3.646,3.643c.015.014.019.036.011.054s-.025.031-.046.031ZM7.625,12.461h7.753l-3.56-3.558h0c-.176-.175-.461-.175-.637,0l-3.557,3.558Z\"><\/path><path d=\"M7.505,23.55H2.01c-.303,0-.55-.246-.55-.55v-4.5c0-.027.022-.05.05-.05h5.995c.028,0,.05.022.05.05s-.022.05-.05.05H1.56v4.45c0,.248.202.45.45.45h5.495c.028,0,.05.022.05.05s-.022.05-.05.05Z\"><\/path><path d=\"M7.505,18.557H1.445c-.108,0-.213-.032-.304-.092-.122-.081-.206-.205-.234-.35-.029-.144,0-.29.081-.412l1.332-2c.103-.153.273-.245.458-.245h4.728c.028,0,.05.022.05.05s-.022.05-.05.05H2.777c-.151,0-.291.075-.375.2l-1.332,2c-.066.101-.09.22-.066.338.024.118.092.219.192.285.074.05.16.076.249.076h6.06c.028,0,.05.022.05.05s-.022.05-.05.05Z\"><\/path><path d=\"M17.494,3.57c-.027,0-.05-.022-.05-.05v-.999c0-.028.022-.05.05-.05s.05.022.05.05v.999c0,.028-.022.05-.05.05Z\"><\/path><path d=\"M19.492,3.57c-.027,0-.05-.022-.05-.05v-.999c0-.028.022-.05.05-.05s.05.022.05.05v.999c0,.028-.022.05-.05.05Z\"><\/path><path d=\"M21.49,3.57c-.027,0-.05-.022-.05-.05v-.999c0-.028.022-.05.05-.05s.05.022.05.05v.999c0,.028-.022.05-.05.05Z\"><\/path><path d=\"M17.494,7.566c-.027,0-.05-.022-.05-.05v-.999c0-.028.022-.05.05-.05s.05.022.05.05v.999c0,.028-.022.05-.05.05Z\"><\/path><path d=\"M19.492,7.566c-.027,0-.05-.022-.05-.05v-.999c0-.028.022-.05.05-.05s.05.022.05.05v.999c0,.028-.022.05-.05.05Z\"><\/path><path d=\"M21.49,7.566c-.027,0-.05-.022-.05-.05v-.999c0-.028.022-.05.05-.05s.05.022.05.05v.999c0,.028-.022.05-.05.05Z\"><\/path><path d=\"M17.494,11.562c-.027,0-.05-.022-.05-.05v-.999c0-.028.022-.05.05-.05s.05.022.05.05v.999c0,.028-.022.05-.05.05Z\"><\/path><path d=\"M19.492,11.562c-.027,0-.05-.022-.05-.05v-.999c0-.028.022-.05.05-.05s.05.022.05.05v.999c0,.028-.022.05-.05.05Z\"><\/path><path d=\"M21.49,11.562c-.027,0-.05-.022-.05-.05v-.999c0-.028.022-.05.05-.05s.05.022.05.05v.999c0,.028-.022.05-.05.05Z\"><\/path><path d=\"M17.494,15.558c-.027,0-.05-.022-.05-.05v-.999c0-.027.022-.05.05-.05s.05.022.05.05v.999c0,.027-.022.05-.05.05Z\"><\/path><path d=\"M19.492,15.558c-.027,0-.05-.022-.05-.05v-.999c0-.027.022-.05.05-.05s.05.022.05.05v.999c0,.027-.022.05-.05.05Z\"><\/path><path d=\"M21.49,15.558c-.027,0-.05-.022-.05-.05v-.999c0-.027.022-.05.05-.05s.05.022.05.05v.999c0,.027-.022.05-.05.05Z\"><\/path><path d=\"M9.565,17.034c-.028,0-.05-.022-.05-.05v-.999c0-.027.022-.05.05-.05s.05.022.05.05v.999c0,.027-.022.05-.05.05Z\"><\/path><path d=\"M11.563,17.034c-.028,0-.05-.022-.05-.05v-.999c0-.027.022-.05.05-.05s.05.022.05.05v.999c0,.027-.022.05-.05.05Z\"><\/path><path d=\"M13.561,17.034c-.027,0-.05-.022-.05-.05v-.999c0-.027.022-.05.05-.05s.05.022.05.05v.999c0,.027-.022.05-.05.05Z\"><\/path><path d=\"M9.565,21.03c-.028,0-.05-.022-.05-.05v-.999c0-.027.022-.05.05-.05s.05.022.05.05v.999c0,.027-.022.05-.05.05Z\"><\/path><path d=\"M11.563,21.03c-.028,0-.05-.022-.05-.05v-.999c0-.027.022-.05.05-.05s.05.022.05.05v.999c0,.027-.022.05-.05.05Z\"><\/path><path d=\"M13.561,21.03c-.027,0-.05-.022-.05-.05v-.999c0-.027.022-.05.05-.05s.05.022.05.05v.999c0,.027-.022.05-.05.05Z\"><\/path><path d=\"M17.494,19.554c-.027,0-.05-.022-.05-.05v-.999c0-.027.022-.05.05-.05s.05.022.05.05v.999c0,.027-.022.05-.05.05Z\"><\/path><path d=\"M19.492,19.554c-.027,0-.05-.022-.05-.05v-.999c0-.027.022-.05.05-.05s.05.022.05.05v.999c0,.027-.022.05-.05.05Z\"><\/path><path d=\"M21.49,19.554c-.027,0-.05-.022-.05-.05v-.999c0-.027.022-.05.05-.05s.05.022.05.05v.999c0,.027-.022.05-.05.05Z\"><\/path><path d=\"M2.144,6.569c-.918,0-1.671-.743-1.682-1.664,0-.115.012-.231.036-.347.092-.435.348-.807.72-1.049.356-.231.777-.317,1.196-.242.17-1.612,1.506-2.817,3.132-2.817h.013c1.165,0,2.239.675,2.746,1.722.016,0,.032,0,.048,0h0c.586,0,1.137.228,1.552.643.415.415.644.966.644,1.553-.019,1.117-.869,2.062-1.977,2.2H2.231c-.027.001-.058.003-.087.002ZM2.121,3.341c-.298,0-.591.086-.847.252-.35.228-.59.577-.677.985-.023.109-.035.218-.034.326.01.866.718,1.564,1.583,1.564.028,0,.057,0,.084-.002h6.335c1.057-.133,1.868-1.036,1.886-2.101,0-.559-.219-1.085-.615-1.481-.396-.396-.921-.614-1.481-.614h0c-.026,0-.052,0-.078.001h-.002c-.02,0-.037-.011-.045-.028-.484-1.029-1.532-1.695-2.669-1.695h-.013c-1.592,0-2.897,1.194-3.038,2.782-.001.014-.009.027-.02.036s-.025.013-.04.009c-.109-.023-.219-.035-.328-.035Z\"><\/path><\/svg>\t\t\t<\/div>\n\t\t<\/div>\n\t\t\t\t\t\t<\/div>\n\t\t\t\t<\/div>\n\t\t\t\t<div class=\"elementor-element elementor-element-e5144aa elementor-widget__width-inherit elementor-widget elementor-widget-text-editor\" data-id=\"e5144aa\" data-element_type=\"widget\" data-widget_type=\"text-editor.default\">\n\t\t\t\t<div class=\"elementor-widget-container\">\n\t\t\t\t\t\t\t\t\t<h2 class=\"wp-block-heading\">Stadtteilarbeit \u2013 Ein starkes Netzwerk f\u00fcr Klarenthal<\/h2>\n<p><\/p>\n<p>Die Arbeit im Stadtteil Klarenthal st\u00e4rkt das Zusammenleben.<br>Sie macht den Stadtteil lebenswerter.<br>Unser Ziel ist ein gutes Miteinander.<br>Dabei sind Respekt, Vielfalt und Mitmachen wichtig.<br>Wir arbeiten mit engagierten Menschen, Einrichtungen vor Ort<br>und langj\u00e4hrigen Partnern zusammen.<br>Gemeinsam setzen wir Projekte um,<br>die Klarenthal dauerhaft verbessern.  <\/p>\n<p><\/p>\n<h3 class=\"wp-block-heading\"> <\/h3>\t\t\t\t\t\t\t\t<\/div>\n\t\t\t\t<\/div>\n\t\t\t\t<div class=\"elementor-element elementor-element-13cc72cc elementor-widget elementor-widget-text-editor\" data-id=\"13cc72cc\" data-element_type=\"widget\" data-widget_type=\"text-editor.default\">\n\t\t\t\t<div class=\"elementor-widget-container\">\n\t\t\t\t\t\t\t\t\t\n<h3 class=\"wp-block-heading\">F\u00fcr mehr Begegnungen und Unterst\u00fctzung<\/h3>\n\n<p>Wichtig sind f\u00fcr uns das Miteinander und die Hilfe im Alltag.<br>Wir schaffen Orte, an denen Menschen sich treffen,<br>Ideen entwickeln und ihr Leben mitgestalten k\u00f6nnen.<br>Familien, \u00e4ltere Menschen und Menschen mit Migrationshintergrund<br>bekommen bei uns Beratung, Angebote und Unterst\u00fctzung \u2013<br>pers\u00f6nlich, einfach und direkt vor Ort. <\/p>\n\n<h3 class=\"wp-block-heading\">Kooperationen<\/h3>\n\n<p>Wir arbeiten mit vielen Partnern zusammen:<br>mit Schulen, Vereinen, sozialen Einrichtungen und Wohnungsunternehmen.<br>Dazu geh\u00f6ren:<br>\u2013 die<strong> GWH Wohnungsgesellschaft mbH<\/strong><br>\u2013 die <strong>Nassauische Heimst\u00e4tte Wohnstadt<\/strong><br>\u2013 die <strong>GWW Wiesbadener Wohnbaugesellschaft mbH<\/strong><br>Gemeinsam finden wir neue L\u00f6sungen f\u00fcr die Herausforderungen im Stadtteil.<br>Wichtige Ziele unserer Arbeit sind:<br>Nachhaltigkeit, Bildung und soziale Integration.  <\/p>\n\n<h3 class=\"wp-block-heading\">Stadtteilkonferenz<\/h3>\n\n<p>Die Stadtteilkonferenz bleibt auch im Jahr 2025 ein Ort der Vernetzung.<br>Gemeinsam wollen wir die soziale und kulturelle Arbeit in Klarenthal weiterentwickeln.<br>Viele Herausforderungen ergeben sich aus den Untersuchungen<br>der Landeshauptstadt Wiesbaden,<br>die bereits in der Stadtteilkonferenz besprochen wurden.  <\/p>\n\n<p>Aktuelle Entwicklungen bringen neue Fragen f\u00fcr das Zusammenleben.<br>Deshalb ist es wichtig, dass sich Menschen zusammenschlie\u00dfen,<br>um gemeinsam handeln zu k\u00f6nnen.<br>Die Stadtteilkonferenz hat ihr Angebot in den letzten Jahren erweitert.<br>Sie macht Vorschl\u00e4ge f\u00fcr gemeinsame Projekte,<br>zum Beispiel Ausstellungen oder Aktionen zur St\u00e4rkung des Ehrenamts.<br>Mit Unterst\u00fctzung vom Stadtteilmanagement des Volksbildungswerks<br>konnten schon einige Ideen umgesetzt werden.<br>In Klarenthal gibt es auch andere Netzwerke:<br>Zum Beispiel das KiEZ-Tr\u00e4gernetzwerk oder den Runden Tisch f\u00fcr Demokratief\u00f6rderung.<br>Auch dar\u00fcber werden die Teilnehmenden informiert.       <\/p>\n\t\t\t\t\t\t\t\t<\/div>\n\t\t\t\t<\/div>\n\t\t\t\t<div class=\"elementor-element elementor-element-17e7960 elementor-position-left elementor-widget__width-inherit elementor-view-default elementor-mobile-position-top elementor-widget elementor-widget-icon-box\" data-id=\"17e7960\" data-element_type=\"widget\" data-widget_type=\"icon-box.default\">\n\t\t\t\t<div class=\"elementor-widget-container\">\n\t\t\t\t\t\t\t<div class=\"elementor-icon-box-wrapper\">\n\n\t\t\t\t\t\t<div class=\"elementor-icon-box-icon\">\n\t\t\t\t<span  class=\"elementor-icon\">\n\t\t\t\t<svg xmlns=\"http:\/\/www.w3.org\/2000\/svg\" id=\"Ebene_1\" viewBox=\"0 0 24 24\"><path d=\"M12,.158C5.46.158.158,5.46.158,12s5.302,11.842,11.842,11.842,11.842-5.302,11.842-11.842S18.54.158,12,.158ZM11.471,3.192c.633,0,1.148.515,1.148,1.148s-.515,1.148-1.148,1.148-1.148-.515-1.148-1.148.515-1.148,1.148-1.148ZM15.695,20.808h-2.297c-.613,0-1.19-.239-1.624-.673s-.673-1.011-.673-1.624v-9.953h-2.297c-.423,0-.766-.342-.766-.766s.342-.766.766-.766h2.297c.409,0,.793.159,1.083.449.285.285.449.68.449,1.083v9.953c0,.205.08.396.224.541.143.142.34.224.541.224h2.297c.423,0,.766.342.766.766s-.342.766-.766.766Z\"><\/path><\/svg>\t\t\t\t<\/span>\n\t\t\t<\/div>\n\t\t\t\n\t\t\t\t\t\t<div class=\"elementor-icon-box-content\">\n\n\t\t\t\t\t\t\t\t\t<h4 class=\"elementor-icon-box-title\">\n\t\t\t\t\t\t<span  >\n\t\t\t\t\t\t\tTermine\t\t\t\t\t\t<\/span>\n\t\t\t\t\t<\/h4>\n\t\t\t\t\n\t\t\t\t\t\t\t\t\t<p class=\"elementor-icon-box-description\">\n\t\t\t\t\t\t<p>Unsere n\u00e4chsten Termine:\n<\/p><ul>\n<li>Do, 27.03.25, 10.30 - 12.00 Uhr<\/li>\n<li>Do, 15.05.25, 10.30 - 12.00 Uhr<\/li><\/ul>\n\n<sub>*wechselnde Kursorte, 2 Termine<\/sub>\t\t\t\t\t<\/p>\n\t\t\t\t\n\t\t\t<\/div>\n\t\t\t\n\t\t<\/div>\n\t\t\t\t\t\t<\/div>\n\t\t\t\t<\/div>\n\t\t\t\t\t<\/div>\n\t\t\t\t<\/div>\n\t\t\t\t<\/div>\n\t\t","protected":false},"excerpt":{"rendered":"<p>Stadtteilarbeit \u2013 Ein starkes Netzwerk f\u00fcr Klarenthal Die Arbeit im Stadtteil Klarenthal st\u00e4rkt das Zusammenleben.Sie macht den Stadtteil lebenswerter.Unser Ziel ist ein gutes Miteinander.Dabei sind Respekt, Vielfalt und Mitmachen wichtig.Wir arbeiten mit engagierten Menschen, Einrichtungen vor Ortund langj\u00e4hrigen Partnern zusammen.Gemeinsam setzen wir Projekte um,die Klarenthal dauerhaft verbessern. F\u00fcr mehr Begegnungen und Unterst\u00fctzung Wichtig sind f\u00fcr [&hellip;]<\/p>\n","protected":false},"author":8,"featured_media":0,"parent":8196,"menu_order":0,"comment_status":"closed","ping_status":"closed","template":"","meta":{"_acf_changed":false,"footnotes":""},"categories":[],"tags":[212],"folder":[15],"class_list":["post-8200","page","type-page","status-publish","hentry","tag-stadtteilarbeit-de_ls"],"acf":[],"yoast_head":"<!-- This site is optimized with the Yoast SEO plugin v27.4 - https:\/\/yoast.com\/product\/yoast-seo-wordpress\/ -->\n<title>Stadtteilarbeit - Volksbildungswerk Klarenthal e.V.<\/title>\n<meta name=\"robots\" content=\"index, follow, max-snippet:-1, max-image-preview:large, max-video-preview:-1\" \/>\n<link rel=\"canonical\" href=\"https:\/\/www.klarenthal-vbw.de\/de_LS\/soziale-stadtteilarbeit\/stadtteilarbeit\/\" \/>\n<meta property=\"og:locale\" content=\"de_DE\" \/>\n<meta property=\"og:type\" content=\"article\" \/>\n<meta property=\"og:title\" content=\"Stadtteilarbeit - Volksbildungswerk Klarenthal e.V.\" \/>\n<meta property=\"og:description\" content=\"Stadtteilarbeit \u2013 Ein starkes Netzwerk f\u00fcr Klarenthal Die Arbeit im Stadtteil Klarenthal st\u00e4rkt das Zusammenleben.Sie macht den Stadtteil lebenswerter.Unser Ziel ist ein gutes Miteinander.Dabei sind Respekt, Vielfalt und Mitmachen wichtig.Wir arbeiten mit engagierten Menschen, Einrichtungen vor Ortund langj\u00e4hrigen Partnern zusammen.Gemeinsam setzen wir Projekte um,die Klarenthal dauerhaft verbessern. F\u00fcr mehr Begegnungen und Unterst\u00fctzung Wichtig sind f\u00fcr [&hellip;]\" \/>\n<meta property=\"og:url\" content=\"https:\/\/www.klarenthal-vbw.de\/de_LS\/soziale-stadtteilarbeit\/stadtteilarbeit\/\" \/>\n<meta property=\"og:site_name\" content=\"Volksbildungswerk Klarenthal e.V.\" \/>\n<meta property=\"article:modified_time\" content=\"2025-07-30T15:36:16+00:00\" \/>\n<meta name=\"twitter:card\" content=\"summary_large_image\" \/>\n<meta name=\"twitter:label1\" content=\"Gesch\u00e4tzte Lesezeit\" \/>\n\t<meta name=\"twitter:data1\" content=\"2\u00a0Minuten\" \/>\n<script type=\"application\/ld+json\" class=\"yoast-schema-graph\">{\"@context\":\"https:\\\/\\\/schema.org\",\"@graph\":[{\"@type\":\"WebPage\",\"@id\":\"https:\\\/\\\/www.klarenthal-vbw.de\\\/de_LS\\\/soziale-stadtteilarbeit\\\/stadtteilarbeit\\\/\",\"url\":\"https:\\\/\\\/www.klarenthal-vbw.de\\\/de_LS\\\/soziale-stadtteilarbeit\\\/stadtteilarbeit\\\/\",\"name\":\"Stadtteilarbeit - Volksbildungswerk Klarenthal e.V.\",\"isPartOf\":{\"@id\":\"https:\\\/\\\/www.klarenthal-vbw.de\\\/de_LS\\\/#website\"},\"datePublished\":\"2025-02-27T21:01:15+00:00\",\"dateModified\":\"2025-07-30T15:36:16+00:00\",\"breadcrumb\":{\"@id\":\"https:\\\/\\\/www.klarenthal-vbw.de\\\/de_LS\\\/soziale-stadtteilarbeit\\\/stadtteilarbeit\\\/#breadcrumb\"},\"inLanguage\":\"de\",\"potentialAction\":[{\"@type\":\"ReadAction\",\"target\":[\"https:\\\/\\\/www.klarenthal-vbw.de\\\/de_LS\\\/soziale-stadtteilarbeit\\\/stadtteilarbeit\\\/\"]}]},{\"@type\":\"BreadcrumbList\",\"@id\":\"https:\\\/\\\/www.klarenthal-vbw.de\\\/de_LS\\\/soziale-stadtteilarbeit\\\/stadtteilarbeit\\\/#breadcrumb\",\"itemListElement\":[{\"@type\":\"ListItem\",\"position\":1,\"name\":\"Startseite\",\"item\":\"https:\\\/\\\/www.klarenthal-vbw.de\\\/de_LS\\\/\"},{\"@type\":\"ListItem\",\"position\":2,\"name\":\"Soziale Stadtteilarbeit\",\"item\":\"https:\\\/\\\/www.klarenthal-vbw.de\\\/de_LS\\\/soziale-stadtteilarbeit\\\/\"},{\"@type\":\"ListItem\",\"position\":3,\"name\":\"Stadtteilarbeit\"}]},{\"@type\":\"WebSite\",\"@id\":\"https:\\\/\\\/www.klarenthal-vbw.de\\\/de_LS\\\/#website\",\"url\":\"https:\\\/\\\/www.klarenthal-vbw.de\\\/de_LS\\\/\",\"name\":\"Volksbildungswerk Klarenthal e.V.\",\"description\":\"Chancen. Bildung. Perspektiven\",\"publisher\":{\"@id\":\"https:\\\/\\\/www.klarenthal-vbw.de\\\/de_LS\\\/#organization\"},\"potentialAction\":[{\"@type\":\"SearchAction\",\"target\":{\"@type\":\"EntryPoint\",\"urlTemplate\":\"https:\\\/\\\/www.klarenthal-vbw.de\\\/de_LS\\\/?s={search_term_string}\"},\"query-input\":{\"@type\":\"PropertyValueSpecification\",\"valueRequired\":true,\"valueName\":\"search_term_string\"}}],\"inLanguage\":\"de\"},{\"@type\":\"Organization\",\"@id\":\"https:\\\/\\\/www.klarenthal-vbw.de\\\/de_LS\\\/#organization\",\"name\":\"Volksbildungswerk Klarenthal e.V.\",\"url\":\"https:\\\/\\\/www.klarenthal-vbw.de\\\/de_LS\\\/\",\"logo\":{\"@type\":\"ImageObject\",\"inLanguage\":\"de\",\"@id\":\"https:\\\/\\\/www.klarenthal-vbw.de\\\/de_LS\\\/#\\\/schema\\\/logo\\\/image\\\/\",\"url\":\"https:\\\/\\\/www.klarenthal-vbw.de\\\/wp-content\\\/uploads\\\/2025\\\/02\\\/logo.svg\",\"contentUrl\":\"https:\\\/\\\/www.klarenthal-vbw.de\\\/wp-content\\\/uploads\\\/2025\\\/02\\\/logo.svg\",\"caption\":\"Volksbildungswerk Klarenthal e.V.\"},\"image\":{\"@id\":\"https:\\\/\\\/www.klarenthal-vbw.de\\\/de_LS\\\/#\\\/schema\\\/logo\\\/image\\\/\"}}]}<\/script>\n<!-- \/ Yoast SEO plugin. -->","yoast_head_json":{"title":"Stadtteilarbeit - Volksbildungswerk Klarenthal e.V.","robots":{"index":"index","follow":"follow","max-snippet":"max-snippet:-1","max-image-preview":"max-image-preview:large","max-video-preview":"max-video-preview:-1"},"canonical":"https:\/\/www.klarenthal-vbw.de\/de_LS\/soziale-stadtteilarbeit\/stadtteilarbeit\/","og_locale":"de_DE","og_type":"article","og_title":"Stadtteilarbeit - Volksbildungswerk Klarenthal e.V.","og_description":"Stadtteilarbeit \u2013 Ein starkes Netzwerk f\u00fcr Klarenthal Die Arbeit im Stadtteil Klarenthal st\u00e4rkt das Zusammenleben.Sie macht den Stadtteil lebenswerter.Unser Ziel ist ein gutes Miteinander.Dabei sind Respekt, Vielfalt und Mitmachen wichtig.Wir arbeiten mit engagierten Menschen, Einrichtungen vor Ortund langj\u00e4hrigen Partnern zusammen.Gemeinsam setzen wir Projekte um,die Klarenthal dauerhaft verbessern. F\u00fcr mehr Begegnungen und Unterst\u00fctzung Wichtig sind f\u00fcr [&hellip;]","og_url":"https:\/\/www.klarenthal-vbw.de\/de_LS\/soziale-stadtteilarbeit\/stadtteilarbeit\/","og_site_name":"Volksbildungswerk Klarenthal e.V.","article_modified_time":"2025-07-30T15:36:16+00:00","twitter_card":"summary_large_image","twitter_misc":{"Gesch\u00e4tzte Lesezeit":"2\u00a0Minuten"},"schema":{"@context":"https:\/\/schema.org","@graph":[{"@type":"WebPage","@id":"https:\/\/www.klarenthal-vbw.de\/de_LS\/soziale-stadtteilarbeit\/stadtteilarbeit\/","url":"https:\/\/www.klarenthal-vbw.de\/de_LS\/soziale-stadtteilarbeit\/stadtteilarbeit\/","name":"Stadtteilarbeit - Volksbildungswerk Klarenthal e.V.","isPartOf":{"@id":"https:\/\/www.klarenthal-vbw.de\/de_LS\/#website"},"datePublished":"2025-02-27T21:01:15+00:00","dateModified":"2025-07-30T15:36:16+00:00","breadcrumb":{"@id":"https:\/\/www.klarenthal-vbw.de\/de_LS\/soziale-stadtteilarbeit\/stadtteilarbeit\/#breadcrumb"},"inLanguage":"de","potentialAction":[{"@type":"ReadAction","target":["https:\/\/www.klarenthal-vbw.de\/de_LS\/soziale-stadtteilarbeit\/stadtteilarbeit\/"]}]},{"@type":"BreadcrumbList","@id":"https:\/\/www.klarenthal-vbw.de\/de_LS\/soziale-stadtteilarbeit\/stadtteilarbeit\/#breadcrumb","itemListElement":[{"@type":"ListItem","position":1,"name":"Startseite","item":"https:\/\/www.klarenthal-vbw.de\/de_LS\/"},{"@type":"ListItem","position":2,"name":"Soziale Stadtteilarbeit","item":"https:\/\/www.klarenthal-vbw.de\/de_LS\/soziale-stadtteilarbeit\/"},{"@type":"ListItem","position":3,"name":"Stadtteilarbeit"}]},{"@type":"WebSite","@id":"https:\/\/www.klarenthal-vbw.de\/de_LS\/#website","url":"https:\/\/www.klarenthal-vbw.de\/de_LS\/","name":"Volksbildungswerk Klarenthal e.V.","description":"Chancen. Bildung. Perspektiven","publisher":{"@id":"https:\/\/www.klarenthal-vbw.de\/de_LS\/#organization"},"potentialAction":[{"@type":"SearchAction","target":{"@type":"EntryPoint","urlTemplate":"https:\/\/www.klarenthal-vbw.de\/de_LS\/?s={search_term_string}"},"query-input":{"@type":"PropertyValueSpecification","valueRequired":true,"valueName":"search_term_string"}}],"inLanguage":"de"},{"@type":"Organization","@id":"https:\/\/www.klarenthal-vbw.de\/de_LS\/#organization","name":"Volksbildungswerk Klarenthal e.V.","url":"https:\/\/www.klarenthal-vbw.de\/de_LS\/","logo":{"@type":"ImageObject","inLanguage":"de","@id":"https:\/\/www.klarenthal-vbw.de\/de_LS\/#\/schema\/logo\/image\/","url":"https:\/\/www.klarenthal-vbw.de\/wp-content\/uploads\/2025\/02\/logo.svg","contentUrl":"https:\/\/www.klarenthal-vbw.de\/wp-content\/uploads\/2025\/02\/logo.svg","caption":"Volksbildungswerk Klarenthal e.V."},"image":{"@id":"https:\/\/www.klarenthal-vbw.de\/de_LS\/#\/schema\/logo\/image\/"}}]}},"_links":{"self":[{"href":"https:\/\/www.klarenthal-vbw.de\/de_LS\/wp-json\/wp\/v2\/pages\/8200","targetHints":{"allow":["GET"]}}],"collection":[{"href":"https:\/\/www.klarenthal-vbw.de\/de_LS\/wp-json\/wp\/v2\/pages"}],"about":[{"href":"https:\/\/www.klarenthal-vbw.de\/de_LS\/wp-json\/wp\/v2\/types\/page"}],"author":[{"embeddable":true,"href":"https:\/\/www.klarenthal-vbw.de\/de_LS\/wp-json\/wp\/v2\/users\/8"}],"replies":[{"embeddable":true,"href":"https:\/\/www.klarenthal-vbw.de\/de_LS\/wp-json\/wp\/v2\/comments?post=8200"}],"version-history":[{"count":0,"href":"https:\/\/www.klarenthal-vbw.de\/de_LS\/wp-json\/wp\/v2\/pages\/8200\/revisions"}],"up":[{"embeddable":true,"href":"https:\/\/www.klarenthal-vbw.de\/de_LS\/wp-json\/wp\/v2\/pages\/8196"}],"wp:attachment":[{"href":"https:\/\/www.klarenthal-vbw.de\/de_LS\/wp-json\/wp\/v2\/media?parent=8200"}],"wp:term":[{"taxonomy":"category","embeddable":true,"href":"https:\/\/www.klarenthal-vbw.de\/de_LS\/wp-json\/wp\/v2\/categories?post=8200"},{"taxonomy":"post_tag","embeddable":true,"href":"https:\/\/www.klarenthal-vbw.de\/de_LS\/wp-json\/wp\/v2\/tags?post=8200"},{"taxonomy":"folder","embeddable":true,"href":"https:\/\/www.klarenthal-vbw.de\/de_LS\/wp-json\/wp\/v2\/folder?post=8200"}],"curies":[{"name":"wp","href":"https:\/\/api.w.org\/{rel}","templated":true}]}}