{"id":8204,"date":"2025-02-27T22:02:51","date_gmt":"2025-02-27T21:02:51","guid":{"rendered":"https:\/\/vbw.entwicklung-mediengewerk.de\/soziale-stadtteilarbeit\/bildung-und-kultur\/"},"modified":"2025-07-30T17:36:44","modified_gmt":"2025-07-30T15:36:44","slug":"bildung-und-kultur","status":"publish","type":"page","link":"https:\/\/www.klarenthal-vbw.de\/de_LS\/soziale-stadtteilarbeit\/bildung-und-kultur\/","title":{"rendered":"Bildung und Kultur"},"content":{"rendered":"\t\t<div data-elementor-type=\"wp-page\" data-elementor-id=\"8204\" class=\"elementor elementor-8204 elementor-3656\" data-elementor-post-type=\"page\">\n\t\t\t\t<div class=\"elementor-element elementor-element-5c0d8b9c e-flex e-con-boxed e-con e-parent\" data-id=\"5c0d8b9c\" data-element_type=\"container\">\n\t\t\t\t\t<div class=\"e-con-inner\">\n\t\t\t\t<div class=\"elementor-element elementor-element-20a310b animated-slow elementor-widget__width-initial elementor-view-default elementor-invisible elementor-widget elementor-widget-icon\" data-id=\"20a310b\" data-element_type=\"widget\" data-settings=\"{&quot;_animation&quot;:&quot;fadeIn&quot;}\" data-widget_type=\"icon.default\">\n\t\t\t\t<div class=\"elementor-widget-container\">\n\t\t\t\t\t\t\t<div class=\"elementor-icon-wrapper\">\n\t\t\t<div class=\"elementor-icon\">\n\t\t\t<svg xmlns=\"http:\/\/www.w3.org\/2000\/svg\" id=\"Ebene_1\" viewBox=\"0 0 24 24\"><path d=\"M12.001,22.98c-.016,0-.031-.007-.041-.021-.006-.009-.616-.846-2.203-1.688-1.466-.778-4.088-1.722-8.257-1.791-.299,0-.546-.244-.549-.544V7.436c.004-.305.254-.55.558-.55h.007c.998.014,2.004.086,2.991.217.027.004.047.029.043.056s-.029.047-.056.043c-.983-.13-1.985-.203-2.979-.217h-.006c-.249,0-.454.201-.458.451v11.499c.003.245.205.445.45.445,2.316.038,5.637.383,8.311,1.807,1.604.854,2.205,1.68,2.229,1.714.016.022.011.054-.012.07-.009.006-.019.009-.029.009Z\"><\/path><path d=\"M12,22.98s-.01,0-.015-.002c-.021-.007-.035-.026-.035-.048v-11c0-.028.022-.05.05-.05s.05.022.05.05v10.857c.221-.26.862-.921,2.14-1.601,2.674-1.424,5.995-1.769,8.31-1.807.246,0,.448-.2.451-.446V7.436c-.006-.254-.206-.45-.45-.45h-.009c-.311.005-.634.016-.988.033-.029.003-.052-.02-.053-.047-.002-.027.02-.051.047-.052.356-.018.681-.029.992-.033.004,0,.008,0,.011,0,.298,0,.544.24.55.539v11.511c-.003.301-.25.545-.55.545-4.168.069-6.79,1.013-8.256,1.791-1.587.843-2.197,1.68-2.204,1.688-.009.013-.025.021-.041.021Z\"><\/path><path d=\"M5.5,13.98c-.854,0-1.55-.695-1.55-1.549s.695-1.55,1.55-1.55,1.55.695,1.55,1.55-.695,1.549-1.55,1.549ZM5.5,10.981c-.799,0-1.45.651-1.45,1.45s.651,1.45,1.45,1.45,1.45-.65,1.45-1.45-.651-1.45-1.45-1.45Z\"><\/path><path d=\"M12.5,9.981c-.854,0-1.55-.695-1.55-1.55s.695-1.55,1.55-1.55,1.55.695,1.55,1.55-.695,1.55-1.55,1.55ZM12.5,6.981c-.799,0-1.45.651-1.45,1.45s.651,1.45,1.45,1.45,1.45-.651,1.45-1.45-.65-1.45-1.45-1.45Z\"><\/path><path d=\"M18.5,8.481c-.854,0-1.55-.695-1.55-1.55s.695-1.55,1.55-1.55,1.55.695,1.55,1.55-.695,1.55-1.55,1.55ZM18.5,5.481c-.8,0-1.45.651-1.45,1.45s.65,1.45,1.45,1.45,1.45-.651,1.45-1.45-.65-1.45-1.45-1.45Z\"><\/path><path d=\"M7,12.481c-.028,0-.05-.022-.05-.05v-5.793c0-.303.247-.55.55-.55.146,0,.287.059.39.162l1.146,1.146c.02.02.02.051,0,.07s-.051.02-.07,0l-1.146-1.146c-.084-.084-.2-.132-.319-.132-.248,0-.45.202-.45.45v5.793c0,.028-.022.05-.05.05Z\"><\/path><path d=\"M14,8.481c-.027,0-.05-.022-.05-.05V2.822c0-.253.171-.472.417-.533l5-1.25c.289-.077.592.105.667.4.011.043.016.088.016.133v5.359c0,.028-.022.05-.05.05s-.05-.022-.05-.05V1.572c0-.037-.005-.073-.014-.108-.06-.241-.301-.386-.546-.328l-5,1.25c-.2.05-.341.23-.341.437v5.609c0,.028-.022.05-.05.05Z\"><\/path><\/svg>\t\t\t<\/div>\n\t\t<\/div>\n\t\t\t\t\t\t<\/div>\n\t\t\t\t<\/div>\n\t\t\t\t<div class=\"elementor-element elementor-element-6318d28 elementor-widget elementor-widget-text-editor\" data-id=\"6318d28\" data-element_type=\"widget\" data-widget_type=\"text-editor.default\">\n\t\t\t\t<div class=\"elementor-widget-container\">\n\t\t\t\t\t\t\t\t\t\n<h2 class=\"wp-block-heading\">Volksbildungswerk Klarenthal \u2013 Bildung, Kultur und Begegnung vor Ort<\/h2>\n\n\n\n<p>Das Volksbildungswerk Klarenthal ist die \u201eVolkshochschule vor Ort\u201c im Stadtteil.<br>Es geh\u00f6rt als Partner zur Volkshochschule Wiesbaden.<br>Wir sind ein anerkannter Anbieter f\u00fcr Weiterbildung.<br>Unser Programm richtet sich an Menschen aus allen Teilen der Gesellschaft.<br>Es gibt Sprachkurse, Kreativkurse, Bildungsreisen und Ausfl\u00fcge.<br>Au\u00dferdem bieten wir Veranstaltungen aus Kultur und Bildung an.  <\/p>\n\n\n\n<p>Das Volksbildungswerk ist ein Ort zum Lernen, f\u00fcr Kultur und zum Austausch.<br>Wir f\u00f6rdern nicht nur Wissen, sondern auch das Miteinander.<br>Unsere Angebote passen zu den Bed\u00fcrfnissen der Menschen im Stadtteil.<br>So entsteht ein Raum, in dem Lernen, Kultur und pers\u00f6nliche Entwicklung m\u00f6glich sind. <\/p>\n\t\t\t\t\t\t\t\t<\/div>\n\t\t\t\t<\/div>\n\t\t\t\t\t<\/div>\n\t\t\t\t<\/div>\n\t\t\t\t<\/div>\n\t\t","protected":false},"excerpt":{"rendered":"<p>Volksbildungswerk Klarenthal \u2013 Bildung, Kultur und Begegnung vor Ort Das Volksbildungswerk Klarenthal ist die \u201eVolkshochschule vor Ort\u201c im Stadtteil.Es geh\u00f6rt als Partner zur Volkshochschule Wiesbaden.Wir sind ein anerkannter Anbieter f\u00fcr Weiterbildung.Unser Programm richtet sich an Menschen aus allen Teilen der Gesellschaft.Es gibt Sprachkurse, Kreativkurse, Bildungsreisen und Ausfl\u00fcge.Au\u00dferdem bieten wir Veranstaltungen aus Kultur und Bildung an. [&hellip;]<\/p>\n","protected":false},"author":8,"featured_media":0,"parent":8196,"menu_order":0,"comment_status":"closed","ping_status":"closed","template":"","meta":{"_acf_changed":false,"footnotes":""},"categories":[],"tags":[213],"folder":[15],"class_list":["post-8204","page","type-page","status-publish","hentry","tag-bildung-und-kultur-de_ls"],"acf":[],"yoast_head":"<!-- This site is optimized with the Yoast SEO plugin v27.4 - https:\/\/yoast.com\/product\/yoast-seo-wordpress\/ -->\n<title>Bildung und Kultur - Volksbildungswerk Klarenthal e.V.<\/title>\n<meta name=\"robots\" content=\"index, follow, max-snippet:-1, max-image-preview:large, max-video-preview:-1\" \/>\n<link rel=\"canonical\" href=\"https:\/\/www.klarenthal-vbw.de\/de_LS\/soziale-stadtteilarbeit\/bildung-und-kultur\/\" \/>\n<meta property=\"og:locale\" content=\"de_DE\" \/>\n<meta property=\"og:type\" content=\"article\" \/>\n<meta property=\"og:title\" content=\"Bildung und Kultur - Volksbildungswerk Klarenthal e.V.\" \/>\n<meta property=\"og:description\" content=\"Volksbildungswerk Klarenthal \u2013 Bildung, Kultur und Begegnung vor Ort Das Volksbildungswerk Klarenthal ist die \u201eVolkshochschule vor Ort\u201c im Stadtteil.Es geh\u00f6rt als Partner zur Volkshochschule Wiesbaden.Wir sind ein anerkannter Anbieter f\u00fcr Weiterbildung.Unser Programm richtet sich an Menschen aus allen Teilen der Gesellschaft.Es gibt Sprachkurse, Kreativkurse, Bildungsreisen und Ausfl\u00fcge.Au\u00dferdem bieten wir Veranstaltungen aus Kultur und Bildung an. [&hellip;]\" \/>\n<meta property=\"og:url\" content=\"https:\/\/www.klarenthal-vbw.de\/de_LS\/soziale-stadtteilarbeit\/bildung-und-kultur\/\" \/>\n<meta property=\"og:site_name\" content=\"Volksbildungswerk Klarenthal e.V.\" \/>\n<meta property=\"article:modified_time\" content=\"2025-07-30T15:36:44+00:00\" \/>\n<meta name=\"twitter:card\" content=\"summary_large_image\" \/>\n<meta name=\"twitter:label1\" content=\"Gesch\u00e4tzte Lesezeit\" \/>\n\t<meta name=\"twitter:data1\" content=\"1\u00a0Minute\" \/>\n<script type=\"application\/ld+json\" class=\"yoast-schema-graph\">{\"@context\":\"https:\\\/\\\/schema.org\",\"@graph\":[{\"@type\":\"WebPage\",\"@id\":\"https:\\\/\\\/www.klarenthal-vbw.de\\\/de_LS\\\/soziale-stadtteilarbeit\\\/bildung-und-kultur\\\/\",\"url\":\"https:\\\/\\\/www.klarenthal-vbw.de\\\/de_LS\\\/soziale-stadtteilarbeit\\\/bildung-und-kultur\\\/\",\"name\":\"Bildung und Kultur - Volksbildungswerk Klarenthal e.V.\",\"isPartOf\":{\"@id\":\"https:\\\/\\\/www.klarenthal-vbw.de\\\/de_LS\\\/#website\"},\"datePublished\":\"2025-02-27T21:02:51+00:00\",\"dateModified\":\"2025-07-30T15:36:44+00:00\",\"breadcrumb\":{\"@id\":\"https:\\\/\\\/www.klarenthal-vbw.de\\\/de_LS\\\/soziale-stadtteilarbeit\\\/bildung-und-kultur\\\/#breadcrumb\"},\"inLanguage\":\"de\",\"potentialAction\":[{\"@type\":\"ReadAction\",\"target\":[\"https:\\\/\\\/www.klarenthal-vbw.de\\\/de_LS\\\/soziale-stadtteilarbeit\\\/bildung-und-kultur\\\/\"]}]},{\"@type\":\"BreadcrumbList\",\"@id\":\"https:\\\/\\\/www.klarenthal-vbw.de\\\/de_LS\\\/soziale-stadtteilarbeit\\\/bildung-und-kultur\\\/#breadcrumb\",\"itemListElement\":[{\"@type\":\"ListItem\",\"position\":1,\"name\":\"Startseite\",\"item\":\"https:\\\/\\\/www.klarenthal-vbw.de\\\/de_LS\\\/\"},{\"@type\":\"ListItem\",\"position\":2,\"name\":\"Soziale Stadtteilarbeit\",\"item\":\"https:\\\/\\\/www.klarenthal-vbw.de\\\/de_LS\\\/soziale-stadtteilarbeit\\\/\"},{\"@type\":\"ListItem\",\"position\":3,\"name\":\"Bildung und Kultur\"}]},{\"@type\":\"WebSite\",\"@id\":\"https:\\\/\\\/www.klarenthal-vbw.de\\\/de_LS\\\/#website\",\"url\":\"https:\\\/\\\/www.klarenthal-vbw.de\\\/de_LS\\\/\",\"name\":\"Volksbildungswerk Klarenthal e.V.\",\"description\":\"Chancen. Bildung. Perspektiven\",\"publisher\":{\"@id\":\"https:\\\/\\\/www.klarenthal-vbw.de\\\/de_LS\\\/#organization\"},\"potentialAction\":[{\"@type\":\"SearchAction\",\"target\":{\"@type\":\"EntryPoint\",\"urlTemplate\":\"https:\\\/\\\/www.klarenthal-vbw.de\\\/de_LS\\\/?s={search_term_string}\"},\"query-input\":{\"@type\":\"PropertyValueSpecification\",\"valueRequired\":true,\"valueName\":\"search_term_string\"}}],\"inLanguage\":\"de\"},{\"@type\":\"Organization\",\"@id\":\"https:\\\/\\\/www.klarenthal-vbw.de\\\/de_LS\\\/#organization\",\"name\":\"Volksbildungswerk Klarenthal e.V.\",\"url\":\"https:\\\/\\\/www.klarenthal-vbw.de\\\/de_LS\\\/\",\"logo\":{\"@type\":\"ImageObject\",\"inLanguage\":\"de\",\"@id\":\"https:\\\/\\\/www.klarenthal-vbw.de\\\/de_LS\\\/#\\\/schema\\\/logo\\\/image\\\/\",\"url\":\"https:\\\/\\\/www.klarenthal-vbw.de\\\/wp-content\\\/uploads\\\/2025\\\/02\\\/logo.svg\",\"contentUrl\":\"https:\\\/\\\/www.klarenthal-vbw.de\\\/wp-content\\\/uploads\\\/2025\\\/02\\\/logo.svg\",\"caption\":\"Volksbildungswerk Klarenthal e.V.\"},\"image\":{\"@id\":\"https:\\\/\\\/www.klarenthal-vbw.de\\\/de_LS\\\/#\\\/schema\\\/logo\\\/image\\\/\"}}]}<\/script>\n<!-- \/ Yoast SEO plugin. -->","yoast_head_json":{"title":"Bildung und Kultur - Volksbildungswerk Klarenthal e.V.","robots":{"index":"index","follow":"follow","max-snippet":"max-snippet:-1","max-image-preview":"max-image-preview:large","max-video-preview":"max-video-preview:-1"},"canonical":"https:\/\/www.klarenthal-vbw.de\/de_LS\/soziale-stadtteilarbeit\/bildung-und-kultur\/","og_locale":"de_DE","og_type":"article","og_title":"Bildung und Kultur - Volksbildungswerk Klarenthal e.V.","og_description":"Volksbildungswerk Klarenthal \u2013 Bildung, Kultur und Begegnung vor Ort Das Volksbildungswerk Klarenthal ist die \u201eVolkshochschule vor Ort\u201c im Stadtteil.Es geh\u00f6rt als Partner zur Volkshochschule Wiesbaden.Wir sind ein anerkannter Anbieter f\u00fcr Weiterbildung.Unser Programm richtet sich an Menschen aus allen Teilen der Gesellschaft.Es gibt Sprachkurse, Kreativkurse, Bildungsreisen und Ausfl\u00fcge.Au\u00dferdem bieten wir Veranstaltungen aus Kultur und Bildung an. [&hellip;]","og_url":"https:\/\/www.klarenthal-vbw.de\/de_LS\/soziale-stadtteilarbeit\/bildung-und-kultur\/","og_site_name":"Volksbildungswerk Klarenthal e.V.","article_modified_time":"2025-07-30T15:36:44+00:00","twitter_card":"summary_large_image","twitter_misc":{"Gesch\u00e4tzte Lesezeit":"1\u00a0Minute"},"schema":{"@context":"https:\/\/schema.org","@graph":[{"@type":"WebPage","@id":"https:\/\/www.klarenthal-vbw.de\/de_LS\/soziale-stadtteilarbeit\/bildung-und-kultur\/","url":"https:\/\/www.klarenthal-vbw.de\/de_LS\/soziale-stadtteilarbeit\/bildung-und-kultur\/","name":"Bildung und Kultur - Volksbildungswerk Klarenthal e.V.","isPartOf":{"@id":"https:\/\/www.klarenthal-vbw.de\/de_LS\/#website"},"datePublished":"2025-02-27T21:02:51+00:00","dateModified":"2025-07-30T15:36:44+00:00","breadcrumb":{"@id":"https:\/\/www.klarenthal-vbw.de\/de_LS\/soziale-stadtteilarbeit\/bildung-und-kultur\/#breadcrumb"},"inLanguage":"de","potentialAction":[{"@type":"ReadAction","target":["https:\/\/www.klarenthal-vbw.de\/de_LS\/soziale-stadtteilarbeit\/bildung-und-kultur\/"]}]},{"@type":"BreadcrumbList","@id":"https:\/\/www.klarenthal-vbw.de\/de_LS\/soziale-stadtteilarbeit\/bildung-und-kultur\/#breadcrumb","itemListElement":[{"@type":"ListItem","position":1,"name":"Startseite","item":"https:\/\/www.klarenthal-vbw.de\/de_LS\/"},{"@type":"ListItem","position":2,"name":"Soziale Stadtteilarbeit","item":"https:\/\/www.klarenthal-vbw.de\/de_LS\/soziale-stadtteilarbeit\/"},{"@type":"ListItem","position":3,"name":"Bildung und Kultur"}]},{"@type":"WebSite","@id":"https:\/\/www.klarenthal-vbw.de\/de_LS\/#website","url":"https:\/\/www.klarenthal-vbw.de\/de_LS\/","name":"Volksbildungswerk Klarenthal e.V.","description":"Chancen. Bildung. Perspektiven","publisher":{"@id":"https:\/\/www.klarenthal-vbw.de\/de_LS\/#organization"},"potentialAction":[{"@type":"SearchAction","target":{"@type":"EntryPoint","urlTemplate":"https:\/\/www.klarenthal-vbw.de\/de_LS\/?s={search_term_string}"},"query-input":{"@type":"PropertyValueSpecification","valueRequired":true,"valueName":"search_term_string"}}],"inLanguage":"de"},{"@type":"Organization","@id":"https:\/\/www.klarenthal-vbw.de\/de_LS\/#organization","name":"Volksbildungswerk Klarenthal e.V.","url":"https:\/\/www.klarenthal-vbw.de\/de_LS\/","logo":{"@type":"ImageObject","inLanguage":"de","@id":"https:\/\/www.klarenthal-vbw.de\/de_LS\/#\/schema\/logo\/image\/","url":"https:\/\/www.klarenthal-vbw.de\/wp-content\/uploads\/2025\/02\/logo.svg","contentUrl":"https:\/\/www.klarenthal-vbw.de\/wp-content\/uploads\/2025\/02\/logo.svg","caption":"Volksbildungswerk Klarenthal e.V."},"image":{"@id":"https:\/\/www.klarenthal-vbw.de\/de_LS\/#\/schema\/logo\/image\/"}}]}},"_links":{"self":[{"href":"https:\/\/www.klarenthal-vbw.de\/de_LS\/wp-json\/wp\/v2\/pages\/8204","targetHints":{"allow":["GET"]}}],"collection":[{"href":"https:\/\/www.klarenthal-vbw.de\/de_LS\/wp-json\/wp\/v2\/pages"}],"about":[{"href":"https:\/\/www.klarenthal-vbw.de\/de_LS\/wp-json\/wp\/v2\/types\/page"}],"author":[{"embeddable":true,"href":"https:\/\/www.klarenthal-vbw.de\/de_LS\/wp-json\/wp\/v2\/users\/8"}],"replies":[{"embeddable":true,"href":"https:\/\/www.klarenthal-vbw.de\/de_LS\/wp-json\/wp\/v2\/comments?post=8204"}],"version-history":[{"count":0,"href":"https:\/\/www.klarenthal-vbw.de\/de_LS\/wp-json\/wp\/v2\/pages\/8204\/revisions"}],"up":[{"embeddable":true,"href":"https:\/\/www.klarenthal-vbw.de\/de_LS\/wp-json\/wp\/v2\/pages\/8196"}],"wp:attachment":[{"href":"https:\/\/www.klarenthal-vbw.de\/de_LS\/wp-json\/wp\/v2\/media?parent=8204"}],"wp:term":[{"taxonomy":"category","embeddable":true,"href":"https:\/\/www.klarenthal-vbw.de\/de_LS\/wp-json\/wp\/v2\/categories?post=8204"},{"taxonomy":"post_tag","embeddable":true,"href":"https:\/\/www.klarenthal-vbw.de\/de_LS\/wp-json\/wp\/v2\/tags?post=8204"},{"taxonomy":"folder","embeddable":true,"href":"https:\/\/www.klarenthal-vbw.de\/de_LS\/wp-json\/wp\/v2\/folder?post=8204"}],"curies":[{"name":"wp","href":"https:\/\/api.w.org\/{rel}","templated":true}]}}