{"id":8212,"date":"2025-02-27T22:05:00","date_gmt":"2025-02-27T21:05:00","guid":{"rendered":"https:\/\/vbw.entwicklung-mediengewerk.de\/soziale-stadtteilarbeit\/gemeinwesenarbeit\/"},"modified":"2025-07-30T17:40:54","modified_gmt":"2025-07-30T15:40:54","slug":"gemeinwesenarbeit","status":"publish","type":"page","link":"https:\/\/www.klarenthal-vbw.de\/de_LS\/soziale-stadtteilarbeit\/gemeinwesenarbeit\/","title":{"rendered":"Gemeinwesenarbeit"},"content":{"rendered":"\t\t<div data-elementor-type=\"wp-page\" data-elementor-id=\"8212\" class=\"elementor elementor-8212 elementor-3661\" data-elementor-post-type=\"page\">\n\t\t\t\t<div class=\"elementor-element elementor-element-4f714338 e-flex e-con-boxed e-con e-parent\" data-id=\"4f714338\" data-element_type=\"container\">\n\t\t\t\t\t<div class=\"e-con-inner\">\n\t\t\t\t<div class=\"elementor-element elementor-element-eed7869 animated-slow elementor-widget__width-initial elementor-view-default elementor-invisible elementor-widget elementor-widget-icon\" data-id=\"eed7869\" data-element_type=\"widget\" data-settings=\"{&quot;_animation&quot;:&quot;fadeIn&quot;}\" data-widget_type=\"icon.default\">\n\t\t\t\t<div class=\"elementor-widget-container\">\n\t\t\t\t\t\t\t<div class=\"elementor-icon-wrapper\">\n\t\t\t<div class=\"elementor-icon\">\n\t\t\t<svg xmlns=\"http:\/\/www.w3.org\/2000\/svg\" id=\"Ebene_1\" viewBox=\"0 0 24 24\"><path d=\"M5,17.55c-1.682,0-3.05-1.368-3.05-3.05s1.368-3.05,3.05-3.05,3.05,1.368,3.05,3.05-1.368,3.05-3.05,3.05ZM5,11.55c-1.626,0-2.95,1.324-2.95,2.95s1.324,2.95,2.95,2.95,2.95-1.323,2.95-2.95-1.324-2.95-2.95-2.95Z\"><\/path><path d=\"M9.5,23.55c-.028,0-.05-.022-.05-.05,0-2.454-1.997-4.45-4.45-4.45s-4.45,1.996-4.45,4.45c0,.027-.022.05-.05.05s-.05-.022-.05-.05c0-2.509,2.041-4.55,4.55-4.55s4.55,2.041,4.55,4.55c0,.027-.022.05-.05.05Z\"><\/path><path d=\"M13.019,18.262c-1.417,0-2.568-1.152-2.568-2.568s1.152-2.569,2.568-2.569,2.569,1.152,2.569,2.569-1.152,2.568-2.569,2.568ZM13.019,13.224c-1.361,0-2.469,1.108-2.469,2.47s1.107,2.469,2.469,2.469,2.47-1.107,2.47-2.469-1.108-2.47-2.47-2.47Z\"><\/path><path d=\"M16.8,23.55c-.027,0-.05-.022-.05-.05,0-2.056-1.674-3.729-3.73-3.729-.74,0-1.455.219-2.069.629-.023.013-.053.009-.069-.015-.016-.022-.009-.054.014-.069.63-.421,1.365-.644,2.125-.645,2.112,0,3.83,1.717,3.83,3.828,0,.027-.022.05-.05.05Z\"><\/path><path d=\"M20.375,19.6c-.475,0-.92-.186-1.256-.521-.335-.336-.52-.781-.519-1.256v-.002c0-.475.185-.92.521-1.256.335-.334.78-.519,1.254-.519h.002c.475,0,.92.185,1.256.521s.52.781.519,1.256c0,.98-.797,1.776-1.776,1.776ZM20.375,16.146c-.447,0-.867.174-1.184.49s-.491.737-.491,1.185v.002c0,.447.174.868.49,1.185.316.317.737.491,1.185.492.925,0,1.677-.752,1.677-1.676,0-.448-.174-.87-.49-1.187s-.737-.491-1.185-.491h-.002ZM18.65,17.823h0,0Z\"><\/path><path d=\"M22.964,23.55c-.027,0-.05-.022-.05-.05,0-1.4-1.14-2.539-2.54-2.539-.503,0-.99.148-1.408.428-.021.014-.054.009-.069-.015-.015-.022-.009-.054.015-.069.434-.289.939-.442,1.463-.443,1.456,0,2.64,1.184,2.64,2.639,0,.027-.022.05-.05.05Z\"><\/path><path d=\"M3.5,9.55c-.028,0-.05-.022-.05-.05V.5c0-.028.022-.05.05-.05s.05.022.05.05v9c0,.028-.022.05-.05.05Z\"><\/path><path d=\"M23.5,10.55h-9c-1.13,0-2.05-.919-2.05-2.05v-1c0-.028.022-.05.05-.05s.05.022.05.05v1c0,1.075.875,1.95,1.95,1.95h8.862l-2.895-2.412c-.011-.01-.018-.024-.018-.039s.007-.029.018-.039l2.895-2.412h-6.862c-.027,0-.05-.022-.05-.05s.022-.05.05-.05h7c.021,0,.04.013.047.033.007.02,0,.042-.015.056l-2.954,2.461,2.954,2.461c.016.014.021.036.015.056-.007.02-.025.033-.047.033Z\"><\/path><path d=\"M16,7.05c-.027,0-.05-.022-.05-.05,0-.799-.65-1.45-1.45-1.45H3.5c-.028,0-.05-.022-.05-.05V.5c0-.028.022-.05.05-.05h11c.854,0,1.55.695,1.55,1.55v5c0,.028-.022.05-.05.05ZM3.55,5.45h10.95c.662,0,1.229.417,1.45,1.002V2c0-.799-.65-1.45-1.45-1.45H3.55v4.9Z\"><\/path><\/svg>\t\t\t<\/div>\n\t\t<\/div>\n\t\t\t\t\t\t<\/div>\n\t\t\t\t<\/div>\n\t\t\t\t<div class=\"elementor-element elementor-element-365e9355 elementor-widget elementor-widget-text-editor\" data-id=\"365e9355\" data-element_type=\"widget\" data-widget_type=\"text-editor.default\">\n\t\t\t\t<div class=\"elementor-widget-container\">\n\t\t\t\t\t\t\t\t\t\n<h2 class=\"wp-block-heading\">Gemeinwesenarbeit \u2013 St\u00e4rkung der sozialen Strukturen in Klarenthal<\/h2>\n\n\n\n<p>Die Gemeinwesenarbeit (GWA) hilft dabei, das Leben im Stadtteil zu verbessern \u2013<br>besonders dort, wo es soziale Probleme gibt.<br>In Klarenthal setzen wir uns f\u00fcr benachteiligte Menschen ein.<br>Wir f\u00f6rdern das Zusammenleben und bauen soziale Netzwerke auf.<br>Unser Ziel:<br>Alle Menschen sollen sich als Teil der Gemeinschaft f\u00fchlen<br>und ihren Stadtteil mitgestalten k\u00f6nnen.  <\/p>\n\n\n\n<h2 class=\"wp-block-heading\">GWA &#8211; KlAAr- Ansprechpartner f\u00fcr Armut in Klarenthal&nbsp;<\/h2>\n\n\n\n<p>Projekt \u201eKlAAr \u2013 Ansprechpartner f\u00fcr Armut in Klarenthal\u201c<br>Unser Projekt \u201eKlAAr \u2013 Ansprechpartner f\u00fcr Armut in Klarenthal\u201c geht 2025 weiter.<br>Es richtet sich jetzt nicht mehr nur an \u00e4ltere Menschen,<br>sondern auch an Familien und Kinder.<br>Wir wissen: Viele Menschen haben wenig Geld.<br>Aber Armut bedeutet nicht nur wenig Einkommen.<br>Armut kann auch hei\u00dfen:<br>\u2013 Einsamkeit<br>\u2013 keine M\u00f6glichkeit, am sozialen oder kulturellen Leben teilzunehmen<br>\u2013 keine Motivation<br>Hier wollen wir helfen.<br>Wir m\u00f6chten den Menschen im Stadtteil auf verschiedene Weise Unterst\u00fctzung bieten.<br>Dazu gibt es:<br>\u2013 Treffen und Info-Nachmittage im Stadtteilcaf\u00e9<br>\u2013 Familienangebote und Beratung im KiEZ<br>Diese Angebote sollen f\u00fcr Abwechslung sorgen und Kontakte schaffen.<br>Sie werden unter anderem durch das Sozialbudget erm\u00f6glicht.     <\/p>\n\n\n\n<p><br>Die Gemeinwesenarbeit in Klarenthal wird vom Hessischen Ministerium f\u00fcr Soziales und Integration unterst\u00fctzt.<br>Sie folgt den hohen Qualit\u00e4tsstandards des Landesprogramms.<br>Die \u00d6ffentlichkeitsarbeit wird eng mit dem Ministerium abgestimmt.<br>So ist sichergestellt, dass alle Informationen klar und wirksam weitergegeben werden.<br>Gemeinsam mit unseren Partnerinnen, Partnern und den Menschen im Stadtteil<br>gestalten wir ein besseres Leben in Klarenthal \u2013 Schritt f\u00fcr Schritt.  <\/p>\n\t\t\t\t\t\t\t\t<\/div>\n\t\t\t\t<\/div>\n\t\t\t\t\t<\/div>\n\t\t\t\t<\/div>\n\t\t\t\t<\/div>\n\t\t","protected":false},"excerpt":{"rendered":"<p>Gemeinwesenarbeit \u2013 St\u00e4rkung der sozialen Strukturen in Klarenthal Die Gemeinwesenarbeit (GWA) hilft dabei, das Leben im Stadtteil zu verbessern \u2013besonders dort, wo es soziale Probleme gibt.In Klarenthal setzen wir uns f\u00fcr benachteiligte Menschen ein.Wir f\u00f6rdern das Zusammenleben und bauen soziale Netzwerke auf.Unser Ziel:Alle Menschen sollen sich als Teil der Gemeinschaft f\u00fchlenund ihren Stadtteil mitgestalten k\u00f6nnen. [&hellip;]<\/p>\n","protected":false},"author":8,"featured_media":0,"parent":8196,"menu_order":0,"comment_status":"closed","ping_status":"closed","template":"","meta":{"_acf_changed":false,"footnotes":""},"categories":[],"tags":[215],"folder":[15],"class_list":["post-8212","page","type-page","status-publish","hentry","tag-gemeinwesenarbeit-de_ls"],"acf":[],"yoast_head":"<!-- This site is optimized with the Yoast SEO plugin v27.4 - https:\/\/yoast.com\/product\/yoast-seo-wordpress\/ -->\n<title>Gemeinwesenarbeit - Volksbildungswerk Klarenthal e.V.<\/title>\n<meta name=\"robots\" content=\"index, follow, max-snippet:-1, max-image-preview:large, max-video-preview:-1\" \/>\n<link rel=\"canonical\" href=\"https:\/\/www.klarenthal-vbw.de\/de_LS\/soziale-stadtteilarbeit\/gemeinwesenarbeit\/\" \/>\n<meta property=\"og:locale\" content=\"de_DE\" \/>\n<meta property=\"og:type\" content=\"article\" \/>\n<meta property=\"og:title\" content=\"Gemeinwesenarbeit - Volksbildungswerk Klarenthal e.V.\" \/>\n<meta property=\"og:description\" content=\"Gemeinwesenarbeit \u2013 St\u00e4rkung der sozialen Strukturen in Klarenthal Die Gemeinwesenarbeit (GWA) hilft dabei, das Leben im Stadtteil zu verbessern \u2013besonders dort, wo es soziale Probleme gibt.In Klarenthal setzen wir uns f\u00fcr benachteiligte Menschen ein.Wir f\u00f6rdern das Zusammenleben und bauen soziale Netzwerke auf.Unser Ziel:Alle Menschen sollen sich als Teil der Gemeinschaft f\u00fchlenund ihren Stadtteil mitgestalten k\u00f6nnen. [&hellip;]\" \/>\n<meta property=\"og:url\" content=\"https:\/\/www.klarenthal-vbw.de\/de_LS\/soziale-stadtteilarbeit\/gemeinwesenarbeit\/\" \/>\n<meta property=\"og:site_name\" content=\"Volksbildungswerk Klarenthal e.V.\" \/>\n<meta property=\"article:modified_time\" content=\"2025-07-30T15:40:54+00:00\" \/>\n<meta name=\"twitter:card\" content=\"summary_large_image\" \/>\n<meta name=\"twitter:label1\" content=\"Gesch\u00e4tzte Lesezeit\" \/>\n\t<meta name=\"twitter:data1\" content=\"1\u00a0Minute\" \/>\n<script type=\"application\/ld+json\" class=\"yoast-schema-graph\">{\"@context\":\"https:\\\/\\\/schema.org\",\"@graph\":[{\"@type\":\"WebPage\",\"@id\":\"https:\\\/\\\/www.klarenthal-vbw.de\\\/de_LS\\\/soziale-stadtteilarbeit\\\/gemeinwesenarbeit\\\/\",\"url\":\"https:\\\/\\\/www.klarenthal-vbw.de\\\/de_LS\\\/soziale-stadtteilarbeit\\\/gemeinwesenarbeit\\\/\",\"name\":\"Gemeinwesenarbeit - Volksbildungswerk Klarenthal e.V.\",\"isPartOf\":{\"@id\":\"https:\\\/\\\/www.klarenthal-vbw.de\\\/de_LS\\\/#website\"},\"datePublished\":\"2025-02-27T21:05:00+00:00\",\"dateModified\":\"2025-07-30T15:40:54+00:00\",\"breadcrumb\":{\"@id\":\"https:\\\/\\\/www.klarenthal-vbw.de\\\/de_LS\\\/soziale-stadtteilarbeit\\\/gemeinwesenarbeit\\\/#breadcrumb\"},\"inLanguage\":\"de\",\"potentialAction\":[{\"@type\":\"ReadAction\",\"target\":[\"https:\\\/\\\/www.klarenthal-vbw.de\\\/de_LS\\\/soziale-stadtteilarbeit\\\/gemeinwesenarbeit\\\/\"]}]},{\"@type\":\"BreadcrumbList\",\"@id\":\"https:\\\/\\\/www.klarenthal-vbw.de\\\/de_LS\\\/soziale-stadtteilarbeit\\\/gemeinwesenarbeit\\\/#breadcrumb\",\"itemListElement\":[{\"@type\":\"ListItem\",\"position\":1,\"name\":\"Startseite\",\"item\":\"https:\\\/\\\/www.klarenthal-vbw.de\\\/de_LS\\\/\"},{\"@type\":\"ListItem\",\"position\":2,\"name\":\"Soziale Stadtteilarbeit\",\"item\":\"https:\\\/\\\/www.klarenthal-vbw.de\\\/de_LS\\\/soziale-stadtteilarbeit\\\/\"},{\"@type\":\"ListItem\",\"position\":3,\"name\":\"Gemeinwesenarbeit\"}]},{\"@type\":\"WebSite\",\"@id\":\"https:\\\/\\\/www.klarenthal-vbw.de\\\/de_LS\\\/#website\",\"url\":\"https:\\\/\\\/www.klarenthal-vbw.de\\\/de_LS\\\/\",\"name\":\"Volksbildungswerk Klarenthal e.V.\",\"description\":\"Chancen. Bildung. Perspektiven\",\"publisher\":{\"@id\":\"https:\\\/\\\/www.klarenthal-vbw.de\\\/de_LS\\\/#organization\"},\"potentialAction\":[{\"@type\":\"SearchAction\",\"target\":{\"@type\":\"EntryPoint\",\"urlTemplate\":\"https:\\\/\\\/www.klarenthal-vbw.de\\\/de_LS\\\/?s={search_term_string}\"},\"query-input\":{\"@type\":\"PropertyValueSpecification\",\"valueRequired\":true,\"valueName\":\"search_term_string\"}}],\"inLanguage\":\"de\"},{\"@type\":\"Organization\",\"@id\":\"https:\\\/\\\/www.klarenthal-vbw.de\\\/de_LS\\\/#organization\",\"name\":\"Volksbildungswerk Klarenthal e.V.\",\"url\":\"https:\\\/\\\/www.klarenthal-vbw.de\\\/de_LS\\\/\",\"logo\":{\"@type\":\"ImageObject\",\"inLanguage\":\"de\",\"@id\":\"https:\\\/\\\/www.klarenthal-vbw.de\\\/de_LS\\\/#\\\/schema\\\/logo\\\/image\\\/\",\"url\":\"https:\\\/\\\/www.klarenthal-vbw.de\\\/wp-content\\\/uploads\\\/2025\\\/02\\\/logo.svg\",\"contentUrl\":\"https:\\\/\\\/www.klarenthal-vbw.de\\\/wp-content\\\/uploads\\\/2025\\\/02\\\/logo.svg\",\"caption\":\"Volksbildungswerk Klarenthal e.V.\"},\"image\":{\"@id\":\"https:\\\/\\\/www.klarenthal-vbw.de\\\/de_LS\\\/#\\\/schema\\\/logo\\\/image\\\/\"}}]}<\/script>\n<!-- \/ Yoast SEO plugin. -->","yoast_head_json":{"title":"Gemeinwesenarbeit - Volksbildungswerk Klarenthal e.V.","robots":{"index":"index","follow":"follow","max-snippet":"max-snippet:-1","max-image-preview":"max-image-preview:large","max-video-preview":"max-video-preview:-1"},"canonical":"https:\/\/www.klarenthal-vbw.de\/de_LS\/soziale-stadtteilarbeit\/gemeinwesenarbeit\/","og_locale":"de_DE","og_type":"article","og_title":"Gemeinwesenarbeit - Volksbildungswerk Klarenthal e.V.","og_description":"Gemeinwesenarbeit \u2013 St\u00e4rkung der sozialen Strukturen in Klarenthal Die Gemeinwesenarbeit (GWA) hilft dabei, das Leben im Stadtteil zu verbessern \u2013besonders dort, wo es soziale Probleme gibt.In Klarenthal setzen wir uns f\u00fcr benachteiligte Menschen ein.Wir f\u00f6rdern das Zusammenleben und bauen soziale Netzwerke auf.Unser Ziel:Alle Menschen sollen sich als Teil der Gemeinschaft f\u00fchlenund ihren Stadtteil mitgestalten k\u00f6nnen. [&hellip;]","og_url":"https:\/\/www.klarenthal-vbw.de\/de_LS\/soziale-stadtteilarbeit\/gemeinwesenarbeit\/","og_site_name":"Volksbildungswerk Klarenthal e.V.","article_modified_time":"2025-07-30T15:40:54+00:00","twitter_card":"summary_large_image","twitter_misc":{"Gesch\u00e4tzte Lesezeit":"1\u00a0Minute"},"schema":{"@context":"https:\/\/schema.org","@graph":[{"@type":"WebPage","@id":"https:\/\/www.klarenthal-vbw.de\/de_LS\/soziale-stadtteilarbeit\/gemeinwesenarbeit\/","url":"https:\/\/www.klarenthal-vbw.de\/de_LS\/soziale-stadtteilarbeit\/gemeinwesenarbeit\/","name":"Gemeinwesenarbeit - Volksbildungswerk Klarenthal e.V.","isPartOf":{"@id":"https:\/\/www.klarenthal-vbw.de\/de_LS\/#website"},"datePublished":"2025-02-27T21:05:00+00:00","dateModified":"2025-07-30T15:40:54+00:00","breadcrumb":{"@id":"https:\/\/www.klarenthal-vbw.de\/de_LS\/soziale-stadtteilarbeit\/gemeinwesenarbeit\/#breadcrumb"},"inLanguage":"de","potentialAction":[{"@type":"ReadAction","target":["https:\/\/www.klarenthal-vbw.de\/de_LS\/soziale-stadtteilarbeit\/gemeinwesenarbeit\/"]}]},{"@type":"BreadcrumbList","@id":"https:\/\/www.klarenthal-vbw.de\/de_LS\/soziale-stadtteilarbeit\/gemeinwesenarbeit\/#breadcrumb","itemListElement":[{"@type":"ListItem","position":1,"name":"Startseite","item":"https:\/\/www.klarenthal-vbw.de\/de_LS\/"},{"@type":"ListItem","position":2,"name":"Soziale Stadtteilarbeit","item":"https:\/\/www.klarenthal-vbw.de\/de_LS\/soziale-stadtteilarbeit\/"},{"@type":"ListItem","position":3,"name":"Gemeinwesenarbeit"}]},{"@type":"WebSite","@id":"https:\/\/www.klarenthal-vbw.de\/de_LS\/#website","url":"https:\/\/www.klarenthal-vbw.de\/de_LS\/","name":"Volksbildungswerk Klarenthal e.V.","description":"Chancen. Bildung. Perspektiven","publisher":{"@id":"https:\/\/www.klarenthal-vbw.de\/de_LS\/#organization"},"potentialAction":[{"@type":"SearchAction","target":{"@type":"EntryPoint","urlTemplate":"https:\/\/www.klarenthal-vbw.de\/de_LS\/?s={search_term_string}"},"query-input":{"@type":"PropertyValueSpecification","valueRequired":true,"valueName":"search_term_string"}}],"inLanguage":"de"},{"@type":"Organization","@id":"https:\/\/www.klarenthal-vbw.de\/de_LS\/#organization","name":"Volksbildungswerk Klarenthal e.V.","url":"https:\/\/www.klarenthal-vbw.de\/de_LS\/","logo":{"@type":"ImageObject","inLanguage":"de","@id":"https:\/\/www.klarenthal-vbw.de\/de_LS\/#\/schema\/logo\/image\/","url":"https:\/\/www.klarenthal-vbw.de\/wp-content\/uploads\/2025\/02\/logo.svg","contentUrl":"https:\/\/www.klarenthal-vbw.de\/wp-content\/uploads\/2025\/02\/logo.svg","caption":"Volksbildungswerk Klarenthal e.V."},"image":{"@id":"https:\/\/www.klarenthal-vbw.de\/de_LS\/#\/schema\/logo\/image\/"}}]}},"_links":{"self":[{"href":"https:\/\/www.klarenthal-vbw.de\/de_LS\/wp-json\/wp\/v2\/pages\/8212","targetHints":{"allow":["GET"]}}],"collection":[{"href":"https:\/\/www.klarenthal-vbw.de\/de_LS\/wp-json\/wp\/v2\/pages"}],"about":[{"href":"https:\/\/www.klarenthal-vbw.de\/de_LS\/wp-json\/wp\/v2\/types\/page"}],"author":[{"embeddable":true,"href":"https:\/\/www.klarenthal-vbw.de\/de_LS\/wp-json\/wp\/v2\/users\/8"}],"replies":[{"embeddable":true,"href":"https:\/\/www.klarenthal-vbw.de\/de_LS\/wp-json\/wp\/v2\/comments?post=8212"}],"version-history":[{"count":0,"href":"https:\/\/www.klarenthal-vbw.de\/de_LS\/wp-json\/wp\/v2\/pages\/8212\/revisions"}],"up":[{"embeddable":true,"href":"https:\/\/www.klarenthal-vbw.de\/de_LS\/wp-json\/wp\/v2\/pages\/8196"}],"wp:attachment":[{"href":"https:\/\/www.klarenthal-vbw.de\/de_LS\/wp-json\/wp\/v2\/media?parent=8212"}],"wp:term":[{"taxonomy":"category","embeddable":true,"href":"https:\/\/www.klarenthal-vbw.de\/de_LS\/wp-json\/wp\/v2\/categories?post=8212"},{"taxonomy":"post_tag","embeddable":true,"href":"https:\/\/www.klarenthal-vbw.de\/de_LS\/wp-json\/wp\/v2\/tags?post=8212"},{"taxonomy":"folder","embeddable":true,"href":"https:\/\/www.klarenthal-vbw.de\/de_LS\/wp-json\/wp\/v2\/folder?post=8212"}],"curies":[{"name":"wp","href":"https:\/\/api.w.org\/{rel}","templated":true}]}}