{"id":8226,"date":"2025-04-15T20:33:49","date_gmt":"2025-04-15T18:33:49","guid":{"rendered":"https:\/\/vbw.entwicklung-mediengewerk.de\/barrierefreiheitserklaerung\/"},"modified":"2025-07-30T17:51:49","modified_gmt":"2025-07-30T15:51:49","slug":"barrierefreiheitserklaerung","status":"publish","type":"page","link":"https:\/\/www.klarenthal-vbw.de\/de_LS\/barrierefreiheitserklaerung\/","title":{"rendered":"Barrierefreiheitserkl\u00e4rung"},"content":{"rendered":"<h2>Erkl\u00e4rung f\u00fcr Dienstleistungen<\/h2>\n<p>Im Rahmen unserer Barrierefreiheitserkl\u00e4rung m\u00f6chten wir Ihnen einen \u00dcberblick \u00fcber den Stand der Vereinbarkeit der unten beschriebenen Dienstleistung(en) mit den Anforderungen der Barrierefreiheit nach gesetzlichen Vorschriften (insbesondere mit dem Barrierefreiheitsst\u00e4rkungsgesetz \u2013 BFSG) geben.<\/p>\n<h3>Angaben zum Dienstleistungserbringer<\/h3>\n<p>Volksbildungswerk Klarenthal e.V.<br \/>Geschwister-Scholl-Stra\u00dfe 10<br \/>65197 Wiesbaden<br \/>Hessen<\/p>\n<h3>Allgemeine Beschreibung der Dienstleistung<\/h3>\n<p>Das Volksbildungswerk bietet seit 1970 ein breites Bildungs- und Kulturangebot im Stadtteil Klarenthal (und teils in Dotzheim) an. Unser Angebot umfasst allgemeine Weiterbildung, lebenslanges und informelles Lernen sowie stadtteilbezogene soziale Kulturarbeit, die auf die Bed\u00fcrfnisse der lokalen Bev\u00f6lkerung zugeschnitten ist. Wir f\u00f6rdern neben klassischen Kursen und Bildungsreisen auch Initiativen in Einrichtungen wie Altenwohnanlagen, Stadtteiltreffs, Schulen und LeseCaf\u00e9s. Dabei liegt der Fokus auf Themen wie Integration, Teilhabe, Ehrenamt und gesellschaftliche Herausforderungen wie Armut und demographischer Wandel. Unsere Angebote richten sich an alle Menschen und tragen aktiv zur positiven Stadtteilentwicklung in Wiesbaden bei.    <\/p>\n<h3>Erl\u00e4uterungen zur Durchf\u00fchrung der Dienstleistung<\/h3>\n<p>\u00dcber unsere Einrichtung in Klarenthal und in Kooperation mit lokalen Partnern organisieren wir j\u00e4hrlich rund 320 Veranstaltungen \u2013 darunter Kurse, Bildungsreisen, Konzerte, Ausstellungen und weitere Bildungsveranstaltungen. Die Durchf\u00fchrung erfolgt vor Ort an verschiedenen Standorten im Stadtteil sowie in Kooperation mit Schulen, Seniorenheimen und anderen sozialen Einrichtungen. Interessierte k\u00f6nnen sich \u00fcber unsere Website und direkt vor Ort zu den Angeboten anmelden und sich umfassend beraten lassen. Zus\u00e4tzlich moderieren wir Netzwerkveranstaltungen wie die Stadtteilkonferenz und setzen uns aktiv in Kooperationen (z.\u202fB. mit der Wohnungswirtschaft und dem Dachverband Kulturtage Klarenthal) ein, um den Austausch und die Vernetzung im Stadtteil zu f\u00f6rdern. Die Finanzierung unserer Dienstleistungen erfolgt \u00fcber \u00f6ffentliche und private F\u00f6rdermittel, Spenden, Geb\u00fchren und Mitgliedsbeitr\u00e4ge.    <\/p>\n<h3>Stand der Vereinbarkeit mit den Anforderungen<\/h3>\n<p>Die oben genannte Dienstleistung ist teilweise mit dem Barrierefreiheitsst\u00e4rkungsgesetz (BFSG) vereinbar.<\/p>\n<p>Folgende Teile\/Inhalte\/Funktionen der Dienstleistung sind nicht barrierefrei:<\/p>\n<p>Bez\u00fcglich unserer Reise- und Betreuungsangebote k\u00f6nnen wir keine vollst\u00e4ndige Barrierefreiheit garantieren. Wir werden uns trotzdem immer bem\u00fchen, inklusive Angebote anzubieten. <\/p>\n<h3>Erstellung der Barrierefreiheitserkl\u00e4rung<\/h3>\n<p>Datum der Erstellung der Barrierefreiheitserkl\u00e4rung: 15.04.2025<br \/>Datum der letzten \u00dcberpr\u00fcfung der o. g. Leistungen hinsichtlich der Anforderungen zur Barrierefreiheit: 15.04.25<\/p>\n<h3>Einsch\u00e4tzung zum Stand der Barrierefreiheit<\/h3>\n<p>Die Einsch\u00e4tzung zum Stand der Barrierefreiheit beruht auf unserer Selbsteinsch\u00e4tzung.<\/p>\n<h3>Feedbackm\u00f6glichkeit und Kontaktangaben<\/h3>\n<p>Adresse:<br \/>Volksbildungswerk Klarenthal e.V.<br \/>Geschwister-Scholl-Stra\u00dfe 10<br \/>65197 Wiesbaden<\/p>\n<p>E-Mail: <a href=\"mailto:info@klarenthal.org\">info@klarenthal.org<\/a><\/p>\n<p>Telefon: <a href=\"tel:+4961172437920\">0611-72437920<\/a><\/p>\n","protected":false},"excerpt":{"rendered":"<p>Erkl\u00e4rung f\u00fcr Dienstleistungen Im Rahmen unserer Barrierefreiheitserkl\u00e4rung m\u00f6chten wir Ihnen einen \u00dcberblick \u00fcber den Stand der Vereinbarkeit der unten beschriebenen Dienstleistung(en) mit den Anforderungen der Barrierefreiheit nach gesetzlichen Vorschriften (insbesondere mit dem Barrierefreiheitsst\u00e4rkungsgesetz \u2013 BFSG) geben. Angaben zum Dienstleistungserbringer Volksbildungswerk Klarenthal e.V.Geschwister-Scholl-Stra\u00dfe 1065197 WiesbadenHessen Allgemeine Beschreibung der Dienstleistung Das Volksbildungswerk bietet seit 1970 ein breites [&hellip;]<\/p>\n","protected":false},"author":8,"featured_media":0,"parent":0,"menu_order":0,"comment_status":"closed","ping_status":"closed","template":"","meta":{"_acf_changed":false,"footnotes":""},"categories":[],"tags":[],"folder":[12],"class_list":["post-8226","page","type-page","status-publish","hentry"],"acf":[],"yoast_head":"<!-- This site is optimized with the Yoast SEO plugin v27.5 - https:\/\/yoast.com\/product\/yoast-seo-wordpress\/ -->\n<title>Barrierefreiheitserkl\u00e4rung - Volksbildungswerk Klarenthal e.V.<\/title>\n<meta name=\"robots\" content=\"index, follow, max-snippet:-1, max-image-preview:large, max-video-preview:-1\" \/>\n<link rel=\"canonical\" href=\"https:\/\/www.klarenthal-vbw.de\/de_LS\/barrierefreiheitserklaerung\/\" \/>\n<meta property=\"og:locale\" content=\"de_DE\" \/>\n<meta property=\"og:type\" content=\"article\" \/>\n<meta property=\"og:title\" content=\"Barrierefreiheitserkl\u00e4rung - Volksbildungswerk Klarenthal e.V.\" \/>\n<meta property=\"og:description\" content=\"Erkl\u00e4rung f\u00fcr Dienstleistungen Im Rahmen unserer Barrierefreiheitserkl\u00e4rung m\u00f6chten wir Ihnen einen \u00dcberblick \u00fcber den Stand der Vereinbarkeit der unten beschriebenen Dienstleistung(en) mit den Anforderungen der Barrierefreiheit nach gesetzlichen Vorschriften (insbesondere mit dem Barrierefreiheitsst\u00e4rkungsgesetz \u2013 BFSG) geben. Angaben zum Dienstleistungserbringer Volksbildungswerk Klarenthal e.V.Geschwister-Scholl-Stra\u00dfe 1065197 WiesbadenHessen Allgemeine Beschreibung der Dienstleistung Das Volksbildungswerk bietet seit 1970 ein breites [&hellip;]\" \/>\n<meta property=\"og:url\" content=\"https:\/\/www.klarenthal-vbw.de\/de_LS\/barrierefreiheitserklaerung\/\" \/>\n<meta property=\"og:site_name\" content=\"Volksbildungswerk Klarenthal e.V.\" \/>\n<meta property=\"article:modified_time\" content=\"2025-07-30T15:51:49+00:00\" \/>\n<meta name=\"twitter:card\" content=\"summary_large_image\" \/>\n<meta name=\"twitter:label1\" content=\"Gesch\u00e4tzte Lesezeit\" \/>\n\t<meta name=\"twitter:data1\" content=\"2\u00a0Minuten\" \/>\n<script type=\"application\/ld+json\" class=\"yoast-schema-graph\">{\"@context\":\"https:\\\/\\\/schema.org\",\"@graph\":[{\"@type\":\"WebPage\",\"@id\":\"https:\\\/\\\/www.klarenthal-vbw.de\\\/de_LS\\\/barrierefreiheitserklaerung\\\/\",\"url\":\"https:\\\/\\\/www.klarenthal-vbw.de\\\/de_LS\\\/barrierefreiheitserklaerung\\\/\",\"name\":\"Barrierefreiheitserkl\u00e4rung - Volksbildungswerk Klarenthal e.V.\",\"isPartOf\":{\"@id\":\"https:\\\/\\\/www.klarenthal-vbw.de\\\/de_LS\\\/#website\"},\"datePublished\":\"2025-04-15T18:33:49+00:00\",\"dateModified\":\"2025-07-30T15:51:49+00:00\",\"breadcrumb\":{\"@id\":\"https:\\\/\\\/www.klarenthal-vbw.de\\\/de_LS\\\/barrierefreiheitserklaerung\\\/#breadcrumb\"},\"inLanguage\":\"de\",\"potentialAction\":[{\"@type\":\"ReadAction\",\"target\":[\"https:\\\/\\\/www.klarenthal-vbw.de\\\/de_LS\\\/barrierefreiheitserklaerung\\\/\"]}]},{\"@type\":\"BreadcrumbList\",\"@id\":\"https:\\\/\\\/www.klarenthal-vbw.de\\\/de_LS\\\/barrierefreiheitserklaerung\\\/#breadcrumb\",\"itemListElement\":[{\"@type\":\"ListItem\",\"position\":1,\"name\":\"Startseite\",\"item\":\"https:\\\/\\\/www.klarenthal-vbw.de\\\/de_LS\\\/\"},{\"@type\":\"ListItem\",\"position\":2,\"name\":\"Barrierefreiheitserkl\u00e4rung\"}]},{\"@type\":\"WebSite\",\"@id\":\"https:\\\/\\\/www.klarenthal-vbw.de\\\/de_LS\\\/#website\",\"url\":\"https:\\\/\\\/www.klarenthal-vbw.de\\\/de_LS\\\/\",\"name\":\"Volksbildungswerk Klarenthal e.V.\",\"description\":\"Chancen. Bildung. Perspektiven\",\"publisher\":{\"@id\":\"https:\\\/\\\/www.klarenthal-vbw.de\\\/de_LS\\\/#organization\"},\"potentialAction\":[{\"@type\":\"SearchAction\",\"target\":{\"@type\":\"EntryPoint\",\"urlTemplate\":\"https:\\\/\\\/www.klarenthal-vbw.de\\\/de_LS\\\/?s={search_term_string}\"},\"query-input\":{\"@type\":\"PropertyValueSpecification\",\"valueRequired\":true,\"valueName\":\"search_term_string\"}}],\"inLanguage\":\"de\"},{\"@type\":\"Organization\",\"@id\":\"https:\\\/\\\/www.klarenthal-vbw.de\\\/de_LS\\\/#organization\",\"name\":\"Volksbildungswerk Klarenthal e.V.\",\"url\":\"https:\\\/\\\/www.klarenthal-vbw.de\\\/de_LS\\\/\",\"logo\":{\"@type\":\"ImageObject\",\"inLanguage\":\"de\",\"@id\":\"https:\\\/\\\/www.klarenthal-vbw.de\\\/de_LS\\\/#\\\/schema\\\/logo\\\/image\\\/\",\"url\":\"https:\\\/\\\/www.klarenthal-vbw.de\\\/wp-content\\\/uploads\\\/2025\\\/02\\\/logo.svg\",\"contentUrl\":\"https:\\\/\\\/www.klarenthal-vbw.de\\\/wp-content\\\/uploads\\\/2025\\\/02\\\/logo.svg\",\"caption\":\"Volksbildungswerk Klarenthal e.V.\"},\"image\":{\"@id\":\"https:\\\/\\\/www.klarenthal-vbw.de\\\/de_LS\\\/#\\\/schema\\\/logo\\\/image\\\/\"}}]}<\/script>\n<!-- \/ Yoast SEO plugin. -->","yoast_head_json":{"title":"Barrierefreiheitserkl\u00e4rung - Volksbildungswerk Klarenthal e.V.","robots":{"index":"index","follow":"follow","max-snippet":"max-snippet:-1","max-image-preview":"max-image-preview:large","max-video-preview":"max-video-preview:-1"},"canonical":"https:\/\/www.klarenthal-vbw.de\/de_LS\/barrierefreiheitserklaerung\/","og_locale":"de_DE","og_type":"article","og_title":"Barrierefreiheitserkl\u00e4rung - Volksbildungswerk Klarenthal e.V.","og_description":"Erkl\u00e4rung f\u00fcr Dienstleistungen Im Rahmen unserer Barrierefreiheitserkl\u00e4rung m\u00f6chten wir Ihnen einen \u00dcberblick \u00fcber den Stand der Vereinbarkeit der unten beschriebenen Dienstleistung(en) mit den Anforderungen der Barrierefreiheit nach gesetzlichen Vorschriften (insbesondere mit dem Barrierefreiheitsst\u00e4rkungsgesetz \u2013 BFSG) geben. Angaben zum Dienstleistungserbringer Volksbildungswerk Klarenthal e.V.Geschwister-Scholl-Stra\u00dfe 1065197 WiesbadenHessen Allgemeine Beschreibung der Dienstleistung Das Volksbildungswerk bietet seit 1970 ein breites [&hellip;]","og_url":"https:\/\/www.klarenthal-vbw.de\/de_LS\/barrierefreiheitserklaerung\/","og_site_name":"Volksbildungswerk Klarenthal e.V.","article_modified_time":"2025-07-30T15:51:49+00:00","twitter_card":"summary_large_image","twitter_misc":{"Gesch\u00e4tzte Lesezeit":"2\u00a0Minuten"},"schema":{"@context":"https:\/\/schema.org","@graph":[{"@type":"WebPage","@id":"https:\/\/www.klarenthal-vbw.de\/de_LS\/barrierefreiheitserklaerung\/","url":"https:\/\/www.klarenthal-vbw.de\/de_LS\/barrierefreiheitserklaerung\/","name":"Barrierefreiheitserkl\u00e4rung - Volksbildungswerk Klarenthal e.V.","isPartOf":{"@id":"https:\/\/www.klarenthal-vbw.de\/de_LS\/#website"},"datePublished":"2025-04-15T18:33:49+00:00","dateModified":"2025-07-30T15:51:49+00:00","breadcrumb":{"@id":"https:\/\/www.klarenthal-vbw.de\/de_LS\/barrierefreiheitserklaerung\/#breadcrumb"},"inLanguage":"de","potentialAction":[{"@type":"ReadAction","target":["https:\/\/www.klarenthal-vbw.de\/de_LS\/barrierefreiheitserklaerung\/"]}]},{"@type":"BreadcrumbList","@id":"https:\/\/www.klarenthal-vbw.de\/de_LS\/barrierefreiheitserklaerung\/#breadcrumb","itemListElement":[{"@type":"ListItem","position":1,"name":"Startseite","item":"https:\/\/www.klarenthal-vbw.de\/de_LS\/"},{"@type":"ListItem","position":2,"name":"Barrierefreiheitserkl\u00e4rung"}]},{"@type":"WebSite","@id":"https:\/\/www.klarenthal-vbw.de\/de_LS\/#website","url":"https:\/\/www.klarenthal-vbw.de\/de_LS\/","name":"Volksbildungswerk Klarenthal e.V.","description":"Chancen. Bildung. Perspektiven","publisher":{"@id":"https:\/\/www.klarenthal-vbw.de\/de_LS\/#organization"},"potentialAction":[{"@type":"SearchAction","target":{"@type":"EntryPoint","urlTemplate":"https:\/\/www.klarenthal-vbw.de\/de_LS\/?s={search_term_string}"},"query-input":{"@type":"PropertyValueSpecification","valueRequired":true,"valueName":"search_term_string"}}],"inLanguage":"de"},{"@type":"Organization","@id":"https:\/\/www.klarenthal-vbw.de\/de_LS\/#organization","name":"Volksbildungswerk Klarenthal e.V.","url":"https:\/\/www.klarenthal-vbw.de\/de_LS\/","logo":{"@type":"ImageObject","inLanguage":"de","@id":"https:\/\/www.klarenthal-vbw.de\/de_LS\/#\/schema\/logo\/image\/","url":"https:\/\/www.klarenthal-vbw.de\/wp-content\/uploads\/2025\/02\/logo.svg","contentUrl":"https:\/\/www.klarenthal-vbw.de\/wp-content\/uploads\/2025\/02\/logo.svg","caption":"Volksbildungswerk Klarenthal e.V."},"image":{"@id":"https:\/\/www.klarenthal-vbw.de\/de_LS\/#\/schema\/logo\/image\/"}}]}},"_links":{"self":[{"href":"https:\/\/www.klarenthal-vbw.de\/de_LS\/wp-json\/wp\/v2\/pages\/8226","targetHints":{"allow":["GET"]}}],"collection":[{"href":"https:\/\/www.klarenthal-vbw.de\/de_LS\/wp-json\/wp\/v2\/pages"}],"about":[{"href":"https:\/\/www.klarenthal-vbw.de\/de_LS\/wp-json\/wp\/v2\/types\/page"}],"author":[{"embeddable":true,"href":"https:\/\/www.klarenthal-vbw.de\/de_LS\/wp-json\/wp\/v2\/users\/8"}],"replies":[{"embeddable":true,"href":"https:\/\/www.klarenthal-vbw.de\/de_LS\/wp-json\/wp\/v2\/comments?post=8226"}],"version-history":[{"count":0,"href":"https:\/\/www.klarenthal-vbw.de\/de_LS\/wp-json\/wp\/v2\/pages\/8226\/revisions"}],"wp:attachment":[{"href":"https:\/\/www.klarenthal-vbw.de\/de_LS\/wp-json\/wp\/v2\/media?parent=8226"}],"wp:term":[{"taxonomy":"category","embeddable":true,"href":"https:\/\/www.klarenthal-vbw.de\/de_LS\/wp-json\/wp\/v2\/categories?post=8226"},{"taxonomy":"post_tag","embeddable":true,"href":"https:\/\/www.klarenthal-vbw.de\/de_LS\/wp-json\/wp\/v2\/tags?post=8226"},{"taxonomy":"folder","embeddable":true,"href":"https:\/\/www.klarenthal-vbw.de\/de_LS\/wp-json\/wp\/v2\/folder?post=8226"}],"curies":[{"name":"wp","href":"https:\/\/api.w.org\/{rel}","templated":true}]}}