{"id":8686,"date":"2025-05-08T11:55:44","date_gmt":"2025-05-08T09:55:44","guid":{"rendered":"https:\/\/vbw.entwicklung-mediengewerk.de\/blog\/"},"modified":"2025-08-01T12:18:00","modified_gmt":"2025-08-01T10:18:00","slug":"blog","status":"publish","type":"page","link":"https:\/\/www.klarenthal-vbw.de\/de_LS\/blog\/","title":{"rendered":"Blog"},"content":{"rendered":"\t\t<div data-elementor-type=\"wp-page\" data-elementor-id=\"8686\" class=\"elementor elementor-8686 elementor-7016\" data-elementor-post-type=\"page\">\n\t\t\t\t<div class=\"elementor-element elementor-element-6ad846b e-flex e-con-boxed e-con e-parent\" data-id=\"6ad846b\" data-element_type=\"container\">\n\t\t\t\t\t<div class=\"e-con-inner\">\n\t\t\t\t<div class=\"elementor-element elementor-element-be962c2 elementor-grid-3 elementor-grid-tablet-2 elementor-grid-mobile-1 elementor-posts--thumbnail-top elementor-widget elementor-widget-posts\" data-id=\"be962c2\" data-element_type=\"widget\" data-settings=\"{&quot;classic_columns&quot;:&quot;3&quot;,&quot;classic_columns_tablet&quot;:&quot;2&quot;,&quot;classic_columns_mobile&quot;:&quot;1&quot;,&quot;classic_row_gap&quot;:{&quot;unit&quot;:&quot;px&quot;,&quot;size&quot;:35,&quot;sizes&quot;:[]},&quot;classic_row_gap_widescreen&quot;:{&quot;unit&quot;:&quot;px&quot;,&quot;size&quot;:&quot;&quot;,&quot;sizes&quot;:[]},&quot;classic_row_gap_laptop&quot;:{&quot;unit&quot;:&quot;px&quot;,&quot;size&quot;:&quot;&quot;,&quot;sizes&quot;:[]},&quot;classic_row_gap_tablet_extra&quot;:{&quot;unit&quot;:&quot;px&quot;,&quot;size&quot;:&quot;&quot;,&quot;sizes&quot;:[]},&quot;classic_row_gap_tablet&quot;:{&quot;unit&quot;:&quot;px&quot;,&quot;size&quot;:&quot;&quot;,&quot;sizes&quot;:[]},&quot;classic_row_gap_mobile_extra&quot;:{&quot;unit&quot;:&quot;px&quot;,&quot;size&quot;:&quot;&quot;,&quot;sizes&quot;:[]},&quot;classic_row_gap_mobile&quot;:{&quot;unit&quot;:&quot;px&quot;,&quot;size&quot;:&quot;&quot;,&quot;sizes&quot;:[]}}\" data-widget_type=\"posts.classic\">\n\t\t\t\t<div class=\"elementor-widget-container\">\n\t\t\t\t\t\t\t<div class=\"elementor-posts-container elementor-posts elementor-posts--skin-classic elementor-grid\" role=\"list\">\n\t\t\t\t<article class=\"elementor-post elementor-grid-item post-9687 post type-post status-publish format-standard hentry category-allgemein\" role=\"listitem\">\n\t\t\t\t<div class=\"elementor-post__text\">\n\t\t\t\t<h3 class=\"elementor-post__title\">\n\t\t\t<a href=\"https:\/\/www.klarenthal-vbw.de\/de_LS\/klarenthal-adventskalender-2025\/\" >\n\t\t\t\tKlarenthal Adventskalender 2025\t\t\t<\/a>\n\t\t<\/h3>\n\t\t\t\t<div class=\"elementor-post__excerpt\">\n\t\t\t<p>Der Klarenthaler Adventskalender 2025 l\u00e4dt dazu ein, die Vorweihnachtszeit gemeinsam im Stadtteil zu erleben. Hinter jedem T\u00fcrchen steckt ein besonderes Ereignis&nbsp; \u2013 von gem\u00fctlichen Konzerten, adventlichen Bastelstunden und Kinderaktionen bis hin zu stimmungsvollen Begegnungen bei Feuer, Musik und guten Gespr\u00e4chen. Ob Stockbrot am Campus, Weihnachtsbasar oder Adventskonzert \u2013&nbsp; \u00fcberall in<\/p>\n\t\t<\/div>\n\t\t\n\t\t<a class=\"elementor-post__read-more\" href=\"https:\/\/www.klarenthal-vbw.de\/de_LS\/klarenthal-adventskalender-2025\/\" aria-label=\"Mehr \u00fcber Klarenthal Adventskalender 2025\" tabindex=\"-1\" >\n\t\t\tWeiterlesen \u00bb\t\t<\/a>\n\n\t\t\t\t<\/div>\n\t\t\t\t<\/article>\n\t\t\t\t<article class=\"elementor-post elementor-grid-item post-9635 post type-post status-publish format-standard has-post-thumbnail hentry category-allgemein tag-stadtteilarbeit\" role=\"listitem\">\n\t\t\t\t<a class=\"elementor-post__thumbnail__link\" href=\"https:\/\/www.klarenthal-vbw.de\/de_LS\/klarenthaler-demokratiewoche-2025\/\" tabindex=\"-1\" >\n\t\t\t<div class=\"elementor-post__thumbnail\"><img fetchpriority=\"high\" decoding=\"async\" width=\"800\" height=\"628\" src=\"https:\/\/www.klarenthal-vbw.de\/wp-content\/uploads\/2025\/09\/klarenthal-lebt-demokratie-1024x804.jpg\" class=\"attachment-large size-large wp-image-9619\" alt=\"2 Frauen von hinten, die beide T-Shirts mit der Aufschrift Klarenthal lebt Demokratie tragen\" srcset=\"https:\/\/www.klarenthal-vbw.de\/wp-content\/uploads\/2025\/09\/klarenthal-lebt-demokratie-1024x804.jpg 1024w, https:\/\/www.klarenthal-vbw.de\/wp-content\/uploads\/2025\/09\/klarenthal-lebt-demokratie-300x236.jpg 300w, https:\/\/www.klarenthal-vbw.de\/wp-content\/uploads\/2025\/09\/klarenthal-lebt-demokratie-768x603.jpg 768w, https:\/\/www.klarenthal-vbw.de\/wp-content\/uploads\/2025\/09\/klarenthal-lebt-demokratie.jpg 1231w\" sizes=\"(max-width: 800px) 100vw, 800px\" \/><\/div>\n\t\t<\/a>\n\t\t\t\t<div class=\"elementor-post__text\">\n\t\t\t\t<h3 class=\"elementor-post__title\">\n\t\t\t<a href=\"https:\/\/www.klarenthal-vbw.de\/de_LS\/klarenthaler-demokratiewoche-2025\/\" >\n\t\t\t\tKlarenthaler Demokratiewoche 2025\t\t\t<\/a>\n\t\t<\/h3>\n\t\t\t\t<div class=\"elementor-post__excerpt\">\n\t\t\t<p>\u201eKlarenthal lebt Demokratie\u201c ist eine Initiative, in der sich KlarenthalerInnen, die christlichen Kirchen, VertreterInnen aller demokratischen Parteien, das Volksbildungswerk Klarenthal, KiEZ, das Stadtteilzentrum Klarenthal und weitere Akteure der Zivilgesellschaft zusammen geschlossen haben, um gemeinsam aktiv, kreativ, lokal und konkret ein Zeichen f\u00fcr Demokratie zu setzen.\u201eKlarenthal lebt Demokratie\u201c ist eine Initiative,<\/p>\n\t\t<\/div>\n\t\t\n\t\t<a class=\"elementor-post__read-more\" href=\"https:\/\/www.klarenthal-vbw.de\/de_LS\/klarenthaler-demokratiewoche-2025\/\" aria-label=\"Mehr \u00fcber Klarenthaler Demokratiewoche 2025\" tabindex=\"-1\" >\n\t\t\tWeiterlesen \u00bb\t\t<\/a>\n\n\t\t\t\t<\/div>\n\t\t\t\t<\/article>\n\t\t\t\t<article class=\"elementor-post elementor-grid-item post-7014 post type-post status-publish format-standard has-post-thumbnail hentry category-allgemein tag-concierge\" role=\"listitem\">\n\t\t\t\t<a class=\"elementor-post__thumbnail__link\" href=\"https:\/\/www.klarenthal-vbw.de\/de_LS\/concierge-klarenthal-naehe-die-den-unterschied-macht\/\" tabindex=\"-1\" >\n\t\t\t<div class=\"elementor-post__thumbnail\"><img decoding=\"async\" width=\"800\" height=\"534\" src=\"https:\/\/www.klarenthal-vbw.de\/wp-content\/uploads\/2025\/04\/volksbildungswerk-gesellschaft-verbindungen-1024x683.jpg\" class=\"attachment-large size-large wp-image-6252\" alt=\"Eine Luftaufnahme von vielen Menschen, die auf einer hellen Fl\u00e4che gehen, verbunden durch gr\u00fcne Linien, die ein Netzwerk oder Gitter bilden. Die Linien kreuzen sich bei einigen Personen, was Konnektivit\u00e4t und soziale Verbindungen symbolisiert.\" srcset=\"https:\/\/www.klarenthal-vbw.de\/wp-content\/uploads\/2025\/04\/volksbildungswerk-gesellschaft-verbindungen-1024x683.jpg 1024w, https:\/\/www.klarenthal-vbw.de\/wp-content\/uploads\/2025\/04\/volksbildungswerk-gesellschaft-verbindungen-300x200.jpg 300w, https:\/\/www.klarenthal-vbw.de\/wp-content\/uploads\/2025\/04\/volksbildungswerk-gesellschaft-verbindungen-768x512.jpg 768w, https:\/\/www.klarenthal-vbw.de\/wp-content\/uploads\/2025\/04\/volksbildungswerk-gesellschaft-verbindungen-1536x1024.jpg 1536w, https:\/\/www.klarenthal-vbw.de\/wp-content\/uploads\/2025\/04\/volksbildungswerk-gesellschaft-verbindungen.jpg 1620w\" sizes=\"(max-width: 800px) 100vw, 800px\" \/><\/div>\n\t\t<\/a>\n\t\t\t\t<div class=\"elementor-post__text\">\n\t\t\t\t<h3 class=\"elementor-post__title\">\n\t\t\t<a href=\"https:\/\/www.klarenthal-vbw.de\/de_LS\/concierge-klarenthal-naehe-die-den-unterschied-macht\/\" >\n\t\t\t\tConcierge Klarenthal \u2013 N\u00e4he, die den Unterschied macht\t\t\t<\/a>\n\t\t<\/h3>\n\t\t\t\t<div class=\"elementor-post__excerpt\">\n\t\t\t<p>Inmitten der Wohnanlagen Klarenthals leistet die Concierge-Arbeit einen stillen, aber \u00e4u\u00dferst wirksamen Beitrag f\u00fcr ein gutes Zusammenleben im Quartier. Sie ist da, wo Menschen wohnen. Sie h\u00f6rt zu, vermittelt, unterst\u00fctzt \u2013 und sie kennt den Stadtteil mit all seinen Ecken, Sorgen und Potenzialen. Die Concierge Klarenthal ist kein Schreibtischprojekt. Sie<\/p>\n\t\t<\/div>\n\t\t\n\t\t<a class=\"elementor-post__read-more\" href=\"https:\/\/www.klarenthal-vbw.de\/de_LS\/concierge-klarenthal-naehe-die-den-unterschied-macht\/\" aria-label=\"Mehr \u00fcber Concierge Klarenthal \u2013 N\u00e4he, die den Unterschied macht\" tabindex=\"-1\" >\n\t\t\tWeiterlesen \u00bb\t\t<\/a>\n\n\t\t\t\t<\/div>\n\t\t\t\t<\/article>\n\t\t\t\t<article class=\"elementor-post elementor-grid-item post-7012 post type-post status-publish format-standard has-post-thumbnail hentry category-allgemein tag-kiez\" role=\"listitem\">\n\t\t\t\t<a class=\"elementor-post__thumbnail__link\" href=\"https:\/\/www.klarenthal-vbw.de\/de_LS\/kiez-klarenthal-ein-ort-fuer-familien-der-verbindet-und-staerkt\/\" tabindex=\"-1\" >\n\t\t\t<div class=\"elementor-post__thumbnail\"><img decoding=\"async\" width=\"800\" height=\"534\" src=\"https:\/\/www.klarenthal-vbw.de\/wp-content\/uploads\/2025\/04\/volksbildungswerk-kinder-familien-kletterwald-1024x684.jpg\" class=\"attachment-large size-large wp-image-6204\" alt=\"Ein Mann mit blauem Helm und Klettergurt steht l\u00e4chelnd auf einer Holzplattform in einem Hochseilgarten, w\u00e4hrend eine weitere Person mit orangefarbenem Helm im Vordergrund zu sehen ist, umgeben von B\u00e4umen.\" srcset=\"https:\/\/www.klarenthal-vbw.de\/wp-content\/uploads\/2025\/04\/volksbildungswerk-kinder-familien-kletterwald-1024x684.jpg 1024w, https:\/\/www.klarenthal-vbw.de\/wp-content\/uploads\/2025\/04\/volksbildungswerk-kinder-familien-kletterwald-300x200.jpg 300w, https:\/\/www.klarenthal-vbw.de\/wp-content\/uploads\/2025\/04\/volksbildungswerk-kinder-familien-kletterwald-768x513.jpg 768w, https:\/\/www.klarenthal-vbw.de\/wp-content\/uploads\/2025\/04\/volksbildungswerk-kinder-familien-kletterwald-1536x1025.jpg 1536w, https:\/\/www.klarenthal-vbw.de\/wp-content\/uploads\/2025\/04\/volksbildungswerk-kinder-familien-kletterwald.jpg 1618w\" sizes=\"(max-width: 800px) 100vw, 800px\" \/><\/div>\n\t\t<\/a>\n\t\t\t\t<div class=\"elementor-post__text\">\n\t\t\t\t<h3 class=\"elementor-post__title\">\n\t\t\t<a href=\"https:\/\/www.klarenthal-vbw.de\/de_LS\/kiez-klarenthal-ein-ort-fuer-familien-der-verbindet-und-staerkt\/\" >\n\t\t\t\tKiEZ Klarenthal \u2013 Ein Ort f\u00fcr Familien, der verbindet und st\u00e4rkt\t\t\t<\/a>\n\t\t<\/h3>\n\t\t\t\t<div class=\"elementor-post__excerpt\">\n\t\t\t<p>Inmitten des lebendigen Stadtteils Klarenthal bietet das KinderElternZentrum (KiEZ) einen gesch\u00fctzten Raum f\u00fcr Familien mit Kindern im Alter von 0 bis 10 Jahren. Hier finden Eltern und Kinder nicht nur Unterst\u00fctzung, sondern auch Gemeinschaft und vielf\u00e4ltige Bildungsangebote. Ein Ort der Begegnung und Unterst\u00fctzung Das KiEZ Klarenthal versteht sich als Anlaufstelle<\/p>\n\t\t<\/div>\n\t\t\n\t\t<a class=\"elementor-post__read-more\" href=\"https:\/\/www.klarenthal-vbw.de\/de_LS\/kiez-klarenthal-ein-ort-fuer-familien-der-verbindet-und-staerkt\/\" aria-label=\"Mehr \u00fcber KiEZ Klarenthal \u2013 Ein Ort f\u00fcr Familien, der verbindet und st\u00e4rkt\" tabindex=\"-1\" >\n\t\t\tWeiterlesen \u00bb\t\t<\/a>\n\n\t\t\t\t<\/div>\n\t\t\t\t<\/article>\n\t\t\t\t<article class=\"elementor-post elementor-grid-item post-7010 post type-post status-publish format-standard has-post-thumbnail hentry category-allgemein tag-bildung-und-kultur\" role=\"listitem\">\n\t\t\t\t<a class=\"elementor-post__thumbnail__link\" href=\"https:\/\/www.klarenthal-vbw.de\/de_LS\/volkshochschule-mit-herz-bildungsnah-und-lebensnah-in-dotzheim-klarenthal-und-kohlheck\/\" tabindex=\"-1\" >\n\t\t\t<div class=\"elementor-post__thumbnail\"><img loading=\"lazy\" decoding=\"async\" width=\"800\" height=\"534\" src=\"https:\/\/www.klarenthal-vbw.de\/wp-content\/uploads\/2025\/04\/volksbildungswerk-gesellschaft-paulskirche-1024x683.jpg\" class=\"attachment-large size-large wp-image-6243\" alt=\"Die Paulskirche in Frankfurt am Main, ein rotes Sandsteingeb\u00e4ude mit einem runden Hauptteil und einem Turm mit gr\u00fcner Kuppel und goldenem Kreuz, unter einem blauen Himmel mit wei\u00dfen Wolken.\" srcset=\"https:\/\/www.klarenthal-vbw.de\/wp-content\/uploads\/2025\/04\/volksbildungswerk-gesellschaft-paulskirche-1024x683.jpg 1024w, https:\/\/www.klarenthal-vbw.de\/wp-content\/uploads\/2025\/04\/volksbildungswerk-gesellschaft-paulskirche-300x200.jpg 300w, https:\/\/www.klarenthal-vbw.de\/wp-content\/uploads\/2025\/04\/volksbildungswerk-gesellschaft-paulskirche-768x512.jpg 768w, https:\/\/www.klarenthal-vbw.de\/wp-content\/uploads\/2025\/04\/volksbildungswerk-gesellschaft-paulskirche-1536x1024.jpg 1536w, https:\/\/www.klarenthal-vbw.de\/wp-content\/uploads\/2025\/04\/volksbildungswerk-gesellschaft-paulskirche.jpg 1620w\" sizes=\"(max-width: 800px) 100vw, 800px\" \/><\/div>\n\t\t<\/a>\n\t\t\t\t<div class=\"elementor-post__text\">\n\t\t\t\t<h3 class=\"elementor-post__title\">\n\t\t\t<a href=\"https:\/\/www.klarenthal-vbw.de\/de_LS\/volkshochschule-mit-herz-bildungsnah-und-lebensnah-in-dotzheim-klarenthal-und-kohlheck\/\" >\n\t\t\t\tVolkshochschule mit Herz \u2013 Bildungsnah und lebensnah in Dotzheim, Klarenthal und Kohlheck\t\t\t<\/a>\n\t\t<\/h3>\n\t\t\t\t<div class=\"elementor-post__excerpt\">\n\t\t\t<p>Bildung beginnt nicht im H\u00f6rsaal und endet nicht mit dem Schulabschluss. Bildung ist Neugier, Begegnung, Horizonterweiterung \u2013 ein lebenslanger Prozess. Und genau daf\u00fcr stehen wir: als Volkshochschule direkt im Quartier, ganz nah an den Menschen in Dotzheim, Kohlheck und Klarenthal. Wir sind vielleicht nicht die gro\u00dfe Volkshochschule in der Innenstadt<\/p>\n\t\t<\/div>\n\t\t\n\t\t<a class=\"elementor-post__read-more\" href=\"https:\/\/www.klarenthal-vbw.de\/de_LS\/volkshochschule-mit-herz-bildungsnah-und-lebensnah-in-dotzheim-klarenthal-und-kohlheck\/\" aria-label=\"Mehr \u00fcber Volkshochschule mit Herz \u2013 Bildungsnah und lebensnah in Dotzheim, Klarenthal und Kohlheck\" tabindex=\"-1\" >\n\t\t\tWeiterlesen \u00bb\t\t<\/a>\n\n\t\t\t\t<\/div>\n\t\t\t\t<\/article>\n\t\t\t\t<article class=\"elementor-post elementor-grid-item post-7006 post type-post status-publish format-standard has-post-thumbnail hentry category-allgemein tag-stadtteilarbeit\" role=\"listitem\">\n\t\t\t\t<a class=\"elementor-post__thumbnail__link\" href=\"https:\/\/www.klarenthal-vbw.de\/de_LS\/gemeinsam-fuer-klarenthal-stadtteilarbeit-die-verbindet\/\" tabindex=\"-1\" >\n\t\t\t<div class=\"elementor-post__thumbnail\"><img loading=\"lazy\" decoding=\"async\" width=\"800\" height=\"534\" src=\"https:\/\/www.klarenthal-vbw.de\/wp-content\/uploads\/2025\/04\/volksbildungswerk-sprachen-sprachkurs-1024x683.jpg\" class=\"attachment-large size-large wp-image-6011\" alt=\"Eine Gruppe von sechs Studierenden sitzt um einen Tisch in einer Bibliothek und arbeitet gemeinsam an einem gro\u00dfen Blatt Papier, w\u00e4hrend im Hintergrund B\u00fccherregale und eine wei\u00dfe Tafel zu sehen sind.\" srcset=\"https:\/\/www.klarenthal-vbw.de\/wp-content\/uploads\/2025\/04\/volksbildungswerk-sprachen-sprachkurs-1024x683.jpg 1024w, https:\/\/www.klarenthal-vbw.de\/wp-content\/uploads\/2025\/04\/volksbildungswerk-sprachen-sprachkurs-300x200.jpg 300w, https:\/\/www.klarenthal-vbw.de\/wp-content\/uploads\/2025\/04\/volksbildungswerk-sprachen-sprachkurs-768x512.jpg 768w, https:\/\/www.klarenthal-vbw.de\/wp-content\/uploads\/2025\/04\/volksbildungswerk-sprachen-sprachkurs-1536x1024.jpg 1536w, https:\/\/www.klarenthal-vbw.de\/wp-content\/uploads\/2025\/04\/volksbildungswerk-sprachen-sprachkurs.jpg 1620w\" sizes=\"(max-width: 800px) 100vw, 800px\" \/><\/div>\n\t\t<\/a>\n\t\t\t\t<div class=\"elementor-post__text\">\n\t\t\t\t<h3 class=\"elementor-post__title\">\n\t\t\t<a href=\"https:\/\/www.klarenthal-vbw.de\/de_LS\/gemeinsam-fuer-klarenthal-stadtteilarbeit-die-verbindet\/\" >\n\t\t\t\tGemeinsam f\u00fcr Klarenthal \u2013 Stadtteilarbeit, die verbindet\t\t\t<\/a>\n\t\t<\/h3>\n\t\t\t\t<div class=\"elementor-post__excerpt\">\n\t\t\t<p>Ein Stadtteil ist mehr als Stra\u00dfen und Geb\u00e4ude. Er ist ein lebendiges Geflecht aus Menschen, Geschichten und Ideen. Damit aus diesem Geflecht ein echtes Miteinander wird, braucht es R\u00e4ume f\u00fcr Austausch, Begegnung und Mitgestaltung. Genau hier setzt unsere Stadtteilarbeit in Klarenthal an \u2013 vernetzend, moderierend und mit einem klaren Ziel:<\/p>\n\t\t<\/div>\n\t\t\n\t\t<a class=\"elementor-post__read-more\" href=\"https:\/\/www.klarenthal-vbw.de\/de_LS\/gemeinsam-fuer-klarenthal-stadtteilarbeit-die-verbindet\/\" aria-label=\"Mehr \u00fcber Gemeinsam f\u00fcr Klarenthal \u2013 Stadtteilarbeit, die verbindet\" tabindex=\"-1\" >\n\t\t\tWeiterlesen \u00bb\t\t<\/a>\n\n\t\t\t\t<\/div>\n\t\t\t\t<\/article>\n\t\t\t\t<\/div>\n\t\t\n\t\t\t\t\t\t<\/div>\n\t\t\t\t<\/div>\n\t\t\t\t\t<\/div>\n\t\t\t\t<\/div>\n\t\t\t\t<\/div>\n\t\t","protected":false},"excerpt":{"rendered":"","protected":false},"author":8,"featured_media":0,"parent":0,"menu_order":0,"comment_status":"closed","ping_status":"closed","template":"","meta":{"_acf_changed":false,"footnotes":""},"categories":[],"tags":[],"folder":[14],"class_list":["post-8686","page","type-page","status-publish","hentry"],"acf":[],"yoast_head":"<!-- This site is optimized with the Yoast SEO plugin v27.4 - https:\/\/yoast.com\/product\/yoast-seo-wordpress\/ -->\n<title>Blog - Volksbildungswerk Klarenthal e.V.<\/title>\n<meta name=\"robots\" content=\"index, follow, max-snippet:-1, max-image-preview:large, max-video-preview:-1\" \/>\n<link rel=\"canonical\" href=\"https:\/\/www.klarenthal-vbw.de\/de_LS\/blog\/\" \/>\n<meta property=\"og:locale\" content=\"de_DE\" \/>\n<meta property=\"og:type\" content=\"article\" \/>\n<meta property=\"og:title\" content=\"Blog - Volksbildungswerk Klarenthal e.V.\" \/>\n<meta property=\"og:url\" content=\"https:\/\/www.klarenthal-vbw.de\/de_LS\/blog\/\" \/>\n<meta property=\"og:site_name\" content=\"Volksbildungswerk Klarenthal e.V.\" \/>\n<meta property=\"article:modified_time\" content=\"2025-08-01T10:18:00+00:00\" \/>\n<meta name=\"twitter:card\" content=\"summary_large_image\" \/>\n<script type=\"application\/ld+json\" class=\"yoast-schema-graph\">{\"@context\":\"https:\\\/\\\/schema.org\",\"@graph\":[{\"@type\":\"WebPage\",\"@id\":\"https:\\\/\\\/www.klarenthal-vbw.de\\\/de_LS\\\/blog\\\/\",\"url\":\"https:\\\/\\\/www.klarenthal-vbw.de\\\/de_LS\\\/blog\\\/\",\"name\":\"Blog - Volksbildungswerk Klarenthal e.V.\",\"isPartOf\":{\"@id\":\"https:\\\/\\\/www.klarenthal-vbw.de\\\/de_LS\\\/#website\"},\"datePublished\":\"2025-05-08T09:55:44+00:00\",\"dateModified\":\"2025-08-01T10:18:00+00:00\",\"breadcrumb\":{\"@id\":\"https:\\\/\\\/www.klarenthal-vbw.de\\\/de_LS\\\/blog\\\/#breadcrumb\"},\"inLanguage\":\"de\",\"potentialAction\":[{\"@type\":\"ReadAction\",\"target\":[\"https:\\\/\\\/www.klarenthal-vbw.de\\\/de_LS\\\/blog\\\/\"]}]},{\"@type\":\"BreadcrumbList\",\"@id\":\"https:\\\/\\\/www.klarenthal-vbw.de\\\/de_LS\\\/blog\\\/#breadcrumb\",\"itemListElement\":[{\"@type\":\"ListItem\",\"position\":1,\"name\":\"Startseite\",\"item\":\"https:\\\/\\\/www.klarenthal-vbw.de\\\/de_LS\\\/\"},{\"@type\":\"ListItem\",\"position\":2,\"name\":\"Blog\"}]},{\"@type\":\"WebSite\",\"@id\":\"https:\\\/\\\/www.klarenthal-vbw.de\\\/de_LS\\\/#website\",\"url\":\"https:\\\/\\\/www.klarenthal-vbw.de\\\/de_LS\\\/\",\"name\":\"Volksbildungswerk Klarenthal e.V.\",\"description\":\"Chancen. Bildung. Perspektiven\",\"publisher\":{\"@id\":\"https:\\\/\\\/www.klarenthal-vbw.de\\\/de_LS\\\/#organization\"},\"potentialAction\":[{\"@type\":\"SearchAction\",\"target\":{\"@type\":\"EntryPoint\",\"urlTemplate\":\"https:\\\/\\\/www.klarenthal-vbw.de\\\/de_LS\\\/?s={search_term_string}\"},\"query-input\":{\"@type\":\"PropertyValueSpecification\",\"valueRequired\":true,\"valueName\":\"search_term_string\"}}],\"inLanguage\":\"de\"},{\"@type\":\"Organization\",\"@id\":\"https:\\\/\\\/www.klarenthal-vbw.de\\\/de_LS\\\/#organization\",\"name\":\"Volksbildungswerk Klarenthal e.V.\",\"url\":\"https:\\\/\\\/www.klarenthal-vbw.de\\\/de_LS\\\/\",\"logo\":{\"@type\":\"ImageObject\",\"inLanguage\":\"de\",\"@id\":\"https:\\\/\\\/www.klarenthal-vbw.de\\\/de_LS\\\/#\\\/schema\\\/logo\\\/image\\\/\",\"url\":\"https:\\\/\\\/www.klarenthal-vbw.de\\\/wp-content\\\/uploads\\\/2025\\\/02\\\/logo.svg\",\"contentUrl\":\"https:\\\/\\\/www.klarenthal-vbw.de\\\/wp-content\\\/uploads\\\/2025\\\/02\\\/logo.svg\",\"caption\":\"Volksbildungswerk Klarenthal e.V.\"},\"image\":{\"@id\":\"https:\\\/\\\/www.klarenthal-vbw.de\\\/de_LS\\\/#\\\/schema\\\/logo\\\/image\\\/\"}}]}<\/script>\n<!-- \/ Yoast SEO plugin. -->","yoast_head_json":{"title":"Blog - Volksbildungswerk Klarenthal e.V.","robots":{"index":"index","follow":"follow","max-snippet":"max-snippet:-1","max-image-preview":"max-image-preview:large","max-video-preview":"max-video-preview:-1"},"canonical":"https:\/\/www.klarenthal-vbw.de\/de_LS\/blog\/","og_locale":"de_DE","og_type":"article","og_title":"Blog - Volksbildungswerk Klarenthal e.V.","og_url":"https:\/\/www.klarenthal-vbw.de\/de_LS\/blog\/","og_site_name":"Volksbildungswerk Klarenthal e.V.","article_modified_time":"2025-08-01T10:18:00+00:00","twitter_card":"summary_large_image","schema":{"@context":"https:\/\/schema.org","@graph":[{"@type":"WebPage","@id":"https:\/\/www.klarenthal-vbw.de\/de_LS\/blog\/","url":"https:\/\/www.klarenthal-vbw.de\/de_LS\/blog\/","name":"Blog - Volksbildungswerk Klarenthal e.V.","isPartOf":{"@id":"https:\/\/www.klarenthal-vbw.de\/de_LS\/#website"},"datePublished":"2025-05-08T09:55:44+00:00","dateModified":"2025-08-01T10:18:00+00:00","breadcrumb":{"@id":"https:\/\/www.klarenthal-vbw.de\/de_LS\/blog\/#breadcrumb"},"inLanguage":"de","potentialAction":[{"@type":"ReadAction","target":["https:\/\/www.klarenthal-vbw.de\/de_LS\/blog\/"]}]},{"@type":"BreadcrumbList","@id":"https:\/\/www.klarenthal-vbw.de\/de_LS\/blog\/#breadcrumb","itemListElement":[{"@type":"ListItem","position":1,"name":"Startseite","item":"https:\/\/www.klarenthal-vbw.de\/de_LS\/"},{"@type":"ListItem","position":2,"name":"Blog"}]},{"@type":"WebSite","@id":"https:\/\/www.klarenthal-vbw.de\/de_LS\/#website","url":"https:\/\/www.klarenthal-vbw.de\/de_LS\/","name":"Volksbildungswerk Klarenthal e.V.","description":"Chancen. Bildung. Perspektiven","publisher":{"@id":"https:\/\/www.klarenthal-vbw.de\/de_LS\/#organization"},"potentialAction":[{"@type":"SearchAction","target":{"@type":"EntryPoint","urlTemplate":"https:\/\/www.klarenthal-vbw.de\/de_LS\/?s={search_term_string}"},"query-input":{"@type":"PropertyValueSpecification","valueRequired":true,"valueName":"search_term_string"}}],"inLanguage":"de"},{"@type":"Organization","@id":"https:\/\/www.klarenthal-vbw.de\/de_LS\/#organization","name":"Volksbildungswerk Klarenthal e.V.","url":"https:\/\/www.klarenthal-vbw.de\/de_LS\/","logo":{"@type":"ImageObject","inLanguage":"de","@id":"https:\/\/www.klarenthal-vbw.de\/de_LS\/#\/schema\/logo\/image\/","url":"https:\/\/www.klarenthal-vbw.de\/wp-content\/uploads\/2025\/02\/logo.svg","contentUrl":"https:\/\/www.klarenthal-vbw.de\/wp-content\/uploads\/2025\/02\/logo.svg","caption":"Volksbildungswerk Klarenthal e.V."},"image":{"@id":"https:\/\/www.klarenthal-vbw.de\/de_LS\/#\/schema\/logo\/image\/"}}]}},"_links":{"self":[{"href":"https:\/\/www.klarenthal-vbw.de\/de_LS\/wp-json\/wp\/v2\/pages\/8686","targetHints":{"allow":["GET"]}}],"collection":[{"href":"https:\/\/www.klarenthal-vbw.de\/de_LS\/wp-json\/wp\/v2\/pages"}],"about":[{"href":"https:\/\/www.klarenthal-vbw.de\/de_LS\/wp-json\/wp\/v2\/types\/page"}],"author":[{"embeddable":true,"href":"https:\/\/www.klarenthal-vbw.de\/de_LS\/wp-json\/wp\/v2\/users\/8"}],"replies":[{"embeddable":true,"href":"https:\/\/www.klarenthal-vbw.de\/de_LS\/wp-json\/wp\/v2\/comments?post=8686"}],"version-history":[{"count":1,"href":"https:\/\/www.klarenthal-vbw.de\/de_LS\/wp-json\/wp\/v2\/pages\/8686\/revisions"}],"predecessor-version":[{"id":8687,"href":"https:\/\/www.klarenthal-vbw.de\/de_LS\/wp-json\/wp\/v2\/pages\/8686\/revisions\/8687"}],"wp:attachment":[{"href":"https:\/\/www.klarenthal-vbw.de\/de_LS\/wp-json\/wp\/v2\/media?parent=8686"}],"wp:term":[{"taxonomy":"category","embeddable":true,"href":"https:\/\/www.klarenthal-vbw.de\/de_LS\/wp-json\/wp\/v2\/categories?post=8686"},{"taxonomy":"post_tag","embeddable":true,"href":"https:\/\/www.klarenthal-vbw.de\/de_LS\/wp-json\/wp\/v2\/tags?post=8686"},{"taxonomy":"folder","embeddable":true,"href":"https:\/\/www.klarenthal-vbw.de\/de_LS\/wp-json\/wp\/v2\/folder?post=8686"}],"curies":[{"name":"wp","href":"https:\/\/api.w.org\/{rel}","templated":true}]}}