{"id":4703,"date":"2025-02-27T22:03:45","date_gmt":"2025-02-27T21:03:45","guid":{"rendered":"https:\/\/vbw.entwicklung-mediengewerk.de\/concierge\/"},"modified":"2025-07-30T15:24:21","modified_gmt":"2025-07-30T13:24:21","slug":"concierge","status":"publish","type":"page","link":"https:\/\/www.klarenthal-vbw.de\/en\/community-social-work\/concierge\/","title":{"rendered":"Concierge"},"content":{"rendered":"\t\t<div data-elementor-type=\"wp-page\" data-elementor-id=\"4703\" class=\"elementor elementor-4703 elementor-3658\" data-elementor-post-type=\"page\">\n\t\t\t\t<div class=\"elementor-element elementor-element-4ba0652e e-flex e-con-boxed e-con e-parent\" data-id=\"4ba0652e\" data-element_type=\"container\">\n\t\t\t\t\t<div class=\"e-con-inner\">\n\t\t\t\t<div class=\"elementor-element elementor-element-52fb037 animated-slow elementor-widget__width-initial elementor-view-default elementor-invisible elementor-widget elementor-widget-icon\" data-id=\"52fb037\" data-element_type=\"widget\" data-settings=\"{&quot;_animation&quot;:&quot;fadeIn&quot;}\" data-widget_type=\"icon.default\">\n\t\t\t\t<div class=\"elementor-widget-container\">\n\t\t\t\t\t\t\t<div class=\"elementor-icon-wrapper\">\n\t\t\t<div class=\"elementor-icon\">\n\t\t\t<svg xmlns=\"http:\/\/www.w3.org\/2000\/svg\" id=\"Ebene_1\" viewBox=\"0 0 34.47 34.47\"><path d=\"M18.97,23.55h-8c-.303,0-.55-.246-.55-.55V6.825c0-.219.13-.416.33-.503l8-3.556c.28-.12.604.006.725.284.03.068.045.144.045.219v19.731c0,.304-.247.55-.55.55ZM18.969,2.82c-.06,0-.121.012-.179.038l-8,3.556c-.164.071-.27.232-.271.411v16.175c0,.248.202.45.45.45h8c.248,0,.45-.202.45-.45V3.269c0-.061-.013-.123-.038-.179-.074-.169-.24-.27-.414-.27h.002Z\"><\/path><path d=\"M16.47,23.55c-.028,0-.05-.022-.05-.05v-2.5c0-.248-.202-.45-.45-.45h-2c-.248,0-.45.202-.45.45v2.5c0,.027-.022.05-.05.05s-.05-.022-.05-.05v-2.5c0-.304.247-.55.55-.55h2c.303,0,.55.246.55.55v2.5c0,.027-.022.05-.05.05Z\"><\/path><path d=\"M13.47,5.217c-.028,0-.05-.022-.05-.05V.5c0-.028.022-.05.05-.05s.05.022.05.05v4.667c0,.028-.022.05-.05.05Z\"><\/path><path d=\"M19.47,9.55h-4c-.028,0-.05-.022-.05-.05s.022-.05.05-.05h4c.028,0,.05.022.05.05s-.022.05-.05.05Z\"><\/path><path d=\"M19.47,11.55h-6c-.028,0-.05-.022-.05-.05s.022-.05.05-.05h6c.028,0,.05.022.05.05s-.022.05-.05.05Z\"><\/path><path d=\"M19.47,7.55h-3c-.028,0-.05-.022-.05-.05s.022-.05.05-.05h3c.028,0,.05.022.05.05s-.022.05-.05.05Z\"><\/path><path d=\"M31.97,23.55h-7c-.304,0-.55-.246-.55-.55v-14.6c0-.303.246-.55.55-.55.104,0,.204.029.291.083l7.235,4.524c.015.009.023.025.023.042v10.5c0,.304-.246.55-.55.55h.001ZM24.97,7.95c-.248,0-.45.202-.45.45v14.6c0,.248.202.45.45.45h7c.248,0,.45-.202.45-.45v-10.472l-7.212-4.509c-.071-.045-.153-.069-.238-.069Z\"><\/path><path d=\"M31.47,11.925c-.027,0-.05-.022-.05-.05v-2.875c0-.248-.202-.45-.45-.45h-4.9c-.027,0-.05-.022-.05-.05s.022-.05.05-.05h4.9c.304,0,.55.247.55.55v2.875c0,.028-.022.05-.05.05Z\"><\/path><path d=\"M29.47,23.55c-.027,0-.05-.022-.05-.05v-2.95h-1.9v2.95c0,.027-.022.05-.05.05s-.05-.022-.05-.05v-3c0-.027.022-.05.05-.05h2c.027,0,.05.022.05.05v3c0,.027-.022.05-.05.05Z\"><\/path><path d=\"M27.47,13.55h-3c-.027,0-.05-.022-.05-.05s.022-.05.05-.05h3c.027,0,.05.022.05.05s-.022.05-.05.05Z\"><\/path><path d=\"M29.47,15.55h-5c-.027,0-.05-.022-.05-.05s.022-.05.05-.05h5c.027,0,.05.022.05.05s-.022.05-.05.05Z\"><\/path><path d=\"M4.97,32.82H.97c-.028,0-.05-.022-.05-.05v-8c0-.027.022-.05.05-.05h4c.028,0,.05.022.05.05v8c0,.027-.022.05-.05.05ZM1.02,32.721h3.9v-7.9H1.02v7.9Z\"><\/path><path d=\"M13.133,33.76c-1.279,0-2.69-.489-5.259-1.381-.843-.293-1.799-.625-2.919-.998-.026-.009-.041-.037-.032-.063.009-.027.04-.038.063-.032,1.122.374,2.078.706,2.921.999,1.767.614,3.489,1.373,5.231,1.379,2,.007,3.952-1.293,5.887-2.321,1.273-.677,2.854-1.518,4.87-2.526-.681-.876-1.842-1.247-2.91-.935l-4.315,1.367c-.027.003-.055-.007-.063-.033-.008-.025.006-.054.033-.062l4.316-1.367c1.127-.331,2.355.075,3.055,1.018.009.013.012.027.009.042-.004.015-.014.026-.026.033-2.04,1.02-3.638,1.869-4.921,2.552-3.02,1.606-4.382,2.33-5.938,2.33l-.002-.002Z\"><\/path><path d=\"M15.97,29.82h-5.5c-.028,0-.05-.022-.05-.05s.022-.05.05-.05h5.5c.481,0,.7-.492.7-.95s-.219-.95-.7-.95h-3.5c-.174,0-.436-.191-.832-.481-.826-.604-2.074-1.519-3.668-1.519h-3c-.028,0-.05-.022-.05-.05s.022-.05.05-.05h3c1.627,0,2.942.963,3.728,1.538.353.258.631.462.772.462h3.5c.55,0,.8.544.8,1.05s-.25,1.05-.8,1.05Z\"><\/path><\/svg>\t\t\t<\/div>\n\t\t<\/div>\n\t\t\t\t\t\t<\/div>\n\t\t\t\t<\/div>\n\t\t\t\t<div class=\"elementor-element elementor-element-6606c371 elementor-widget elementor-widget-text-editor\" data-id=\"6606c371\" data-element_type=\"widget\" data-widget_type=\"text-editor.default\">\n\t\t\t\t<div class=\"elementor-widget-container\">\n\t\t\t\t\t\t\t\t\t\n<h2 class=\"wp-block-heading\">Concierge Team<\/h2>\n<h3 class=\"wp-block-heading\">Your Contact Person in Hermann-Brill-Stra\u00dfe<\/h3>\n\n<p>The Concierge Team Klarenthal is a joint initiative of <strong>GENo50<\/strong>, <strong>GWW Wiesbaden<\/strong> and <strong>Nassauische Heimst\u00e4tte<\/strong>. We are your reliable contacts for all houses in the upper Hermann-Brill-Stra\u00dfe and support you with small and large everyday concerns &#8211; uncomplicated and directly on site. <\/p>\n\n<h3 class=\"wp-block-heading\">Our Tasks Include<\/h3>\n\n<ul class=\"wp-block-list\">\n<li>Accompanying you to the doctor or pharmacy.<\/li>\n\n<li>Assistance with small shopping trips (by appointment), emptying mailboxes, watering plants or accepting packages.<\/li>\n\n<li>Help with official letters.<\/li>\n<\/ul>\n\n<p>We regularly check the outdoor facilities and buildings during our rounds: Are there any unauthorized garbage or bulky waste deposits? Are all lamps in the stairwells functioning? Are doors and emergency exits in perfect condition? The basement rooms are also checked periodically.   <\/p>\n\n<p>Our tasks also include the supervision and rental of the recreational area and other rooms in Hermann-Brill-Stra\u00dfe 12. In the <strong>Sprachraum<\/strong>, we offer courses to promote and expand language skills.<\/p>\n\n<p>We look forward to making your everyday life a little easier!<\/p>\n\t\t\t\t\t\t\t\t<\/div>\n\t\t\t\t<\/div>\n\t\t\t\t\t<\/div>\n\t\t\t\t<\/div>\n\t\t\t\t<\/div>\n\t\t","protected":false},"excerpt":{"rendered":"<p>Concierge Team Your Contact Person in Hermann-Brill-Stra\u00dfe The Concierge Team Klarenthal is a joint initiative of GENo50, GWW Wiesbaden and Nassauische Heimst\u00e4tte. We are your reliable contacts for all houses in the upper Hermann-Brill-Stra\u00dfe and support you with small and large everyday concerns &#8211; uncomplicated and directly on site. Our Tasks Include Accompanying you to [&hellip;]<\/p>\n","protected":false},"author":8,"featured_media":0,"parent":4747,"menu_order":0,"comment_status":"closed","ping_status":"closed","template":"","meta":{"_acf_changed":false,"footnotes":""},"categories":[],"tags":[177],"folder":[15],"class_list":["post-4703","page","type-page","status-publish","hentry","tag-concierge-en"],"acf":[],"yoast_head":"<!-- This site is optimized with the Yoast SEO plugin v27.4 - https:\/\/yoast.com\/product\/yoast-seo-wordpress\/ -->\n<title>Concierge - Volksbildungswerk Klarenthal e.V.<\/title>\n<meta name=\"robots\" content=\"index, follow, max-snippet:-1, max-image-preview:large, max-video-preview:-1\" \/>\n<link rel=\"canonical\" href=\"https:\/\/www.klarenthal-vbw.de\/en\/community-social-work\/concierge\/\" \/>\n<meta property=\"og:locale\" content=\"en_US\" \/>\n<meta property=\"og:type\" content=\"article\" \/>\n<meta property=\"og:title\" content=\"Concierge - Volksbildungswerk Klarenthal e.V.\" \/>\n<meta property=\"og:description\" content=\"Concierge Team Your Contact Person in Hermann-Brill-Stra\u00dfe The Concierge Team Klarenthal is a joint initiative of GENo50, GWW Wiesbaden and Nassauische Heimst\u00e4tte. We are your reliable contacts for all houses in the upper Hermann-Brill-Stra\u00dfe and support you with small and large everyday concerns &#8211; uncomplicated and directly on site. Our Tasks Include Accompanying you to [&hellip;]\" \/>\n<meta property=\"og:url\" content=\"https:\/\/www.klarenthal-vbw.de\/en\/community-social-work\/concierge\/\" \/>\n<meta property=\"og:site_name\" content=\"Volksbildungswerk Klarenthal e.V.\" \/>\n<meta property=\"article:modified_time\" content=\"2025-07-30T13:24:21+00:00\" \/>\n<meta name=\"twitter:card\" content=\"summary_large_image\" \/>\n<meta name=\"twitter:label1\" content=\"Gesch\u00e4tzte Lesezeit\" \/>\n\t<meta name=\"twitter:data1\" content=\"1\u00a0Minute\" \/>\n<script type=\"application\/ld+json\" class=\"yoast-schema-graph\">{\"@context\":\"https:\\\/\\\/schema.org\",\"@graph\":[{\"@type\":\"WebPage\",\"@id\":\"https:\\\/\\\/www.klarenthal-vbw.de\\\/en\\\/community-social-work\\\/concierge\\\/\",\"url\":\"https:\\\/\\\/www.klarenthal-vbw.de\\\/en\\\/community-social-work\\\/concierge\\\/\",\"name\":\"Concierge - Volksbildungswerk Klarenthal e.V.\",\"isPartOf\":{\"@id\":\"https:\\\/\\\/www.klarenthal-vbw.de\\\/en\\\/#website\"},\"datePublished\":\"2025-02-27T21:03:45+00:00\",\"dateModified\":\"2025-07-30T13:24:21+00:00\",\"breadcrumb\":{\"@id\":\"https:\\\/\\\/www.klarenthal-vbw.de\\\/en\\\/community-social-work\\\/concierge\\\/#breadcrumb\"},\"inLanguage\":\"de\",\"potentialAction\":[{\"@type\":\"ReadAction\",\"target\":[\"https:\\\/\\\/www.klarenthal-vbw.de\\\/en\\\/community-social-work\\\/concierge\\\/\"]}]},{\"@type\":\"BreadcrumbList\",\"@id\":\"https:\\\/\\\/www.klarenthal-vbw.de\\\/en\\\/community-social-work\\\/concierge\\\/#breadcrumb\",\"itemListElement\":[{\"@type\":\"ListItem\",\"position\":1,\"name\":\"Startseite\",\"item\":\"https:\\\/\\\/www.klarenthal-vbw.de\\\/en\\\/\"},{\"@type\":\"ListItem\",\"position\":2,\"name\":\"Community Social Work\",\"item\":\"https:\\\/\\\/www.klarenthal-vbw.de\\\/en\\\/community-social-work\\\/\"},{\"@type\":\"ListItem\",\"position\":3,\"name\":\"Concierge\"}]},{\"@type\":\"WebSite\",\"@id\":\"https:\\\/\\\/www.klarenthal-vbw.de\\\/en\\\/#website\",\"url\":\"https:\\\/\\\/www.klarenthal-vbw.de\\\/en\\\/\",\"name\":\"Volksbildungswerk Klarenthal e.V.\",\"description\":\"Chancen. Bildung. Perspektiven\",\"publisher\":{\"@id\":\"https:\\\/\\\/www.klarenthal-vbw.de\\\/en\\\/#organization\"},\"potentialAction\":[{\"@type\":\"SearchAction\",\"target\":{\"@type\":\"EntryPoint\",\"urlTemplate\":\"https:\\\/\\\/www.klarenthal-vbw.de\\\/en\\\/?s={search_term_string}\"},\"query-input\":{\"@type\":\"PropertyValueSpecification\",\"valueRequired\":true,\"valueName\":\"search_term_string\"}}],\"inLanguage\":\"de\"},{\"@type\":\"Organization\",\"@id\":\"https:\\\/\\\/www.klarenthal-vbw.de\\\/en\\\/#organization\",\"name\":\"Volksbildungswerk Klarenthal e.V.\",\"url\":\"https:\\\/\\\/www.klarenthal-vbw.de\\\/en\\\/\",\"logo\":{\"@type\":\"ImageObject\",\"inLanguage\":\"de\",\"@id\":\"https:\\\/\\\/www.klarenthal-vbw.de\\\/en\\\/#\\\/schema\\\/logo\\\/image\\\/\",\"url\":\"https:\\\/\\\/www.klarenthal-vbw.de\\\/wp-content\\\/uploads\\\/2025\\\/02\\\/logo.svg\",\"contentUrl\":\"https:\\\/\\\/www.klarenthal-vbw.de\\\/wp-content\\\/uploads\\\/2025\\\/02\\\/logo.svg\",\"caption\":\"Volksbildungswerk Klarenthal e.V.\"},\"image\":{\"@id\":\"https:\\\/\\\/www.klarenthal-vbw.de\\\/en\\\/#\\\/schema\\\/logo\\\/image\\\/\"}}]}<\/script>\n<!-- \/ Yoast SEO plugin. -->","yoast_head_json":{"title":"Concierge - Volksbildungswerk Klarenthal e.V.","robots":{"index":"index","follow":"follow","max-snippet":"max-snippet:-1","max-image-preview":"max-image-preview:large","max-video-preview":"max-video-preview:-1"},"canonical":"https:\/\/www.klarenthal-vbw.de\/en\/community-social-work\/concierge\/","og_locale":"en_US","og_type":"article","og_title":"Concierge - Volksbildungswerk Klarenthal e.V.","og_description":"Concierge Team Your Contact Person in Hermann-Brill-Stra\u00dfe The Concierge Team Klarenthal is a joint initiative of GENo50, GWW Wiesbaden and Nassauische Heimst\u00e4tte. We are your reliable contacts for all houses in the upper Hermann-Brill-Stra\u00dfe and support you with small and large everyday concerns &#8211; uncomplicated and directly on site. Our Tasks Include Accompanying you to [&hellip;]","og_url":"https:\/\/www.klarenthal-vbw.de\/en\/community-social-work\/concierge\/","og_site_name":"Volksbildungswerk Klarenthal e.V.","article_modified_time":"2025-07-30T13:24:21+00:00","twitter_card":"summary_large_image","twitter_misc":{"Gesch\u00e4tzte Lesezeit":"1\u00a0Minute"},"schema":{"@context":"https:\/\/schema.org","@graph":[{"@type":"WebPage","@id":"https:\/\/www.klarenthal-vbw.de\/en\/community-social-work\/concierge\/","url":"https:\/\/www.klarenthal-vbw.de\/en\/community-social-work\/concierge\/","name":"Concierge - Volksbildungswerk Klarenthal e.V.","isPartOf":{"@id":"https:\/\/www.klarenthal-vbw.de\/en\/#website"},"datePublished":"2025-02-27T21:03:45+00:00","dateModified":"2025-07-30T13:24:21+00:00","breadcrumb":{"@id":"https:\/\/www.klarenthal-vbw.de\/en\/community-social-work\/concierge\/#breadcrumb"},"inLanguage":"de","potentialAction":[{"@type":"ReadAction","target":["https:\/\/www.klarenthal-vbw.de\/en\/community-social-work\/concierge\/"]}]},{"@type":"BreadcrumbList","@id":"https:\/\/www.klarenthal-vbw.de\/en\/community-social-work\/concierge\/#breadcrumb","itemListElement":[{"@type":"ListItem","position":1,"name":"Startseite","item":"https:\/\/www.klarenthal-vbw.de\/en\/"},{"@type":"ListItem","position":2,"name":"Community Social Work","item":"https:\/\/www.klarenthal-vbw.de\/en\/community-social-work\/"},{"@type":"ListItem","position":3,"name":"Concierge"}]},{"@type":"WebSite","@id":"https:\/\/www.klarenthal-vbw.de\/en\/#website","url":"https:\/\/www.klarenthal-vbw.de\/en\/","name":"Volksbildungswerk Klarenthal e.V.","description":"Chancen. Bildung. Perspektiven","publisher":{"@id":"https:\/\/www.klarenthal-vbw.de\/en\/#organization"},"potentialAction":[{"@type":"SearchAction","target":{"@type":"EntryPoint","urlTemplate":"https:\/\/www.klarenthal-vbw.de\/en\/?s={search_term_string}"},"query-input":{"@type":"PropertyValueSpecification","valueRequired":true,"valueName":"search_term_string"}}],"inLanguage":"de"},{"@type":"Organization","@id":"https:\/\/www.klarenthal-vbw.de\/en\/#organization","name":"Volksbildungswerk Klarenthal e.V.","url":"https:\/\/www.klarenthal-vbw.de\/en\/","logo":{"@type":"ImageObject","inLanguage":"de","@id":"https:\/\/www.klarenthal-vbw.de\/en\/#\/schema\/logo\/image\/","url":"https:\/\/www.klarenthal-vbw.de\/wp-content\/uploads\/2025\/02\/logo.svg","contentUrl":"https:\/\/www.klarenthal-vbw.de\/wp-content\/uploads\/2025\/02\/logo.svg","caption":"Volksbildungswerk Klarenthal e.V."},"image":{"@id":"https:\/\/www.klarenthal-vbw.de\/en\/#\/schema\/logo\/image\/"}}]}},"_links":{"self":[{"href":"https:\/\/www.klarenthal-vbw.de\/en\/wp-json\/wp\/v2\/pages\/4703","targetHints":{"allow":["GET"]}}],"collection":[{"href":"https:\/\/www.klarenthal-vbw.de\/en\/wp-json\/wp\/v2\/pages"}],"about":[{"href":"https:\/\/www.klarenthal-vbw.de\/en\/wp-json\/wp\/v2\/types\/page"}],"author":[{"embeddable":true,"href":"https:\/\/www.klarenthal-vbw.de\/en\/wp-json\/wp\/v2\/users\/8"}],"replies":[{"embeddable":true,"href":"https:\/\/www.klarenthal-vbw.de\/en\/wp-json\/wp\/v2\/comments?post=4703"}],"version-history":[{"count":0,"href":"https:\/\/www.klarenthal-vbw.de\/en\/wp-json\/wp\/v2\/pages\/4703\/revisions"}],"up":[{"embeddable":true,"href":"https:\/\/www.klarenthal-vbw.de\/en\/wp-json\/wp\/v2\/pages\/4747"}],"wp:attachment":[{"href":"https:\/\/www.klarenthal-vbw.de\/en\/wp-json\/wp\/v2\/media?parent=4703"}],"wp:term":[{"taxonomy":"category","embeddable":true,"href":"https:\/\/www.klarenthal-vbw.de\/en\/wp-json\/wp\/v2\/categories?post=4703"},{"taxonomy":"post_tag","embeddable":true,"href":"https:\/\/www.klarenthal-vbw.de\/en\/wp-json\/wp\/v2\/tags?post=4703"},{"taxonomy":"folder","embeddable":true,"href":"https:\/\/www.klarenthal-vbw.de\/en\/wp-json\/wp\/v2\/folder?post=4703"}],"curies":[{"name":"wp","href":"https:\/\/api.w.org\/{rel}","templated":true}]}}