{"id":9752,"date":"2025-12-22T13:33:42","date_gmt":"2025-12-22T12:33:42","guid":{"rendered":"https:\/\/www.klarenthal-vbw.de\/?page_id=9752"},"modified":"2026-02-19T16:30:48","modified_gmt":"2026-02-19T15:30:48","slug":"karriere","status":"publish","type":"page","link":"https:\/\/www.klarenthal-vbw.de\/en\/verein\/karriere\/","title":{"rendered":"Karriere"},"content":{"rendered":"\t\t<div data-elementor-type=\"wp-page\" data-elementor-id=\"9752\" class=\"elementor elementor-9752\" data-elementor-post-type=\"page\">\n\t\t\t\t<div class=\"elementor-element elementor-element-41737cf e-flex e-con-boxed e-con e-parent\" data-id=\"41737cf\" data-element_type=\"container\">\n\t\t\t\t\t<div class=\"e-con-inner\">\n\t\t\t\t<div class=\"elementor-element elementor-element-24eccec elementor-widget elementor-widget-text-editor\" data-id=\"24eccec\" data-element_type=\"widget\" data-widget_type=\"text-editor.default\">\n\t\t\t\t<div class=\"elementor-widget-container\">\n\t\t\t\t\t\t\t\t\t<p>Hier finden Sie einen \u00dcberblick unserer<strong> freien <\/strong>Stellen im Volksbildungswerk und damit verbundene Karrierem\u00f6glichkeiten. <br \/>M\u00f6chten Sie als <strong>Dozentin oder als Dozent<\/strong>\u00a0bzw. ehrenamtlich bei uns arbeiten, dann schauen Sie in den Bereichen <br \/>\u201eVerst\u00e4rkung im Kursbereich\u201c oder bei \u201eEhrenamtliches Engagement\u201c nach Ausschreibungen.<\/p><p>Zudem haben wir auch einen <strong>FSJ-Platz<\/strong>, den wir gerne an engagierte Freiwillige vergeben. Dieser Platz wird im <strong>Jahresrhythmus zum 02.01.<\/strong> <br \/>neu besetzt. Wir freuen uns \u00fcber jede Bewerbung.<\/p><p>Gerne k\u00f6nnen Sie sich auch <strong>initiativ<\/strong> bei uns bewerben.<\/p>\t\t\t\t\t\t\t\t<\/div>\n\t\t\t\t<\/div>\n\t\t\t\t<div class=\"elementor-element elementor-element-3f57c30 elementor-widget elementor-widget-heading\" data-id=\"3f57c30\" data-element_type=\"widget\" data-widget_type=\"heading.default\">\n\t\t\t\t<div class=\"elementor-widget-container\">\n\t\t\t\t\t<h2 class=\"elementor-heading-title elementor-size-default\">Freie Stellen:<\/h2>\t\t\t\t<\/div>\n\t\t\t\t<\/div>\n\t\t\t\t<div class=\"elementor-element elementor-element-92fca75 elementor-widget elementor-widget-text-editor\" data-id=\"92fca75\" data-element_type=\"widget\" data-widget_type=\"text-editor.default\">\n\t\t\t\t<div class=\"elementor-widget-container\">\n\t\t\t\t\t\t\t\t\t<p>Wir suchen zum n\u00e4chstm\u00f6glichen Zeitpunkt eine\/ einen \u2026.<\/p>\t\t\t\t\t\t\t\t<\/div>\n\t\t\t\t<\/div>\n\t\t\t\t<div class=\"elementor-element elementor-element-cc0e455 elementor-widget__width-initial elementor-widget-mobile_extra__width-inherit flip-box-big elementor-widget elementor-widget-ucaddon_flip_box\" data-id=\"cc0e455\" data-element_type=\"widget\" data-widget_type=\"ucaddon_flip_box.default\">\n\t\t\t\t<div class=\"elementor-widget-container\">\n\t\t\t\t\t\n<!-- start Flip Box -->\n\t\t<link id='uc_ac_assets_file_ue_flipbox_styles_css_12353-css' href='https:\/\/www.klarenthal-vbw.de\/wp-content\/uploads\/ac_assets\/uc_flip_box_base\/animations\/ue-flipbox-styles.css' type='text\/css' rel='stylesheet' >\n\n<style>\/* widget: Flip Box *\/\n\n\/* elementor container support *\/\n.e-con-inner>.elementor-widget-ucaddon_flip_box, .e-con>.elementor-widget-ucaddon_flip_box {\n    width: var(--container-widget-width);\n    --flex-grow: var(--container-widget-flex-grow);\n}\n\n#uc_flip_box_elementor_cc0e455 .ue-flip-box__panel.ue-flip-box__panel--front,\n#uc_flip_box_elementor_cc0e455 .ue-flip-box__panel.ue-flip-box__panel--back {\n    backface-visibility: hidden;\n    -webkit-backface-visibility: hidden; \n}\n\n#uc_flip_box_elementor_cc0e455 .ue-flip-box__container .ue-flip-box__panel--back {\n  z-index: -1;\n}\n\n#uc_flip_box_elementor_cc0e455 .ue-flip-box__container .ue-flip-box__panel--front {\n  z-index: 1;\n}\n\n#uc_flip_box_elementor_cc0e455 .ue-flip-box__container.uc-show .ue-flip-box__panel--back {\n  z-index: 1;\n}\n\n#uc_flip_box_elementor_cc0e455 .ue-flip-box__container.uc-show .ue-flip-box__panel--front {\n  z-index: -1;\n}\n\n#uc_flip_box_elementor_cc0e455 .ue-flip-box__panel__wrapper{\n  pointer-events: all;\n}\n\n#uc_flip_box_elementor_cc0e455 .ue-flip-box__panel--back .ue_btn{\n\tdisplay: inline-block;\n}\n\n\t\n\t#uc_flip_box_elementor_cc0e455 .ue-flip-box__container, #uc_flip_box_elementor_cc0e455 .ue-flip-box__panel {\n      overflow: hidden;\n    }\t\n\n\n\n#uc_flip_box_elementor_cc0e455 .ue-flip-box__panel--front-overlay, \n#uc_flip_box_elementor_cc0e455 .ue-flip-box__panel--back-overlay{\n  position:absolute;\n  top:0;\n  bottom:0;\n  right:0;\n  left:0;\n  z-index:-1;\n}\n\n\n\n  #uc_flip_box_elementor_cc0e455 .ue_back_panel_link{\n    position: absolute;\n    width: 100%;\n    height: 100%;\n    left: 0;\n    right: 0;\n    z-index: 1;\n  }\n\n\n<\/style>\n\n\n<div id=\"uc_flip_box_elementor_cc0e455\" class=\"ue-flip-box\" data-id=\"uc_flip_box_elementor_cc0e455\" data-closeonbody='false'>\n  \n    \t<div class=\"ue-flip-box__container uc-hide ue-fade ue-flip-box__container--hover\" tabindex=\"0\">\n      \n    <div class=\"ue-flip-box__panel ue-flip-box__panel--front\">\n      <div class=\"ue-flip-box__panel--front-overlay\"><\/div>\n            <div class=\"ue-flip-box__panel__wrapper\">\n        <div class=\"ue-flip-box__panel__content\">\n                       <div class=\"ue-flip-box__panel__element ue-flip-box__icon\"><svg xmlns=\"http:\/\/www.w3.org\/2000\/svg\" id=\"Ebene_1\" viewBox=\"0 0 24 24\"><path d=\"M4.489,24H1.511c-.827,0-1.5-.673-1.5-1.5V1.5C.011.673.684,0,1.511,0h12.025c3.569,0,6.474,2.904,6.475,6.473v6.027c0,.276-.224.5-.5.5s-.5-.224-.5-.5v-6.027c0-3.018-2.457-5.473-5.475-5.473H1.511c-.276,0-.5.224-.5.5v21c0,.275.224.5.5.5h2.978c.276,0,.5.224.5.5s-.224.5-.5.5Z\"><\/path><path d=\"M19.431,6h-3.92c-.827,0-1.5-.673-1.5-1.5V.579c0-.276.224-.5.5-.5s.5.224.5.5v3.921c0,.276.225.5.5.5h3.92c.276,0,.5.224.5.5s-.224.5-.5.5Z\"><\/path><path d=\"M9.489,20h-2c-.276,0-.5-.224-.5-.5v-4c0-.276.224-.5.5-.5h2c1.378,0,2.5,1.121,2.5,2.5s-1.122,2.5-2.5,2.5ZM7.989,19h1.5c.827,0,1.5-.673,1.5-1.5s-.673-1.5-1.5-1.5h-1.5v3Z\"><\/path><path d=\"M7.489,23.999c-.276,0-.5-.224-.5-.5v-4c0-.276.224-.5.5-.5s.5.224.5.5v4c0,.276-.224.5-.5.5Z\"><\/path><path d=\"M13.489,24c-.276,0-.5-.224-.5-.5v-8c0-.276.224-.5.5-.5,2.481,0,4.5,2.019,4.5,4.5s-2.019,4.5-4.5,4.5ZM13.989,16.035v6.93c1.694-.244,3-1.705,3-3.465s-1.306-3.221-3-3.465Z\"><\/path><path d=\"M19.489,24c-.276,0-.5-.224-.5-.5v-6.5c0-1.103.897-2,2-2h2.5c.276,0,.5.224.5.5s-.224.5-.5.5h-2.5c-.552,0-1,.448-1,1v6.5c0,.276-.224.5-.5.5Z\"><\/path><path d=\"M21.989,19.999h-2.5c-.276,0-.5-.224-.5-.5s.224-.5.5-.5h2.5c.276,0,.5.224.5.5s-.224.5-.5.5Z\"><\/path><\/svg><\/div>               <div class=\"ue-flip-box__panel__element ue-flip-box__title\">>> Betreuung f\u00fcr Grundsch\u00fcler:innen in Teilzeit m\/w\/d<\/div>                            <\/div>      <\/div>    <\/div>      \n    <div class=\"ue-flip-box__panel ue-flip-box__panel--back\" inert>\n      <div class=\"ue-flip-box__panel--back-overlay\"><\/div>\n            <div class=\"ue-flip-box__panel__wrapper\">\n        <div class=\"ue-flip-box__panel__content\">\n            <div class=\"ue-flip-box__panel__element ue-flip-box__icon\"><svg xmlns=\"http:\/\/www.w3.org\/2000\/svg\" id=\"Ebene_1\" viewBox=\"0 0 24 24\"><path d=\"M4.489,24H1.511c-.827,0-1.5-.673-1.5-1.5V1.5C.011.673.684,0,1.511,0h12.025c3.569,0,6.474,2.904,6.475,6.473v6.027c0,.276-.224.5-.5.5s-.5-.224-.5-.5v-6.027c0-3.018-2.457-5.473-5.475-5.473H1.511c-.276,0-.5.224-.5.5v21c0,.275.224.5.5.5h2.978c.276,0,.5.224.5.5s-.224.5-.5.5Z\"><\/path><path d=\"M19.431,6h-3.92c-.827,0-1.5-.673-1.5-1.5V.579c0-.276.224-.5.5-.5s.5.224.5.5v3.921c0,.276.225.5.5.5h3.92c.276,0,.5.224.5.5s-.224.5-.5.5Z\"><\/path><path d=\"M9.489,20h-2c-.276,0-.5-.224-.5-.5v-4c0-.276.224-.5.5-.5h2c1.378,0,2.5,1.121,2.5,2.5s-1.122,2.5-2.5,2.5ZM7.989,19h1.5c.827,0,1.5-.673,1.5-1.5s-.673-1.5-1.5-1.5h-1.5v3Z\"><\/path><path d=\"M7.489,23.999c-.276,0-.5-.224-.5-.5v-4c0-.276.224-.5.5-.5s.5.224.5.5v4c0,.276-.224.5-.5.5Z\"><\/path><path d=\"M13.489,24c-.276,0-.5-.224-.5-.5v-8c0-.276.224-.5.5-.5,2.481,0,4.5,2.019,4.5,4.5s-2.019,4.5-4.5,4.5ZM13.989,16.035v6.93c1.694-.244,3-1.705,3-3.465s-1.306-3.221-3-3.465Z\"><\/path><path d=\"M19.489,24c-.276,0-.5-.224-.5-.5v-6.5c0-1.103.897-2,2-2h2.5c.276,0,.5.224.5.5s-.224.5-.5.5h-2.5c-.552,0-1,.448-1,1v6.5c0,.276-.224.5-.5.5Z\"><\/path><path d=\"M21.989,19.999h-2.5c-.276,0-.5-.224-.5-.5s.224-.5.5-.5h2.5c.276,0,.5.224.5.5s-.224.5-.5.5Z\"><\/path><\/svg><\/div>              <div class=\"ue-flip-box__panel__element ue-flip-box__title\">>> Betreuung f\u00fcr Grundsch\u00fcler:innen in Teilzeit m\/w\/d<\/div>                                        <a href=\"https:\/\/www.klarenthal-vbw.de\/wp-content\/uploads\/2025\/12\/Betreeung-fuer-Grundschueler-in-Teilzeit.pdf\" class=\"ue_back_panel_link\"  target='_blank'><\/a>        <\/div>      <\/div>    <\/div>    \n  <\/div>      \n        \n<\/div>\n<!-- end Flip Box -->\t\t\t\t<\/div>\n\t\t\t\t<\/div>\n\t\t\t\t\t<\/div>\n\t\t\t\t<\/div>\n\t\t\t\t<\/div>\n\t\t","protected":false},"excerpt":{"rendered":"<p>Hier finden Sie einen \u00dcberblick unserer freien Stellen im Volksbildungswerk und damit verbundene Karrierem\u00f6glichkeiten. M\u00f6chten Sie als Dozentin oder als Dozent\u00a0bzw. ehrenamtlich bei uns arbeiten, dann schauen Sie in den Bereichen \u201eVerst\u00e4rkung im Kursbereich\u201c oder bei \u201eEhrenamtliches Engagement\u201c nach Ausschreibungen. Zudem haben wir auch einen FSJ-Platz, den wir gerne an engagierte Freiwillige vergeben. Dieser Platz [&hellip;]<\/p>\n","protected":false},"author":9,"featured_media":0,"parent":2871,"menu_order":0,"comment_status":"closed","ping_status":"closed","template":"","meta":{"_acf_changed":false,"footnotes":""},"categories":[],"tags":[],"folder":[],"class_list":["post-9752","page","type-page","status-publish","hentry"],"acf":[],"yoast_head":"<!-- This site is optimized with the Yoast SEO plugin v27.4 - https:\/\/yoast.com\/product\/yoast-seo-wordpress\/ -->\n<title>Karriere - Volksbildungswerk Klarenthal e.V.<\/title>\n<meta name=\"robots\" content=\"index, follow, max-snippet:-1, max-image-preview:large, max-video-preview:-1\" \/>\n<link rel=\"canonical\" href=\"https:\/\/www.klarenthal-vbw.de\/en\/verein\/karriere\/\" \/>\n<meta property=\"og:locale\" content=\"en_US\" \/>\n<meta property=\"og:type\" content=\"article\" \/>\n<meta property=\"og:title\" content=\"Karriere - Volksbildungswerk Klarenthal e.V.\" \/>\n<meta property=\"og:description\" content=\"Hier finden Sie einen \u00dcberblick unserer freien Stellen im Volksbildungswerk und damit verbundene Karrierem\u00f6glichkeiten. M\u00f6chten Sie als Dozentin oder als Dozent\u00a0bzw. ehrenamtlich bei uns arbeiten, dann schauen Sie in den Bereichen \u201eVerst\u00e4rkung im Kursbereich\u201c oder bei \u201eEhrenamtliches Engagement\u201c nach Ausschreibungen. Zudem haben wir auch einen FSJ-Platz, den wir gerne an engagierte Freiwillige vergeben. Dieser Platz [&hellip;]\" \/>\n<meta property=\"og:url\" content=\"https:\/\/www.klarenthal-vbw.de\/en\/verein\/karriere\/\" \/>\n<meta property=\"og:site_name\" content=\"Volksbildungswerk Klarenthal e.V.\" \/>\n<meta property=\"article:modified_time\" content=\"2026-02-19T15:30:48+00:00\" \/>\n<meta name=\"twitter:card\" content=\"summary_large_image\" \/>\n<meta name=\"twitter:label1\" content=\"Gesch\u00e4tzte Lesezeit\" \/>\n\t<meta name=\"twitter:data1\" content=\"1\u00a0Minute\" \/>\n<script type=\"application\/ld+json\" class=\"yoast-schema-graph\">{\"@context\":\"https:\\\/\\\/schema.org\",\"@graph\":[{\"@type\":\"WebPage\",\"@id\":\"https:\\\/\\\/www.klarenthal-vbw.de\\\/en\\\/verein\\\/karriere\\\/\",\"url\":\"https:\\\/\\\/www.klarenthal-vbw.de\\\/en\\\/verein\\\/karriere\\\/\",\"name\":\"Karriere - Volksbildungswerk Klarenthal e.V.\",\"isPartOf\":{\"@id\":\"https:\\\/\\\/www.klarenthal-vbw.de\\\/en\\\/#website\"},\"datePublished\":\"2025-12-22T12:33:42+00:00\",\"dateModified\":\"2026-02-19T15:30:48+00:00\",\"breadcrumb\":{\"@id\":\"https:\\\/\\\/www.klarenthal-vbw.de\\\/en\\\/verein\\\/karriere\\\/#breadcrumb\"},\"inLanguage\":\"de\",\"potentialAction\":[{\"@type\":\"ReadAction\",\"target\":[\"https:\\\/\\\/www.klarenthal-vbw.de\\\/en\\\/verein\\\/karriere\\\/\"]}]},{\"@type\":\"BreadcrumbList\",\"@id\":\"https:\\\/\\\/www.klarenthal-vbw.de\\\/en\\\/verein\\\/karriere\\\/#breadcrumb\",\"itemListElement\":[{\"@type\":\"ListItem\",\"position\":1,\"name\":\"Startseite\",\"item\":\"https:\\\/\\\/www.klarenthal-vbw.de\\\/en\\\/\"},{\"@type\":\"ListItem\",\"position\":2,\"name\":\"Verein\",\"item\":\"https:\\\/\\\/www.klarenthal-vbw.de\\\/en\\\/verein\\\/\"},{\"@type\":\"ListItem\",\"position\":3,\"name\":\"Karriere\"}]},{\"@type\":\"WebSite\",\"@id\":\"https:\\\/\\\/www.klarenthal-vbw.de\\\/en\\\/#website\",\"url\":\"https:\\\/\\\/www.klarenthal-vbw.de\\\/en\\\/\",\"name\":\"Volksbildungswerk Klarenthal e.V.\",\"description\":\"Chancen. Bildung. Perspektiven\",\"publisher\":{\"@id\":\"https:\\\/\\\/www.klarenthal-vbw.de\\\/en\\\/#organization\"},\"potentialAction\":[{\"@type\":\"SearchAction\",\"target\":{\"@type\":\"EntryPoint\",\"urlTemplate\":\"https:\\\/\\\/www.klarenthal-vbw.de\\\/en\\\/?s={search_term_string}\"},\"query-input\":{\"@type\":\"PropertyValueSpecification\",\"valueRequired\":true,\"valueName\":\"search_term_string\"}}],\"inLanguage\":\"de\"},{\"@type\":\"Organization\",\"@id\":\"https:\\\/\\\/www.klarenthal-vbw.de\\\/en\\\/#organization\",\"name\":\"Volksbildungswerk Klarenthal e.V.\",\"url\":\"https:\\\/\\\/www.klarenthal-vbw.de\\\/en\\\/\",\"logo\":{\"@type\":\"ImageObject\",\"inLanguage\":\"de\",\"@id\":\"https:\\\/\\\/www.klarenthal-vbw.de\\\/en\\\/#\\\/schema\\\/logo\\\/image\\\/\",\"url\":\"https:\\\/\\\/www.klarenthal-vbw.de\\\/wp-content\\\/uploads\\\/2025\\\/02\\\/logo.svg\",\"contentUrl\":\"https:\\\/\\\/www.klarenthal-vbw.de\\\/wp-content\\\/uploads\\\/2025\\\/02\\\/logo.svg\",\"caption\":\"Volksbildungswerk Klarenthal e.V.\"},\"image\":{\"@id\":\"https:\\\/\\\/www.klarenthal-vbw.de\\\/en\\\/#\\\/schema\\\/logo\\\/image\\\/\"}}]}<\/script>\n<!-- \/ Yoast SEO plugin. -->","yoast_head_json":{"title":"Karriere - Volksbildungswerk Klarenthal e.V.","robots":{"index":"index","follow":"follow","max-snippet":"max-snippet:-1","max-image-preview":"max-image-preview:large","max-video-preview":"max-video-preview:-1"},"canonical":"https:\/\/www.klarenthal-vbw.de\/en\/verein\/karriere\/","og_locale":"en_US","og_type":"article","og_title":"Karriere - Volksbildungswerk Klarenthal e.V.","og_description":"Hier finden Sie einen \u00dcberblick unserer freien Stellen im Volksbildungswerk und damit verbundene Karrierem\u00f6glichkeiten. M\u00f6chten Sie als Dozentin oder als Dozent\u00a0bzw. ehrenamtlich bei uns arbeiten, dann schauen Sie in den Bereichen \u201eVerst\u00e4rkung im Kursbereich\u201c oder bei \u201eEhrenamtliches Engagement\u201c nach Ausschreibungen. Zudem haben wir auch einen FSJ-Platz, den wir gerne an engagierte Freiwillige vergeben. Dieser Platz [&hellip;]","og_url":"https:\/\/www.klarenthal-vbw.de\/en\/verein\/karriere\/","og_site_name":"Volksbildungswerk Klarenthal e.V.","article_modified_time":"2026-02-19T15:30:48+00:00","twitter_card":"summary_large_image","twitter_misc":{"Gesch\u00e4tzte Lesezeit":"1\u00a0Minute"},"schema":{"@context":"https:\/\/schema.org","@graph":[{"@type":"WebPage","@id":"https:\/\/www.klarenthal-vbw.de\/en\/verein\/karriere\/","url":"https:\/\/www.klarenthal-vbw.de\/en\/verein\/karriere\/","name":"Karriere - Volksbildungswerk Klarenthal e.V.","isPartOf":{"@id":"https:\/\/www.klarenthal-vbw.de\/en\/#website"},"datePublished":"2025-12-22T12:33:42+00:00","dateModified":"2026-02-19T15:30:48+00:00","breadcrumb":{"@id":"https:\/\/www.klarenthal-vbw.de\/en\/verein\/karriere\/#breadcrumb"},"inLanguage":"de","potentialAction":[{"@type":"ReadAction","target":["https:\/\/www.klarenthal-vbw.de\/en\/verein\/karriere\/"]}]},{"@type":"BreadcrumbList","@id":"https:\/\/www.klarenthal-vbw.de\/en\/verein\/karriere\/#breadcrumb","itemListElement":[{"@type":"ListItem","position":1,"name":"Startseite","item":"https:\/\/www.klarenthal-vbw.de\/en\/"},{"@type":"ListItem","position":2,"name":"Verein","item":"https:\/\/www.klarenthal-vbw.de\/en\/verein\/"},{"@type":"ListItem","position":3,"name":"Karriere"}]},{"@type":"WebSite","@id":"https:\/\/www.klarenthal-vbw.de\/en\/#website","url":"https:\/\/www.klarenthal-vbw.de\/en\/","name":"Volksbildungswerk Klarenthal e.V.","description":"Chancen. Bildung. Perspektiven","publisher":{"@id":"https:\/\/www.klarenthal-vbw.de\/en\/#organization"},"potentialAction":[{"@type":"SearchAction","target":{"@type":"EntryPoint","urlTemplate":"https:\/\/www.klarenthal-vbw.de\/en\/?s={search_term_string}"},"query-input":{"@type":"PropertyValueSpecification","valueRequired":true,"valueName":"search_term_string"}}],"inLanguage":"de"},{"@type":"Organization","@id":"https:\/\/www.klarenthal-vbw.de\/en\/#organization","name":"Volksbildungswerk Klarenthal e.V.","url":"https:\/\/www.klarenthal-vbw.de\/en\/","logo":{"@type":"ImageObject","inLanguage":"de","@id":"https:\/\/www.klarenthal-vbw.de\/en\/#\/schema\/logo\/image\/","url":"https:\/\/www.klarenthal-vbw.de\/wp-content\/uploads\/2025\/02\/logo.svg","contentUrl":"https:\/\/www.klarenthal-vbw.de\/wp-content\/uploads\/2025\/02\/logo.svg","caption":"Volksbildungswerk Klarenthal e.V."},"image":{"@id":"https:\/\/www.klarenthal-vbw.de\/en\/#\/schema\/logo\/image\/"}}]}},"_links":{"self":[{"href":"https:\/\/www.klarenthal-vbw.de\/en\/wp-json\/wp\/v2\/pages\/9752","targetHints":{"allow":["GET"]}}],"collection":[{"href":"https:\/\/www.klarenthal-vbw.de\/en\/wp-json\/wp\/v2\/pages"}],"about":[{"href":"https:\/\/www.klarenthal-vbw.de\/en\/wp-json\/wp\/v2\/types\/page"}],"author":[{"embeddable":true,"href":"https:\/\/www.klarenthal-vbw.de\/en\/wp-json\/wp\/v2\/users\/9"}],"replies":[{"embeddable":true,"href":"https:\/\/www.klarenthal-vbw.de\/en\/wp-json\/wp\/v2\/comments?post=9752"}],"version-history":[{"count":22,"href":"https:\/\/www.klarenthal-vbw.de\/en\/wp-json\/wp\/v2\/pages\/9752\/revisions"}],"predecessor-version":[{"id":9790,"href":"https:\/\/www.klarenthal-vbw.de\/en\/wp-json\/wp\/v2\/pages\/9752\/revisions\/9790"}],"up":[{"embeddable":true,"href":"https:\/\/www.klarenthal-vbw.de\/en\/wp-json\/wp\/v2\/pages\/2871"}],"wp:attachment":[{"href":"https:\/\/www.klarenthal-vbw.de\/en\/wp-json\/wp\/v2\/media?parent=9752"}],"wp:term":[{"taxonomy":"category","embeddable":true,"href":"https:\/\/www.klarenthal-vbw.de\/en\/wp-json\/wp\/v2\/categories?post=9752"},{"taxonomy":"post_tag","embeddable":true,"href":"https:\/\/www.klarenthal-vbw.de\/en\/wp-json\/wp\/v2\/tags?post=9752"},{"taxonomy":"folder","embeddable":true,"href":"https:\/\/www.klarenthal-vbw.de\/en\/wp-json\/wp\/v2\/folder?post=9752"}],"curies":[{"name":"wp","href":"https:\/\/api.w.org\/{rel}","templated":true}]}}