{"id":3382,"date":"2021-09-21T10:52:36","date_gmt":"2021-09-21T08:52:36","guid":{"rendered":"https:\/\/vbw.entwicklung-mediengewerk.de\/program\/kursy\/zrownowazony-rozwoj-srodowisko\/"},"modified":"2025-08-03T23:32:24","modified_gmt":"2025-08-03T21:32:24","slug":"zrownowazony-rozwoj-srodowisko","status":"publish","type":"page","link":"https:\/\/www.klarenthal-vbw.de\/pl\/program\/kursy\/zrownowazony-rozwoj-srodowisko\/","title":{"rendered":"Zr\u00f3wnowa\u017cony rozw\u00f3j\/\u015arodowisko"},"content":{"rendered":"<div class=\"hauptseite\">\n  <div class=\"hauptseite_status\">\n   <h2 class=\"statusadresse\"> <a class=\"statusadresse\" href=\"https:\/\/www.klarenthal-vbw.de\/programm\/kw\/bereich\/kategorien\/kathauptname\/Kursbereiche\" title=\"Veranstaltungs&uuml;bersicht f&uuml;r Kursbereiche &ouml;ffnen\">Kursbereiche<\/a>\n   &gt;&gt; Nachhaltigkeit\/Umwelt<\/h2>\n  <\/div>\n\n <div class=\"hauptseite_kurse\">\n<!-- ND12A-->\r\n\r\n\r\n<div class=\"alert alert-default\">  \r\n  Es wurden leider keine Kurse gefunden.\r\n<\/div>\r\n\r\n\r\n<!-- ND12E --> <\/div>\n\n<\/div>\n\n","protected":false},"excerpt":{"rendered":"","protected":false},"author":3,"featured_media":5549,"parent":3261,"menu_order":0,"comment_status":"closed","ping_status":"closed","template":"","meta":{"_acf_changed":false,"footnotes":""},"categories":[],"tags":[],"folder":[14],"class_list":["post-3382","page","type-page","status-publish","has-post-thumbnail","hentry"],"acf":[],"yoast_head":"<!-- This site is optimized with the Yoast SEO plugin v27.4 - https:\/\/yoast.com\/product\/yoast-seo-wordpress\/ -->\n<title>Zr\u00f3wnowa\u017cony rozw\u00f3j\/\u015arodowisko - Volksbildungswerk Klarenthal e.V.<\/title>\n<meta name=\"description\" content=\"Odkryj r\u00f3\u017cne tematy dotycz\u0105ce zr\u00f3wnowa\u017conego rozwoju\/\u015brodowiska. Dowiedz si\u0119, jak mo\u017cesz aktywnie przyczyni\u0107 si\u0119 do ochrony \u015brodowiska.\" \/>\n<meta name=\"robots\" content=\"index, follow, max-snippet:-1, max-image-preview:large, max-video-preview:-1\" \/>\n<link rel=\"canonical\" href=\"https:\/\/www.klarenthal-vbw.de\/pl\/program\/kursy\/zrownowazony-rozwoj-srodowisko\/\" \/>\n<meta property=\"og:locale\" content=\"pl_PL\" \/>\n<meta property=\"og:type\" content=\"article\" \/>\n<meta property=\"og:title\" content=\"Zr\u00f3wnowa\u017cony rozw\u00f3j\/\u015arodowisko - Volksbildungswerk Klarenthal e.V.\" \/>\n<meta property=\"og:description\" content=\"Odkryj r\u00f3\u017cne tematy dotycz\u0105ce zr\u00f3wnowa\u017conego rozwoju\/\u015brodowiska. Dowiedz si\u0119, jak mo\u017cesz aktywnie przyczyni\u0107 si\u0119 do ochrony \u015brodowiska.\" \/>\n<meta property=\"og:url\" content=\"https:\/\/www.klarenthal-vbw.de\/pl\/program\/kursy\/zrownowazony-rozwoj-srodowisko\/\" \/>\n<meta property=\"og:site_name\" content=\"Volksbildungswerk Klarenthal e.V.\" \/>\n<meta property=\"article:modified_time\" content=\"2025-08-03T21:32:24+00:00\" \/>\n<meta name=\"twitter:card\" content=\"summary_large_image\" \/>\n<script type=\"application\/ld+json\" class=\"yoast-schema-graph\">{\"@context\":\"https:\\\/\\\/schema.org\",\"@graph\":[{\"@type\":\"WebPage\",\"@id\":\"https:\\\/\\\/www.klarenthal-vbw.de\\\/pl\\\/program\\\/kursy\\\/zrownowazony-rozwoj-srodowisko\\\/\",\"url\":\"https:\\\/\\\/www.klarenthal-vbw.de\\\/pl\\\/program\\\/kursy\\\/zrownowazony-rozwoj-srodowisko\\\/\",\"name\":\"Zr\u00f3wnowa\u017cony rozw\u00f3j\\\/\u015arodowisko - Volksbildungswerk Klarenthal e.V.\",\"isPartOf\":{\"@id\":\"https:\\\/\\\/www.klarenthal-vbw.de\\\/pl\\\/#website\"},\"primaryImageOfPage\":{\"@id\":\"https:\\\/\\\/www.klarenthal-vbw.de\\\/pl\\\/program\\\/kursy\\\/zrownowazony-rozwoj-srodowisko\\\/#primaryimage\"},\"image\":{\"@id\":\"https:\\\/\\\/www.klarenthal-vbw.de\\\/pl\\\/program\\\/kursy\\\/zrownowazony-rozwoj-srodowisko\\\/#primaryimage\"},\"thumbnailUrl\":\"https:\\\/\\\/www.klarenthal-vbw.de\\\/wp-content\\\/uploads\\\/2025\\\/04\\\/volksbildungswerk-programm-nachhaltigkeit-umwelt.svg\",\"datePublished\":\"2021-09-21T08:52:36+00:00\",\"dateModified\":\"2025-08-03T21:32:24+00:00\",\"description\":\"Odkryj r\u00f3\u017cne tematy dotycz\u0105ce zr\u00f3wnowa\u017conego rozwoju\\\/\u015brodowiska. Dowiedz si\u0119, jak mo\u017cesz aktywnie przyczyni\u0107 si\u0119 do ochrony \u015brodowiska.\",\"breadcrumb\":{\"@id\":\"https:\\\/\\\/www.klarenthal-vbw.de\\\/pl\\\/program\\\/kursy\\\/zrownowazony-rozwoj-srodowisko\\\/#breadcrumb\"},\"inLanguage\":\"pl-PL\",\"potentialAction\":[{\"@type\":\"ReadAction\",\"target\":[\"https:\\\/\\\/www.klarenthal-vbw.de\\\/pl\\\/program\\\/kursy\\\/zrownowazony-rozwoj-srodowisko\\\/\"]}]},{\"@type\":\"ImageObject\",\"inLanguage\":\"pl-PL\",\"@id\":\"https:\\\/\\\/www.klarenthal-vbw.de\\\/pl\\\/program\\\/kursy\\\/zrownowazony-rozwoj-srodowisko\\\/#primaryimage\",\"url\":\"https:\\\/\\\/www.klarenthal-vbw.de\\\/wp-content\\\/uploads\\\/2025\\\/04\\\/volksbildungswerk-programm-nachhaltigkeit-umwelt.svg\",\"contentUrl\":\"https:\\\/\\\/www.klarenthal-vbw.de\\\/wp-content\\\/uploads\\\/2025\\\/04\\\/volksbildungswerk-programm-nachhaltigkeit-umwelt.svg\",\"width\":24,\"height\":24,\"caption\":\"Nachhaltigkeit Icon\"},{\"@type\":\"BreadcrumbList\",\"@id\":\"https:\\\/\\\/www.klarenthal-vbw.de\\\/pl\\\/program\\\/kursy\\\/zrownowazony-rozwoj-srodowisko\\\/#breadcrumb\",\"itemListElement\":[{\"@type\":\"ListItem\",\"position\":1,\"name\":\"Startseite\",\"item\":\"https:\\\/\\\/www.klarenthal-vbw.de\\\/pl\\\/\"},{\"@type\":\"ListItem\",\"position\":2,\"name\":\"Program\",\"item\":\"https:\\\/\\\/www.klarenthal-vbw.de\\\/pl\\\/program\\\/\"},{\"@type\":\"ListItem\",\"position\":3,\"name\":\"Kursy\",\"item\":\"https:\\\/\\\/www.klarenthal-vbw.de\\\/pl\\\/program\\\/kursy\\\/\"},{\"@type\":\"ListItem\",\"position\":4,\"name\":\"Zr\u00f3wnowa\u017cony rozw\u00f3j\\\/\u015arodowisko\"}]},{\"@type\":\"WebSite\",\"@id\":\"https:\\\/\\\/www.klarenthal-vbw.de\\\/pl\\\/#website\",\"url\":\"https:\\\/\\\/www.klarenthal-vbw.de\\\/pl\\\/\",\"name\":\"Volksbildungswerk Klarenthal e.V.\",\"description\":\"Chancen. Bildung. Perspektiven\",\"publisher\":{\"@id\":\"https:\\\/\\\/www.klarenthal-vbw.de\\\/pl\\\/#organization\"},\"potentialAction\":[{\"@type\":\"SearchAction\",\"target\":{\"@type\":\"EntryPoint\",\"urlTemplate\":\"https:\\\/\\\/www.klarenthal-vbw.de\\\/pl\\\/?s={search_term_string}\"},\"query-input\":{\"@type\":\"PropertyValueSpecification\",\"valueRequired\":true,\"valueName\":\"search_term_string\"}}],\"inLanguage\":\"pl-PL\"},{\"@type\":\"Organization\",\"@id\":\"https:\\\/\\\/www.klarenthal-vbw.de\\\/pl\\\/#organization\",\"name\":\"Volksbildungswerk Klarenthal e.V.\",\"url\":\"https:\\\/\\\/www.klarenthal-vbw.de\\\/pl\\\/\",\"logo\":{\"@type\":\"ImageObject\",\"inLanguage\":\"pl-PL\",\"@id\":\"https:\\\/\\\/www.klarenthal-vbw.de\\\/pl\\\/#\\\/schema\\\/logo\\\/image\\\/\",\"url\":\"https:\\\/\\\/www.klarenthal-vbw.de\\\/wp-content\\\/uploads\\\/2025\\\/02\\\/logo.svg\",\"contentUrl\":\"https:\\\/\\\/www.klarenthal-vbw.de\\\/wp-content\\\/uploads\\\/2025\\\/02\\\/logo.svg\",\"caption\":\"Volksbildungswerk Klarenthal e.V.\"},\"image\":{\"@id\":\"https:\\\/\\\/www.klarenthal-vbw.de\\\/pl\\\/#\\\/schema\\\/logo\\\/image\\\/\"}}]}<\/script>\n<!-- \/ Yoast SEO plugin. -->","yoast_head_json":{"title":"Zr\u00f3wnowa\u017cony rozw\u00f3j\/\u015arodowisko - Volksbildungswerk Klarenthal e.V.","description":"Odkryj r\u00f3\u017cne tematy dotycz\u0105ce zr\u00f3wnowa\u017conego rozwoju\/\u015brodowiska. Dowiedz si\u0119, jak mo\u017cesz aktywnie przyczyni\u0107 si\u0119 do ochrony \u015brodowiska.","robots":{"index":"index","follow":"follow","max-snippet":"max-snippet:-1","max-image-preview":"max-image-preview:large","max-video-preview":"max-video-preview:-1"},"canonical":"https:\/\/www.klarenthal-vbw.de\/pl\/program\/kursy\/zrownowazony-rozwoj-srodowisko\/","og_locale":"pl_PL","og_type":"article","og_title":"Zr\u00f3wnowa\u017cony rozw\u00f3j\/\u015arodowisko - Volksbildungswerk Klarenthal e.V.","og_description":"Odkryj r\u00f3\u017cne tematy dotycz\u0105ce zr\u00f3wnowa\u017conego rozwoju\/\u015brodowiska. Dowiedz si\u0119, jak mo\u017cesz aktywnie przyczyni\u0107 si\u0119 do ochrony \u015brodowiska.","og_url":"https:\/\/www.klarenthal-vbw.de\/pl\/program\/kursy\/zrownowazony-rozwoj-srodowisko\/","og_site_name":"Volksbildungswerk Klarenthal e.V.","article_modified_time":"2025-08-03T21:32:24+00:00","twitter_card":"summary_large_image","schema":{"@context":"https:\/\/schema.org","@graph":[{"@type":"WebPage","@id":"https:\/\/www.klarenthal-vbw.de\/pl\/program\/kursy\/zrownowazony-rozwoj-srodowisko\/","url":"https:\/\/www.klarenthal-vbw.de\/pl\/program\/kursy\/zrownowazony-rozwoj-srodowisko\/","name":"Zr\u00f3wnowa\u017cony rozw\u00f3j\/\u015arodowisko - Volksbildungswerk Klarenthal e.V.","isPartOf":{"@id":"https:\/\/www.klarenthal-vbw.de\/pl\/#website"},"primaryImageOfPage":{"@id":"https:\/\/www.klarenthal-vbw.de\/pl\/program\/kursy\/zrownowazony-rozwoj-srodowisko\/#primaryimage"},"image":{"@id":"https:\/\/www.klarenthal-vbw.de\/pl\/program\/kursy\/zrownowazony-rozwoj-srodowisko\/#primaryimage"},"thumbnailUrl":"https:\/\/www.klarenthal-vbw.de\/wp-content\/uploads\/2025\/04\/volksbildungswerk-programm-nachhaltigkeit-umwelt.svg","datePublished":"2021-09-21T08:52:36+00:00","dateModified":"2025-08-03T21:32:24+00:00","description":"Odkryj r\u00f3\u017cne tematy dotycz\u0105ce zr\u00f3wnowa\u017conego rozwoju\/\u015brodowiska. Dowiedz si\u0119, jak mo\u017cesz aktywnie przyczyni\u0107 si\u0119 do ochrony \u015brodowiska.","breadcrumb":{"@id":"https:\/\/www.klarenthal-vbw.de\/pl\/program\/kursy\/zrownowazony-rozwoj-srodowisko\/#breadcrumb"},"inLanguage":"pl-PL","potentialAction":[{"@type":"ReadAction","target":["https:\/\/www.klarenthal-vbw.de\/pl\/program\/kursy\/zrownowazony-rozwoj-srodowisko\/"]}]},{"@type":"ImageObject","inLanguage":"pl-PL","@id":"https:\/\/www.klarenthal-vbw.de\/pl\/program\/kursy\/zrownowazony-rozwoj-srodowisko\/#primaryimage","url":"https:\/\/www.klarenthal-vbw.de\/wp-content\/uploads\/2025\/04\/volksbildungswerk-programm-nachhaltigkeit-umwelt.svg","contentUrl":"https:\/\/www.klarenthal-vbw.de\/wp-content\/uploads\/2025\/04\/volksbildungswerk-programm-nachhaltigkeit-umwelt.svg","width":24,"height":24,"caption":"Nachhaltigkeit Icon"},{"@type":"BreadcrumbList","@id":"https:\/\/www.klarenthal-vbw.de\/pl\/program\/kursy\/zrownowazony-rozwoj-srodowisko\/#breadcrumb","itemListElement":[{"@type":"ListItem","position":1,"name":"Startseite","item":"https:\/\/www.klarenthal-vbw.de\/pl\/"},{"@type":"ListItem","position":2,"name":"Program","item":"https:\/\/www.klarenthal-vbw.de\/pl\/program\/"},{"@type":"ListItem","position":3,"name":"Kursy","item":"https:\/\/www.klarenthal-vbw.de\/pl\/program\/kursy\/"},{"@type":"ListItem","position":4,"name":"Zr\u00f3wnowa\u017cony rozw\u00f3j\/\u015arodowisko"}]},{"@type":"WebSite","@id":"https:\/\/www.klarenthal-vbw.de\/pl\/#website","url":"https:\/\/www.klarenthal-vbw.de\/pl\/","name":"Volksbildungswerk Klarenthal e.V.","description":"Chancen. Bildung. Perspektiven","publisher":{"@id":"https:\/\/www.klarenthal-vbw.de\/pl\/#organization"},"potentialAction":[{"@type":"SearchAction","target":{"@type":"EntryPoint","urlTemplate":"https:\/\/www.klarenthal-vbw.de\/pl\/?s={search_term_string}"},"query-input":{"@type":"PropertyValueSpecification","valueRequired":true,"valueName":"search_term_string"}}],"inLanguage":"pl-PL"},{"@type":"Organization","@id":"https:\/\/www.klarenthal-vbw.de\/pl\/#organization","name":"Volksbildungswerk Klarenthal e.V.","url":"https:\/\/www.klarenthal-vbw.de\/pl\/","logo":{"@type":"ImageObject","inLanguage":"pl-PL","@id":"https:\/\/www.klarenthal-vbw.de\/pl\/#\/schema\/logo\/image\/","url":"https:\/\/www.klarenthal-vbw.de\/wp-content\/uploads\/2025\/02\/logo.svg","contentUrl":"https:\/\/www.klarenthal-vbw.de\/wp-content\/uploads\/2025\/02\/logo.svg","caption":"Volksbildungswerk Klarenthal e.V."},"image":{"@id":"https:\/\/www.klarenthal-vbw.de\/pl\/#\/schema\/logo\/image\/"}}]}},"_links":{"self":[{"href":"https:\/\/www.klarenthal-vbw.de\/pl\/wp-json\/wp\/v2\/pages\/3382","targetHints":{"allow":["GET"]}}],"collection":[{"href":"https:\/\/www.klarenthal-vbw.de\/pl\/wp-json\/wp\/v2\/pages"}],"about":[{"href":"https:\/\/www.klarenthal-vbw.de\/pl\/wp-json\/wp\/v2\/types\/page"}],"author":[{"embeddable":true,"href":"https:\/\/www.klarenthal-vbw.de\/pl\/wp-json\/wp\/v2\/users\/3"}],"replies":[{"embeddable":true,"href":"https:\/\/www.klarenthal-vbw.de\/pl\/wp-json\/wp\/v2\/comments?post=3382"}],"version-history":[{"count":2,"href":"https:\/\/www.klarenthal-vbw.de\/pl\/wp-json\/wp\/v2\/pages\/3382\/revisions"}],"predecessor-version":[{"id":9146,"href":"https:\/\/www.klarenthal-vbw.de\/pl\/wp-json\/wp\/v2\/pages\/3382\/revisions\/9146"}],"up":[{"embeddable":true,"href":"https:\/\/www.klarenthal-vbw.de\/pl\/wp-json\/wp\/v2\/pages\/3261"}],"wp:featuredmedia":[{"embeddable":true,"href":"https:\/\/www.klarenthal-vbw.de\/pl\/wp-json\/wp\/v2\/media\/5549"}],"wp:attachment":[{"href":"https:\/\/www.klarenthal-vbw.de\/pl\/wp-json\/wp\/v2\/media?parent=3382"}],"wp:term":[{"taxonomy":"category","embeddable":true,"href":"https:\/\/www.klarenthal-vbw.de\/pl\/wp-json\/wp\/v2\/categories?post=3382"},{"taxonomy":"post_tag","embeddable":true,"href":"https:\/\/www.klarenthal-vbw.de\/pl\/wp-json\/wp\/v2\/tags?post=3382"},{"taxonomy":"folder","embeddable":true,"href":"https:\/\/www.klarenthal-vbw.de\/pl\/wp-json\/wp\/v2\/folder?post=3382"}],"curies":[{"name":"wp","href":"https:\/\/api.w.org\/{rel}","templated":true}]}}