{"id":3583,"date":"2018-03-23T11:39:25","date_gmt":"2018-03-23T10:39:25","guid":{"rendered":"https:\/\/vbw.entwicklung-mediengewerk.de\/program\/najwazniejsze-informacje-o-kursie\/"},"modified":"2025-03-11T01:17:54","modified_gmt":"2025-03-11T00:17:54","slug":"najwazniejsze-informacje-o-kursie","status":"publish","type":"page","link":"https:\/\/www.klarenthal-vbw.de\/pl\/program\/najwazniejsze-informacje-o-kursie\/","title":{"rendered":"Najwa\u017cniejsze informacje o kursie"},"content":{"rendered":"<!-- H234A--><div class=\"kw-highlight\">\r\n  <div class=\"row\">\r\n    <div class=\"owl-carousel owl-theme\">\r\n<!-- H234E --><!-- B234A-->\r\n<div class=\"col-md-12\">\r\n    <div class=\"v-box\">\r\n      <div class=\"v-box-thumb\">    \r\n        <div class=\"kw-highlight-date\">12. Oktober<\/div>\r\n      <\/div>\r\n      <div class=\"v-box-content\">\r\n        <h4 class=\"kw-kurstitel\"><a href=\"https:\/\/www.klarenthal-vbw.de\/programm\/kw\/bereich\/kursdetails\/kurs\/262KUFIT09\/kursname\/Qi%20Gong\/\" title=\"Qi Gong\">Qi Gong <\/a><\/h4>  \r\n        <ul class=\"kw-kurs-properties\">\r\n            <li>Ort: <span class=\"bold\"><\/span>\n<\/li>\r\n            <li>Uhrzeit: <span class=\"bold\">18:00 - 19:00 Uhr<\/span>\n<\/li>\r\n            <li>Kosten: <span class=\"bold\">60,00 &euro;<\/span>\n<\/li>\r\n        <\/ul>\r\n    \r\n        <div class=\"text-right v-box-footer\">\r\n          <a href=\"https:\/\/www.klarenthal-vbw.de\/programm\/kw\/bereich\/kursdetails\/kurs\/262KUFIT09\/kursname\/Qi%20Gong\/\" class=\"btn btn-mainColor btn-animated\">weitere Details<span class=\"arrow-right\"><\/span><\/a>\r\n        <\/div>\r\n      <\/div>\r\n    <\/div>\r\n    <\/div>\r\n    <!-- B234E -->\r\n\r\n\r\n<!-- B234A-->\r\n<div class=\"col-md-12\">\r\n    <div class=\"v-box\">\r\n      <div class=\"v-box-thumb\">    \r\n        <div class=\"kw-highlight-date\">18. April<\/div>\r\n      <\/div>\r\n      <div class=\"v-box-content\">\r\n        <h4 class=\"kw-kurstitel\"><a href=\"https:\/\/www.klarenthal-vbw.de\/programm\/kw\/bereich\/kursdetails\/kurs\/261%20FAH%2006\/kursname\/Kunst%20und%20Mandelbluete%20-%20Slevogt%20und%20Fruehjahr%20in%20der%20Pfalz\/\" title=\"Kunst und Mandelbl&uuml;te -\">Kunst und Mandelbl&uuml;te - Slevogt und Fr&uuml;hjahr in der Pfalz<\/a><\/h4>  \r\n        <ul class=\"kw-kurs-properties\">\r\n            <li>Ort: <span class=\"bold\"><\/span>\n<\/li>\r\n            <li>Uhrzeit: <span class=\"bold\">08:00 - 18:00 Uhr<\/span>\n<\/li>\r\n            <li>Kosten: <span class=\"bold\">59,00 &euro;<\/span>\n<\/li>\r\n        <\/ul>\r\n    \r\n        <div class=\"text-right v-box-footer\">\r\n          <a href=\"https:\/\/www.klarenthal-vbw.de\/programm\/kw\/bereich\/kursdetails\/kurs\/261%20FAH%2006\/kursname\/Kunst%20und%20Mandelbluete%20-%20Slevogt%20und%20Fruehjahr%20in%20der%20Pfalz\/\" class=\"btn btn-mainColor btn-animated\">weitere Details<span class=\"arrow-right\"><\/span><\/a>\r\n        <\/div>\r\n      <\/div>\r\n    <\/div>\r\n    <\/div>\r\n    <!-- B234E -->\r\n\r\n\r\n<!-- B234A-->\r\n<div class=\"col-md-12\">\r\n    <div class=\"v-box\">\r\n      <div class=\"v-box-thumb\">    \r\n        <div class=\"kw-highlight-date\">21. Oktober<\/div>\r\n      <\/div>\r\n      <div class=\"v-box-content\">\r\n        <h4 class=\"kw-kurstitel\"><a href=\"https:\/\/www.klarenthal-vbw.de\/programm\/kw\/bereich\/kursdetails\/kurs\/262%20REI%2002\/kursname\/Polen%20-%20Gans%20deftig\/\" title=\"Polen - Gans deftig\">Polen - Gans deftig<\/a><\/h4>  \r\n        <ul class=\"kw-kurs-properties\">\r\n            <li>Ort: <span class=\"bold\"><\/span>\n<\/li>\r\n            <li>Uhrzeit: <span class=\"bold\">06:30 - 18:00 Uhr<\/span>\n<\/li>\r\n            <li>Kosten: <span class=\"bold\">1349,00 &euro;<\/span>\n<\/li>\r\n        <\/ul>\r\n    \r\n        <div class=\"text-right v-box-footer\">\r\n          <a href=\"https:\/\/www.klarenthal-vbw.de\/programm\/kw\/bereich\/kursdetails\/kurs\/262%20REI%2002\/kursname\/Polen%20-%20Gans%20deftig\/\" class=\"btn btn-mainColor btn-animated\">weitere Details<span class=\"arrow-right\"><\/span><\/a>\r\n        <\/div>\r\n      <\/div>\r\n    <\/div>\r\n    <\/div>\r\n    <!-- B234E -->\r\n\r\n\r\n<!-- B234A-->\r\n<div class=\"col-md-12\">\r\n    <div class=\"v-box\">\r\n      <div class=\"v-box-thumb\">    \r\n        <div class=\"kw-highlight-date\">11. August<\/div>\r\n      <\/div>\r\n      <div class=\"v-box-content\">\r\n        <h4 class=\"kw-kurstitel\"><a href=\"https:\/\/www.klarenthal-vbw.de\/programm\/kw\/bereich\/kursdetails\/kurs\/262%20SEN%2008\/kursname\/Naehen-%20Stricken%20und%20Co\/\" title=\"N&auml;hen- Stricken und Co. f&uuml;r alle Interessierte\">N&auml;hen- Stricken und Co.<\/a><\/h4>  \r\n        <ul class=\"kw-kurs-properties\">\r\n            <li>Ort: <span class=\"bold\"><\/span>\n<\/li>\r\n            <li>Uhrzeit: <span class=\"bold\">10:00 - 12:00 Uhr<\/span>\n<\/li>\r\n            <li>Kosten: <span class=\"bold\">0,00 &euro;<\/span>\n<\/li>\r\n        <\/ul>\r\n    \r\n        <div class=\"text-right v-box-footer\">\r\n          <a href=\"https:\/\/www.klarenthal-vbw.de\/programm\/kw\/bereich\/kursdetails\/kurs\/262%20SEN%2008\/kursname\/Naehen-%20Stricken%20und%20Co\/\" class=\"btn btn-mainColor btn-animated\">weitere Details<span class=\"arrow-right\"><\/span><\/a>\r\n        <\/div>\r\n      <\/div>\r\n    <\/div>\r\n    <\/div>\r\n    <!-- B234E -->\r\n\r\n\r\n<!-- B234A-->\r\n<div class=\"col-md-12\">\r\n    <div class=\"v-box\">\r\n      <div class=\"v-box-thumb\">    \r\n        <div class=\"kw-highlight-date\">13. August<\/div>\r\n      <\/div>\r\n      <div class=\"v-box-content\">\r\n        <h4 class=\"kw-kurstitel\"><a href=\"https:\/\/www.klarenthal-vbw.de\/programm\/kw\/bereich\/kursdetails\/kurs\/262%20SEN%2017\/kursname\/Smartphone%20Laptop%20PC%20Ehrenamtliche%20helfen%20in%20Klarenthal%20woechentlich\/\" title=\"Smartphone, Laptop, PC: Ehrenamtliche helfen in Klarenthal w&ouml;chentlich\">Smartphone, Laptop, PC: Ehrenamtliche helfen in Klarenthal w&ouml;chentlich<\/a><\/h4>  \r\n        <ul class=\"kw-kurs-properties\">\r\n            <li>Ort: <span class=\"bold\"><\/span>\n<\/li>\r\n            <li>Uhrzeit: <span class=\"bold\">13:30 - 15:00 Uhr<\/span>\n<\/li>\r\n            <li>Kosten: <span class=\"bold\">0,00 &euro;<\/span>\n<\/li>\r\n        <\/ul>\r\n    \r\n        <div class=\"text-right v-box-footer\">\r\n          <a href=\"https:\/\/www.klarenthal-vbw.de\/programm\/kw\/bereich\/kursdetails\/kurs\/262%20SEN%2017\/kursname\/Smartphone%20Laptop%20PC%20Ehrenamtliche%20helfen%20in%20Klarenthal%20woechentlich\/\" class=\"btn btn-mainColor btn-animated\">weitere Details<span class=\"arrow-right\"><\/span><\/a>\r\n        <\/div>\r\n      <\/div>\r\n    <\/div>\r\n    <\/div>\r\n    <!-- B234E -->\r\n\r\n\r\n<!-- B234A-->\r\n<div class=\"col-md-12\">\r\n    <div class=\"v-box\">\r\n      <div class=\"v-box-thumb\">    \r\n        <div class=\"kw-highlight-date\">25. Juni<\/div>\r\n      <\/div>\r\n      <div class=\"v-box-content\">\r\n        <h4 class=\"kw-kurstitel\"><a href=\"https:\/\/www.klarenthal-vbw.de\/programm\/kw\/bereich\/kursdetails\/kurs\/261%20SEN%2028\/kursname\/Workshop%20Online%20Banking%20-%20Bankgeschaefte%20bequem%20von%20zu%20Hause%20aus%20kostenfrei\/\" title=\"Neue Vortragsreihe der Digi-Lotsen: Online Banking - Bankgesch&auml;fte bequem von zu Hause aus (kostenfrei)\">Workshop: Online Banking - Bankgesch&auml;fte bequem von zu Hause aus (kostenfrei)<\/a><\/h4>  \r\n        <ul class=\"kw-kurs-properties\">\r\n            <li>Ort: <span class=\"bold\"><\/span>\n<\/li>\r\n            <li>Uhrzeit: <span class=\"bold\">13:30 - 14:30 Uhr<\/span>\n<\/li>\r\n            <li>Kosten: <span class=\"bold\">0,00 &euro;<\/span>\n<\/li>\r\n        <\/ul>\r\n    \r\n        <div class=\"text-right v-box-footer\">\r\n          <a href=\"https:\/\/www.klarenthal-vbw.de\/programm\/kw\/bereich\/kursdetails\/kurs\/261%20SEN%2028\/kursname\/Workshop%20Online%20Banking%20-%20Bankgeschaefte%20bequem%20von%20zu%20Hause%20aus%20kostenfrei\/\" class=\"btn btn-mainColor btn-animated\">weitere Details<span class=\"arrow-right\"><\/span><\/a>\r\n        <\/div>\r\n      <\/div>\r\n    <\/div>\r\n    <\/div>\r\n    <!-- B234E -->\r\n\r\n\r\n<!-- F234A-->\r\n<\/div>\r\n<\/div>\r\n<\/div><!-- Footer 234E -->\n\n","protected":false},"excerpt":{"rendered":"","protected":false},"author":2,"featured_media":0,"parent":3240,"menu_order":0,"comment_status":"closed","ping_status":"closed","template":"","meta":{"_acf_changed":false,"footnotes":""},"categories":[],"tags":[],"folder":[14],"class_list":["post-3583","page","type-page","status-publish","hentry"],"acf":[],"yoast_head":"<!-- This site is optimized with the Yoast SEO plugin v27.4 - https:\/\/yoast.com\/product\/yoast-seo-wordpress\/ -->\n<title>Najwa\u017cniejsze informacje o kursie - Volksbildungswerk Klarenthal e.V.<\/title>\n<meta name=\"description\" content=\"Zainspiruj si\u0119 naszymi najlepszymi kursami i we\u017a udzia\u0142 w kolejnym. B\u0105d\u017a cz\u0119\u015bci\u0105 VBW.\" \/>\n<meta name=\"robots\" content=\"index, follow, max-snippet:-1, max-image-preview:large, max-video-preview:-1\" \/>\n<link rel=\"canonical\" href=\"https:\/\/www.klarenthal-vbw.de\/pl\/program\/najwazniejsze-informacje-o-kursie\/\" \/>\n<meta property=\"og:locale\" content=\"pl_PL\" \/>\n<meta property=\"og:type\" content=\"article\" \/>\n<meta property=\"og:title\" content=\"Najwa\u017cniejsze informacje o kursie - Volksbildungswerk Klarenthal e.V.\" \/>\n<meta property=\"og:description\" content=\"Zainspiruj si\u0119 naszymi najlepszymi kursami i we\u017a udzia\u0142 w kolejnym. B\u0105d\u017a cz\u0119\u015bci\u0105 VBW.\" \/>\n<meta property=\"og:url\" content=\"https:\/\/www.klarenthal-vbw.de\/pl\/program\/najwazniejsze-informacje-o-kursie\/\" \/>\n<meta property=\"og:site_name\" content=\"Volksbildungswerk Klarenthal e.V.\" \/>\n<meta property=\"article:modified_time\" content=\"2025-03-11T00:17:54+00:00\" \/>\n<meta name=\"twitter:card\" content=\"summary_large_image\" \/>\n<meta name=\"twitter:label1\" content=\"Szacowany czas czytania\" \/>\n\t<meta name=\"twitter:data1\" content=\"1 minuta\" \/>\n<script type=\"application\/ld+json\" class=\"yoast-schema-graph\">{\"@context\":\"https:\\\/\\\/schema.org\",\"@graph\":[{\"@type\":\"WebPage\",\"@id\":\"https:\\\/\\\/www.klarenthal-vbw.de\\\/pl\\\/program\\\/najwazniejsze-informacje-o-kursie\\\/\",\"url\":\"https:\\\/\\\/www.klarenthal-vbw.de\\\/pl\\\/program\\\/najwazniejsze-informacje-o-kursie\\\/\",\"name\":\"Najwa\u017cniejsze informacje o kursie - Volksbildungswerk Klarenthal e.V.\",\"isPartOf\":{\"@id\":\"https:\\\/\\\/www.klarenthal-vbw.de\\\/pl\\\/#website\"},\"datePublished\":\"2018-03-23T10:39:25+00:00\",\"dateModified\":\"2025-03-11T00:17:54+00:00\",\"description\":\"Zainspiruj si\u0119 naszymi najlepszymi kursami i we\u017a udzia\u0142 w kolejnym. B\u0105d\u017a cz\u0119\u015bci\u0105 VBW.\",\"breadcrumb\":{\"@id\":\"https:\\\/\\\/www.klarenthal-vbw.de\\\/pl\\\/program\\\/najwazniejsze-informacje-o-kursie\\\/#breadcrumb\"},\"inLanguage\":\"pl-PL\",\"potentialAction\":[{\"@type\":\"ReadAction\",\"target\":[\"https:\\\/\\\/www.klarenthal-vbw.de\\\/pl\\\/program\\\/najwazniejsze-informacje-o-kursie\\\/\"]}]},{\"@type\":\"BreadcrumbList\",\"@id\":\"https:\\\/\\\/www.klarenthal-vbw.de\\\/pl\\\/program\\\/najwazniejsze-informacje-o-kursie\\\/#breadcrumb\",\"itemListElement\":[{\"@type\":\"ListItem\",\"position\":1,\"name\":\"Startseite\",\"item\":\"https:\\\/\\\/www.klarenthal-vbw.de\\\/pl\\\/\"},{\"@type\":\"ListItem\",\"position\":2,\"name\":\"Program\",\"item\":\"https:\\\/\\\/www.klarenthal-vbw.de\\\/pl\\\/program\\\/\"},{\"@type\":\"ListItem\",\"position\":3,\"name\":\"Najwa\u017cniejsze informacje o kursie\"}]},{\"@type\":\"WebSite\",\"@id\":\"https:\\\/\\\/www.klarenthal-vbw.de\\\/pl\\\/#website\",\"url\":\"https:\\\/\\\/www.klarenthal-vbw.de\\\/pl\\\/\",\"name\":\"Volksbildungswerk Klarenthal e.V.\",\"description\":\"Chancen. Bildung. Perspektiven\",\"publisher\":{\"@id\":\"https:\\\/\\\/www.klarenthal-vbw.de\\\/pl\\\/#organization\"},\"potentialAction\":[{\"@type\":\"SearchAction\",\"target\":{\"@type\":\"EntryPoint\",\"urlTemplate\":\"https:\\\/\\\/www.klarenthal-vbw.de\\\/pl\\\/?s={search_term_string}\"},\"query-input\":{\"@type\":\"PropertyValueSpecification\",\"valueRequired\":true,\"valueName\":\"search_term_string\"}}],\"inLanguage\":\"pl-PL\"},{\"@type\":\"Organization\",\"@id\":\"https:\\\/\\\/www.klarenthal-vbw.de\\\/pl\\\/#organization\",\"name\":\"Volksbildungswerk Klarenthal e.V.\",\"url\":\"https:\\\/\\\/www.klarenthal-vbw.de\\\/pl\\\/\",\"logo\":{\"@type\":\"ImageObject\",\"inLanguage\":\"pl-PL\",\"@id\":\"https:\\\/\\\/www.klarenthal-vbw.de\\\/pl\\\/#\\\/schema\\\/logo\\\/image\\\/\",\"url\":\"https:\\\/\\\/www.klarenthal-vbw.de\\\/wp-content\\\/uploads\\\/2025\\\/02\\\/logo.svg\",\"contentUrl\":\"https:\\\/\\\/www.klarenthal-vbw.de\\\/wp-content\\\/uploads\\\/2025\\\/02\\\/logo.svg\",\"caption\":\"Volksbildungswerk Klarenthal e.V.\"},\"image\":{\"@id\":\"https:\\\/\\\/www.klarenthal-vbw.de\\\/pl\\\/#\\\/schema\\\/logo\\\/image\\\/\"}}]}<\/script>\n<!-- \/ Yoast SEO plugin. -->","yoast_head_json":{"title":"Najwa\u017cniejsze informacje o kursie - Volksbildungswerk Klarenthal e.V.","description":"Zainspiruj si\u0119 naszymi najlepszymi kursami i we\u017a udzia\u0142 w kolejnym. B\u0105d\u017a cz\u0119\u015bci\u0105 VBW.","robots":{"index":"index","follow":"follow","max-snippet":"max-snippet:-1","max-image-preview":"max-image-preview:large","max-video-preview":"max-video-preview:-1"},"canonical":"https:\/\/www.klarenthal-vbw.de\/pl\/program\/najwazniejsze-informacje-o-kursie\/","og_locale":"pl_PL","og_type":"article","og_title":"Najwa\u017cniejsze informacje o kursie - Volksbildungswerk Klarenthal e.V.","og_description":"Zainspiruj si\u0119 naszymi najlepszymi kursami i we\u017a udzia\u0142 w kolejnym. B\u0105d\u017a cz\u0119\u015bci\u0105 VBW.","og_url":"https:\/\/www.klarenthal-vbw.de\/pl\/program\/najwazniejsze-informacje-o-kursie\/","og_site_name":"Volksbildungswerk Klarenthal e.V.","article_modified_time":"2025-03-11T00:17:54+00:00","twitter_card":"summary_large_image","twitter_misc":{"Szacowany czas czytania":"1 minuta"},"schema":{"@context":"https:\/\/schema.org","@graph":[{"@type":"WebPage","@id":"https:\/\/www.klarenthal-vbw.de\/pl\/program\/najwazniejsze-informacje-o-kursie\/","url":"https:\/\/www.klarenthal-vbw.de\/pl\/program\/najwazniejsze-informacje-o-kursie\/","name":"Najwa\u017cniejsze informacje o kursie - Volksbildungswerk Klarenthal e.V.","isPartOf":{"@id":"https:\/\/www.klarenthal-vbw.de\/pl\/#website"},"datePublished":"2018-03-23T10:39:25+00:00","dateModified":"2025-03-11T00:17:54+00:00","description":"Zainspiruj si\u0119 naszymi najlepszymi kursami i we\u017a udzia\u0142 w kolejnym. B\u0105d\u017a cz\u0119\u015bci\u0105 VBW.","breadcrumb":{"@id":"https:\/\/www.klarenthal-vbw.de\/pl\/program\/najwazniejsze-informacje-o-kursie\/#breadcrumb"},"inLanguage":"pl-PL","potentialAction":[{"@type":"ReadAction","target":["https:\/\/www.klarenthal-vbw.de\/pl\/program\/najwazniejsze-informacje-o-kursie\/"]}]},{"@type":"BreadcrumbList","@id":"https:\/\/www.klarenthal-vbw.de\/pl\/program\/najwazniejsze-informacje-o-kursie\/#breadcrumb","itemListElement":[{"@type":"ListItem","position":1,"name":"Startseite","item":"https:\/\/www.klarenthal-vbw.de\/pl\/"},{"@type":"ListItem","position":2,"name":"Program","item":"https:\/\/www.klarenthal-vbw.de\/pl\/program\/"},{"@type":"ListItem","position":3,"name":"Najwa\u017cniejsze informacje o kursie"}]},{"@type":"WebSite","@id":"https:\/\/www.klarenthal-vbw.de\/pl\/#website","url":"https:\/\/www.klarenthal-vbw.de\/pl\/","name":"Volksbildungswerk Klarenthal e.V.","description":"Chancen. Bildung. Perspektiven","publisher":{"@id":"https:\/\/www.klarenthal-vbw.de\/pl\/#organization"},"potentialAction":[{"@type":"SearchAction","target":{"@type":"EntryPoint","urlTemplate":"https:\/\/www.klarenthal-vbw.de\/pl\/?s={search_term_string}"},"query-input":{"@type":"PropertyValueSpecification","valueRequired":true,"valueName":"search_term_string"}}],"inLanguage":"pl-PL"},{"@type":"Organization","@id":"https:\/\/www.klarenthal-vbw.de\/pl\/#organization","name":"Volksbildungswerk Klarenthal e.V.","url":"https:\/\/www.klarenthal-vbw.de\/pl\/","logo":{"@type":"ImageObject","inLanguage":"pl-PL","@id":"https:\/\/www.klarenthal-vbw.de\/pl\/#\/schema\/logo\/image\/","url":"https:\/\/www.klarenthal-vbw.de\/wp-content\/uploads\/2025\/02\/logo.svg","contentUrl":"https:\/\/www.klarenthal-vbw.de\/wp-content\/uploads\/2025\/02\/logo.svg","caption":"Volksbildungswerk Klarenthal e.V."},"image":{"@id":"https:\/\/www.klarenthal-vbw.de\/pl\/#\/schema\/logo\/image\/"}}]}},"_links":{"self":[{"href":"https:\/\/www.klarenthal-vbw.de\/pl\/wp-json\/wp\/v2\/pages\/3583","targetHints":{"allow":["GET"]}}],"collection":[{"href":"https:\/\/www.klarenthal-vbw.de\/pl\/wp-json\/wp\/v2\/pages"}],"about":[{"href":"https:\/\/www.klarenthal-vbw.de\/pl\/wp-json\/wp\/v2\/types\/page"}],"author":[{"embeddable":true,"href":"https:\/\/www.klarenthal-vbw.de\/pl\/wp-json\/wp\/v2\/users\/2"}],"replies":[{"embeddable":true,"href":"https:\/\/www.klarenthal-vbw.de\/pl\/wp-json\/wp\/v2\/comments?post=3583"}],"version-history":[{"count":0,"href":"https:\/\/www.klarenthal-vbw.de\/pl\/wp-json\/wp\/v2\/pages\/3583\/revisions"}],"up":[{"embeddable":true,"href":"https:\/\/www.klarenthal-vbw.de\/pl\/wp-json\/wp\/v2\/pages\/3240"}],"wp:attachment":[{"href":"https:\/\/www.klarenthal-vbw.de\/pl\/wp-json\/wp\/v2\/media?parent=3583"}],"wp:term":[{"taxonomy":"category","embeddable":true,"href":"https:\/\/www.klarenthal-vbw.de\/pl\/wp-json\/wp\/v2\/categories?post=3583"},{"taxonomy":"post_tag","embeddable":true,"href":"https:\/\/www.klarenthal-vbw.de\/pl\/wp-json\/wp\/v2\/tags?post=3583"},{"taxonomy":"folder","embeddable":true,"href":"https:\/\/www.klarenthal-vbw.de\/pl\/wp-json\/wp\/v2\/folder?post=3583"}],"curies":[{"name":"wp","href":"https:\/\/api.w.org\/{rel}","templated":true}]}}