{"id":4668,"date":"2025-02-27T22:05:00","date_gmt":"2025-02-27T21:05:00","guid":{"rendered":"https:\/\/vbw.entwicklung-mediengewerk.de\/praca-spoleczna\/"},"modified":"2025-07-30T15:24:29","modified_gmt":"2025-07-30T13:24:29","slug":"praca-spoleczna","status":"publish","type":"page","link":"https:\/\/www.klarenthal-vbw.de\/pl\/spoleczna-praca-sasiedzka\/praca-spoleczna\/","title":{"rendered":"Praca spo\u0142eczna"},"content":{"rendered":"\t\t<div data-elementor-type=\"wp-page\" data-elementor-id=\"4668\" class=\"elementor elementor-4668 elementor-3661\" data-elementor-post-type=\"page\">\n\t\t\t\t<div class=\"elementor-element elementor-element-4f714338 e-flex e-con-boxed e-con e-parent\" data-id=\"4f714338\" data-element_type=\"container\">\n\t\t\t\t\t<div class=\"e-con-inner\">\n\t\t\t\t<div class=\"elementor-element elementor-element-eed7869 animated-slow elementor-widget__width-initial elementor-view-default elementor-invisible elementor-widget elementor-widget-icon\" data-id=\"eed7869\" data-element_type=\"widget\" data-settings=\"{&quot;_animation&quot;:&quot;fadeIn&quot;}\" data-widget_type=\"icon.default\">\n\t\t\t\t<div class=\"elementor-widget-container\">\n\t\t\t\t\t\t\t<div class=\"elementor-icon-wrapper\">\n\t\t\t<div class=\"elementor-icon\">\n\t\t\t<svg xmlns=\"http:\/\/www.w3.org\/2000\/svg\" id=\"Ebene_1\" viewBox=\"0 0 24 24\"><path d=\"M5,17.55c-1.682,0-3.05-1.368-3.05-3.05s1.368-3.05,3.05-3.05,3.05,1.368,3.05,3.05-1.368,3.05-3.05,3.05ZM5,11.55c-1.626,0-2.95,1.324-2.95,2.95s1.324,2.95,2.95,2.95,2.95-1.323,2.95-2.95-1.324-2.95-2.95-2.95Z\"><\/path><path d=\"M9.5,23.55c-.028,0-.05-.022-.05-.05,0-2.454-1.997-4.45-4.45-4.45s-4.45,1.996-4.45,4.45c0,.027-.022.05-.05.05s-.05-.022-.05-.05c0-2.509,2.041-4.55,4.55-4.55s4.55,2.041,4.55,4.55c0,.027-.022.05-.05.05Z\"><\/path><path d=\"M13.019,18.262c-1.417,0-2.568-1.152-2.568-2.568s1.152-2.569,2.568-2.569,2.569,1.152,2.569,2.569-1.152,2.568-2.569,2.568ZM13.019,13.224c-1.361,0-2.469,1.108-2.469,2.47s1.107,2.469,2.469,2.469,2.47-1.107,2.47-2.469-1.108-2.47-2.47-2.47Z\"><\/path><path d=\"M16.8,23.55c-.027,0-.05-.022-.05-.05,0-2.056-1.674-3.729-3.73-3.729-.74,0-1.455.219-2.069.629-.023.013-.053.009-.069-.015-.016-.022-.009-.054.014-.069.63-.421,1.365-.644,2.125-.645,2.112,0,3.83,1.717,3.83,3.828,0,.027-.022.05-.05.05Z\"><\/path><path d=\"M20.375,19.6c-.475,0-.92-.186-1.256-.521-.335-.336-.52-.781-.519-1.256v-.002c0-.475.185-.92.521-1.256.335-.334.78-.519,1.254-.519h.002c.475,0,.92.185,1.256.521s.52.781.519,1.256c0,.98-.797,1.776-1.776,1.776ZM20.375,16.146c-.447,0-.867.174-1.184.49s-.491.737-.491,1.185v.002c0,.447.174.868.49,1.185.316.317.737.491,1.185.492.925,0,1.677-.752,1.677-1.676,0-.448-.174-.87-.49-1.187s-.737-.491-1.185-.491h-.002ZM18.65,17.823h0,0Z\"><\/path><path d=\"M22.964,23.55c-.027,0-.05-.022-.05-.05,0-1.4-1.14-2.539-2.54-2.539-.503,0-.99.148-1.408.428-.021.014-.054.009-.069-.015-.015-.022-.009-.054.015-.069.434-.289.939-.442,1.463-.443,1.456,0,2.64,1.184,2.64,2.639,0,.027-.022.05-.05.05Z\"><\/path><path d=\"M3.5,9.55c-.028,0-.05-.022-.05-.05V.5c0-.028.022-.05.05-.05s.05.022.05.05v9c0,.028-.022.05-.05.05Z\"><\/path><path d=\"M23.5,10.55h-9c-1.13,0-2.05-.919-2.05-2.05v-1c0-.028.022-.05.05-.05s.05.022.05.05v1c0,1.075.875,1.95,1.95,1.95h8.862l-2.895-2.412c-.011-.01-.018-.024-.018-.039s.007-.029.018-.039l2.895-2.412h-6.862c-.027,0-.05-.022-.05-.05s.022-.05.05-.05h7c.021,0,.04.013.047.033.007.02,0,.042-.015.056l-2.954,2.461,2.954,2.461c.016.014.021.036.015.056-.007.02-.025.033-.047.033Z\"><\/path><path d=\"M16,7.05c-.027,0-.05-.022-.05-.05,0-.799-.65-1.45-1.45-1.45H3.5c-.028,0-.05-.022-.05-.05V.5c0-.028.022-.05.05-.05h11c.854,0,1.55.695,1.55,1.55v5c0,.028-.022.05-.05.05ZM3.55,5.45h10.95c.662,0,1.229.417,1.45,1.002V2c0-.799-.65-1.45-1.45-1.45H3.55v4.9Z\"><\/path><\/svg>\t\t\t<\/div>\n\t\t<\/div>\n\t\t\t\t\t\t<\/div>\n\t\t\t\t<\/div>\n\t\t\t\t<div class=\"elementor-element elementor-element-365e9355 elementor-widget elementor-widget-text-editor\" data-id=\"365e9355\" data-element_type=\"widget\" data-widget_type=\"text-editor.default\">\n\t\t\t\t<div class=\"elementor-widget-container\">\n\t\t\t\t\t\t\t\t\t\n<h2 class=\"wp-block-heading\">Praca spo\u0142eczna &#8211; wzmacnianie struktur spo\u0142ecznych w Klarenthal<\/h2>\n\n\n\n<p>Praca spo\u0142eczna (GWA) jest kluczowym instrumentem poprawy jako\u015bci \u017cycia w dzielnicach o szczeg\u00f3lnych wyzwaniach spo\u0142ecznych. W Klarenthal jeste\u015bmy zaanga\u017cowani we wzmacnianie grup znajduj\u0105cych si\u0119 w niekorzystnej sytuacji, promowanie integracji i budowanie sieci spo\u0142ecznych. Naszym celem jest zapewnienie, aby wszyscy mieszka\u0144cy dzielnicy czuli si\u0119 cz\u0119\u015bci\u0105 spo\u0142eczno\u015bci i mogli aktywnie uczestniczy\u0107 w swoim \u015brodowisku.  <\/p>\n\n\n\n<h2 class=\"wp-block-heading\">GWA &#8211; KlAAr &#8211; Punkt kontaktowy dla os\u00f3b ubogich w Klarenthal&nbsp;<\/h2>\n\n\n\n<p>Nasz projekt &#8222;KlAAr &#8211; kontakt dla ub\u00f3stwa w Klarenthal&#8221; &#8211; dla szcz\u0119\u015bliwego \u017cycia za niewiele, jest kontynuowany w 2025 roku i nie jest ju\u017c skierowany tylko do senior\u00f3w z Klarenthal, ale tak\u017ce do rodzin i dzieci. Wiemy, \u017ce ub\u00f3stwo jest problemem dla wielu ludzi i \u017ce wiele os\u00f3b musi sobie radzi\u0107 przy niskim bud\u017cecie. Ale rozumiemy ub\u00f3stwo nie tylko jako deficyt materialny, ale tak\u017ce jako co\u015b wi\u0119cej: samotno\u015b\u0107, brak mo\u017cliwo\u015bci uczestniczenia w \u017cyciu kulturalnym i spo\u0142ecznym, brak motywacji. Od tego chcemy zacz\u0105\u0107 i pomaga\u0107 mieszka\u0144com naszej dzielnicy na r\u00f3\u017cne sposoby. Nasze mo\u017cliwo\u015bci spotka\u0144 w kawiarni dzielnicowej z popo\u0142udniami informacyjnymi i nasze oferty rodzinne w KiEZ z mo\u017cliwo\u015bciami doradztwa maj\u0105 na celu zapewnienie r\u00f3\u017cnorodno\u015bci i kontaktu. Mo\u017cliwe dzi\u0119ki bud\u017cetowi spo\u0142ecznemu itp.     <\/p>\n\n\n\n<p><br>Praca spo\u0142eczna w Klarenthal jest finansowana przez Ministerstwo Spraw Spo\u0142ecznych i Integracji Hesji i spe\u0142nia surowe standardy jako\u015bci programu pa\u0144stwowego. Dzia\u0142ania public relations s\u0105 prowadzone w \u015bcis\u0142ej wsp\u00f3\u0142pracy z ministerstwem, aby zapewni\u0107 przejrzyst\u0105 i skuteczn\u0105 komunikacj\u0119 projekt\u00f3w. Wsp\u00f3lnie z naszymi partnerami i mieszka\u0144cami tworzymy Klarenthal bardziej przyjazny do \u017cycia &#8211; krok po kroku.  <\/p>\n\t\t\t\t\t\t\t\t<\/div>\n\t\t\t\t<\/div>\n\t\t\t\t\t<\/div>\n\t\t\t\t<\/div>\n\t\t\t\t<\/div>\n\t\t","protected":false},"excerpt":{"rendered":"<p>Praca spo\u0142eczna &#8211; wzmacnianie struktur spo\u0142ecznych w Klarenthal Praca spo\u0142eczna (GWA) jest kluczowym instrumentem poprawy jako\u015bci \u017cycia w dzielnicach o szczeg\u00f3lnych wyzwaniach spo\u0142ecznych. W Klarenthal jeste\u015bmy zaanga\u017cowani we wzmacnianie grup znajduj\u0105cych si\u0119 w niekorzystnej sytuacji, promowanie integracji i budowanie sieci spo\u0142ecznych. Naszym celem jest zapewnienie, aby wszyscy mieszka\u0144cy dzielnicy czuli si\u0119 cz\u0119\u015bci\u0105 spo\u0142eczno\u015bci i mogli [&hellip;]<\/p>\n","protected":false},"author":8,"featured_media":0,"parent":4735,"menu_order":0,"comment_status":"closed","ping_status":"closed","template":"","meta":{"_acf_changed":false,"footnotes":""},"categories":[],"tags":[208],"folder":[15],"class_list":["post-4668","page","type-page","status-publish","hentry","tag-praca-spoleczna"],"acf":[],"yoast_head":"<!-- This site is optimized with the Yoast SEO plugin v27.4 - https:\/\/yoast.com\/product\/yoast-seo-wordpress\/ -->\n<title>Praca spo\u0142eczna - Volksbildungswerk Klarenthal e.V.<\/title>\n<meta name=\"robots\" content=\"index, follow, max-snippet:-1, max-image-preview:large, max-video-preview:-1\" \/>\n<link rel=\"canonical\" href=\"https:\/\/www.klarenthal-vbw.de\/pl\/spoleczna-praca-sasiedzka\/praca-spoleczna\/\" \/>\n<meta property=\"og:locale\" content=\"pl_PL\" \/>\n<meta property=\"og:type\" content=\"article\" \/>\n<meta property=\"og:title\" content=\"Praca spo\u0142eczna - Volksbildungswerk Klarenthal e.V.\" \/>\n<meta property=\"og:description\" content=\"Praca spo\u0142eczna &#8211; wzmacnianie struktur spo\u0142ecznych w Klarenthal Praca spo\u0142eczna (GWA) jest kluczowym instrumentem poprawy jako\u015bci \u017cycia w dzielnicach o szczeg\u00f3lnych wyzwaniach spo\u0142ecznych. W Klarenthal jeste\u015bmy zaanga\u017cowani we wzmacnianie grup znajduj\u0105cych si\u0119 w niekorzystnej sytuacji, promowanie integracji i budowanie sieci spo\u0142ecznych. Naszym celem jest zapewnienie, aby wszyscy mieszka\u0144cy dzielnicy czuli si\u0119 cz\u0119\u015bci\u0105 spo\u0142eczno\u015bci i mogli [&hellip;]\" \/>\n<meta property=\"og:url\" content=\"https:\/\/www.klarenthal-vbw.de\/pl\/spoleczna-praca-sasiedzka\/praca-spoleczna\/\" \/>\n<meta property=\"og:site_name\" content=\"Volksbildungswerk Klarenthal e.V.\" \/>\n<meta property=\"article:modified_time\" content=\"2025-07-30T13:24:29+00:00\" \/>\n<meta name=\"twitter:card\" content=\"summary_large_image\" \/>\n<meta name=\"twitter:label1\" content=\"Szacowany czas czytania\" \/>\n\t<meta name=\"twitter:data1\" content=\"1 minuta\" \/>\n<script type=\"application\/ld+json\" class=\"yoast-schema-graph\">{\"@context\":\"https:\\\/\\\/schema.org\",\"@graph\":[{\"@type\":\"WebPage\",\"@id\":\"https:\\\/\\\/www.klarenthal-vbw.de\\\/pl\\\/spoleczna-praca-sasiedzka\\\/praca-spoleczna\\\/\",\"url\":\"https:\\\/\\\/www.klarenthal-vbw.de\\\/pl\\\/spoleczna-praca-sasiedzka\\\/praca-spoleczna\\\/\",\"name\":\"Praca spo\u0142eczna - Volksbildungswerk Klarenthal e.V.\",\"isPartOf\":{\"@id\":\"https:\\\/\\\/www.klarenthal-vbw.de\\\/pl\\\/#website\"},\"datePublished\":\"2025-02-27T21:05:00+00:00\",\"dateModified\":\"2025-07-30T13:24:29+00:00\",\"breadcrumb\":{\"@id\":\"https:\\\/\\\/www.klarenthal-vbw.de\\\/pl\\\/spoleczna-praca-sasiedzka\\\/praca-spoleczna\\\/#breadcrumb\"},\"inLanguage\":\"pl-PL\",\"potentialAction\":[{\"@type\":\"ReadAction\",\"target\":[\"https:\\\/\\\/www.klarenthal-vbw.de\\\/pl\\\/spoleczna-praca-sasiedzka\\\/praca-spoleczna\\\/\"]}]},{\"@type\":\"BreadcrumbList\",\"@id\":\"https:\\\/\\\/www.klarenthal-vbw.de\\\/pl\\\/spoleczna-praca-sasiedzka\\\/praca-spoleczna\\\/#breadcrumb\",\"itemListElement\":[{\"@type\":\"ListItem\",\"position\":1,\"name\":\"Startseite\",\"item\":\"https:\\\/\\\/www.klarenthal-vbw.de\\\/pl\\\/\"},{\"@type\":\"ListItem\",\"position\":2,\"name\":\"Spo\u0142eczna praca s\u0105siedzka\",\"item\":\"https:\\\/\\\/www.klarenthal-vbw.de\\\/pl\\\/spoleczna-praca-sasiedzka\\\/\"},{\"@type\":\"ListItem\",\"position\":3,\"name\":\"Praca spo\u0142eczna\"}]},{\"@type\":\"WebSite\",\"@id\":\"https:\\\/\\\/www.klarenthal-vbw.de\\\/pl\\\/#website\",\"url\":\"https:\\\/\\\/www.klarenthal-vbw.de\\\/pl\\\/\",\"name\":\"Volksbildungswerk Klarenthal e.V.\",\"description\":\"Chancen. Bildung. Perspektiven\",\"publisher\":{\"@id\":\"https:\\\/\\\/www.klarenthal-vbw.de\\\/pl\\\/#organization\"},\"potentialAction\":[{\"@type\":\"SearchAction\",\"target\":{\"@type\":\"EntryPoint\",\"urlTemplate\":\"https:\\\/\\\/www.klarenthal-vbw.de\\\/pl\\\/?s={search_term_string}\"},\"query-input\":{\"@type\":\"PropertyValueSpecification\",\"valueRequired\":true,\"valueName\":\"search_term_string\"}}],\"inLanguage\":\"pl-PL\"},{\"@type\":\"Organization\",\"@id\":\"https:\\\/\\\/www.klarenthal-vbw.de\\\/pl\\\/#organization\",\"name\":\"Volksbildungswerk Klarenthal e.V.\",\"url\":\"https:\\\/\\\/www.klarenthal-vbw.de\\\/pl\\\/\",\"logo\":{\"@type\":\"ImageObject\",\"inLanguage\":\"pl-PL\",\"@id\":\"https:\\\/\\\/www.klarenthal-vbw.de\\\/pl\\\/#\\\/schema\\\/logo\\\/image\\\/\",\"url\":\"https:\\\/\\\/www.klarenthal-vbw.de\\\/wp-content\\\/uploads\\\/2025\\\/02\\\/logo.svg\",\"contentUrl\":\"https:\\\/\\\/www.klarenthal-vbw.de\\\/wp-content\\\/uploads\\\/2025\\\/02\\\/logo.svg\",\"caption\":\"Volksbildungswerk Klarenthal e.V.\"},\"image\":{\"@id\":\"https:\\\/\\\/www.klarenthal-vbw.de\\\/pl\\\/#\\\/schema\\\/logo\\\/image\\\/\"}}]}<\/script>\n<!-- \/ Yoast SEO plugin. -->","yoast_head_json":{"title":"Praca spo\u0142eczna - Volksbildungswerk Klarenthal e.V.","robots":{"index":"index","follow":"follow","max-snippet":"max-snippet:-1","max-image-preview":"max-image-preview:large","max-video-preview":"max-video-preview:-1"},"canonical":"https:\/\/www.klarenthal-vbw.de\/pl\/spoleczna-praca-sasiedzka\/praca-spoleczna\/","og_locale":"pl_PL","og_type":"article","og_title":"Praca spo\u0142eczna - Volksbildungswerk Klarenthal e.V.","og_description":"Praca spo\u0142eczna &#8211; wzmacnianie struktur spo\u0142ecznych w Klarenthal Praca spo\u0142eczna (GWA) jest kluczowym instrumentem poprawy jako\u015bci \u017cycia w dzielnicach o szczeg\u00f3lnych wyzwaniach spo\u0142ecznych. W Klarenthal jeste\u015bmy zaanga\u017cowani we wzmacnianie grup znajduj\u0105cych si\u0119 w niekorzystnej sytuacji, promowanie integracji i budowanie sieci spo\u0142ecznych. Naszym celem jest zapewnienie, aby wszyscy mieszka\u0144cy dzielnicy czuli si\u0119 cz\u0119\u015bci\u0105 spo\u0142eczno\u015bci i mogli [&hellip;]","og_url":"https:\/\/www.klarenthal-vbw.de\/pl\/spoleczna-praca-sasiedzka\/praca-spoleczna\/","og_site_name":"Volksbildungswerk Klarenthal e.V.","article_modified_time":"2025-07-30T13:24:29+00:00","twitter_card":"summary_large_image","twitter_misc":{"Szacowany czas czytania":"1 minuta"},"schema":{"@context":"https:\/\/schema.org","@graph":[{"@type":"WebPage","@id":"https:\/\/www.klarenthal-vbw.de\/pl\/spoleczna-praca-sasiedzka\/praca-spoleczna\/","url":"https:\/\/www.klarenthal-vbw.de\/pl\/spoleczna-praca-sasiedzka\/praca-spoleczna\/","name":"Praca spo\u0142eczna - Volksbildungswerk Klarenthal e.V.","isPartOf":{"@id":"https:\/\/www.klarenthal-vbw.de\/pl\/#website"},"datePublished":"2025-02-27T21:05:00+00:00","dateModified":"2025-07-30T13:24:29+00:00","breadcrumb":{"@id":"https:\/\/www.klarenthal-vbw.de\/pl\/spoleczna-praca-sasiedzka\/praca-spoleczna\/#breadcrumb"},"inLanguage":"pl-PL","potentialAction":[{"@type":"ReadAction","target":["https:\/\/www.klarenthal-vbw.de\/pl\/spoleczna-praca-sasiedzka\/praca-spoleczna\/"]}]},{"@type":"BreadcrumbList","@id":"https:\/\/www.klarenthal-vbw.de\/pl\/spoleczna-praca-sasiedzka\/praca-spoleczna\/#breadcrumb","itemListElement":[{"@type":"ListItem","position":1,"name":"Startseite","item":"https:\/\/www.klarenthal-vbw.de\/pl\/"},{"@type":"ListItem","position":2,"name":"Spo\u0142eczna praca s\u0105siedzka","item":"https:\/\/www.klarenthal-vbw.de\/pl\/spoleczna-praca-sasiedzka\/"},{"@type":"ListItem","position":3,"name":"Praca spo\u0142eczna"}]},{"@type":"WebSite","@id":"https:\/\/www.klarenthal-vbw.de\/pl\/#website","url":"https:\/\/www.klarenthal-vbw.de\/pl\/","name":"Volksbildungswerk Klarenthal e.V.","description":"Chancen. Bildung. Perspektiven","publisher":{"@id":"https:\/\/www.klarenthal-vbw.de\/pl\/#organization"},"potentialAction":[{"@type":"SearchAction","target":{"@type":"EntryPoint","urlTemplate":"https:\/\/www.klarenthal-vbw.de\/pl\/?s={search_term_string}"},"query-input":{"@type":"PropertyValueSpecification","valueRequired":true,"valueName":"search_term_string"}}],"inLanguage":"pl-PL"},{"@type":"Organization","@id":"https:\/\/www.klarenthal-vbw.de\/pl\/#organization","name":"Volksbildungswerk Klarenthal e.V.","url":"https:\/\/www.klarenthal-vbw.de\/pl\/","logo":{"@type":"ImageObject","inLanguage":"pl-PL","@id":"https:\/\/www.klarenthal-vbw.de\/pl\/#\/schema\/logo\/image\/","url":"https:\/\/www.klarenthal-vbw.de\/wp-content\/uploads\/2025\/02\/logo.svg","contentUrl":"https:\/\/www.klarenthal-vbw.de\/wp-content\/uploads\/2025\/02\/logo.svg","caption":"Volksbildungswerk Klarenthal e.V."},"image":{"@id":"https:\/\/www.klarenthal-vbw.de\/pl\/#\/schema\/logo\/image\/"}}]}},"_links":{"self":[{"href":"https:\/\/www.klarenthal-vbw.de\/pl\/wp-json\/wp\/v2\/pages\/4668","targetHints":{"allow":["GET"]}}],"collection":[{"href":"https:\/\/www.klarenthal-vbw.de\/pl\/wp-json\/wp\/v2\/pages"}],"about":[{"href":"https:\/\/www.klarenthal-vbw.de\/pl\/wp-json\/wp\/v2\/types\/page"}],"author":[{"embeddable":true,"href":"https:\/\/www.klarenthal-vbw.de\/pl\/wp-json\/wp\/v2\/users\/8"}],"replies":[{"embeddable":true,"href":"https:\/\/www.klarenthal-vbw.de\/pl\/wp-json\/wp\/v2\/comments?post=4668"}],"version-history":[{"count":0,"href":"https:\/\/www.klarenthal-vbw.de\/pl\/wp-json\/wp\/v2\/pages\/4668\/revisions"}],"up":[{"embeddable":true,"href":"https:\/\/www.klarenthal-vbw.de\/pl\/wp-json\/wp\/v2\/pages\/4735"}],"wp:attachment":[{"href":"https:\/\/www.klarenthal-vbw.de\/pl\/wp-json\/wp\/v2\/media?parent=4668"}],"wp:term":[{"taxonomy":"category","embeddable":true,"href":"https:\/\/www.klarenthal-vbw.de\/pl\/wp-json\/wp\/v2\/categories?post=4668"},{"taxonomy":"post_tag","embeddable":true,"href":"https:\/\/www.klarenthal-vbw.de\/pl\/wp-json\/wp\/v2\/tags?post=4668"},{"taxonomy":"folder","embeddable":true,"href":"https:\/\/www.klarenthal-vbw.de\/pl\/wp-json\/wp\/v2\/folder?post=4668"}],"curies":[{"name":"wp","href":"https:\/\/api.w.org\/{rel}","templated":true}]}}