{"id":4714,"date":"2025-02-27T22:01:15","date_gmt":"2025-02-27T21:01:15","guid":{"rendered":"https:\/\/vbw.entwicklung-mediengewerk.de\/praca-w-sasiedztwie\/"},"modified":"2025-09-17T09:33:17","modified_gmt":"2025-09-17T07:33:17","slug":"praca-w-sasiedztwie","status":"publish","type":"page","link":"https:\/\/www.klarenthal-vbw.de\/pl\/spoleczna-praca-sasiedzka\/praca-w-sasiedztwie\/","title":{"rendered":"Praca w s\u0105siedztwie"},"content":{"rendered":"\t\t<div data-elementor-type=\"wp-page\" data-elementor-id=\"4714\" class=\"elementor elementor-4714 elementor-3654\" data-elementor-post-type=\"page\">\n\t\t\t\t<div class=\"elementor-element elementor-element-48e243d8 e-flex e-con-boxed e-con e-parent\" data-id=\"48e243d8\" data-element_type=\"container\">\n\t\t\t\t\t<div class=\"e-con-inner\">\n\t\t\t\t<div class=\"elementor-element elementor-element-8015fa9 animated-slow elementor-widget__width-initial elementor-view-default elementor-invisible elementor-widget elementor-widget-icon\" data-id=\"8015fa9\" data-element_type=\"widget\" data-settings=\"{&quot;_animation&quot;:&quot;fadeIn&quot;}\" data-widget_type=\"icon.default\">\n\t\t\t\t<div class=\"elementor-widget-container\">\n\t\t\t\t\t\t\t<div class=\"elementor-icon-wrapper\">\n\t\t\t<div class=\"elementor-icon\">\n\t\t\t<svg xmlns=\"http:\/\/www.w3.org\/2000\/svg\" id=\"Ebene_1\" viewBox=\"0 0 24 24\"><path d=\"M22.993,23.55h-7.493c-.027,0-.05-.022-.05-.05V1.022c0-.303.246-.55.55-.55h6.993c.304,0,.55.247.55.55v21.978c0,.304-.246.55-.55.55ZM15.55,23.45h7.443c.248,0,.45-.202.45-.45V1.022c0-.248-.202-.45-.45-.45h-6.993c-.248,0-.45.202-.45.45v22.428Z\"><\/path><path d=\"M15.496,23.55h-7.991c-.028,0-.05-.022-.05-.05v-10.989c0-.028.022-.05.05-.05h7.991c.027,0,.05.022.05.05s-.022.05-.05.05h-7.941v10.889h7.941c.027,0,.05.022.05.05s-.022.05-.05.05Z\"><\/path><path d=\"M15.5,12.561h-7.995c-.02,0-.039-.012-.046-.031-.007-.019-.003-.04.011-.054l3.642-3.643c.214-.215.563-.215.777,0l3.646,3.643c.015.014.019.036.011.054s-.025.031-.046.031ZM7.625,12.461h7.753l-3.56-3.558h0c-.176-.175-.461-.175-.637,0l-3.557,3.558Z\"><\/path><path d=\"M7.505,23.55H2.01c-.303,0-.55-.246-.55-.55v-4.5c0-.027.022-.05.05-.05h5.995c.028,0,.05.022.05.05s-.022.05-.05.05H1.56v4.45c0,.248.202.45.45.45h5.495c.028,0,.05.022.05.05s-.022.05-.05.05Z\"><\/path><path d=\"M7.505,18.557H1.445c-.108,0-.213-.032-.304-.092-.122-.081-.206-.205-.234-.35-.029-.144,0-.29.081-.412l1.332-2c.103-.153.273-.245.458-.245h4.728c.028,0,.05.022.05.05s-.022.05-.05.05H2.777c-.151,0-.291.075-.375.2l-1.332,2c-.066.101-.09.22-.066.338.024.118.092.219.192.285.074.05.16.076.249.076h6.06c.028,0,.05.022.05.05s-.022.05-.05.05Z\"><\/path><path d=\"M17.494,3.57c-.027,0-.05-.022-.05-.05v-.999c0-.028.022-.05.05-.05s.05.022.05.05v.999c0,.028-.022.05-.05.05Z\"><\/path><path d=\"M19.492,3.57c-.027,0-.05-.022-.05-.05v-.999c0-.028.022-.05.05-.05s.05.022.05.05v.999c0,.028-.022.05-.05.05Z\"><\/path><path d=\"M21.49,3.57c-.027,0-.05-.022-.05-.05v-.999c0-.028.022-.05.05-.05s.05.022.05.05v.999c0,.028-.022.05-.05.05Z\"><\/path><path d=\"M17.494,7.566c-.027,0-.05-.022-.05-.05v-.999c0-.028.022-.05.05-.05s.05.022.05.05v.999c0,.028-.022.05-.05.05Z\"><\/path><path d=\"M19.492,7.566c-.027,0-.05-.022-.05-.05v-.999c0-.028.022-.05.05-.05s.05.022.05.05v.999c0,.028-.022.05-.05.05Z\"><\/path><path d=\"M21.49,7.566c-.027,0-.05-.022-.05-.05v-.999c0-.028.022-.05.05-.05s.05.022.05.05v.999c0,.028-.022.05-.05.05Z\"><\/path><path d=\"M17.494,11.562c-.027,0-.05-.022-.05-.05v-.999c0-.028.022-.05.05-.05s.05.022.05.05v.999c0,.028-.022.05-.05.05Z\"><\/path><path d=\"M19.492,11.562c-.027,0-.05-.022-.05-.05v-.999c0-.028.022-.05.05-.05s.05.022.05.05v.999c0,.028-.022.05-.05.05Z\"><\/path><path d=\"M21.49,11.562c-.027,0-.05-.022-.05-.05v-.999c0-.028.022-.05.05-.05s.05.022.05.05v.999c0,.028-.022.05-.05.05Z\"><\/path><path d=\"M17.494,15.558c-.027,0-.05-.022-.05-.05v-.999c0-.027.022-.05.05-.05s.05.022.05.05v.999c0,.027-.022.05-.05.05Z\"><\/path><path d=\"M19.492,15.558c-.027,0-.05-.022-.05-.05v-.999c0-.027.022-.05.05-.05s.05.022.05.05v.999c0,.027-.022.05-.05.05Z\"><\/path><path d=\"M21.49,15.558c-.027,0-.05-.022-.05-.05v-.999c0-.027.022-.05.05-.05s.05.022.05.05v.999c0,.027-.022.05-.05.05Z\"><\/path><path d=\"M9.565,17.034c-.028,0-.05-.022-.05-.05v-.999c0-.027.022-.05.05-.05s.05.022.05.05v.999c0,.027-.022.05-.05.05Z\"><\/path><path d=\"M11.563,17.034c-.028,0-.05-.022-.05-.05v-.999c0-.027.022-.05.05-.05s.05.022.05.05v.999c0,.027-.022.05-.05.05Z\"><\/path><path d=\"M13.561,17.034c-.027,0-.05-.022-.05-.05v-.999c0-.027.022-.05.05-.05s.05.022.05.05v.999c0,.027-.022.05-.05.05Z\"><\/path><path d=\"M9.565,21.03c-.028,0-.05-.022-.05-.05v-.999c0-.027.022-.05.05-.05s.05.022.05.05v.999c0,.027-.022.05-.05.05Z\"><\/path><path d=\"M11.563,21.03c-.028,0-.05-.022-.05-.05v-.999c0-.027.022-.05.05-.05s.05.022.05.05v.999c0,.027-.022.05-.05.05Z\"><\/path><path d=\"M13.561,21.03c-.027,0-.05-.022-.05-.05v-.999c0-.027.022-.05.05-.05s.05.022.05.05v.999c0,.027-.022.05-.05.05Z\"><\/path><path d=\"M17.494,19.554c-.027,0-.05-.022-.05-.05v-.999c0-.027.022-.05.05-.05s.05.022.05.05v.999c0,.027-.022.05-.05.05Z\"><\/path><path d=\"M19.492,19.554c-.027,0-.05-.022-.05-.05v-.999c0-.027.022-.05.05-.05s.05.022.05.05v.999c0,.027-.022.05-.05.05Z\"><\/path><path d=\"M21.49,19.554c-.027,0-.05-.022-.05-.05v-.999c0-.027.022-.05.05-.05s.05.022.05.05v.999c0,.027-.022.05-.05.05Z\"><\/path><path d=\"M2.144,6.569c-.918,0-1.671-.743-1.682-1.664,0-.115.012-.231.036-.347.092-.435.348-.807.72-1.049.356-.231.777-.317,1.196-.242.17-1.612,1.506-2.817,3.132-2.817h.013c1.165,0,2.239.675,2.746,1.722.016,0,.032,0,.048,0h0c.586,0,1.137.228,1.552.643.415.415.644.966.644,1.553-.019,1.117-.869,2.062-1.977,2.2H2.231c-.027.001-.058.003-.087.002ZM2.121,3.341c-.298,0-.591.086-.847.252-.35.228-.59.577-.677.985-.023.109-.035.218-.034.326.01.866.718,1.564,1.583,1.564.028,0,.057,0,.084-.002h6.335c1.057-.133,1.868-1.036,1.886-2.101,0-.559-.219-1.085-.615-1.481-.396-.396-.921-.614-1.481-.614h0c-.026,0-.052,0-.078.001h-.002c-.02,0-.037-.011-.045-.028-.484-1.029-1.532-1.695-2.669-1.695h-.013c-1.592,0-2.897,1.194-3.038,2.782-.001.014-.009.027-.02.036s-.025.013-.04.009c-.109-.023-.219-.035-.328-.035Z\"><\/path><\/svg>\t\t\t<\/div>\n\t\t<\/div>\n\t\t\t\t\t\t<\/div>\n\t\t\t\t<\/div>\n\t\t\t\t<div class=\"elementor-element elementor-element-e5144aa elementor-widget__width-inherit elementor-widget elementor-widget-text-editor\" data-id=\"e5144aa\" data-element_type=\"widget\" data-widget_type=\"text-editor.default\">\n\t\t\t\t<div class=\"elementor-widget-container\">\n\t\t\t\t\t\t\t\t\t<h2 class=\"wp-block-heading\">Praca s\u0105siedzka &#8211; silna sie\u0107 dla Klarenthal<\/h2><p>Nasza praca s\u0105siedzka w Klarenthal wzmacnia spo\u0142eczno\u015b\u0107 i czyni dzielnic\u0119 lepszym miejscem do \u017cycia. Naszym celem jest t\u0119tni\u0105ca \u017cyciem spo\u0142eczno\u015b\u0107 charakteryzuj\u0105ca si\u0119 szacunkiem, r\u00f3\u017cnorodno\u015bci\u0105 i partycypacj\u0105. Wsp\u00f3lnie z zaanga\u017cowanymi mieszka\u0144cami, lokalnymi instytucjami i wieloletnimi partnerami realizujemy projekty, kt\u00f3re w zr\u00f3wnowa\u017cony spos\u00f3b rozwijaj\u0105 Klarenthal.  <\/p><p> <\/p><h3 class=\"wp-block-heading\"> <\/h3>\t\t\t\t\t\t\t\t<\/div>\n\t\t\t\t<\/div>\n\t\t\t\t<div class=\"elementor-element elementor-element-13cc72cc elementor-widget elementor-widget-text-editor\" data-id=\"13cc72cc\" data-element_type=\"widget\" data-widget_type=\"text-editor.default\">\n\t\t\t\t<div class=\"elementor-widget-container\">\n\t\t\t\t\t\t\t\t\t<h3 class=\"wp-block-heading\">Dla wi\u0119kszej liczby spotka\u0144 i wsparcia<\/h3><p>Skupiamy si\u0119 na spotkaniach i wsparciu: tworzymy przestrzenie, w kt\u00f3rych ludzie mog\u0105 wymienia\u0107 si\u0119 pomys\u0142ami, rozwija\u0107 idee i aktywnie kszta\u0142towa\u0107 swoje \u015brodowisko \u017cycia. Rodziny, seniorzy i osoby ze \u015brodowisk migracyjnych mog\u0105 przyj\u015b\u0107 do nas po porad\u0119, us\u0142ugi i wsparcie &#8211; indywidualne, nieskomplikowane i bliskie. <\/p><h3 class=\"wp-block-heading\">Wsp\u00f3\u0142praca<\/h3><p>Nasz\u0105 si\u0142\u0105 jest wsp\u00f3\u0142praca: czy to ze szko\u0142ami, stowarzyszeniami, instytucjami spo\u0142ecznymi czy bran\u017c\u0105 mieszkaniow\u0105 &#8211; w tym <strong>GWH Wohnungsgesellschaft<\/strong> <strong>mbH<\/strong>, <strong>Nassauische Heimst\u00e4tte Wohnstadt<\/strong> i <strong>GWW Wiesbadener Wohnbaugesellschaft mbH<\/strong> &#8211; wraz z naszymi partnerami opracowujemy innowacyjne rozwi\u0105zania dla wyzwa\u0144 w s\u0105siedztwie. Zr\u00f3wnowa\u017cony rozw\u00f3j, edukacja i integracja spo\u0142eczna to fundamenty naszej pracy. <\/p><h3 class=\"wp-block-heading\">Konferencja dzielnicowa<\/h3><p>W 2025 r. konferencja okr\u0119gowa b\u0119dzie nadal realizowa\u0107 ide\u0119 tworzenia sieci w okr\u0119gu. Praca spo\u0142eczna i kulturalna w Klarenthal ma by\u0107 dalej wsp\u00f3lnie rozwijana. Wiele wyzwa\u0144 wynika z bada\u0144 stolicy kraju zwi\u0105zkowego Wiesbaden, kt\u00f3re zosta\u0142y ju\u017c uwzgl\u0119dnione na konferencji dzielnicowej.  <\/p><p>Bie\u017c\u0105ce wydarzenia stawiaj\u0105 nowe pytania dotycz\u0105ce wsp\u00f3\u0142istnienia spo\u0142ecznego. Organizacje s\u0105 zawsze potrzebne do podejmowania skutecznych dzia\u0142a\u0144. W ostatnich latach konferencja s\u0105siedzka rozszerzy\u0142a zakres swoich dzia\u0142a\u0144. Proponuje wsp\u00f3lne projekty, takie jak wystawy lub dzia\u0142ania maj\u0105ce na celu wzmocnienie wolontariatu. Wraz z zarz\u0105dzaniem s\u0105siedztwem Volksbildungswerk w tle, niekt\u00f3re wyniki zosta\u0142y r\u00f3wnie\u017c wdro\u017cone do tej pory. Opr\u00f3cz konferencji s\u0105siedzkiej w Klarenthal istniej\u0105 inne formy tworzenia sieci kontakt\u00f3w, takie jak dobrze funkcjonuj\u0105ca sie\u0107 wsparcia KiEZ lub okr\u0105g\u0142y st\u00f3\u0142 na rzecz promowania demokracji. Uczestnicy s\u0105 r\u00f3wnie\u017c o nich informowani.      <\/p><h3>Klarenthal \u017cyje demokracj\u0105<\/h3><p>&#8222;Klarenthal \u017cyje demokracj\u0105&#8221; to <strong>inicjatywa<\/strong>, kt\u00f3ra promuje demokratyczne uczestnictwo, rozw\u00f3j lokalny i zaanga\u017cowanie spo\u0142eczne w terenie. Jeste\u015bmy stowarzyszeniem ko\u015bcio\u0142\u00f3w chrze\u015bcija\u0144skich, przedstawicieli wszystkich partii demokratycznych, Volksbildungswerk Klarenthal, KiEZ Klarenthal, centrum dzielnicy Klarenthal i innych podmiot\u00f3w spo\u0142ecze\u0144stwa obywatelskiego Klarenthal. Naszym celem jest dawanie aktywnego, kreatywnego, lokalnego i konkretnego przyk\u0142adu demokracji, promowanie uczestnictwa i wzmacnianie dialogu w s\u0105siedztwie.  <\/p><p>Wsp\u00f3lnie planujemy <strong>wydarzenia informacyjne<\/strong>, projekty i kampanie na temat <strong>demokracji<\/strong>. Chcemy nawi\u0105zywa\u0107 kontakty, edukowa\u0107, zach\u0119ca\u0107 do dialogu, informowa\u0107 i \u0142\u0105czy\u0107. W ramach tego zainicjowali\u015bmy <strong>&#8222;Tydzie\u0144 Demokracji w Klarenthal&#8221;<\/strong>.  <\/p>\t\t\t\t\t\t\t\t<\/div>\n\t\t\t\t<\/div>\n\t\t\t\t<div class=\"elementor-element elementor-element-b6312b8 elementor-widget elementor-widget-button\" data-id=\"b6312b8\" data-element_type=\"widget\" data-widget_type=\"button.default\">\n\t\t\t\t<div class=\"elementor-widget-container\">\n\t\t\t\t\t\t\t\t\t<div class=\"elementor-button-wrapper\">\n\t\t\t\t\t<a class=\"elementor-button elementor-button-link elementor-size-sm\" href=\"https:\/\/www.klarenthal-vbw.de\/wp-content\/uploads\/2025\/09\/Demokratie-IN-Klarenthal_programm.pdf\">\n\t\t\t\t\t\t<span class=\"elementor-button-content-wrapper\">\n\t\t\t\t\t\t\t\t\t<span class=\"elementor-button-text\">Pobierz ulotk\u0119<\/span>\n\t\t\t\t\t<\/span>\n\t\t\t\t\t<\/a>\n\t\t\t\t<\/div>\n\t\t\t\t\t\t\t\t<\/div>\n\t\t\t\t<\/div>\n\t\t\t\t<div class=\"elementor-element elementor-element-17e7960 elementor-position-left elementor-widget__width-inherit elementor-view-default elementor-mobile-position-top elementor-widget elementor-widget-icon-box\" data-id=\"17e7960\" data-element_type=\"widget\" data-widget_type=\"icon-box.default\">\n\t\t\t\t<div class=\"elementor-widget-container\">\n\t\t\t\t\t\t\t<div class=\"elementor-icon-box-wrapper\">\n\n\t\t\t\t\t\t<div class=\"elementor-icon-box-icon\">\n\t\t\t\t<span  class=\"elementor-icon\">\n\t\t\t\t<svg xmlns=\"http:\/\/www.w3.org\/2000\/svg\" id=\"Ebene_1\" viewBox=\"0 0 24 24\"><path d=\"M12,.158C5.46.158.158,5.46.158,12s5.302,11.842,11.842,11.842,11.842-5.302,11.842-11.842S18.54.158,12,.158ZM11.471,3.192c.633,0,1.148.515,1.148,1.148s-.515,1.148-1.148,1.148-1.148-.515-1.148-1.148.515-1.148,1.148-1.148ZM15.695,20.808h-2.297c-.613,0-1.19-.239-1.624-.673s-.673-1.011-.673-1.624v-9.953h-2.297c-.423,0-.766-.342-.766-.766s.342-.766.766-.766h2.297c.409,0,.793.159,1.083.449.285.285.449.68.449,1.083v9.953c0,.205.08.396.224.541.143.142.34.224.541.224h2.297c.423,0,.766.342.766.766s-.342.766-.766.766Z\"><\/path><\/svg>\t\t\t\t<\/span>\n\t\t\t<\/div>\n\t\t\t\n\t\t\t\t\t\t<div class=\"elementor-icon-box-content\">\n\n\t\t\t\t\t\t\t\t\t<h4 class=\"elementor-icon-box-title\">\n\t\t\t\t\t\t<span  >\n\t\t\t\t\t\t\tTerminy\t\t\t\t\t\t<\/span>\n\t\t\t\t\t<\/h4>\n\t\t\t\t\n\t\t\t\t\t\t\t\t\t<p class=\"elementor-icon-box-description\">\n\t\t\t\t\t\t<p>Nasze nast\u0119pne daty:\n<\/p><ul>\n<li>Czw, 27.03.25, 10:30 - 12:00<\/li>\n<li>Czw, 15.05.25, 10:30 - 12:00<\/li><\/ul>\n\n<sub>*zmieniaj\u0105ce si\u0119 miejsca kursu, 2 terminy<\/sub>\t\t\t\t\t<\/p>\n\t\t\t\t\n\t\t\t<\/div>\n\t\t\t\n\t\t<\/div>\n\t\t\t\t\t\t<\/div>\n\t\t\t\t<\/div>\n\t\t\t\t\t<\/div>\n\t\t\t\t<\/div>\n\t\t\t\t<\/div>\n\t\t","protected":false},"excerpt":{"rendered":"<p>Praca s\u0105siedzka &#8211; silna sie\u0107 dla Klarenthal Nasza praca s\u0105siedzka w Klarenthal wzmacnia spo\u0142eczno\u015b\u0107 i czyni dzielnic\u0119 lepszym miejscem do \u017cycia. Naszym celem jest t\u0119tni\u0105ca \u017cyciem spo\u0142eczno\u015b\u0107 charakteryzuj\u0105ca si\u0119 szacunkiem, r\u00f3\u017cnorodno\u015bci\u0105 i partycypacj\u0105. Wsp\u00f3lnie z zaanga\u017cowanymi mieszka\u0144cami, lokalnymi instytucjami i wieloletnimi partnerami realizujemy projekty, kt\u00f3re w zr\u00f3wnowa\u017cony spos\u00f3b rozwijaj\u0105 Klarenthal. Dla wi\u0119kszej liczby spotka\u0144 i [&hellip;]<\/p>\n","protected":false},"author":8,"featured_media":0,"parent":4735,"menu_order":0,"comment_status":"closed","ping_status":"closed","template":"","meta":{"_acf_changed":false,"footnotes":""},"categories":[],"tags":[187,241],"folder":[15],"class_list":["post-4714","page","type-page","status-publish","hentry","tag-praca-dzielnicowa","tag-zarzadzanie-praca-dzielnicowego"],"acf":[],"yoast_head":"<!-- This site is optimized with the Yoast SEO plugin v27.4 - https:\/\/yoast.com\/product\/yoast-seo-wordpress\/ -->\n<title>Praca w s\u0105siedztwie - Volksbildungswerk Klarenthal e.V.<\/title>\n<meta name=\"description\" content=\"Praca okr\u0119gowa Klarenthal: Volksbildungswerk Klarenthal promuje spo\u0142eczno\u015b\u0107 i wsparcie spo\u0142eczne w okr\u0119gu.\" \/>\n<meta name=\"robots\" content=\"index, follow, max-snippet:-1, max-image-preview:large, max-video-preview:-1\" \/>\n<link rel=\"canonical\" href=\"https:\/\/www.klarenthal-vbw.de\/pl\/spoleczna-praca-sasiedzka\/praca-w-sasiedztwie\/\" \/>\n<meta property=\"og:locale\" content=\"pl_PL\" \/>\n<meta property=\"og:type\" content=\"article\" \/>\n<meta property=\"og:title\" content=\"Praca w s\u0105siedztwie - Volksbildungswerk Klarenthal e.V.\" \/>\n<meta property=\"og:description\" content=\"Praca okr\u0119gowa Klarenthal: Volksbildungswerk Klarenthal promuje spo\u0142eczno\u015b\u0107 i wsparcie spo\u0142eczne w okr\u0119gu.\" \/>\n<meta property=\"og:url\" content=\"https:\/\/www.klarenthal-vbw.de\/pl\/spoleczna-praca-sasiedzka\/praca-w-sasiedztwie\/\" \/>\n<meta property=\"og:site_name\" content=\"Volksbildungswerk Klarenthal e.V.\" \/>\n<meta property=\"article:modified_time\" content=\"2025-09-17T07:33:17+00:00\" \/>\n<meta name=\"twitter:card\" content=\"summary_large_image\" \/>\n<meta name=\"twitter:label1\" content=\"Szacowany czas czytania\" \/>\n\t<meta name=\"twitter:data1\" content=\"2 minuty\" \/>\n<script type=\"application\/ld+json\" class=\"yoast-schema-graph\">{\"@context\":\"https:\\\/\\\/schema.org\",\"@graph\":[{\"@type\":\"WebPage\",\"@id\":\"https:\\\/\\\/www.klarenthal-vbw.de\\\/pl\\\/spoleczna-praca-sasiedzka\\\/praca-w-sasiedztwie\\\/\",\"url\":\"https:\\\/\\\/www.klarenthal-vbw.de\\\/pl\\\/spoleczna-praca-sasiedzka\\\/praca-w-sasiedztwie\\\/\",\"name\":\"Praca w s\u0105siedztwie - Volksbildungswerk Klarenthal e.V.\",\"isPartOf\":{\"@id\":\"https:\\\/\\\/www.klarenthal-vbw.de\\\/pl\\\/#website\"},\"datePublished\":\"2025-02-27T21:01:15+00:00\",\"dateModified\":\"2025-09-17T07:33:17+00:00\",\"description\":\"Praca okr\u0119gowa Klarenthal: Volksbildungswerk Klarenthal promuje spo\u0142eczno\u015b\u0107 i wsparcie spo\u0142eczne w okr\u0119gu.\",\"breadcrumb\":{\"@id\":\"https:\\\/\\\/www.klarenthal-vbw.de\\\/pl\\\/spoleczna-praca-sasiedzka\\\/praca-w-sasiedztwie\\\/#breadcrumb\"},\"inLanguage\":\"pl-PL\",\"potentialAction\":[{\"@type\":\"ReadAction\",\"target\":[\"https:\\\/\\\/www.klarenthal-vbw.de\\\/pl\\\/spoleczna-praca-sasiedzka\\\/praca-w-sasiedztwie\\\/\"]}]},{\"@type\":\"BreadcrumbList\",\"@id\":\"https:\\\/\\\/www.klarenthal-vbw.de\\\/pl\\\/spoleczna-praca-sasiedzka\\\/praca-w-sasiedztwie\\\/#breadcrumb\",\"itemListElement\":[{\"@type\":\"ListItem\",\"position\":1,\"name\":\"Startseite\",\"item\":\"https:\\\/\\\/www.klarenthal-vbw.de\\\/pl\\\/\"},{\"@type\":\"ListItem\",\"position\":2,\"name\":\"Spo\u0142eczna praca s\u0105siedzka\",\"item\":\"https:\\\/\\\/www.klarenthal-vbw.de\\\/pl\\\/spoleczna-praca-sasiedzka\\\/\"},{\"@type\":\"ListItem\",\"position\":3,\"name\":\"Praca w s\u0105siedztwie\"}]},{\"@type\":\"WebSite\",\"@id\":\"https:\\\/\\\/www.klarenthal-vbw.de\\\/pl\\\/#website\",\"url\":\"https:\\\/\\\/www.klarenthal-vbw.de\\\/pl\\\/\",\"name\":\"Volksbildungswerk Klarenthal e.V.\",\"description\":\"Chancen. Bildung. Perspektiven\",\"publisher\":{\"@id\":\"https:\\\/\\\/www.klarenthal-vbw.de\\\/pl\\\/#organization\"},\"potentialAction\":[{\"@type\":\"SearchAction\",\"target\":{\"@type\":\"EntryPoint\",\"urlTemplate\":\"https:\\\/\\\/www.klarenthal-vbw.de\\\/pl\\\/?s={search_term_string}\"},\"query-input\":{\"@type\":\"PropertyValueSpecification\",\"valueRequired\":true,\"valueName\":\"search_term_string\"}}],\"inLanguage\":\"pl-PL\"},{\"@type\":\"Organization\",\"@id\":\"https:\\\/\\\/www.klarenthal-vbw.de\\\/pl\\\/#organization\",\"name\":\"Volksbildungswerk Klarenthal e.V.\",\"url\":\"https:\\\/\\\/www.klarenthal-vbw.de\\\/pl\\\/\",\"logo\":{\"@type\":\"ImageObject\",\"inLanguage\":\"pl-PL\",\"@id\":\"https:\\\/\\\/www.klarenthal-vbw.de\\\/pl\\\/#\\\/schema\\\/logo\\\/image\\\/\",\"url\":\"https:\\\/\\\/www.klarenthal-vbw.de\\\/wp-content\\\/uploads\\\/2025\\\/02\\\/logo.svg\",\"contentUrl\":\"https:\\\/\\\/www.klarenthal-vbw.de\\\/wp-content\\\/uploads\\\/2025\\\/02\\\/logo.svg\",\"caption\":\"Volksbildungswerk Klarenthal e.V.\"},\"image\":{\"@id\":\"https:\\\/\\\/www.klarenthal-vbw.de\\\/pl\\\/#\\\/schema\\\/logo\\\/image\\\/\"}}]}<\/script>\n<!-- \/ Yoast SEO plugin. -->","yoast_head_json":{"title":"Praca w s\u0105siedztwie - Volksbildungswerk Klarenthal e.V.","description":"Praca okr\u0119gowa Klarenthal: Volksbildungswerk Klarenthal promuje spo\u0142eczno\u015b\u0107 i wsparcie spo\u0142eczne w okr\u0119gu.","robots":{"index":"index","follow":"follow","max-snippet":"max-snippet:-1","max-image-preview":"max-image-preview:large","max-video-preview":"max-video-preview:-1"},"canonical":"https:\/\/www.klarenthal-vbw.de\/pl\/spoleczna-praca-sasiedzka\/praca-w-sasiedztwie\/","og_locale":"pl_PL","og_type":"article","og_title":"Praca w s\u0105siedztwie - Volksbildungswerk Klarenthal e.V.","og_description":"Praca okr\u0119gowa Klarenthal: Volksbildungswerk Klarenthal promuje spo\u0142eczno\u015b\u0107 i wsparcie spo\u0142eczne w okr\u0119gu.","og_url":"https:\/\/www.klarenthal-vbw.de\/pl\/spoleczna-praca-sasiedzka\/praca-w-sasiedztwie\/","og_site_name":"Volksbildungswerk Klarenthal e.V.","article_modified_time":"2025-09-17T07:33:17+00:00","twitter_card":"summary_large_image","twitter_misc":{"Szacowany czas czytania":"2 minuty"},"schema":{"@context":"https:\/\/schema.org","@graph":[{"@type":"WebPage","@id":"https:\/\/www.klarenthal-vbw.de\/pl\/spoleczna-praca-sasiedzka\/praca-w-sasiedztwie\/","url":"https:\/\/www.klarenthal-vbw.de\/pl\/spoleczna-praca-sasiedzka\/praca-w-sasiedztwie\/","name":"Praca w s\u0105siedztwie - Volksbildungswerk Klarenthal e.V.","isPartOf":{"@id":"https:\/\/www.klarenthal-vbw.de\/pl\/#website"},"datePublished":"2025-02-27T21:01:15+00:00","dateModified":"2025-09-17T07:33:17+00:00","description":"Praca okr\u0119gowa Klarenthal: Volksbildungswerk Klarenthal promuje spo\u0142eczno\u015b\u0107 i wsparcie spo\u0142eczne w okr\u0119gu.","breadcrumb":{"@id":"https:\/\/www.klarenthal-vbw.de\/pl\/spoleczna-praca-sasiedzka\/praca-w-sasiedztwie\/#breadcrumb"},"inLanguage":"pl-PL","potentialAction":[{"@type":"ReadAction","target":["https:\/\/www.klarenthal-vbw.de\/pl\/spoleczna-praca-sasiedzka\/praca-w-sasiedztwie\/"]}]},{"@type":"BreadcrumbList","@id":"https:\/\/www.klarenthal-vbw.de\/pl\/spoleczna-praca-sasiedzka\/praca-w-sasiedztwie\/#breadcrumb","itemListElement":[{"@type":"ListItem","position":1,"name":"Startseite","item":"https:\/\/www.klarenthal-vbw.de\/pl\/"},{"@type":"ListItem","position":2,"name":"Spo\u0142eczna praca s\u0105siedzka","item":"https:\/\/www.klarenthal-vbw.de\/pl\/spoleczna-praca-sasiedzka\/"},{"@type":"ListItem","position":3,"name":"Praca w s\u0105siedztwie"}]},{"@type":"WebSite","@id":"https:\/\/www.klarenthal-vbw.de\/pl\/#website","url":"https:\/\/www.klarenthal-vbw.de\/pl\/","name":"Volksbildungswerk Klarenthal e.V.","description":"Chancen. Bildung. Perspektiven","publisher":{"@id":"https:\/\/www.klarenthal-vbw.de\/pl\/#organization"},"potentialAction":[{"@type":"SearchAction","target":{"@type":"EntryPoint","urlTemplate":"https:\/\/www.klarenthal-vbw.de\/pl\/?s={search_term_string}"},"query-input":{"@type":"PropertyValueSpecification","valueRequired":true,"valueName":"search_term_string"}}],"inLanguage":"pl-PL"},{"@type":"Organization","@id":"https:\/\/www.klarenthal-vbw.de\/pl\/#organization","name":"Volksbildungswerk Klarenthal e.V.","url":"https:\/\/www.klarenthal-vbw.de\/pl\/","logo":{"@type":"ImageObject","inLanguage":"pl-PL","@id":"https:\/\/www.klarenthal-vbw.de\/pl\/#\/schema\/logo\/image\/","url":"https:\/\/www.klarenthal-vbw.de\/wp-content\/uploads\/2025\/02\/logo.svg","contentUrl":"https:\/\/www.klarenthal-vbw.de\/wp-content\/uploads\/2025\/02\/logo.svg","caption":"Volksbildungswerk Klarenthal e.V."},"image":{"@id":"https:\/\/www.klarenthal-vbw.de\/pl\/#\/schema\/logo\/image\/"}}]}},"_links":{"self":[{"href":"https:\/\/www.klarenthal-vbw.de\/pl\/wp-json\/wp\/v2\/pages\/4714","targetHints":{"allow":["GET"]}}],"collection":[{"href":"https:\/\/www.klarenthal-vbw.de\/pl\/wp-json\/wp\/v2\/pages"}],"about":[{"href":"https:\/\/www.klarenthal-vbw.de\/pl\/wp-json\/wp\/v2\/types\/page"}],"author":[{"embeddable":true,"href":"https:\/\/www.klarenthal-vbw.de\/pl\/wp-json\/wp\/v2\/users\/8"}],"replies":[{"embeddable":true,"href":"https:\/\/www.klarenthal-vbw.de\/pl\/wp-json\/wp\/v2\/comments?post=4714"}],"version-history":[{"count":2,"href":"https:\/\/www.klarenthal-vbw.de\/pl\/wp-json\/wp\/v2\/pages\/4714\/revisions"}],"predecessor-version":[{"id":9657,"href":"https:\/\/www.klarenthal-vbw.de\/pl\/wp-json\/wp\/v2\/pages\/4714\/revisions\/9657"}],"up":[{"embeddable":true,"href":"https:\/\/www.klarenthal-vbw.de\/pl\/wp-json\/wp\/v2\/pages\/4735"}],"wp:attachment":[{"href":"https:\/\/www.klarenthal-vbw.de\/pl\/wp-json\/wp\/v2\/media?parent=4714"}],"wp:term":[{"taxonomy":"category","embeddable":true,"href":"https:\/\/www.klarenthal-vbw.de\/pl\/wp-json\/wp\/v2\/categories?post=4714"},{"taxonomy":"post_tag","embeddable":true,"href":"https:\/\/www.klarenthal-vbw.de\/pl\/wp-json\/wp\/v2\/tags?post=4714"},{"taxonomy":"folder","embeddable":true,"href":"https:\/\/www.klarenthal-vbw.de\/pl\/wp-json\/wp\/v2\/folder?post=4714"}],"curies":[{"name":"wp","href":"https:\/\/api.w.org\/{rel}","templated":true}]}}