{"id":4727,"date":"2025-02-27T22:00:07","date_gmt":"2025-02-27T21:00:07","guid":{"rendered":"https:\/\/vbw.entwicklung-mediengewerk.de\/klub-fitness\/"},"modified":"2025-07-30T15:46:33","modified_gmt":"2025-07-30T13:46:33","slug":"klub-fitness","status":"publish","type":"page","link":"https:\/\/www.klarenthal-vbw.de\/pl\/spoleczna-praca-sasiedzka\/klub-fitness\/","title":{"rendered":"Klub wzmacniaj\u0105cy"},"content":{"rendered":"\t\t<div data-elementor-type=\"wp-page\" data-elementor-id=\"4727\" class=\"elementor elementor-4727 elementor-2534\" data-elementor-post-type=\"page\">\n\t\t\t\t<div class=\"elementor-element elementor-element-7a1e8dfa e-flex e-con-boxed e-con e-parent\" data-id=\"7a1e8dfa\" data-element_type=\"container\">\n\t\t\t\t\t<div class=\"e-con-inner\">\n\t\t\t\t<div class=\"elementor-element elementor-element-6710dde animated-slow elementor-widget__width-initial elementor-view-default elementor-invisible elementor-widget elementor-widget-icon\" data-id=\"6710dde\" data-element_type=\"widget\" data-settings=\"{&quot;_animation&quot;:&quot;fadeIn&quot;}\" data-widget_type=\"icon.default\">\n\t\t\t\t<div class=\"elementor-widget-container\">\n\t\t\t\t\t\t\t<div class=\"elementor-icon-wrapper\">\n\t\t\t<div class=\"elementor-icon\">\n\t\t\t<svg xmlns=\"http:\/\/www.w3.org\/2000\/svg\" id=\"Ebene_1\" viewBox=\"0 0 24 24\"><path d=\"M.5,23.55c-.028,0-.05-.022-.05-.05v-12.5c0-.303.247-.55.55-.55h9.5c.028,0,.05.022.05.05s-.022.05-.05.05H1c-.248,0-.45.202-.45.45v12.5c0,.027-.022.05-.05.05Z\"><\/path><path d=\"M8,21.55H3c-.005,0-.55-.006-.55-.55v-1c0-.006.006-.55.55-.55h5c.005,0,.55.006.55.55v1c0,.006-.006.55-.55.55ZM3,19.55c-.443,0-.45.432-.45.45v1c0,.443.432.45.45.45h5c.443,0,.45-.432.45-.45v-1c0-.443-.432-.45-.45-.45H3Z\"><\/path><path d=\"M3.5,19.55c-.028,0-.05-.022-.05-.05v-9c0-.028.022-.05.05-.05s.05.022.05.05v9c0,.027-.022.05-.05.05Z\"><\/path><path d=\"M7.5,19.55c-.028,0-.05-.022-.05-.05v-9c0-.028.022-.05.05-.05s.05.022.05.05v9c0,.027-.022.05-.05.05Z\"><\/path><path d=\"M23,16.05h-12c-.303,0-.55-.246-.55-.55V6.5c0-.028.022-.05.05-.05h13c.027,0,.05.022.05.05v9c0,.304-.246.55-.55.55ZM10.55,6.55v8.95c0,.248.202.45.45.45h12c.248,0,.45-.202.45-.45V6.55h-12.9Z\"><\/path><path d=\"M13.5,23.55c-.027,0-.05-.022-.05-.05v-7.5c0-.027.022-.05.05-.05s.05.022.05.05v7.5c0,.027-.022.05-.05.05Z\"><\/path><path d=\"M22.5,23.55c-.027,0-.05-.022-.05-.05v-7.5c0-.027.022-.05.05-.05s.05.022.05.05v7.5c0,.027-.022.05-.05.05Z\"><\/path><path d=\"M16.5,23.55c-.027,0-.05-.022-.05-.05v-7.5c0-.027.022-.05.05-.05s.05.022.05.05v7.5c0,.027-.022.05-.05.05Z\"><\/path><path d=\"M16.5,22.05h-3c-.027,0-.05-.022-.05-.05s.022-.05.05-.05h3c.027,0,.05.022.05.05s-.022.05-.05.05Z\"><\/path><path d=\"M16.5,19.05h-3c-.027,0-.05-.022-.05-.05s.022-.05.05-.05h3c.027,0,.05.022.05.05s-.022.05-.05.05Z\"><\/path><path d=\"M16.5,16.05c-.027,0-.05-.022-.05-.05v-3c0-.799-.65-1.45-1.45-1.45s-1.45.651-1.45,1.45v3c0,.027-.022.05-.05.05s-.05-.022-.05-.05v-3c0-.854.695-1.55,1.55-1.55s1.55.695,1.55,1.55v3c0,.027-.022.05-.05.05Z\"><\/path><path d=\"M20,13.05c-.854,0-1.55-.695-1.55-1.55s.695-1.55,1.55-1.55,1.55.695,1.55,1.55-.695,1.55-1.55,1.55ZM20,10.05c-.8,0-1.45.651-1.45,1.45s.65,1.45,1.45,1.45,1.45-.651,1.45-1.45-.65-1.45-1.45-1.45Z\"><\/path><path d=\"M23.5,6.55c-.013,0-.024-.004-.034-.014L17.286.656c-.165-.142-.407-.143-.574.002l-6.177,5.878c-.02.02-.052.019-.071-.001-.019-.02-.019-.052.001-.071L16.646.584c.207-.177.504-.177.707-.002l6.182,5.882c.021.019.021.051.002.071-.01.01-.022.015-.036.015Z\"><\/path><\/svg>\t\t\t<\/div>\n\t\t<\/div>\n\t\t\t\t\t\t<\/div>\n\t\t\t\t<\/div>\n\t\t\t\t<div class=\"elementor-element elementor-element-4f4c40bb elementor-widget elementor-widget-text-editor\" data-id=\"4f4c40bb\" data-element_type=\"widget\" data-widget_type=\"text-editor.default\">\n\t\t\t\t<div class=\"elementor-widget-container\">\n\t\t\t\t\t\t\t\t\t\n<h2 class=\"wp-block-heading\">Fitmacherclub &#8211; niezawodna opieka popo\u0142udniowa dla dzieci ze szk\u00f3\u0142 podstawowych<\/h2>\n\n\n\n<p>Fitmacherclub (FMC) oferuje dzieciom ze szk\u00f3\u0142 podstawowych w Klarenthal i Kohlheck troskliw\u0105 i niezawodn\u0105 opiek\u0119 popo\u0142udniow\u0105. Nacisk k\u0142adziony jest na edukacyjn\u0105 organizacj\u0119 popo\u0142udnia szkolnego, w kt\u00f3rym dzieci s\u0105 pod opiek\u0105 w sta\u0142ych grupach. Czas sp\u0119dzony w FMC jest ustrukturyzowany, zapewnia dzieciom stabilno\u015b\u0107 i pozostawia im wystarczaj\u0105c\u0105 swobod\u0119.  <\/p>\n\n\n\n<p>Zadbano r\u00f3wnie\u017c o wy\u017cywienie dzieci: Szczeg\u00f3ln\u0105 wag\u0119 przyk\u0142adamy do zdrowego i zr\u00f3\u017cnicowanego od\u017cywiania, kt\u00f3re dostarcza dzieciom energii na popo\u0142udnie.<\/p>\n\n\n\n<p>Dzieci sp\u0119dzaj\u0105 tutaj urozmaicone popo\u0142udnia w bezpiecznym otoczeniu, w kt\u00f3rym mog\u0105 si\u0119 bawi\u0107, uczy\u0107, rozwija\u0107 oraz znale\u017a\u0107 spokojne miejsce do odrabiania lekcji. Opr\u00f3cz rozwijania umiej\u0119tno\u015bci szkolnych i spo\u0142ecznych, wzmacniany jest r\u00f3wnie\u017c duch wsp\u00f3lnoty, poprzez wsp\u00f3lne zdobywanie nowych do\u015bwiadcze\u0144 i zawieranie przyja\u017ani. FMC wspiera rodziny w Klarenthal i Kohlheck, oferuj\u0105c dzieciom indywidualn\u0105 opiek\u0119.  <\/p>\n\n\n\n<h3 class=\"wp-block-heading\">Nasza koncepcja<\/h3>\n\n\n\n<p>Klub fitness Klarenthal codziennie towarzyszy 180 dzieciom w wieku szkolnym w szkole podstawowej Geschwister-Scholl. Dzieci s\u0105 podzielone na 6 grup, kt\u00f3rymi opiekuje si\u0119 zesp\u00f3\u0142 12 wykwalifikowanych specjalist\u00f3w pedagogicznych. W pawilonie D szko\u0142y podstawowej Geschwister-Scholl dost\u0119pne s\u0105 odpowiednio wyposa\u017cone pomieszczenia grupowe: strefa relaksu, sala do budowania, tworzenia i zabaw, \u015bcianka wspinaczkowa i wiele innych. Dodatkowo wykorzystywane s\u0105 sale lekcyjne, pracownia komputerowa, warsztat, sala sportowa oraz przyleg\u0142y teren zewn\u0119trzny. Szczeg\u00f3ln\u0105 uwag\u0119 po\u015bwi\u0119ca si\u0119 obszarom przyrodniczym i rekreacyjnym w dzielnicy.  <\/p>\n\n\n\n<h3 class=\"wp-block-heading\">NASZE MOTTO: Codziennie dobry uczynek dla przysz\u0142o\u015bci.<\/h3>\n\n\n\n<ul class=\"wp-block-list\">\n<li><strong>Lunch<\/strong>: Organizujemy wsp\u00f3lny lunch, kt\u00f3ry jest \u015bwie\u017co przygotowywany.<\/li>\n\n\n\n<li><strong>Nadz\u00f3r nad pracami dom<\/strong> owymi: Organizujemy nadz\u00f3r nad pracami domowymi w sta\u0142ych grupach (13:45 &#8211; 14:45), dobr\u0105 wsp\u00f3\u0142prac\u0119 z przewodnikami edukacyjnymi projektu Kameleon, a tak\u017ce r\u00f3\u017cnorodne kluby popo\u0142udniowe (14:45 &#8211; 16:15).<\/li>\n\n\n\n<li><strong>P\u00f3\u017ana opieka<\/strong>: P\u00f3\u017ana opieka jest r\u00f3wnie\u017c mo\u017cliwa (16:15 &#8211; 17:00 codziennie).<\/li>\n\n\n\n<li><strong>Program wakacyjny<\/strong>: Opr\u00f3cz opieki w godzinach szkolnych oferujemy tematyczny, dziewi\u0119ciotygodniowy program wakacyjny we wsp\u00f3\u0142pracy ze stolic\u0105 kraju zwi\u0105zkowego Wiesbaden. Jako cz\u0119\u015b\u0107 Centrum Kszta\u0142cenia Doros\u0142ych Klarenthal przywi\u0105zujemy du\u017c\u0105 wag\u0119 do profesjonalnej opieki nad dzie\u0107mi i szerokiej gamy opcji wsparcia. Dzieci poznaj\u0105 swoj\u0105 okolic\u0119 poprzez nawi\u0105zywanie kontakt\u00f3w w dzielnicy.  <\/li>\n<\/ul>\n\n\n\n<p>Rodzice s\u0105 zach\u0119cani do wsp\u00f3\u0142pracy poprzez rad\u0119 rodzic\u00f3w oraz dodatkowe oferty edukacyjne dla rodzin i rodzic\u00f3w. Regularnie odbywaj\u0105 si\u0119 aktualne wyk\u0142ady dla rodzic\u00f3w, festyny, spotkania oraz przedstawienia teatralne, organizowane we wsp\u00f3\u0142pracy z KiEZ Klarenthal. Jako pilota\u017cowa plac\u00f3wka w Wiesbaden, stale ewaluujemy projekt i rozwijamy si\u0119. <\/p>\n\n\n\n<p class=\"has-text-align-center\"><\/p>\n\n\n\n<div style=\"height:0px\" aria-hidden=\"true\" class=\"wp-block-spacer\"><\/div>\n\t\t\t\t\t\t\t\t<\/div>\n\t\t\t\t<\/div>\n\t\t\t\t\t<\/div>\n\t\t\t\t<\/div>\n\t\t\t\t<\/div>\n\t\t","protected":false},"excerpt":{"rendered":"<p>Fitmacherclub &#8211; niezawodna opieka popo\u0142udniowa dla dzieci ze szk\u00f3\u0142 podstawowych Fitmacherclub (FMC) oferuje dzieciom ze szk\u00f3\u0142 podstawowych w Klarenthal i Kohlheck troskliw\u0105 i niezawodn\u0105 opiek\u0119 popo\u0142udniow\u0105. Nacisk k\u0142adziony jest na edukacyjn\u0105 organizacj\u0119 popo\u0142udnia szkolnego, w kt\u00f3rym dzieci s\u0105 pod opiek\u0105 w sta\u0142ych grupach. Czas sp\u0119dzony w FMC jest ustrukturyzowany, zapewnia dzieciom stabilno\u015b\u0107 i pozostawia im [&hellip;]<\/p>\n","protected":false},"author":3,"featured_media":0,"parent":4735,"menu_order":0,"comment_status":"closed","ping_status":"closed","template":"","meta":{"_acf_changed":false,"footnotes":""},"categories":[],"tags":[204],"folder":[15],"class_list":["post-4727","page","type-page","status-publish","hentry","tag-klub-wzmacniajacy"],"acf":[],"yoast_head":"<!-- This site is optimized with the Yoast SEO plugin v27.4 - https:\/\/yoast.com\/product\/yoast-seo-wordpress\/ -->\n<title>Klub wzmacniaj\u0105cy - Volksbildungswerk Klarenthal e.V.<\/title>\n<meta name=\"description\" content=\"Klub fitness Klarenthal codziennie towarzyszy 180 dzieciom w wieku szkolnym w szkole podstawowej Geschwister-Scholl.\" \/>\n<meta name=\"robots\" content=\"index, follow, max-snippet:-1, max-image-preview:large, max-video-preview:-1\" \/>\n<link rel=\"canonical\" href=\"https:\/\/www.klarenthal-vbw.de\/pl\/spoleczna-praca-sasiedzka\/klub-fitness\/\" \/>\n<meta property=\"og:locale\" content=\"pl_PL\" \/>\n<meta property=\"og:type\" content=\"article\" \/>\n<meta property=\"og:title\" content=\"Klub wzmacniaj\u0105cy - Volksbildungswerk Klarenthal e.V.\" \/>\n<meta property=\"og:description\" content=\"Klub fitness Klarenthal codziennie towarzyszy 180 dzieciom w wieku szkolnym w szkole podstawowej Geschwister-Scholl.\" \/>\n<meta property=\"og:url\" content=\"https:\/\/www.klarenthal-vbw.de\/pl\/spoleczna-praca-sasiedzka\/klub-fitness\/\" \/>\n<meta property=\"og:site_name\" content=\"Volksbildungswerk Klarenthal e.V.\" \/>\n<meta property=\"article:modified_time\" content=\"2025-07-30T13:46:33+00:00\" \/>\n<meta name=\"twitter:card\" content=\"summary_large_image\" \/>\n<meta name=\"twitter:label1\" content=\"Szacowany czas czytania\" \/>\n\t<meta name=\"twitter:data1\" content=\"2 minuty\" \/>\n<script type=\"application\/ld+json\" class=\"yoast-schema-graph\">{\"@context\":\"https:\\\/\\\/schema.org\",\"@graph\":[{\"@type\":\"WebPage\",\"@id\":\"https:\\\/\\\/www.klarenthal-vbw.de\\\/pl\\\/spoleczna-praca-sasiedzka\\\/klub-fitness\\\/\",\"url\":\"https:\\\/\\\/www.klarenthal-vbw.de\\\/pl\\\/spoleczna-praca-sasiedzka\\\/klub-fitness\\\/\",\"name\":\"Klub wzmacniaj\u0105cy - Volksbildungswerk Klarenthal e.V.\",\"isPartOf\":{\"@id\":\"https:\\\/\\\/www.klarenthal-vbw.de\\\/pl\\\/#website\"},\"datePublished\":\"2025-02-27T21:00:07+00:00\",\"dateModified\":\"2025-07-30T13:46:33+00:00\",\"description\":\"Klub fitness Klarenthal codziennie towarzyszy 180 dzieciom w wieku szkolnym w szkole podstawowej Geschwister-Scholl.\",\"breadcrumb\":{\"@id\":\"https:\\\/\\\/www.klarenthal-vbw.de\\\/pl\\\/spoleczna-praca-sasiedzka\\\/klub-fitness\\\/#breadcrumb\"},\"inLanguage\":\"pl-PL\",\"potentialAction\":[{\"@type\":\"ReadAction\",\"target\":[\"https:\\\/\\\/www.klarenthal-vbw.de\\\/pl\\\/spoleczna-praca-sasiedzka\\\/klub-fitness\\\/\"]}]},{\"@type\":\"BreadcrumbList\",\"@id\":\"https:\\\/\\\/www.klarenthal-vbw.de\\\/pl\\\/spoleczna-praca-sasiedzka\\\/klub-fitness\\\/#breadcrumb\",\"itemListElement\":[{\"@type\":\"ListItem\",\"position\":1,\"name\":\"Startseite\",\"item\":\"https:\\\/\\\/www.klarenthal-vbw.de\\\/pl\\\/\"},{\"@type\":\"ListItem\",\"position\":2,\"name\":\"Spo\u0142eczna praca s\u0105siedzka\",\"item\":\"https:\\\/\\\/www.klarenthal-vbw.de\\\/pl\\\/spoleczna-praca-sasiedzka\\\/\"},{\"@type\":\"ListItem\",\"position\":3,\"name\":\"Klub wzmacniaj\u0105cy\"}]},{\"@type\":\"WebSite\",\"@id\":\"https:\\\/\\\/www.klarenthal-vbw.de\\\/pl\\\/#website\",\"url\":\"https:\\\/\\\/www.klarenthal-vbw.de\\\/pl\\\/\",\"name\":\"Volksbildungswerk Klarenthal e.V.\",\"description\":\"Chancen. Bildung. Perspektiven\",\"publisher\":{\"@id\":\"https:\\\/\\\/www.klarenthal-vbw.de\\\/pl\\\/#organization\"},\"potentialAction\":[{\"@type\":\"SearchAction\",\"target\":{\"@type\":\"EntryPoint\",\"urlTemplate\":\"https:\\\/\\\/www.klarenthal-vbw.de\\\/pl\\\/?s={search_term_string}\"},\"query-input\":{\"@type\":\"PropertyValueSpecification\",\"valueRequired\":true,\"valueName\":\"search_term_string\"}}],\"inLanguage\":\"pl-PL\"},{\"@type\":\"Organization\",\"@id\":\"https:\\\/\\\/www.klarenthal-vbw.de\\\/pl\\\/#organization\",\"name\":\"Volksbildungswerk Klarenthal e.V.\",\"url\":\"https:\\\/\\\/www.klarenthal-vbw.de\\\/pl\\\/\",\"logo\":{\"@type\":\"ImageObject\",\"inLanguage\":\"pl-PL\",\"@id\":\"https:\\\/\\\/www.klarenthal-vbw.de\\\/pl\\\/#\\\/schema\\\/logo\\\/image\\\/\",\"url\":\"https:\\\/\\\/www.klarenthal-vbw.de\\\/wp-content\\\/uploads\\\/2025\\\/02\\\/logo.svg\",\"contentUrl\":\"https:\\\/\\\/www.klarenthal-vbw.de\\\/wp-content\\\/uploads\\\/2025\\\/02\\\/logo.svg\",\"caption\":\"Volksbildungswerk Klarenthal e.V.\"},\"image\":{\"@id\":\"https:\\\/\\\/www.klarenthal-vbw.de\\\/pl\\\/#\\\/schema\\\/logo\\\/image\\\/\"}}]}<\/script>\n<!-- \/ Yoast SEO plugin. -->","yoast_head_json":{"title":"Klub wzmacniaj\u0105cy - Volksbildungswerk Klarenthal e.V.","description":"Klub fitness Klarenthal codziennie towarzyszy 180 dzieciom w wieku szkolnym w szkole podstawowej Geschwister-Scholl.","robots":{"index":"index","follow":"follow","max-snippet":"max-snippet:-1","max-image-preview":"max-image-preview:large","max-video-preview":"max-video-preview:-1"},"canonical":"https:\/\/www.klarenthal-vbw.de\/pl\/spoleczna-praca-sasiedzka\/klub-fitness\/","og_locale":"pl_PL","og_type":"article","og_title":"Klub wzmacniaj\u0105cy - Volksbildungswerk Klarenthal e.V.","og_description":"Klub fitness Klarenthal codziennie towarzyszy 180 dzieciom w wieku szkolnym w szkole podstawowej Geschwister-Scholl.","og_url":"https:\/\/www.klarenthal-vbw.de\/pl\/spoleczna-praca-sasiedzka\/klub-fitness\/","og_site_name":"Volksbildungswerk Klarenthal e.V.","article_modified_time":"2025-07-30T13:46:33+00:00","twitter_card":"summary_large_image","twitter_misc":{"Szacowany czas czytania":"2 minuty"},"schema":{"@context":"https:\/\/schema.org","@graph":[{"@type":"WebPage","@id":"https:\/\/www.klarenthal-vbw.de\/pl\/spoleczna-praca-sasiedzka\/klub-fitness\/","url":"https:\/\/www.klarenthal-vbw.de\/pl\/spoleczna-praca-sasiedzka\/klub-fitness\/","name":"Klub wzmacniaj\u0105cy - Volksbildungswerk Klarenthal e.V.","isPartOf":{"@id":"https:\/\/www.klarenthal-vbw.de\/pl\/#website"},"datePublished":"2025-02-27T21:00:07+00:00","dateModified":"2025-07-30T13:46:33+00:00","description":"Klub fitness Klarenthal codziennie towarzyszy 180 dzieciom w wieku szkolnym w szkole podstawowej Geschwister-Scholl.","breadcrumb":{"@id":"https:\/\/www.klarenthal-vbw.de\/pl\/spoleczna-praca-sasiedzka\/klub-fitness\/#breadcrumb"},"inLanguage":"pl-PL","potentialAction":[{"@type":"ReadAction","target":["https:\/\/www.klarenthal-vbw.de\/pl\/spoleczna-praca-sasiedzka\/klub-fitness\/"]}]},{"@type":"BreadcrumbList","@id":"https:\/\/www.klarenthal-vbw.de\/pl\/spoleczna-praca-sasiedzka\/klub-fitness\/#breadcrumb","itemListElement":[{"@type":"ListItem","position":1,"name":"Startseite","item":"https:\/\/www.klarenthal-vbw.de\/pl\/"},{"@type":"ListItem","position":2,"name":"Spo\u0142eczna praca s\u0105siedzka","item":"https:\/\/www.klarenthal-vbw.de\/pl\/spoleczna-praca-sasiedzka\/"},{"@type":"ListItem","position":3,"name":"Klub wzmacniaj\u0105cy"}]},{"@type":"WebSite","@id":"https:\/\/www.klarenthal-vbw.de\/pl\/#website","url":"https:\/\/www.klarenthal-vbw.de\/pl\/","name":"Volksbildungswerk Klarenthal e.V.","description":"Chancen. Bildung. Perspektiven","publisher":{"@id":"https:\/\/www.klarenthal-vbw.de\/pl\/#organization"},"potentialAction":[{"@type":"SearchAction","target":{"@type":"EntryPoint","urlTemplate":"https:\/\/www.klarenthal-vbw.de\/pl\/?s={search_term_string}"},"query-input":{"@type":"PropertyValueSpecification","valueRequired":true,"valueName":"search_term_string"}}],"inLanguage":"pl-PL"},{"@type":"Organization","@id":"https:\/\/www.klarenthal-vbw.de\/pl\/#organization","name":"Volksbildungswerk Klarenthal e.V.","url":"https:\/\/www.klarenthal-vbw.de\/pl\/","logo":{"@type":"ImageObject","inLanguage":"pl-PL","@id":"https:\/\/www.klarenthal-vbw.de\/pl\/#\/schema\/logo\/image\/","url":"https:\/\/www.klarenthal-vbw.de\/wp-content\/uploads\/2025\/02\/logo.svg","contentUrl":"https:\/\/www.klarenthal-vbw.de\/wp-content\/uploads\/2025\/02\/logo.svg","caption":"Volksbildungswerk Klarenthal e.V."},"image":{"@id":"https:\/\/www.klarenthal-vbw.de\/pl\/#\/schema\/logo\/image\/"}}]}},"_links":{"self":[{"href":"https:\/\/www.klarenthal-vbw.de\/pl\/wp-json\/wp\/v2\/pages\/4727","targetHints":{"allow":["GET"]}}],"collection":[{"href":"https:\/\/www.klarenthal-vbw.de\/pl\/wp-json\/wp\/v2\/pages"}],"about":[{"href":"https:\/\/www.klarenthal-vbw.de\/pl\/wp-json\/wp\/v2\/types\/page"}],"author":[{"embeddable":true,"href":"https:\/\/www.klarenthal-vbw.de\/pl\/wp-json\/wp\/v2\/users\/3"}],"replies":[{"embeddable":true,"href":"https:\/\/www.klarenthal-vbw.de\/pl\/wp-json\/wp\/v2\/comments?post=4727"}],"version-history":[{"count":0,"href":"https:\/\/www.klarenthal-vbw.de\/pl\/wp-json\/wp\/v2\/pages\/4727\/revisions"}],"up":[{"embeddable":true,"href":"https:\/\/www.klarenthal-vbw.de\/pl\/wp-json\/wp\/v2\/pages\/4735"}],"wp:attachment":[{"href":"https:\/\/www.klarenthal-vbw.de\/pl\/wp-json\/wp\/v2\/media?parent=4727"}],"wp:term":[{"taxonomy":"category","embeddable":true,"href":"https:\/\/www.klarenthal-vbw.de\/pl\/wp-json\/wp\/v2\/categories?post=4727"},{"taxonomy":"post_tag","embeddable":true,"href":"https:\/\/www.klarenthal-vbw.de\/pl\/wp-json\/wp\/v2\/tags?post=4727"},{"taxonomy":"folder","embeddable":true,"href":"https:\/\/www.klarenthal-vbw.de\/pl\/wp-json\/wp\/v2\/folder?post=4727"}],"curies":[{"name":"wp","href":"https:\/\/api.w.org\/{rel}","templated":true}]}}