{"id":4781,"date":"2023-05-25T12:52:50","date_gmt":"2023-05-25T10:52:50","guid":{"rendered":"https:\/\/vbw.entwicklung-mediengewerk.de\/stowarzyszenie\/nasz-zespol\/"},"modified":"2025-07-31T15:52:57","modified_gmt":"2025-07-31T13:52:57","slug":"nasz-zespol","status":"publish","type":"page","link":"https:\/\/www.klarenthal-vbw.de\/pl\/stowarzyszenie\/nasz-zespol\/","title":{"rendered":"Zaanga\u017cowanie"},"content":{"rendered":"\t\t<div data-elementor-type=\"wp-page\" data-elementor-id=\"4781\" class=\"elementor elementor-4781 elementor-2408\" data-elementor-post-type=\"page\">\n\t\t\t\t<div class=\"elementor-element elementor-element-7653e5c7 e-flex e-con-boxed e-con e-parent\" data-id=\"7653e5c7\" data-element_type=\"container\">\n\t\t\t\t\t<div class=\"e-con-inner\">\n\t\t\t\t<div class=\"elementor-element elementor-element-3062f315 elementor-widget elementor-widget-text-editor\" data-id=\"3062f315\" data-element_type=\"widget\" data-widget_type=\"text-editor.default\">\n\t\t\t\t<div class=\"elementor-widget-container\">\n\t\t\t\t\t\t\t\t\t<h2 class=\"p1\">Wolontariat w Volksbildungswerk Klarenthal<b><\/b><\/h2><p class=\"p3\">Volksbildungswerk Klarenthal (VBW) jest od 1970 roku \u017cywym miejscem edukacji, kultury i spotka\u0144 w dzielnicy. Z oko\u0142o 320 wydarzeniami rocznie i oko\u0142o 5000 uczestnikami, ta r\u00f3\u017cnorodna oferta jest mo\u017cliwa tylko dzi\u0119ki energicznemu zaanga\u017cowaniu licznych wolontariuszy i etatowych pracownik\u00f3w. S\u0105 oni sercem naszego stowarzyszenia i w znacz\u0105cy spos\u00f3b przyczyniaj\u0105 si\u0119 do tego, \u017ce VBW pozostaje miejscem wsp\u00f3\u0142pracy i uczestnictwa.  <\/p><h3 class=\"p1\">Dlaczego Twoje zaanga\u017cowanie ma znaczenie<b><\/b><\/h3><p class=\"p3\">Czy to jako prowadz\u0105cy kursy, przy organizacji wydarze\u0144, w public relations czy we wspieraniu projekt\u00f3w cyfrowych \u2013 Tw\u00f3j czas, pomys\u0142y i zaanga\u017cowanie robi\u0105 r\u00f3\u017cnic\u0119. Szczeg\u00f3lnie w obszarach takich jak cyfryzacja, promocja zr\u00f3wnowa\u017conego rozwoju i integracja nowo przyby\u0142ych, nowe impulsy i pomocne d\u0142onie s\u0105 zawsze mile widziane. <\/p><h3 class=\"p1\">R\u00f3\u017cnorodne mo\u017cliwo\u015bci wsp\u00f3\u0142pracy<b><\/b><\/h3><p class=\"p3\">VBW oferuje liczne mo\u017cliwo\u015bci zaanga\u017cowania si\u0119:<\/p><ul><li><p class=\"p1\"><span class=\"s1\"><b>Prowadzenie kurs\u00f3w i oferty edukacyjne<\/b><\/span>: Dziel si\u0119 swoj\u0105 wiedz\u0105 i umiej\u0119tno\u015bciami w r\u00f3\u017cnych kursach i warsztatach.<\/p><\/li><li><p class=\"p1\"><span class=\"s1\"><b>Organizacja wydarze\u0144<\/b><\/span>: Pomagaj w planowaniu i realizacji wydarze\u0144 kulturalnych, wystaw lub wyjazd\u00f3w edukacyjnych.<\/p><\/li><li><p class=\"p1\"><span class=\"s1\"><b>Wsparcie cyfrowe<\/b><\/span>: Wspieraj osoby mniej obeznane z technologi\u0105 w korzystaniu z medi\u00f3w cyfrowych i platform.<\/p><\/li><li><p class=\"p1\"><span class=\"s1\"><b>Public relations<\/b><\/span>: Wsp\u00f3\u0142tw\u00f3rz z nami komunikacj\u0119 zewn\u0119trzn\u0105, czy to poprzez media spo\u0142eczno\u015bciowe, newslettery czy lokaln\u0105 prac\u0119 z pras\u0105.<\/p><\/li><\/ul><h2 class=\"p1\">Zosta\u0144 cz\u0119\u015bci\u0105 naszego zespo\u0142u<b><\/b><\/h2><p class=\"p3\">Chcesz si\u0119 zaanga\u017cowa\u0107 i zosta\u0107 cz\u0119\u015bci\u0105 naszego zespo\u0142u? Cieszymy si\u0119 z ka\u017cdego wsparcia, kt\u00f3re wzbogaca nasz\u0105 prac\u0119 i wzmacnia sp\u00f3jno\u015b\u0107 w dzielnicy. Wi\u0119cej informacji i aktualne mo\u017cliwo\u015bci zaanga\u017cowania znajdziesz na stronie internetowej Centrum Wolontariatu w Wiesbaden: <a href=\"https:\/\/www.fwz-wiesbaden.de\/volksbildungswerk-klarenthal\/\" target=\"_blank\" rel=\"noopener\">www.fwz-wiesbaden.de\/volksbildungswerk-klarenthal<\/a>  <\/p><p class=\"p3\">Tam mo\u017cesz uzyska\u0107 informacje o aktualnych ofertach i bezpo\u015brednio si\u0119 skontaktowa\u0107.<\/p><h2 class=\"p1\">Wsp\u00f3lnie dla Klarenthal<b><\/b><\/h2><p class=\"p3\">Twoje zaanga\u017cowanie w VBW oznacza wi\u0119cej ni\u017c tylko prac\u0119 wolontariack\u0105 \u2013 to aktywny wk\u0142ad w \u017cyw\u0105, solidarn\u0105 i r\u00f3\u017cnorodn\u0105 spo\u0142eczno\u015b\u0107. Wsp\u00f3lnie kszta\u0142tujemy Klarenthal jako miejsce, w kt\u00f3rym ludzie si\u0119 spotykaj\u0105, ucz\u0105 si\u0119 od siebie nawzajem i razem si\u0119 rozwijaj\u0105. <\/p><p class=\"p3\">Czekamy na Ciebie!<\/p>\t\t\t\t\t\t\t\t<\/div>\n\t\t\t\t<\/div>\n\t\t\t\t\t<\/div>\n\t\t\t\t<\/div>\n\t\t\t\t<\/div>\n\t\t","protected":false},"excerpt":{"rendered":"<p>Wolontariat w Volksbildungswerk Klarenthal Volksbildungswerk Klarenthal (VBW) jest od 1970 roku \u017cywym miejscem edukacji, kultury i spotka\u0144 w dzielnicy. Z oko\u0142o 320 wydarzeniami rocznie i oko\u0142o 5000 uczestnikami, ta r\u00f3\u017cnorodna oferta jest mo\u017cliwa tylko dzi\u0119ki energicznemu zaanga\u017cowaniu licznych wolontariuszy i etatowych pracownik\u00f3w. S\u0105 oni sercem naszego stowarzyszenia i w znacz\u0105cy spos\u00f3b przyczyniaj\u0105 si\u0119 do tego, [&hellip;]<\/p>\n","protected":false},"author":3,"featured_media":0,"parent":3646,"menu_order":0,"comment_status":"closed","ping_status":"closed","template":"","meta":{"_acf_changed":false,"footnotes":""},"categories":[],"tags":[],"folder":[13],"class_list":["post-4781","page","type-page","status-publish","hentry"],"acf":[],"yoast_head":"<!-- This site is optimized with the Yoast SEO plugin v27.4 - https:\/\/yoast.com\/product\/yoast-seo-wordpress\/ -->\n<title>Zaanga\u017cowanie - Volksbildungswerk Klarenthal e.V.<\/title>\n<meta name=\"description\" content=\"Dowiedz si\u0119 wi\u0119cej o zaanga\u017cowanym zespole w Volksbildungswerk. Wsp\u00f3lnie anga\u017cujemy si\u0119 w edukacj\u0119 i sp\u00f3jno\u015b\u0107.\" \/>\n<meta name=\"robots\" content=\"index, follow, max-snippet:-1, max-image-preview:large, max-video-preview:-1\" \/>\n<link rel=\"canonical\" href=\"https:\/\/www.klarenthal-vbw.de\/pl\/stowarzyszenie\/nasz-zespol\/\" \/>\n<meta property=\"og:locale\" content=\"pl_PL\" \/>\n<meta property=\"og:type\" content=\"article\" \/>\n<meta property=\"og:title\" content=\"Zaanga\u017cowanie - Volksbildungswerk Klarenthal e.V.\" \/>\n<meta property=\"og:description\" content=\"Dowiedz si\u0119 wi\u0119cej o zaanga\u017cowanym zespole w Volksbildungswerk. Wsp\u00f3lnie anga\u017cujemy si\u0119 w edukacj\u0119 i sp\u00f3jno\u015b\u0107.\" \/>\n<meta property=\"og:url\" content=\"https:\/\/www.klarenthal-vbw.de\/pl\/stowarzyszenie\/nasz-zespol\/\" \/>\n<meta property=\"og:site_name\" content=\"Volksbildungswerk Klarenthal e.V.\" \/>\n<meta property=\"article:modified_time\" content=\"2025-07-31T13:52:57+00:00\" \/>\n<meta name=\"twitter:card\" content=\"summary_large_image\" \/>\n<meta name=\"twitter:label1\" content=\"Szacowany czas czytania\" \/>\n\t<meta name=\"twitter:data1\" content=\"2 minuty\" \/>\n<script type=\"application\/ld+json\" class=\"yoast-schema-graph\">{\"@context\":\"https:\\\/\\\/schema.org\",\"@graph\":[{\"@type\":\"WebPage\",\"@id\":\"https:\\\/\\\/www.klarenthal-vbw.de\\\/pl\\\/stowarzyszenie\\\/nasz-zespol\\\/\",\"url\":\"https:\\\/\\\/www.klarenthal-vbw.de\\\/pl\\\/stowarzyszenie\\\/nasz-zespol\\\/\",\"name\":\"Zaanga\u017cowanie - Volksbildungswerk Klarenthal e.V.\",\"isPartOf\":{\"@id\":\"https:\\\/\\\/www.klarenthal-vbw.de\\\/pl\\\/#website\"},\"datePublished\":\"2023-05-25T10:52:50+00:00\",\"dateModified\":\"2025-07-31T13:52:57+00:00\",\"description\":\"Dowiedz si\u0119 wi\u0119cej o zaanga\u017cowanym zespole w Volksbildungswerk. Wsp\u00f3lnie anga\u017cujemy si\u0119 w edukacj\u0119 i sp\u00f3jno\u015b\u0107.\",\"breadcrumb\":{\"@id\":\"https:\\\/\\\/www.klarenthal-vbw.de\\\/pl\\\/stowarzyszenie\\\/nasz-zespol\\\/#breadcrumb\"},\"inLanguage\":\"pl-PL\",\"potentialAction\":[{\"@type\":\"ReadAction\",\"target\":[\"https:\\\/\\\/www.klarenthal-vbw.de\\\/pl\\\/stowarzyszenie\\\/nasz-zespol\\\/\"]}]},{\"@type\":\"BreadcrumbList\",\"@id\":\"https:\\\/\\\/www.klarenthal-vbw.de\\\/pl\\\/stowarzyszenie\\\/nasz-zespol\\\/#breadcrumb\",\"itemListElement\":[{\"@type\":\"ListItem\",\"position\":1,\"name\":\"Startseite\",\"item\":\"https:\\\/\\\/www.klarenthal-vbw.de\\\/pl\\\/\"},{\"@type\":\"ListItem\",\"position\":2,\"name\":\"Stowarzyszenie\",\"item\":\"https:\\\/\\\/www.klarenthal-vbw.de\\\/pl\\\/stowarzyszenie\\\/\"},{\"@type\":\"ListItem\",\"position\":3,\"name\":\"Zaanga\u017cowanie\"}]},{\"@type\":\"WebSite\",\"@id\":\"https:\\\/\\\/www.klarenthal-vbw.de\\\/pl\\\/#website\",\"url\":\"https:\\\/\\\/www.klarenthal-vbw.de\\\/pl\\\/\",\"name\":\"Volksbildungswerk Klarenthal e.V.\",\"description\":\"Chancen. Bildung. Perspektiven\",\"publisher\":{\"@id\":\"https:\\\/\\\/www.klarenthal-vbw.de\\\/pl\\\/#organization\"},\"potentialAction\":[{\"@type\":\"SearchAction\",\"target\":{\"@type\":\"EntryPoint\",\"urlTemplate\":\"https:\\\/\\\/www.klarenthal-vbw.de\\\/pl\\\/?s={search_term_string}\"},\"query-input\":{\"@type\":\"PropertyValueSpecification\",\"valueRequired\":true,\"valueName\":\"search_term_string\"}}],\"inLanguage\":\"pl-PL\"},{\"@type\":\"Organization\",\"@id\":\"https:\\\/\\\/www.klarenthal-vbw.de\\\/pl\\\/#organization\",\"name\":\"Volksbildungswerk Klarenthal e.V.\",\"url\":\"https:\\\/\\\/www.klarenthal-vbw.de\\\/pl\\\/\",\"logo\":{\"@type\":\"ImageObject\",\"inLanguage\":\"pl-PL\",\"@id\":\"https:\\\/\\\/www.klarenthal-vbw.de\\\/pl\\\/#\\\/schema\\\/logo\\\/image\\\/\",\"url\":\"https:\\\/\\\/www.klarenthal-vbw.de\\\/wp-content\\\/uploads\\\/2025\\\/02\\\/logo.svg\",\"contentUrl\":\"https:\\\/\\\/www.klarenthal-vbw.de\\\/wp-content\\\/uploads\\\/2025\\\/02\\\/logo.svg\",\"caption\":\"Volksbildungswerk Klarenthal e.V.\"},\"image\":{\"@id\":\"https:\\\/\\\/www.klarenthal-vbw.de\\\/pl\\\/#\\\/schema\\\/logo\\\/image\\\/\"}}]}<\/script>\n<!-- \/ Yoast SEO plugin. -->","yoast_head_json":{"title":"Zaanga\u017cowanie - Volksbildungswerk Klarenthal e.V.","description":"Dowiedz si\u0119 wi\u0119cej o zaanga\u017cowanym zespole w Volksbildungswerk. Wsp\u00f3lnie anga\u017cujemy si\u0119 w edukacj\u0119 i sp\u00f3jno\u015b\u0107.","robots":{"index":"index","follow":"follow","max-snippet":"max-snippet:-1","max-image-preview":"max-image-preview:large","max-video-preview":"max-video-preview:-1"},"canonical":"https:\/\/www.klarenthal-vbw.de\/pl\/stowarzyszenie\/nasz-zespol\/","og_locale":"pl_PL","og_type":"article","og_title":"Zaanga\u017cowanie - Volksbildungswerk Klarenthal e.V.","og_description":"Dowiedz si\u0119 wi\u0119cej o zaanga\u017cowanym zespole w Volksbildungswerk. Wsp\u00f3lnie anga\u017cujemy si\u0119 w edukacj\u0119 i sp\u00f3jno\u015b\u0107.","og_url":"https:\/\/www.klarenthal-vbw.de\/pl\/stowarzyszenie\/nasz-zespol\/","og_site_name":"Volksbildungswerk Klarenthal e.V.","article_modified_time":"2025-07-31T13:52:57+00:00","twitter_card":"summary_large_image","twitter_misc":{"Szacowany czas czytania":"2 minuty"},"schema":{"@context":"https:\/\/schema.org","@graph":[{"@type":"WebPage","@id":"https:\/\/www.klarenthal-vbw.de\/pl\/stowarzyszenie\/nasz-zespol\/","url":"https:\/\/www.klarenthal-vbw.de\/pl\/stowarzyszenie\/nasz-zespol\/","name":"Zaanga\u017cowanie - Volksbildungswerk Klarenthal e.V.","isPartOf":{"@id":"https:\/\/www.klarenthal-vbw.de\/pl\/#website"},"datePublished":"2023-05-25T10:52:50+00:00","dateModified":"2025-07-31T13:52:57+00:00","description":"Dowiedz si\u0119 wi\u0119cej o zaanga\u017cowanym zespole w Volksbildungswerk. Wsp\u00f3lnie anga\u017cujemy si\u0119 w edukacj\u0119 i sp\u00f3jno\u015b\u0107.","breadcrumb":{"@id":"https:\/\/www.klarenthal-vbw.de\/pl\/stowarzyszenie\/nasz-zespol\/#breadcrumb"},"inLanguage":"pl-PL","potentialAction":[{"@type":"ReadAction","target":["https:\/\/www.klarenthal-vbw.de\/pl\/stowarzyszenie\/nasz-zespol\/"]}]},{"@type":"BreadcrumbList","@id":"https:\/\/www.klarenthal-vbw.de\/pl\/stowarzyszenie\/nasz-zespol\/#breadcrumb","itemListElement":[{"@type":"ListItem","position":1,"name":"Startseite","item":"https:\/\/www.klarenthal-vbw.de\/pl\/"},{"@type":"ListItem","position":2,"name":"Stowarzyszenie","item":"https:\/\/www.klarenthal-vbw.de\/pl\/stowarzyszenie\/"},{"@type":"ListItem","position":3,"name":"Zaanga\u017cowanie"}]},{"@type":"WebSite","@id":"https:\/\/www.klarenthal-vbw.de\/pl\/#website","url":"https:\/\/www.klarenthal-vbw.de\/pl\/","name":"Volksbildungswerk Klarenthal e.V.","description":"Chancen. Bildung. Perspektiven","publisher":{"@id":"https:\/\/www.klarenthal-vbw.de\/pl\/#organization"},"potentialAction":[{"@type":"SearchAction","target":{"@type":"EntryPoint","urlTemplate":"https:\/\/www.klarenthal-vbw.de\/pl\/?s={search_term_string}"},"query-input":{"@type":"PropertyValueSpecification","valueRequired":true,"valueName":"search_term_string"}}],"inLanguage":"pl-PL"},{"@type":"Organization","@id":"https:\/\/www.klarenthal-vbw.de\/pl\/#organization","name":"Volksbildungswerk Klarenthal e.V.","url":"https:\/\/www.klarenthal-vbw.de\/pl\/","logo":{"@type":"ImageObject","inLanguage":"pl-PL","@id":"https:\/\/www.klarenthal-vbw.de\/pl\/#\/schema\/logo\/image\/","url":"https:\/\/www.klarenthal-vbw.de\/wp-content\/uploads\/2025\/02\/logo.svg","contentUrl":"https:\/\/www.klarenthal-vbw.de\/wp-content\/uploads\/2025\/02\/logo.svg","caption":"Volksbildungswerk Klarenthal e.V."},"image":{"@id":"https:\/\/www.klarenthal-vbw.de\/pl\/#\/schema\/logo\/image\/"}}]}},"_links":{"self":[{"href":"https:\/\/www.klarenthal-vbw.de\/pl\/wp-json\/wp\/v2\/pages\/4781","targetHints":{"allow":["GET"]}}],"collection":[{"href":"https:\/\/www.klarenthal-vbw.de\/pl\/wp-json\/wp\/v2\/pages"}],"about":[{"href":"https:\/\/www.klarenthal-vbw.de\/pl\/wp-json\/wp\/v2\/types\/page"}],"author":[{"embeddable":true,"href":"https:\/\/www.klarenthal-vbw.de\/pl\/wp-json\/wp\/v2\/users\/3"}],"replies":[{"embeddable":true,"href":"https:\/\/www.klarenthal-vbw.de\/pl\/wp-json\/wp\/v2\/comments?post=4781"}],"version-history":[{"count":2,"href":"https:\/\/www.klarenthal-vbw.de\/pl\/wp-json\/wp\/v2\/pages\/4781\/revisions"}],"predecessor-version":[{"id":8401,"href":"https:\/\/www.klarenthal-vbw.de\/pl\/wp-json\/wp\/v2\/pages\/4781\/revisions\/8401"}],"up":[{"embeddable":true,"href":"https:\/\/www.klarenthal-vbw.de\/pl\/wp-json\/wp\/v2\/pages\/3646"}],"wp:attachment":[{"href":"https:\/\/www.klarenthal-vbw.de\/pl\/wp-json\/wp\/v2\/media?parent=4781"}],"wp:term":[{"taxonomy":"category","embeddable":true,"href":"https:\/\/www.klarenthal-vbw.de\/pl\/wp-json\/wp\/v2\/categories?post=4781"},{"taxonomy":"post_tag","embeddable":true,"href":"https:\/\/www.klarenthal-vbw.de\/pl\/wp-json\/wp\/v2\/tags?post=4781"},{"taxonomy":"folder","embeddable":true,"href":"https:\/\/www.klarenthal-vbw.de\/pl\/wp-json\/wp\/v2\/folder?post=4781"}],"curies":[{"name":"wp","href":"https:\/\/api.w.org\/{rel}","templated":true}]}}