{"id":8066,"date":"2025-05-08T11:55:44","date_gmt":"2025-05-08T09:55:44","guid":{"rendered":"https:\/\/vbw.entwicklung-mediengewerk.de\/blog\/"},"modified":"2025-07-30T13:28:09","modified_gmt":"2025-07-30T11:28:09","slug":"blog","status":"publish","type":"page","link":"https:\/\/www.klarenthal-vbw.de\/pl\/blog\/","title":{"rendered":"Blog"},"content":{"rendered":"\t\t<div data-elementor-type=\"wp-page\" data-elementor-id=\"8066\" class=\"elementor elementor-8066 elementor-7016\" data-elementor-post-type=\"page\">\n\t\t\t\t<div class=\"elementor-element elementor-element-6ad846b e-flex e-con-boxed e-con e-parent\" data-id=\"6ad846b\" data-element_type=\"container\">\n\t\t\t\t\t<div class=\"e-con-inner\">\n\t\t\t\t<div class=\"elementor-element elementor-element-be962c2 elementor-grid-3 elementor-grid-tablet-2 elementor-grid-mobile-1 elementor-posts--thumbnail-top elementor-widget elementor-widget-posts\" data-id=\"be962c2\" data-element_type=\"widget\" data-settings=\"{&quot;classic_columns&quot;:&quot;3&quot;,&quot;classic_columns_tablet&quot;:&quot;2&quot;,&quot;classic_columns_mobile&quot;:&quot;1&quot;,&quot;classic_row_gap&quot;:{&quot;unit&quot;:&quot;px&quot;,&quot;size&quot;:35,&quot;sizes&quot;:[]},&quot;classic_row_gap_widescreen&quot;:{&quot;unit&quot;:&quot;px&quot;,&quot;size&quot;:&quot;&quot;,&quot;sizes&quot;:[]},&quot;classic_row_gap_laptop&quot;:{&quot;unit&quot;:&quot;px&quot;,&quot;size&quot;:&quot;&quot;,&quot;sizes&quot;:[]},&quot;classic_row_gap_tablet_extra&quot;:{&quot;unit&quot;:&quot;px&quot;,&quot;size&quot;:&quot;&quot;,&quot;sizes&quot;:[]},&quot;classic_row_gap_tablet&quot;:{&quot;unit&quot;:&quot;px&quot;,&quot;size&quot;:&quot;&quot;,&quot;sizes&quot;:[]},&quot;classic_row_gap_mobile_extra&quot;:{&quot;unit&quot;:&quot;px&quot;,&quot;size&quot;:&quot;&quot;,&quot;sizes&quot;:[]},&quot;classic_row_gap_mobile&quot;:{&quot;unit&quot;:&quot;px&quot;,&quot;size&quot;:&quot;&quot;,&quot;sizes&quot;:[]}}\" data-widget_type=\"posts.classic\">\n\t\t\t\t<div class=\"elementor-widget-container\">\n\t\t\t\t\t\t\t<div class=\"elementor-posts-container elementor-posts elementor-posts--skin-classic elementor-grid\" role=\"list\">\n\t\t\t\t<article class=\"elementor-post elementor-grid-item post-9687 post type-post status-publish format-standard hentry category-allgemein\" role=\"listitem\">\n\t\t\t\t<div class=\"elementor-post__text\">\n\t\t\t\t<h3 class=\"elementor-post__title\">\n\t\t\t<a href=\"https:\/\/www.klarenthal-vbw.de\/pl\/klarenthal-adventskalender-2025\/\" >\n\t\t\t\tKlarenthal Adventskalender 2025\t\t\t<\/a>\n\t\t<\/h3>\n\t\t\t\t<div class=\"elementor-post__excerpt\">\n\t\t\t<p>Der Klarenthaler Adventskalender 2025 l\u00e4dt dazu ein, die Vorweihnachtszeit gemeinsam im Stadtteil zu erleben. Hinter jedem T\u00fcrchen steckt ein besonderes Ereignis&nbsp; \u2013 von gem\u00fctlichen Konzerten, adventlichen Bastelstunden und Kinderaktionen bis hin zu stimmungsvollen Begegnungen bei Feuer, Musik und guten Gespr\u00e4chen. Ob Stockbrot am Campus, Weihnachtsbasar oder Adventskonzert \u2013&nbsp; \u00fcberall in<\/p>\n\t\t<\/div>\n\t\t\n\t\t<a class=\"elementor-post__read-more\" href=\"https:\/\/www.klarenthal-vbw.de\/pl\/klarenthal-adventskalender-2025\/\" aria-label=\"Read more about Klarenthal Adventskalender 2025\" tabindex=\"-1\" >\n\t\t\tCzytaj dalej \u00bb\t\t<\/a>\n\n\t\t\t\t<\/div>\n\t\t\t\t<\/article>\n\t\t\t\t<article class=\"elementor-post elementor-grid-item post-9638 post type-post status-publish format-standard has-post-thumbnail hentry tag-praca-dzielnicowa\" role=\"listitem\">\n\t\t\t\t<a class=\"elementor-post__thumbnail__link\" href=\"https:\/\/www.klarenthal-vbw.de\/pl\/tydzien-demokracji-klarenthal-2025\/\" tabindex=\"-1\" >\n\t\t\t<div class=\"elementor-post__thumbnail\"><img fetchpriority=\"high\" decoding=\"async\" width=\"800\" height=\"628\" src=\"https:\/\/www.klarenthal-vbw.de\/wp-content\/uploads\/2025\/09\/klarenthal-lebt-demokratie-1024x804.jpg\" class=\"attachment-large size-large wp-image-9623\" alt=\"2 Frauen von hinten, die beide T-Shirts mit der Aufschrift Klarenthal lebt Demokratie tragen\" srcset=\"https:\/\/www.klarenthal-vbw.de\/wp-content\/uploads\/2025\/09\/klarenthal-lebt-demokratie-1024x804.jpg 1024w, https:\/\/www.klarenthal-vbw.de\/wp-content\/uploads\/2025\/09\/klarenthal-lebt-demokratie-300x236.jpg 300w, https:\/\/www.klarenthal-vbw.de\/wp-content\/uploads\/2025\/09\/klarenthal-lebt-demokratie-768x603.jpg 768w, https:\/\/www.klarenthal-vbw.de\/wp-content\/uploads\/2025\/09\/klarenthal-lebt-demokratie.jpg 1231w\" sizes=\"(max-width: 800px) 100vw, 800px\" \/><\/div>\n\t\t<\/a>\n\t\t\t\t<div class=\"elementor-post__text\">\n\t\t\t\t<h3 class=\"elementor-post__title\">\n\t\t\t<a href=\"https:\/\/www.klarenthal-vbw.de\/pl\/tydzien-demokracji-klarenthal-2025\/\" >\n\t\t\t\tTydzie\u0144 Demokracji Klarenthal 2025\t\t\t<\/a>\n\t\t<\/h3>\n\t\t\t\t<div class=\"elementor-post__excerpt\">\n\t\t\t<p>&#8222;Klarenthal \u017cyje demokracj\u0105&#8221; to inicjatywa, w ramach kt\u00f3rej mieszka\u0144cy Klarenthal, ko\u015bcio\u0142y chrze\u015bcija\u0144skie, przedstawiciele wszystkich partii demokratycznych, Centrum Edukacji Doros\u0142ych w Klarenthal, KiEZ, Centrum Okr\u0119gowe w Klarenthal i inne podmioty spo\u0142ecze\u0144stwa obywatelskiego po\u0142\u0105czy\u0142y si\u0142y, aby da\u0107 aktywny, kreatywny, lokalny i konkretny przyk\u0142ad demokracji.&#8221;Klarenthal \u017cyje demokracj\u0105&#8221; to inicjatywa, w ramach kt\u00f3rej mieszka\u0144cy<\/p>\n\t\t<\/div>\n\t\t\n\t\t<a class=\"elementor-post__read-more\" href=\"https:\/\/www.klarenthal-vbw.de\/pl\/tydzien-demokracji-klarenthal-2025\/\" aria-label=\"Read more about Tydzie\u0144 Demokracji Klarenthal 2025\" tabindex=\"-1\" >\n\t\t\tCzytaj dalej \u00bb\t\t<\/a>\n\n\t\t\t\t<\/div>\n\t\t\t\t<\/article>\n\t\t\t\t<article class=\"elementor-post elementor-grid-item post-7978 post type-post status-publish format-standard has-post-thumbnail hentry category-ogolne tag-concierge-pl\" role=\"listitem\">\n\t\t\t\t<a class=\"elementor-post__thumbnail__link\" href=\"https:\/\/www.klarenthal-vbw.de\/pl\/concierge-klarenthal-bliskosc-ktora-robi-roznice\/\" tabindex=\"-1\" >\n\t\t\t<div class=\"elementor-post__thumbnail\"><img decoding=\"async\" width=\"800\" height=\"534\" src=\"https:\/\/www.klarenthal-vbw.de\/wp-content\/uploads\/2025\/04\/volksbildungswerk-gesellschaft-verbindungen-1024x683.jpg\" class=\"attachment-large size-large wp-image-6257\" alt=\"einigen Personen, was Konnektivit\u00e4t und soziale Verbindungen symbolisiert.\" srcset=\"https:\/\/www.klarenthal-vbw.de\/wp-content\/uploads\/2025\/04\/volksbildungswerk-gesellschaft-verbindungen-1024x683.jpg 1024w, https:\/\/www.klarenthal-vbw.de\/wp-content\/uploads\/2025\/04\/volksbildungswerk-gesellschaft-verbindungen-300x200.jpg 300w, https:\/\/www.klarenthal-vbw.de\/wp-content\/uploads\/2025\/04\/volksbildungswerk-gesellschaft-verbindungen-768x512.jpg 768w, https:\/\/www.klarenthal-vbw.de\/wp-content\/uploads\/2025\/04\/volksbildungswerk-gesellschaft-verbindungen-1536x1024.jpg 1536w, https:\/\/www.klarenthal-vbw.de\/wp-content\/uploads\/2025\/04\/volksbildungswerk-gesellschaft-verbindungen.jpg 1620w\" sizes=\"(max-width: 800px) 100vw, 800px\" \/><\/div>\n\t\t<\/a>\n\t\t\t\t<div class=\"elementor-post__text\">\n\t\t\t\t<h3 class=\"elementor-post__title\">\n\t\t\t<a href=\"https:\/\/www.klarenthal-vbw.de\/pl\/concierge-klarenthal-bliskosc-ktora-robi-roznice\/\" >\n\t\t\t\tConcierge Klarenthal \u2013 blisko\u015b\u0107, kt\u00f3ra robi r\u00f3\u017cnic\u0119\t\t\t<\/a>\n\t\t<\/h3>\n\t\t\t\t<div class=\"elementor-post__excerpt\">\n\t\t\t<p>Po\u015br\u00f3d osiedli mieszkaniowych Klarenthal, praca concierge stanowi cichy, ale niezwykle skuteczny wk\u0142ad w dobre wsp\u00f3\u0142\u017cycie w dzielnicy. Jest tam, gdzie mieszkaj\u0105 ludzie. S\u0142ucha, po\u015bredniczy, wspiera \u2013 i zna dzielnic\u0119 ze wszystkimi jej zakamarkami, problemami i potencja\u0142em. Concierge Klarenthal to nie projekt biurowy. Jest obecny. Widoczny. Osobisty. I w\u0142a\u015bnie dlatego tak<\/p>\n\t\t<\/div>\n\t\t\n\t\t<a class=\"elementor-post__read-more\" href=\"https:\/\/www.klarenthal-vbw.de\/pl\/concierge-klarenthal-bliskosc-ktora-robi-roznice\/\" aria-label=\"Read more about Concierge Klarenthal \u2013 blisko\u015b\u0107, kt\u00f3ra robi r\u00f3\u017cnic\u0119\" tabindex=\"-1\" >\n\t\t\tCzytaj dalej \u00bb\t\t<\/a>\n\n\t\t\t\t<\/div>\n\t\t\t\t<\/article>\n\t\t\t\t<article class=\"elementor-post elementor-grid-item post-8006 post type-post status-publish format-standard has-post-thumbnail hentry category-ogolne tag-kiez-pl\" role=\"listitem\">\n\t\t\t\t<a class=\"elementor-post__thumbnail__link\" href=\"https:\/\/www.klarenthal-vbw.de\/pl\/kiez-klarenthal-miejsce-dla-rodzin-ktore-laczy-i-wzmacnia\/\" tabindex=\"-1\" >\n\t\t\t<div class=\"elementor-post__thumbnail\"><img decoding=\"async\" width=\"800\" height=\"534\" src=\"https:\/\/www.klarenthal-vbw.de\/wp-content\/uploads\/2025\/04\/volksbildungswerk-kinder-familien-kletterwald-1024x684.jpg\" class=\"attachment-large size-large wp-image-6209\" alt=\"Ein Mann mit blauem Helm und Klettergurt steht l\u00e4chelnd auf einer Holzplattform in einem Hochseilgarten, w\u00e4hrend eine weitere Person mit orangefarbenem Helm im Vordergrund zu sehen ist, umgeben von B\u00e4umen.\" srcset=\"https:\/\/www.klarenthal-vbw.de\/wp-content\/uploads\/2025\/04\/volksbildungswerk-kinder-familien-kletterwald-1024x684.jpg 1024w, https:\/\/www.klarenthal-vbw.de\/wp-content\/uploads\/2025\/04\/volksbildungswerk-kinder-familien-kletterwald-300x200.jpg 300w, https:\/\/www.klarenthal-vbw.de\/wp-content\/uploads\/2025\/04\/volksbildungswerk-kinder-familien-kletterwald-768x513.jpg 768w, https:\/\/www.klarenthal-vbw.de\/wp-content\/uploads\/2025\/04\/volksbildungswerk-kinder-familien-kletterwald-1536x1025.jpg 1536w, https:\/\/www.klarenthal-vbw.de\/wp-content\/uploads\/2025\/04\/volksbildungswerk-kinder-familien-kletterwald.jpg 1618w\" sizes=\"(max-width: 800px) 100vw, 800px\" \/><\/div>\n\t\t<\/a>\n\t\t\t\t<div class=\"elementor-post__text\">\n\t\t\t\t<h3 class=\"elementor-post__title\">\n\t\t\t<a href=\"https:\/\/www.klarenthal-vbw.de\/pl\/kiez-klarenthal-miejsce-dla-rodzin-ktore-laczy-i-wzmacnia\/\" >\n\t\t\t\tKiEZ Klarenthal \u2013 Miejsce dla rodzin, kt\u00f3re \u0142\u0105czy i wzmacnia\t\t\t<\/a>\n\t\t<\/h3>\n\t\t\t\t<div class=\"elementor-post__excerpt\">\n\t\t\t<p>W samym sercu t\u0119tni\u0105cej \u017cyciem dzielnicy Klarenthal, Centrum dla Dzieci i Rodzic\u00f3w (KiEZ) oferuje bezpieczn\u0105 przestrze\u0144 dla rodzin z dzie\u0107mi w wieku od 0 do 10 lat. Rodzice i dzieci znajduj\u0105 tutaj nie tylko wsparcie, ale tak\u017ce poczucie wsp\u00f3lnoty i r\u00f3\u017cnorodne mo\u017cliwo\u015bci edukacyjne. Miejsce spotka\u0144 i wsparcia KiEZ Klarenthal jest<\/p>\n\t\t<\/div>\n\t\t\n\t\t<a class=\"elementor-post__read-more\" href=\"https:\/\/www.klarenthal-vbw.de\/pl\/kiez-klarenthal-miejsce-dla-rodzin-ktore-laczy-i-wzmacnia\/\" aria-label=\"Read more about KiEZ Klarenthal \u2013 Miejsce dla rodzin, kt\u00f3re \u0142\u0105czy i wzmacnia\" tabindex=\"-1\" >\n\t\t\tCzytaj dalej \u00bb\t\t<\/a>\n\n\t\t\t\t<\/div>\n\t\t\t\t<\/article>\n\t\t\t\t<article class=\"elementor-post elementor-grid-item post-7998 post type-post status-publish format-standard has-post-thumbnail hentry category-ogolne tag-edukacja-i-kultura\" role=\"listitem\">\n\t\t\t\t<a class=\"elementor-post__thumbnail__link\" href=\"https:\/\/www.klarenthal-vbw.de\/pl\/uniwersytet-ludowy-z-sercem-blisko-edukacji-i-zycia-w-dotzheim-klarenthal-i-kohlheck\/\" tabindex=\"-1\" >\n\t\t\t<div class=\"elementor-post__thumbnail\"><img loading=\"lazy\" decoding=\"async\" width=\"800\" height=\"534\" src=\"https:\/\/www.klarenthal-vbw.de\/wp-content\/uploads\/2025\/04\/volksbildungswerk-gesellschaft-paulskirche-1024x683.jpg\" class=\"attachment-large size-large wp-image-6248\" alt=\"Die Paulskirche in Frankfurt am Main, ein rotes Sandsteingeb\u00e4ude mit einem runden Hauptteil und einem Turm mit gr\u00fcner Kuppel und goldenem Kreuz, unter einem blauen Himmel mit wei\u00dfen Wolken.\" srcset=\"https:\/\/www.klarenthal-vbw.de\/wp-content\/uploads\/2025\/04\/volksbildungswerk-gesellschaft-paulskirche-1024x683.jpg 1024w, https:\/\/www.klarenthal-vbw.de\/wp-content\/uploads\/2025\/04\/volksbildungswerk-gesellschaft-paulskirche-300x200.jpg 300w, https:\/\/www.klarenthal-vbw.de\/wp-content\/uploads\/2025\/04\/volksbildungswerk-gesellschaft-paulskirche-768x512.jpg 768w, https:\/\/www.klarenthal-vbw.de\/wp-content\/uploads\/2025\/04\/volksbildungswerk-gesellschaft-paulskirche-1536x1024.jpg 1536w, https:\/\/www.klarenthal-vbw.de\/wp-content\/uploads\/2025\/04\/volksbildungswerk-gesellschaft-paulskirche.jpg 1620w\" sizes=\"(max-width: 800px) 100vw, 800px\" \/><\/div>\n\t\t<\/a>\n\t\t\t\t<div class=\"elementor-post__text\">\n\t\t\t\t<h3 class=\"elementor-post__title\">\n\t\t\t<a href=\"https:\/\/www.klarenthal-vbw.de\/pl\/uniwersytet-ludowy-z-sercem-blisko-edukacji-i-zycia-w-dotzheim-klarenthal-i-kohlheck\/\" >\n\t\t\t\tUniwersytet Ludowy z sercem \u2013 Blisko edukacji i \u017cycia w Dotzheim, Klarenthal i Kohlheck\t\t\t<\/a>\n\t\t<\/h3>\n\t\t\t\t<div class=\"elementor-post__excerpt\">\n\t\t\t<p>Edukacja nie zaczyna si\u0119 w sali wyk\u0142adowej i nie ko\u0144czy wraz z uko\u0144czeniem szko\u0142y. Edukacja to ciekawo\u015b\u0107, spotkania, poszerzanie horyzont\u00f3w \u2013 proces trwaj\u0105cy ca\u0142e \u017cycie. I w\u0142a\u015bnie za tym si\u0119 opowiadamy: jako uniwersytet ludowy bezpo\u015brednio w dzielnicy, blisko ludzi w Dotzheim, Kohlheck i Klarenthal. Mo\u017ce nie jeste\u015bmy du\u017cym uniwersytetem ludowym<\/p>\n\t\t<\/div>\n\t\t\n\t\t<a class=\"elementor-post__read-more\" href=\"https:\/\/www.klarenthal-vbw.de\/pl\/uniwersytet-ludowy-z-sercem-blisko-edukacji-i-zycia-w-dotzheim-klarenthal-i-kohlheck\/\" aria-label=\"Read more about Uniwersytet Ludowy z sercem \u2013 Blisko edukacji i \u017cycia w Dotzheim, Klarenthal i Kohlheck\" tabindex=\"-1\" >\n\t\t\tCzytaj dalej \u00bb\t\t<\/a>\n\n\t\t\t\t<\/div>\n\t\t\t\t<\/article>\n\t\t\t\t<article class=\"elementor-post elementor-grid-item post-8008 post type-post status-publish format-standard has-post-thumbnail hentry category-ogolne tag-praca-dzielnicowa\" role=\"listitem\">\n\t\t\t\t<a class=\"elementor-post__thumbnail__link\" href=\"https:\/\/www.klarenthal-vbw.de\/pl\/razem-dla-klarenthal-praca-dzielnicowa-ktora-laczy\/\" tabindex=\"-1\" >\n\t\t\t<div class=\"elementor-post__thumbnail\"><img loading=\"lazy\" decoding=\"async\" width=\"800\" height=\"534\" src=\"https:\/\/www.klarenthal-vbw.de\/wp-content\/uploads\/2025\/04\/volksbildungswerk-sprachen-sprachkurs-1024x683.jpg\" class=\"attachment-large size-large wp-image-6016\" alt=\"Eine Gruppe von sechs Studierenden sitzt um einen Tisch in einer Bibliothek und arbeitet gemeinsam an einem gro\u00dfen Blatt Papier, w\u00e4hrend im Hintergrund B\u00fccherregale und eine wei\u00dfe Tafel zu sehen sind.\" srcset=\"https:\/\/www.klarenthal-vbw.de\/wp-content\/uploads\/2025\/04\/volksbildungswerk-sprachen-sprachkurs-1024x683.jpg 1024w, https:\/\/www.klarenthal-vbw.de\/wp-content\/uploads\/2025\/04\/volksbildungswerk-sprachen-sprachkurs-300x200.jpg 300w, https:\/\/www.klarenthal-vbw.de\/wp-content\/uploads\/2025\/04\/volksbildungswerk-sprachen-sprachkurs-768x512.jpg 768w, https:\/\/www.klarenthal-vbw.de\/wp-content\/uploads\/2025\/04\/volksbildungswerk-sprachen-sprachkurs-1536x1024.jpg 1536w, https:\/\/www.klarenthal-vbw.de\/wp-content\/uploads\/2025\/04\/volksbildungswerk-sprachen-sprachkurs.jpg 1620w\" sizes=\"(max-width: 800px) 100vw, 800px\" \/><\/div>\n\t\t<\/a>\n\t\t\t\t<div class=\"elementor-post__text\">\n\t\t\t\t<h3 class=\"elementor-post__title\">\n\t\t\t<a href=\"https:\/\/www.klarenthal-vbw.de\/pl\/razem-dla-klarenthal-praca-dzielnicowa-ktora-laczy\/\" >\n\t\t\t\tRazem dla Klarenthal \u2013 praca dzielnicowa, kt\u00f3ra \u0142\u0105czy\t\t\t<\/a>\n\t\t<\/h3>\n\t\t\t\t<div class=\"elementor-post__excerpt\">\n\t\t\t<p>Dzielnica to wi\u0119cej ni\u017c ulice i budynki. To \u017cywa sie\u0107 ludzi, historii i pomys\u0142\u00f3w. Aby ta sie\u0107 sta\u0142a si\u0119 prawdziw\u0105 wsp\u00f3lnot\u0105, potrzebne s\u0105 przestrzenie do wymiany, spotka\u0144 i wsp\u00f3\u0142tworzenia. Dok\u0142adnie na tym polega nasza praca dzielnicowa w Klarenthal \u2013 \u0142\u0105cz\u0105ca, moderuj\u0105ca i z jasnym celem: dobre \u017cycie dla wszystkich w<\/p>\n\t\t<\/div>\n\t\t\n\t\t<a class=\"elementor-post__read-more\" href=\"https:\/\/www.klarenthal-vbw.de\/pl\/razem-dla-klarenthal-praca-dzielnicowa-ktora-laczy\/\" aria-label=\"Read more about Razem dla Klarenthal \u2013 praca dzielnicowa, kt\u00f3ra \u0142\u0105czy\" tabindex=\"-1\" >\n\t\t\tCzytaj dalej \u00bb\t\t<\/a>\n\n\t\t\t\t<\/div>\n\t\t\t\t<\/article>\n\t\t\t\t<\/div>\n\t\t\n\t\t\t\t\t\t<\/div>\n\t\t\t\t<\/div>\n\t\t\t\t\t<\/div>\n\t\t\t\t<\/div>\n\t\t\t\t<\/div>\n\t\t","protected":false},"excerpt":{"rendered":"","protected":false},"author":8,"featured_media":0,"parent":0,"menu_order":0,"comment_status":"closed","ping_status":"closed","template":"","meta":{"_acf_changed":false,"footnotes":""},"categories":[],"tags":[],"folder":[14],"class_list":["post-8066","page","type-page","status-publish","hentry"],"acf":[],"yoast_head":"<!-- This site is optimized with the Yoast SEO plugin v27.4 - https:\/\/yoast.com\/product\/yoast-seo-wordpress\/ -->\n<title>Blog - Volksbildungswerk Klarenthal e.V.<\/title>\n<meta name=\"robots\" content=\"index, follow, max-snippet:-1, max-image-preview:large, max-video-preview:-1\" \/>\n<link rel=\"canonical\" href=\"https:\/\/www.klarenthal-vbw.de\/pl\/blog\/\" \/>\n<meta property=\"og:locale\" content=\"pl_PL\" \/>\n<meta property=\"og:type\" content=\"article\" \/>\n<meta property=\"og:title\" content=\"Blog - Volksbildungswerk Klarenthal e.V.\" \/>\n<meta property=\"og:url\" content=\"https:\/\/www.klarenthal-vbw.de\/pl\/blog\/\" \/>\n<meta property=\"og:site_name\" content=\"Volksbildungswerk Klarenthal e.V.\" \/>\n<meta property=\"article:modified_time\" content=\"2025-07-30T11:28:09+00:00\" \/>\n<meta name=\"twitter:card\" content=\"summary_large_image\" \/>\n<script type=\"application\/ld+json\" class=\"yoast-schema-graph\">{\"@context\":\"https:\\\/\\\/schema.org\",\"@graph\":[{\"@type\":\"WebPage\",\"@id\":\"https:\\\/\\\/www.klarenthal-vbw.de\\\/pl\\\/blog\\\/\",\"url\":\"https:\\\/\\\/www.klarenthal-vbw.de\\\/pl\\\/blog\\\/\",\"name\":\"Blog - Volksbildungswerk Klarenthal e.V.\",\"isPartOf\":{\"@id\":\"https:\\\/\\\/www.klarenthal-vbw.de\\\/pl\\\/#website\"},\"datePublished\":\"2025-05-08T09:55:44+00:00\",\"dateModified\":\"2025-07-30T11:28:09+00:00\",\"breadcrumb\":{\"@id\":\"https:\\\/\\\/www.klarenthal-vbw.de\\\/pl\\\/blog\\\/#breadcrumb\"},\"inLanguage\":\"pl-PL\",\"potentialAction\":[{\"@type\":\"ReadAction\",\"target\":[\"https:\\\/\\\/www.klarenthal-vbw.de\\\/pl\\\/blog\\\/\"]}]},{\"@type\":\"BreadcrumbList\",\"@id\":\"https:\\\/\\\/www.klarenthal-vbw.de\\\/pl\\\/blog\\\/#breadcrumb\",\"itemListElement\":[{\"@type\":\"ListItem\",\"position\":1,\"name\":\"Startseite\",\"item\":\"https:\\\/\\\/www.klarenthal-vbw.de\\\/pl\\\/\"},{\"@type\":\"ListItem\",\"position\":2,\"name\":\"Blog\"}]},{\"@type\":\"WebSite\",\"@id\":\"https:\\\/\\\/www.klarenthal-vbw.de\\\/pl\\\/#website\",\"url\":\"https:\\\/\\\/www.klarenthal-vbw.de\\\/pl\\\/\",\"name\":\"Volksbildungswerk Klarenthal e.V.\",\"description\":\"Chancen. Bildung. Perspektiven\",\"publisher\":{\"@id\":\"https:\\\/\\\/www.klarenthal-vbw.de\\\/pl\\\/#organization\"},\"potentialAction\":[{\"@type\":\"SearchAction\",\"target\":{\"@type\":\"EntryPoint\",\"urlTemplate\":\"https:\\\/\\\/www.klarenthal-vbw.de\\\/pl\\\/?s={search_term_string}\"},\"query-input\":{\"@type\":\"PropertyValueSpecification\",\"valueRequired\":true,\"valueName\":\"search_term_string\"}}],\"inLanguage\":\"pl-PL\"},{\"@type\":\"Organization\",\"@id\":\"https:\\\/\\\/www.klarenthal-vbw.de\\\/pl\\\/#organization\",\"name\":\"Volksbildungswerk Klarenthal e.V.\",\"url\":\"https:\\\/\\\/www.klarenthal-vbw.de\\\/pl\\\/\",\"logo\":{\"@type\":\"ImageObject\",\"inLanguage\":\"pl-PL\",\"@id\":\"https:\\\/\\\/www.klarenthal-vbw.de\\\/pl\\\/#\\\/schema\\\/logo\\\/image\\\/\",\"url\":\"https:\\\/\\\/www.klarenthal-vbw.de\\\/wp-content\\\/uploads\\\/2025\\\/02\\\/logo.svg\",\"contentUrl\":\"https:\\\/\\\/www.klarenthal-vbw.de\\\/wp-content\\\/uploads\\\/2025\\\/02\\\/logo.svg\",\"caption\":\"Volksbildungswerk Klarenthal e.V.\"},\"image\":{\"@id\":\"https:\\\/\\\/www.klarenthal-vbw.de\\\/pl\\\/#\\\/schema\\\/logo\\\/image\\\/\"}}]}<\/script>\n<!-- \/ Yoast SEO plugin. -->","yoast_head_json":{"title":"Blog - Volksbildungswerk Klarenthal e.V.","robots":{"index":"index","follow":"follow","max-snippet":"max-snippet:-1","max-image-preview":"max-image-preview:large","max-video-preview":"max-video-preview:-1"},"canonical":"https:\/\/www.klarenthal-vbw.de\/pl\/blog\/","og_locale":"pl_PL","og_type":"article","og_title":"Blog - Volksbildungswerk Klarenthal e.V.","og_url":"https:\/\/www.klarenthal-vbw.de\/pl\/blog\/","og_site_name":"Volksbildungswerk Klarenthal e.V.","article_modified_time":"2025-07-30T11:28:09+00:00","twitter_card":"summary_large_image","schema":{"@context":"https:\/\/schema.org","@graph":[{"@type":"WebPage","@id":"https:\/\/www.klarenthal-vbw.de\/pl\/blog\/","url":"https:\/\/www.klarenthal-vbw.de\/pl\/blog\/","name":"Blog - Volksbildungswerk Klarenthal e.V.","isPartOf":{"@id":"https:\/\/www.klarenthal-vbw.de\/pl\/#website"},"datePublished":"2025-05-08T09:55:44+00:00","dateModified":"2025-07-30T11:28:09+00:00","breadcrumb":{"@id":"https:\/\/www.klarenthal-vbw.de\/pl\/blog\/#breadcrumb"},"inLanguage":"pl-PL","potentialAction":[{"@type":"ReadAction","target":["https:\/\/www.klarenthal-vbw.de\/pl\/blog\/"]}]},{"@type":"BreadcrumbList","@id":"https:\/\/www.klarenthal-vbw.de\/pl\/blog\/#breadcrumb","itemListElement":[{"@type":"ListItem","position":1,"name":"Startseite","item":"https:\/\/www.klarenthal-vbw.de\/pl\/"},{"@type":"ListItem","position":2,"name":"Blog"}]},{"@type":"WebSite","@id":"https:\/\/www.klarenthal-vbw.de\/pl\/#website","url":"https:\/\/www.klarenthal-vbw.de\/pl\/","name":"Volksbildungswerk Klarenthal e.V.","description":"Chancen. Bildung. Perspektiven","publisher":{"@id":"https:\/\/www.klarenthal-vbw.de\/pl\/#organization"},"potentialAction":[{"@type":"SearchAction","target":{"@type":"EntryPoint","urlTemplate":"https:\/\/www.klarenthal-vbw.de\/pl\/?s={search_term_string}"},"query-input":{"@type":"PropertyValueSpecification","valueRequired":true,"valueName":"search_term_string"}}],"inLanguage":"pl-PL"},{"@type":"Organization","@id":"https:\/\/www.klarenthal-vbw.de\/pl\/#organization","name":"Volksbildungswerk Klarenthal e.V.","url":"https:\/\/www.klarenthal-vbw.de\/pl\/","logo":{"@type":"ImageObject","inLanguage":"pl-PL","@id":"https:\/\/www.klarenthal-vbw.de\/pl\/#\/schema\/logo\/image\/","url":"https:\/\/www.klarenthal-vbw.de\/wp-content\/uploads\/2025\/02\/logo.svg","contentUrl":"https:\/\/www.klarenthal-vbw.de\/wp-content\/uploads\/2025\/02\/logo.svg","caption":"Volksbildungswerk Klarenthal e.V."},"image":{"@id":"https:\/\/www.klarenthal-vbw.de\/pl\/#\/schema\/logo\/image\/"}}]}},"_links":{"self":[{"href":"https:\/\/www.klarenthal-vbw.de\/pl\/wp-json\/wp\/v2\/pages\/8066","targetHints":{"allow":["GET"]}}],"collection":[{"href":"https:\/\/www.klarenthal-vbw.de\/pl\/wp-json\/wp\/v2\/pages"}],"about":[{"href":"https:\/\/www.klarenthal-vbw.de\/pl\/wp-json\/wp\/v2\/types\/page"}],"author":[{"embeddable":true,"href":"https:\/\/www.klarenthal-vbw.de\/pl\/wp-json\/wp\/v2\/users\/8"}],"replies":[{"embeddable":true,"href":"https:\/\/www.klarenthal-vbw.de\/pl\/wp-json\/wp\/v2\/comments?post=8066"}],"version-history":[{"count":0,"href":"https:\/\/www.klarenthal-vbw.de\/pl\/wp-json\/wp\/v2\/pages\/8066\/revisions"}],"wp:attachment":[{"href":"https:\/\/www.klarenthal-vbw.de\/pl\/wp-json\/wp\/v2\/media?parent=8066"}],"wp:term":[{"taxonomy":"category","embeddable":true,"href":"https:\/\/www.klarenthal-vbw.de\/pl\/wp-json\/wp\/v2\/categories?post=8066"},{"taxonomy":"post_tag","embeddable":true,"href":"https:\/\/www.klarenthal-vbw.de\/pl\/wp-json\/wp\/v2\/tags?post=8066"},{"taxonomy":"folder","embeddable":true,"href":"https:\/\/www.klarenthal-vbw.de\/pl\/wp-json\/wp\/v2\/folder?post=8066"}],"curies":[{"name":"wp","href":"https:\/\/api.w.org\/{rel}","templated":true}]}}