{"id":3378,"date":"2021-09-21T10:52:36","date_gmt":"2021-09-21T08:52:36","guid":{"rendered":"https:\/\/vbw.entwicklung-mediengewerk.de\/program\/kurslar\/surdurulebilirlik-cevre\/"},"modified":"2025-08-03T23:28:30","modified_gmt":"2025-08-03T21:28:30","slug":"surdurulebilirlik-cevre","status":"publish","type":"page","link":"https:\/\/www.klarenthal-vbw.de\/tr\/program\/kurslar\/surdurulebilirlik-cevre\/","title":{"rendered":"S\u00fcrd\u00fcr\u00fclebilirlik\/\u00c7evre"},"content":{"rendered":"<div class=\"hauptseite\">\n  <div class=\"hauptseite_status\">\n   <h2 class=\"statusadresse\"> <a class=\"statusadresse\" href=\"https:\/\/www.klarenthal-vbw.de\/programm\/kw\/bereich\/kategorien\/kathauptname\/Kursbereiche\" title=\"Veranstaltungs&uuml;bersicht f&uuml;r Kursbereiche &ouml;ffnen\">Kursbereiche<\/a>\n   &gt;&gt; Nachhaltigkeit\/Umwelt<\/h2>\n  <\/div>\n\n <div class=\"hauptseite_kurse\">\n<!-- ND12A-->\r\n\r\n\r\n<div class=\"alert alert-default\">  \r\n  Es wurden leider keine Kurse gefunden.\r\n<\/div>\r\n\r\n\r\n<!-- ND12E --> <\/div>\n\n<\/div>\n\n","protected":false},"excerpt":{"rendered":"","protected":false},"author":3,"featured_media":5551,"parent":3259,"menu_order":0,"comment_status":"closed","ping_status":"closed","template":"","meta":{"_acf_changed":false,"footnotes":""},"categories":[],"tags":[],"folder":[14],"class_list":["post-3378","page","type-page","status-publish","has-post-thumbnail","hentry"],"acf":[],"yoast_head":"<!-- This site is optimized with the Yoast SEO plugin v27.4 - https:\/\/yoast.com\/product\/yoast-seo-wordpress\/ -->\n<title>S\u00fcrd\u00fcr\u00fclebilirlik\/\u00c7evre - Volksbildungswerk Klarenthal e.V.<\/title>\n<meta name=\"description\" content=\"S\u00fcrd\u00fcr\u00fclebilirlik\/\u00e7evre ile ilgili \u00e7e\u015fitli konular\u0131 ke\u015ffedin. \u00c7evrenin korunmas\u0131na nas\u0131l aktif olarak katk\u0131da bulunabilece\u011finizi \u00f6\u011frenin.\" \/>\n<meta name=\"robots\" content=\"index, follow, max-snippet:-1, max-image-preview:large, max-video-preview:-1\" \/>\n<link rel=\"canonical\" href=\"https:\/\/www.klarenthal-vbw.de\/tr\/program\/kurslar\/surdurulebilirlik-cevre\/\" \/>\n<meta property=\"og:locale\" content=\"tr_TR\" \/>\n<meta property=\"og:type\" content=\"article\" \/>\n<meta property=\"og:title\" content=\"S\u00fcrd\u00fcr\u00fclebilirlik\/\u00c7evre - Volksbildungswerk Klarenthal e.V.\" \/>\n<meta property=\"og:description\" content=\"S\u00fcrd\u00fcr\u00fclebilirlik\/\u00e7evre ile ilgili \u00e7e\u015fitli konular\u0131 ke\u015ffedin. \u00c7evrenin korunmas\u0131na nas\u0131l aktif olarak katk\u0131da bulunabilece\u011finizi \u00f6\u011frenin.\" \/>\n<meta property=\"og:url\" content=\"https:\/\/www.klarenthal-vbw.de\/tr\/program\/kurslar\/surdurulebilirlik-cevre\/\" \/>\n<meta property=\"og:site_name\" content=\"Volksbildungswerk Klarenthal e.V.\" \/>\n<meta property=\"article:modified_time\" content=\"2025-08-03T21:28:30+00:00\" \/>\n<meta name=\"twitter:card\" content=\"summary_large_image\" \/>\n<script type=\"application\/ld+json\" class=\"yoast-schema-graph\">{\"@context\":\"https:\\\/\\\/schema.org\",\"@graph\":[{\"@type\":\"WebPage\",\"@id\":\"https:\\\/\\\/www.klarenthal-vbw.de\\\/tr\\\/program\\\/kurslar\\\/surdurulebilirlik-cevre\\\/\",\"url\":\"https:\\\/\\\/www.klarenthal-vbw.de\\\/tr\\\/program\\\/kurslar\\\/surdurulebilirlik-cevre\\\/\",\"name\":\"S\u00fcrd\u00fcr\u00fclebilirlik\\\/\u00c7evre - Volksbildungswerk Klarenthal e.V.\",\"isPartOf\":{\"@id\":\"https:\\\/\\\/www.klarenthal-vbw.de\\\/tr\\\/#website\"},\"primaryImageOfPage\":{\"@id\":\"https:\\\/\\\/www.klarenthal-vbw.de\\\/tr\\\/program\\\/kurslar\\\/surdurulebilirlik-cevre\\\/#primaryimage\"},\"image\":{\"@id\":\"https:\\\/\\\/www.klarenthal-vbw.de\\\/tr\\\/program\\\/kurslar\\\/surdurulebilirlik-cevre\\\/#primaryimage\"},\"thumbnailUrl\":\"https:\\\/\\\/www.klarenthal-vbw.de\\\/wp-content\\\/uploads\\\/2025\\\/04\\\/volksbildungswerk-programm-nachhaltigkeit-umwelt.svg\",\"datePublished\":\"2021-09-21T08:52:36+00:00\",\"dateModified\":\"2025-08-03T21:28:30+00:00\",\"description\":\"S\u00fcrd\u00fcr\u00fclebilirlik\\\/\u00e7evre ile ilgili \u00e7e\u015fitli konular\u0131 ke\u015ffedin. \u00c7evrenin korunmas\u0131na nas\u0131l aktif olarak katk\u0131da bulunabilece\u011finizi \u00f6\u011frenin.\",\"breadcrumb\":{\"@id\":\"https:\\\/\\\/www.klarenthal-vbw.de\\\/tr\\\/program\\\/kurslar\\\/surdurulebilirlik-cevre\\\/#breadcrumb\"},\"inLanguage\":\"tr\",\"potentialAction\":[{\"@type\":\"ReadAction\",\"target\":[\"https:\\\/\\\/www.klarenthal-vbw.de\\\/tr\\\/program\\\/kurslar\\\/surdurulebilirlik-cevre\\\/\"]}]},{\"@type\":\"ImageObject\",\"inLanguage\":\"tr\",\"@id\":\"https:\\\/\\\/www.klarenthal-vbw.de\\\/tr\\\/program\\\/kurslar\\\/surdurulebilirlik-cevre\\\/#primaryimage\",\"url\":\"https:\\\/\\\/www.klarenthal-vbw.de\\\/wp-content\\\/uploads\\\/2025\\\/04\\\/volksbildungswerk-programm-nachhaltigkeit-umwelt.svg\",\"contentUrl\":\"https:\\\/\\\/www.klarenthal-vbw.de\\\/wp-content\\\/uploads\\\/2025\\\/04\\\/volksbildungswerk-programm-nachhaltigkeit-umwelt.svg\",\"width\":24,\"height\":24,\"caption\":\"Nachhaltigkeit Icon\"},{\"@type\":\"BreadcrumbList\",\"@id\":\"https:\\\/\\\/www.klarenthal-vbw.de\\\/tr\\\/program\\\/kurslar\\\/surdurulebilirlik-cevre\\\/#breadcrumb\",\"itemListElement\":[{\"@type\":\"ListItem\",\"position\":1,\"name\":\"Startseite\",\"item\":\"https:\\\/\\\/www.klarenthal-vbw.de\\\/tr\\\/\"},{\"@type\":\"ListItem\",\"position\":2,\"name\":\"Program\",\"item\":\"https:\\\/\\\/www.klarenthal-vbw.de\\\/tr\\\/program\\\/\"},{\"@type\":\"ListItem\",\"position\":3,\"name\":\"Kurslar\",\"item\":\"https:\\\/\\\/www.klarenthal-vbw.de\\\/tr\\\/program\\\/kurslar\\\/\"},{\"@type\":\"ListItem\",\"position\":4,\"name\":\"S\u00fcrd\u00fcr\u00fclebilirlik\\\/\u00c7evre\"}]},{\"@type\":\"WebSite\",\"@id\":\"https:\\\/\\\/www.klarenthal-vbw.de\\\/tr\\\/#website\",\"url\":\"https:\\\/\\\/www.klarenthal-vbw.de\\\/tr\\\/\",\"name\":\"Volksbildungswerk Klarenthal e.V.\",\"description\":\"Chancen. Bildung. Perspektiven\",\"publisher\":{\"@id\":\"https:\\\/\\\/www.klarenthal-vbw.de\\\/tr\\\/#organization\"},\"potentialAction\":[{\"@type\":\"SearchAction\",\"target\":{\"@type\":\"EntryPoint\",\"urlTemplate\":\"https:\\\/\\\/www.klarenthal-vbw.de\\\/tr\\\/?s={search_term_string}\"},\"query-input\":{\"@type\":\"PropertyValueSpecification\",\"valueRequired\":true,\"valueName\":\"search_term_string\"}}],\"inLanguage\":\"tr\"},{\"@type\":\"Organization\",\"@id\":\"https:\\\/\\\/www.klarenthal-vbw.de\\\/tr\\\/#organization\",\"name\":\"Volksbildungswerk Klarenthal e.V.\",\"url\":\"https:\\\/\\\/www.klarenthal-vbw.de\\\/tr\\\/\",\"logo\":{\"@type\":\"ImageObject\",\"inLanguage\":\"tr\",\"@id\":\"https:\\\/\\\/www.klarenthal-vbw.de\\\/tr\\\/#\\\/schema\\\/logo\\\/image\\\/\",\"url\":\"https:\\\/\\\/www.klarenthal-vbw.de\\\/wp-content\\\/uploads\\\/2025\\\/02\\\/logo.svg\",\"contentUrl\":\"https:\\\/\\\/www.klarenthal-vbw.de\\\/wp-content\\\/uploads\\\/2025\\\/02\\\/logo.svg\",\"caption\":\"Volksbildungswerk Klarenthal e.V.\"},\"image\":{\"@id\":\"https:\\\/\\\/www.klarenthal-vbw.de\\\/tr\\\/#\\\/schema\\\/logo\\\/image\\\/\"}}]}<\/script>\n<!-- \/ Yoast SEO plugin. -->","yoast_head_json":{"title":"S\u00fcrd\u00fcr\u00fclebilirlik\/\u00c7evre - Volksbildungswerk Klarenthal e.V.","description":"S\u00fcrd\u00fcr\u00fclebilirlik\/\u00e7evre ile ilgili \u00e7e\u015fitli konular\u0131 ke\u015ffedin. \u00c7evrenin korunmas\u0131na nas\u0131l aktif olarak katk\u0131da bulunabilece\u011finizi \u00f6\u011frenin.","robots":{"index":"index","follow":"follow","max-snippet":"max-snippet:-1","max-image-preview":"max-image-preview:large","max-video-preview":"max-video-preview:-1"},"canonical":"https:\/\/www.klarenthal-vbw.de\/tr\/program\/kurslar\/surdurulebilirlik-cevre\/","og_locale":"tr_TR","og_type":"article","og_title":"S\u00fcrd\u00fcr\u00fclebilirlik\/\u00c7evre - Volksbildungswerk Klarenthal e.V.","og_description":"S\u00fcrd\u00fcr\u00fclebilirlik\/\u00e7evre ile ilgili \u00e7e\u015fitli konular\u0131 ke\u015ffedin. \u00c7evrenin korunmas\u0131na nas\u0131l aktif olarak katk\u0131da bulunabilece\u011finizi \u00f6\u011frenin.","og_url":"https:\/\/www.klarenthal-vbw.de\/tr\/program\/kurslar\/surdurulebilirlik-cevre\/","og_site_name":"Volksbildungswerk Klarenthal e.V.","article_modified_time":"2025-08-03T21:28:30+00:00","twitter_card":"summary_large_image","schema":{"@context":"https:\/\/schema.org","@graph":[{"@type":"WebPage","@id":"https:\/\/www.klarenthal-vbw.de\/tr\/program\/kurslar\/surdurulebilirlik-cevre\/","url":"https:\/\/www.klarenthal-vbw.de\/tr\/program\/kurslar\/surdurulebilirlik-cevre\/","name":"S\u00fcrd\u00fcr\u00fclebilirlik\/\u00c7evre - Volksbildungswerk Klarenthal e.V.","isPartOf":{"@id":"https:\/\/www.klarenthal-vbw.de\/tr\/#website"},"primaryImageOfPage":{"@id":"https:\/\/www.klarenthal-vbw.de\/tr\/program\/kurslar\/surdurulebilirlik-cevre\/#primaryimage"},"image":{"@id":"https:\/\/www.klarenthal-vbw.de\/tr\/program\/kurslar\/surdurulebilirlik-cevre\/#primaryimage"},"thumbnailUrl":"https:\/\/www.klarenthal-vbw.de\/wp-content\/uploads\/2025\/04\/volksbildungswerk-programm-nachhaltigkeit-umwelt.svg","datePublished":"2021-09-21T08:52:36+00:00","dateModified":"2025-08-03T21:28:30+00:00","description":"S\u00fcrd\u00fcr\u00fclebilirlik\/\u00e7evre ile ilgili \u00e7e\u015fitli konular\u0131 ke\u015ffedin. \u00c7evrenin korunmas\u0131na nas\u0131l aktif olarak katk\u0131da bulunabilece\u011finizi \u00f6\u011frenin.","breadcrumb":{"@id":"https:\/\/www.klarenthal-vbw.de\/tr\/program\/kurslar\/surdurulebilirlik-cevre\/#breadcrumb"},"inLanguage":"tr","potentialAction":[{"@type":"ReadAction","target":["https:\/\/www.klarenthal-vbw.de\/tr\/program\/kurslar\/surdurulebilirlik-cevre\/"]}]},{"@type":"ImageObject","inLanguage":"tr","@id":"https:\/\/www.klarenthal-vbw.de\/tr\/program\/kurslar\/surdurulebilirlik-cevre\/#primaryimage","url":"https:\/\/www.klarenthal-vbw.de\/wp-content\/uploads\/2025\/04\/volksbildungswerk-programm-nachhaltigkeit-umwelt.svg","contentUrl":"https:\/\/www.klarenthal-vbw.de\/wp-content\/uploads\/2025\/04\/volksbildungswerk-programm-nachhaltigkeit-umwelt.svg","width":24,"height":24,"caption":"Nachhaltigkeit Icon"},{"@type":"BreadcrumbList","@id":"https:\/\/www.klarenthal-vbw.de\/tr\/program\/kurslar\/surdurulebilirlik-cevre\/#breadcrumb","itemListElement":[{"@type":"ListItem","position":1,"name":"Startseite","item":"https:\/\/www.klarenthal-vbw.de\/tr\/"},{"@type":"ListItem","position":2,"name":"Program","item":"https:\/\/www.klarenthal-vbw.de\/tr\/program\/"},{"@type":"ListItem","position":3,"name":"Kurslar","item":"https:\/\/www.klarenthal-vbw.de\/tr\/program\/kurslar\/"},{"@type":"ListItem","position":4,"name":"S\u00fcrd\u00fcr\u00fclebilirlik\/\u00c7evre"}]},{"@type":"WebSite","@id":"https:\/\/www.klarenthal-vbw.de\/tr\/#website","url":"https:\/\/www.klarenthal-vbw.de\/tr\/","name":"Volksbildungswerk Klarenthal e.V.","description":"Chancen. Bildung. Perspektiven","publisher":{"@id":"https:\/\/www.klarenthal-vbw.de\/tr\/#organization"},"potentialAction":[{"@type":"SearchAction","target":{"@type":"EntryPoint","urlTemplate":"https:\/\/www.klarenthal-vbw.de\/tr\/?s={search_term_string}"},"query-input":{"@type":"PropertyValueSpecification","valueRequired":true,"valueName":"search_term_string"}}],"inLanguage":"tr"},{"@type":"Organization","@id":"https:\/\/www.klarenthal-vbw.de\/tr\/#organization","name":"Volksbildungswerk Klarenthal e.V.","url":"https:\/\/www.klarenthal-vbw.de\/tr\/","logo":{"@type":"ImageObject","inLanguage":"tr","@id":"https:\/\/www.klarenthal-vbw.de\/tr\/#\/schema\/logo\/image\/","url":"https:\/\/www.klarenthal-vbw.de\/wp-content\/uploads\/2025\/02\/logo.svg","contentUrl":"https:\/\/www.klarenthal-vbw.de\/wp-content\/uploads\/2025\/02\/logo.svg","caption":"Volksbildungswerk Klarenthal e.V."},"image":{"@id":"https:\/\/www.klarenthal-vbw.de\/tr\/#\/schema\/logo\/image\/"}}]}},"_links":{"self":[{"href":"https:\/\/www.klarenthal-vbw.de\/tr\/wp-json\/wp\/v2\/pages\/3378","targetHints":{"allow":["GET"]}}],"collection":[{"href":"https:\/\/www.klarenthal-vbw.de\/tr\/wp-json\/wp\/v2\/pages"}],"about":[{"href":"https:\/\/www.klarenthal-vbw.de\/tr\/wp-json\/wp\/v2\/types\/page"}],"author":[{"embeddable":true,"href":"https:\/\/www.klarenthal-vbw.de\/tr\/wp-json\/wp\/v2\/users\/3"}],"replies":[{"embeddable":true,"href":"https:\/\/www.klarenthal-vbw.de\/tr\/wp-json\/wp\/v2\/comments?post=3378"}],"version-history":[{"count":1,"href":"https:\/\/www.klarenthal-vbw.de\/tr\/wp-json\/wp\/v2\/pages\/3378\/revisions"}],"predecessor-version":[{"id":8431,"href":"https:\/\/www.klarenthal-vbw.de\/tr\/wp-json\/wp\/v2\/pages\/3378\/revisions\/8431"}],"up":[{"embeddable":true,"href":"https:\/\/www.klarenthal-vbw.de\/tr\/wp-json\/wp\/v2\/pages\/3259"}],"wp:featuredmedia":[{"embeddable":true,"href":"https:\/\/www.klarenthal-vbw.de\/tr\/wp-json\/wp\/v2\/media\/5551"}],"wp:attachment":[{"href":"https:\/\/www.klarenthal-vbw.de\/tr\/wp-json\/wp\/v2\/media?parent=3378"}],"wp:term":[{"taxonomy":"category","embeddable":true,"href":"https:\/\/www.klarenthal-vbw.de\/tr\/wp-json\/wp\/v2\/categories?post=3378"},{"taxonomy":"post_tag","embeddable":true,"href":"https:\/\/www.klarenthal-vbw.de\/tr\/wp-json\/wp\/v2\/tags?post=3378"},{"taxonomy":"folder","embeddable":true,"href":"https:\/\/www.klarenthal-vbw.de\/tr\/wp-json\/wp\/v2\/folder?post=3378"}],"curies":[{"name":"wp","href":"https:\/\/api.w.org\/{rel}","templated":true}]}}