{"id":3579,"date":"2018-03-23T11:39:25","date_gmt":"2018-03-23T10:39:25","guid":{"rendered":"https:\/\/vbw.entwicklung-mediengewerk.de\/program\/kursun-one-cikan-ozellikleri\/"},"modified":"2025-03-11T01:17:54","modified_gmt":"2025-03-11T00:17:54","slug":"kursun-one-cikan-ozellikleri","status":"publish","type":"page","link":"https:\/\/www.klarenthal-vbw.de\/tr\/program\/kursun-one-cikan-ozellikleri\/","title":{"rendered":"Kursun \u00f6ne \u00e7\u0131kan \u00f6zellikleri"},"content":{"rendered":"<!-- H234A--><div class=\"kw-highlight\">\r\n  <div class=\"row\">\r\n    <div class=\"owl-carousel owl-theme\">\r\n<!-- H234E --><!-- B234A-->\r\n<div class=\"col-md-12\">\r\n    <div class=\"v-box\">\r\n      <div class=\"v-box-thumb\">    \r\n        <div class=\"kw-highlight-date\">21. August<\/div>\r\n      <\/div>\r\n      <div class=\"v-box-content\">\r\n        <h4 class=\"kw-kurstitel\"><a href=\"https:\/\/www.klarenthal-vbw.de\/programm\/kw\/bereich\/kursdetails\/kurs\/262%20REI%2008\/kursname\/Luxemburg%20-%20Im%20Tal%20der%20sieben%20Schloesser\/\" title=\"Luxemburg - Im Tal der sieben Schl&ouml;sser\">Luxemburg - Im Tal der sieben Schl&ouml;sser<\/a><\/h4>  \r\n        <ul class=\"kw-kurs-properties\">\r\n            <li>Ort: <span class=\"bold\"><\/span>\n<\/li>\r\n            <li>Uhrzeit: <span class=\"bold\">08:00 - 18:00 Uhr<\/span>\n<\/li>\r\n            <li>Kosten: <span class=\"bold\">919,00 &euro;<\/span>\n<\/li>\r\n        <\/ul>\r\n    \r\n        <div class=\"text-right v-box-footer\">\r\n          <a href=\"https:\/\/www.klarenthal-vbw.de\/programm\/kw\/bereich\/kursdetails\/kurs\/262%20REI%2008\/kursname\/Luxemburg%20-%20Im%20Tal%20der%20sieben%20Schloesser\/\" class=\"btn btn-mainColor btn-animated\">weitere Details<span class=\"arrow-right\"><\/span><\/a>\r\n        <\/div>\r\n      <\/div>\r\n    <\/div>\r\n    <\/div>\r\n    <!-- B234E -->\r\n\r\n\r\n<!-- B234A-->\r\n<div class=\"col-md-12\">\r\n    <div class=\"v-box\">\r\n      <div class=\"v-box-thumb\">    \r\n        <div class=\"kw-highlight-date\">12. September<\/div>\r\n      <\/div>\r\n      <div class=\"v-box-content\">\r\n        <h4 class=\"kw-kurstitel\"><a href=\"https:\/\/www.klarenthal-vbw.de\/programm\/kw\/bereich\/kursdetails\/kurs\/262%20REI%2011\/kursname\/Bildungsurlaub%20Wandern%20Yoga%20in%20Suedtirol\/\" title=\"S&uuml;dtirol - Stressbew&auml;ltigung durch Achtsamkeit - Bildungsurlaub zum Erwerb von F&auml;higkeiten zur Stressbew&auml;ltigung in Beruf und Alltag\">Bildungsurlaub Wandern &amp;Yoga in S&uuml;dtirol<\/a><\/h4>  \r\n        <ul class=\"kw-kurs-properties\">\r\n            <li>Ort: <span class=\"bold\"><\/span>\n<\/li>\r\n            <li>Uhrzeit: <span class=\"bold\">10:00 - 10:00 Uhr<\/span>\n<\/li>\r\n            <li>Kosten: <span class=\"bold\">650,00 &euro;<\/span>\n<\/li>\r\n        <\/ul>\r\n    \r\n        <div class=\"text-right v-box-footer\">\r\n          <a href=\"https:\/\/www.klarenthal-vbw.de\/programm\/kw\/bereich\/kursdetails\/kurs\/262%20REI%2011\/kursname\/Bildungsurlaub%20Wandern%20Yoga%20in%20Suedtirol\/\" class=\"btn btn-mainColor btn-animated\">weitere Details<span class=\"arrow-right\"><\/span><\/a>\r\n        <\/div>\r\n      <\/div>\r\n    <\/div>\r\n    <\/div>\r\n    <!-- B234E -->\r\n\r\n\r\n<!-- B234A-->\r\n<div class=\"col-md-12\">\r\n    <div class=\"v-box\">\r\n      <div class=\"v-box-thumb\">    \r\n        <div class=\"kw-highlight-date\">12. August<\/div>\r\n      <\/div>\r\n      <div class=\"v-box-content\">\r\n        <h4 class=\"kw-kurstitel\"><a href=\"https:\/\/www.klarenthal-vbw.de\/programm\/kw\/bereich\/kursdetails\/kurs\/262KUFIT10\/kursname\/Tango%20Argentino%20-%20der%20Tanz%20der%202%20Herzen\/\" title=\"Tango Argentino - der Tanz der 2 Herzen\">Tango Argentino - der Tanz der 2 Herzen<\/a><\/h4>  \r\n        <ul class=\"kw-kurs-properties\">\r\n            <li>Ort: <span class=\"bold\"><\/span>\n<\/li>\r\n            <li>Uhrzeit: <span class=\"bold\">18:45 - 20:45 Uhr<\/span>\n<\/li>\r\n            <li>Kosten: <span class=\"bold\">0,00 &euro;<\/span>\n<\/li>\r\n        <\/ul>\r\n    \r\n        <div class=\"text-right v-box-footer\">\r\n          <a href=\"https:\/\/www.klarenthal-vbw.de\/programm\/kw\/bereich\/kursdetails\/kurs\/262KUFIT10\/kursname\/Tango%20Argentino%20-%20der%20Tanz%20der%202%20Herzen\/\" class=\"btn btn-mainColor btn-animated\">weitere Details<span class=\"arrow-right\"><\/span><\/a>\r\n        <\/div>\r\n      <\/div>\r\n    <\/div>\r\n    <\/div>\r\n    <!-- B234E -->\r\n\r\n\r\n<!-- B234A-->\r\n<div class=\"col-md-12\">\r\n    <div class=\"v-box\">\r\n      <div class=\"v-box-thumb\">    \r\n        <div class=\"kw-highlight-date\">24. Oktober<\/div>\r\n      <\/div>\r\n      <div class=\"v-box-content\">\r\n        <h4 class=\"kw-kurstitel\"><a href=\"https:\/\/www.klarenthal-vbw.de\/programm\/kw\/bereich\/kursdetails\/kurs\/262KUFIT01\/kursname\/Line%20Dance%20Workshop\/\" title=\"Line Dance f&uuml;r Anf&auml;nger - Workshop\">Line Dance Workshop<\/a><\/h4>  \r\n        <ul class=\"kw-kurs-properties\">\r\n            <li>Ort: <span class=\"bold\">65197 Wiesbaden<\/span>\n<\/li>\r\n            <li>Uhrzeit: <span class=\"bold\">14:00 - 18:00 Uhr<\/span>\n<\/li>\r\n            <li>Kosten: <span class=\"bold\">38,00 &euro;<\/span>\n<\/li>\r\n        <\/ul>\r\n    \r\n        <div class=\"text-right v-box-footer\">\r\n          <a href=\"https:\/\/www.klarenthal-vbw.de\/programm\/kw\/bereich\/kursdetails\/kurs\/262KUFIT01\/kursname\/Line%20Dance%20Workshop\/\" class=\"btn btn-mainColor btn-animated\">weitere Details<span class=\"arrow-right\"><\/span><\/a>\r\n        <\/div>\r\n      <\/div>\r\n    <\/div>\r\n    <\/div>\r\n    <!-- B234E -->\r\n\r\n\r\n<!-- B234A-->\r\n<div class=\"col-md-12\">\r\n    <div class=\"v-box\">\r\n      <div class=\"v-box-thumb\">    \r\n        <div class=\"kw-highlight-date\">21. Mai<\/div>\r\n      <\/div>\r\n      <div class=\"v-box-content\">\r\n        <h4 class=\"kw-kurstitel\"><a href=\"https:\/\/www.klarenthal-vbw.de\/programm\/kw\/bereich\/kursdetails\/kurs\/261%20FAH%2010\/kursname\/Fahrt%20zur%20Europaeischen%20Zentralbank%20und%20Gedenkstaette\/\" title=\"Licht und Schatten Europas:\">Fahrt zur Europ&auml;ischen Zentralbank und Gedenkst&auml;tte<\/a><\/h4>  \r\n        <ul class=\"kw-kurs-properties\">\r\n            <li>Ort: <span class=\"bold\"><\/span>\n<\/li>\r\n            <li>Uhrzeit: <span class=\"bold\">09:00 - 19:00 Uhr<\/span>\n<\/li>\r\n            <li>Kosten: <span class=\"bold\">25,00 &euro;<\/span>\n<\/li>\r\n        <\/ul>\r\n    \r\n        <div class=\"text-right v-box-footer\">\r\n          <a href=\"https:\/\/www.klarenthal-vbw.de\/programm\/kw\/bereich\/kursdetails\/kurs\/261%20FAH%2010\/kursname\/Fahrt%20zur%20Europaeischen%20Zentralbank%20und%20Gedenkstaette\/\" class=\"btn btn-mainColor btn-animated\">weitere Details<span class=\"arrow-right\"><\/span><\/a>\r\n        <\/div>\r\n      <\/div>\r\n    <\/div>\r\n    <\/div>\r\n    <!-- B234E -->\r\n\r\n\r\n<!-- B234A-->\r\n<div class=\"col-md-12\">\r\n    <div class=\"v-box\">\r\n      <div class=\"v-box-thumb\">    \r\n        <div class=\"kw-highlight-date\">13. November<\/div>\r\n      <\/div>\r\n      <div class=\"v-box-content\">\r\n        <h4 class=\"kw-kurstitel\"><a href=\"https:\/\/www.klarenthal-vbw.de\/programm\/kw\/bereich\/kursdetails\/kurs\/262%20DOT%2006\/kursname\/Feldenkrais-Workshop%20Dem%20Nacken%20die%20Arbeit%20abnehmen\/\" title=\"Feldenkrais - Workshop: Dem Nacken die Arbeit abnehmen - die eigene Mitte finden.\">Feldenkrais-Workshop: Dem Nacken die Arbeit abnehmen...<\/a><\/h4>  \r\n        <ul class=\"kw-kurs-properties\">\r\n            <li>Ort: <span class=\"bold\">65199 Wiesbaden<\/span>\n<\/li>\r\n            <li>Uhrzeit: <span class=\"bold\">18:30 - 13:00 Uhr<\/span>\n<\/li>\r\n            <li>Kosten: <span class=\"bold\">33,00 &euro;<\/span>\n<\/li>\r\n        <\/ul>\r\n    \r\n        <div class=\"text-right v-box-footer\">\r\n          <a href=\"https:\/\/www.klarenthal-vbw.de\/programm\/kw\/bereich\/kursdetails\/kurs\/262%20DOT%2006\/kursname\/Feldenkrais-Workshop%20Dem%20Nacken%20die%20Arbeit%20abnehmen\/\" class=\"btn btn-mainColor btn-animated\">weitere Details<span class=\"arrow-right\"><\/span><\/a>\r\n        <\/div>\r\n      <\/div>\r\n    <\/div>\r\n    <\/div>\r\n    <!-- B234E -->\r\n\r\n\r\n<!-- F234A-->\r\n<\/div>\r\n<\/div>\r\n<\/div><!-- Footer 234E -->\n\n","protected":false},"excerpt":{"rendered":"","protected":false},"author":2,"featured_media":0,"parent":3224,"menu_order":0,"comment_status":"closed","ping_status":"closed","template":"","meta":{"_acf_changed":false,"footnotes":""},"categories":[],"tags":[],"folder":[14],"class_list":["post-3579","page","type-page","status-publish","hentry"],"acf":[],"yoast_head":"<!-- This site is optimized with the Yoast SEO plugin v27.4 - https:\/\/yoast.com\/product\/yoast-seo-wordpress\/ -->\n<title>Kursun \u00f6ne \u00e7\u0131kan \u00f6zellikleri - Volksbildungswerk Klarenthal e.V.<\/title>\n<meta name=\"description\" content=\"\u00d6ne \u00e7\u0131kan kurslar\u0131m\u0131zdan ilham al\u0131n ve bir sonraki kursa kat\u0131l\u0131n. VBW&#039;nin bir par\u00e7as\u0131 olun.\" \/>\n<meta name=\"robots\" content=\"index, follow, max-snippet:-1, max-image-preview:large, max-video-preview:-1\" \/>\n<link rel=\"canonical\" href=\"https:\/\/www.klarenthal-vbw.de\/tr\/program\/kursun-one-cikan-ozellikleri\/\" \/>\n<meta property=\"og:locale\" content=\"tr_TR\" \/>\n<meta property=\"og:type\" content=\"article\" \/>\n<meta property=\"og:title\" content=\"Kursun \u00f6ne \u00e7\u0131kan \u00f6zellikleri - Volksbildungswerk Klarenthal e.V.\" \/>\n<meta property=\"og:description\" content=\"\u00d6ne \u00e7\u0131kan kurslar\u0131m\u0131zdan ilham al\u0131n ve bir sonraki kursa kat\u0131l\u0131n. VBW&#039;nin bir par\u00e7as\u0131 olun.\" \/>\n<meta property=\"og:url\" content=\"https:\/\/www.klarenthal-vbw.de\/tr\/program\/kursun-one-cikan-ozellikleri\/\" \/>\n<meta property=\"og:site_name\" content=\"Volksbildungswerk Klarenthal e.V.\" \/>\n<meta property=\"article:modified_time\" content=\"2025-03-11T00:17:54+00:00\" \/>\n<meta name=\"twitter:card\" content=\"summary_large_image\" \/>\n<script type=\"application\/ld+json\" class=\"yoast-schema-graph\">{\"@context\":\"https:\\\/\\\/schema.org\",\"@graph\":[{\"@type\":\"WebPage\",\"@id\":\"https:\\\/\\\/www.klarenthal-vbw.de\\\/tr\\\/program\\\/kursun-one-cikan-ozellikleri\\\/\",\"url\":\"https:\\\/\\\/www.klarenthal-vbw.de\\\/tr\\\/program\\\/kursun-one-cikan-ozellikleri\\\/\",\"name\":\"Kursun \u00f6ne \u00e7\u0131kan \u00f6zellikleri - Volksbildungswerk Klarenthal e.V.\",\"isPartOf\":{\"@id\":\"https:\\\/\\\/www.klarenthal-vbw.de\\\/tr\\\/#website\"},\"datePublished\":\"2018-03-23T10:39:25+00:00\",\"dateModified\":\"2025-03-11T00:17:54+00:00\",\"description\":\"\u00d6ne \u00e7\u0131kan kurslar\u0131m\u0131zdan ilham al\u0131n ve bir sonraki kursa kat\u0131l\u0131n. VBW'nin bir par\u00e7as\u0131 olun.\",\"breadcrumb\":{\"@id\":\"https:\\\/\\\/www.klarenthal-vbw.de\\\/tr\\\/program\\\/kursun-one-cikan-ozellikleri\\\/#breadcrumb\"},\"inLanguage\":\"tr\",\"potentialAction\":[{\"@type\":\"ReadAction\",\"target\":[\"https:\\\/\\\/www.klarenthal-vbw.de\\\/tr\\\/program\\\/kursun-one-cikan-ozellikleri\\\/\"]}]},{\"@type\":\"BreadcrumbList\",\"@id\":\"https:\\\/\\\/www.klarenthal-vbw.de\\\/tr\\\/program\\\/kursun-one-cikan-ozellikleri\\\/#breadcrumb\",\"itemListElement\":[{\"@type\":\"ListItem\",\"position\":1,\"name\":\"Startseite\",\"item\":\"https:\\\/\\\/www.klarenthal-vbw.de\\\/tr\\\/\"},{\"@type\":\"ListItem\",\"position\":2,\"name\":\"Program\",\"item\":\"https:\\\/\\\/www.klarenthal-vbw.de\\\/tr\\\/program\\\/\"},{\"@type\":\"ListItem\",\"position\":3,\"name\":\"Kursun \u00f6ne \u00e7\u0131kan \u00f6zellikleri\"}]},{\"@type\":\"WebSite\",\"@id\":\"https:\\\/\\\/www.klarenthal-vbw.de\\\/tr\\\/#website\",\"url\":\"https:\\\/\\\/www.klarenthal-vbw.de\\\/tr\\\/\",\"name\":\"Volksbildungswerk Klarenthal e.V.\",\"description\":\"Chancen. Bildung. Perspektiven\",\"publisher\":{\"@id\":\"https:\\\/\\\/www.klarenthal-vbw.de\\\/tr\\\/#organization\"},\"potentialAction\":[{\"@type\":\"SearchAction\",\"target\":{\"@type\":\"EntryPoint\",\"urlTemplate\":\"https:\\\/\\\/www.klarenthal-vbw.de\\\/tr\\\/?s={search_term_string}\"},\"query-input\":{\"@type\":\"PropertyValueSpecification\",\"valueRequired\":true,\"valueName\":\"search_term_string\"}}],\"inLanguage\":\"tr\"},{\"@type\":\"Organization\",\"@id\":\"https:\\\/\\\/www.klarenthal-vbw.de\\\/tr\\\/#organization\",\"name\":\"Volksbildungswerk Klarenthal e.V.\",\"url\":\"https:\\\/\\\/www.klarenthal-vbw.de\\\/tr\\\/\",\"logo\":{\"@type\":\"ImageObject\",\"inLanguage\":\"tr\",\"@id\":\"https:\\\/\\\/www.klarenthal-vbw.de\\\/tr\\\/#\\\/schema\\\/logo\\\/image\\\/\",\"url\":\"https:\\\/\\\/www.klarenthal-vbw.de\\\/wp-content\\\/uploads\\\/2025\\\/02\\\/logo.svg\",\"contentUrl\":\"https:\\\/\\\/www.klarenthal-vbw.de\\\/wp-content\\\/uploads\\\/2025\\\/02\\\/logo.svg\",\"caption\":\"Volksbildungswerk Klarenthal e.V.\"},\"image\":{\"@id\":\"https:\\\/\\\/www.klarenthal-vbw.de\\\/tr\\\/#\\\/schema\\\/logo\\\/image\\\/\"}}]}<\/script>\n<!-- \/ Yoast SEO plugin. -->","yoast_head_json":{"title":"Kursun \u00f6ne \u00e7\u0131kan \u00f6zellikleri - Volksbildungswerk Klarenthal e.V.","description":"\u00d6ne \u00e7\u0131kan kurslar\u0131m\u0131zdan ilham al\u0131n ve bir sonraki kursa kat\u0131l\u0131n. VBW'nin bir par\u00e7as\u0131 olun.","robots":{"index":"index","follow":"follow","max-snippet":"max-snippet:-1","max-image-preview":"max-image-preview:large","max-video-preview":"max-video-preview:-1"},"canonical":"https:\/\/www.klarenthal-vbw.de\/tr\/program\/kursun-one-cikan-ozellikleri\/","og_locale":"tr_TR","og_type":"article","og_title":"Kursun \u00f6ne \u00e7\u0131kan \u00f6zellikleri - Volksbildungswerk Klarenthal e.V.","og_description":"\u00d6ne \u00e7\u0131kan kurslar\u0131m\u0131zdan ilham al\u0131n ve bir sonraki kursa kat\u0131l\u0131n. VBW'nin bir par\u00e7as\u0131 olun.","og_url":"https:\/\/www.klarenthal-vbw.de\/tr\/program\/kursun-one-cikan-ozellikleri\/","og_site_name":"Volksbildungswerk Klarenthal e.V.","article_modified_time":"2025-03-11T00:17:54+00:00","twitter_card":"summary_large_image","schema":{"@context":"https:\/\/schema.org","@graph":[{"@type":"WebPage","@id":"https:\/\/www.klarenthal-vbw.de\/tr\/program\/kursun-one-cikan-ozellikleri\/","url":"https:\/\/www.klarenthal-vbw.de\/tr\/program\/kursun-one-cikan-ozellikleri\/","name":"Kursun \u00f6ne \u00e7\u0131kan \u00f6zellikleri - Volksbildungswerk Klarenthal e.V.","isPartOf":{"@id":"https:\/\/www.klarenthal-vbw.de\/tr\/#website"},"datePublished":"2018-03-23T10:39:25+00:00","dateModified":"2025-03-11T00:17:54+00:00","description":"\u00d6ne \u00e7\u0131kan kurslar\u0131m\u0131zdan ilham al\u0131n ve bir sonraki kursa kat\u0131l\u0131n. VBW'nin bir par\u00e7as\u0131 olun.","breadcrumb":{"@id":"https:\/\/www.klarenthal-vbw.de\/tr\/program\/kursun-one-cikan-ozellikleri\/#breadcrumb"},"inLanguage":"tr","potentialAction":[{"@type":"ReadAction","target":["https:\/\/www.klarenthal-vbw.de\/tr\/program\/kursun-one-cikan-ozellikleri\/"]}]},{"@type":"BreadcrumbList","@id":"https:\/\/www.klarenthal-vbw.de\/tr\/program\/kursun-one-cikan-ozellikleri\/#breadcrumb","itemListElement":[{"@type":"ListItem","position":1,"name":"Startseite","item":"https:\/\/www.klarenthal-vbw.de\/tr\/"},{"@type":"ListItem","position":2,"name":"Program","item":"https:\/\/www.klarenthal-vbw.de\/tr\/program\/"},{"@type":"ListItem","position":3,"name":"Kursun \u00f6ne \u00e7\u0131kan \u00f6zellikleri"}]},{"@type":"WebSite","@id":"https:\/\/www.klarenthal-vbw.de\/tr\/#website","url":"https:\/\/www.klarenthal-vbw.de\/tr\/","name":"Volksbildungswerk Klarenthal e.V.","description":"Chancen. Bildung. Perspektiven","publisher":{"@id":"https:\/\/www.klarenthal-vbw.de\/tr\/#organization"},"potentialAction":[{"@type":"SearchAction","target":{"@type":"EntryPoint","urlTemplate":"https:\/\/www.klarenthal-vbw.de\/tr\/?s={search_term_string}"},"query-input":{"@type":"PropertyValueSpecification","valueRequired":true,"valueName":"search_term_string"}}],"inLanguage":"tr"},{"@type":"Organization","@id":"https:\/\/www.klarenthal-vbw.de\/tr\/#organization","name":"Volksbildungswerk Klarenthal e.V.","url":"https:\/\/www.klarenthal-vbw.de\/tr\/","logo":{"@type":"ImageObject","inLanguage":"tr","@id":"https:\/\/www.klarenthal-vbw.de\/tr\/#\/schema\/logo\/image\/","url":"https:\/\/www.klarenthal-vbw.de\/wp-content\/uploads\/2025\/02\/logo.svg","contentUrl":"https:\/\/www.klarenthal-vbw.de\/wp-content\/uploads\/2025\/02\/logo.svg","caption":"Volksbildungswerk Klarenthal e.V."},"image":{"@id":"https:\/\/www.klarenthal-vbw.de\/tr\/#\/schema\/logo\/image\/"}}]}},"_links":{"self":[{"href":"https:\/\/www.klarenthal-vbw.de\/tr\/wp-json\/wp\/v2\/pages\/3579","targetHints":{"allow":["GET"]}}],"collection":[{"href":"https:\/\/www.klarenthal-vbw.de\/tr\/wp-json\/wp\/v2\/pages"}],"about":[{"href":"https:\/\/www.klarenthal-vbw.de\/tr\/wp-json\/wp\/v2\/types\/page"}],"author":[{"embeddable":true,"href":"https:\/\/www.klarenthal-vbw.de\/tr\/wp-json\/wp\/v2\/users\/2"}],"replies":[{"embeddable":true,"href":"https:\/\/www.klarenthal-vbw.de\/tr\/wp-json\/wp\/v2\/comments?post=3579"}],"version-history":[{"count":0,"href":"https:\/\/www.klarenthal-vbw.de\/tr\/wp-json\/wp\/v2\/pages\/3579\/revisions"}],"up":[{"embeddable":true,"href":"https:\/\/www.klarenthal-vbw.de\/tr\/wp-json\/wp\/v2\/pages\/3224"}],"wp:attachment":[{"href":"https:\/\/www.klarenthal-vbw.de\/tr\/wp-json\/wp\/v2\/media?parent=3579"}],"wp:term":[{"taxonomy":"category","embeddable":true,"href":"https:\/\/www.klarenthal-vbw.de\/tr\/wp-json\/wp\/v2\/categories?post=3579"},{"taxonomy":"post_tag","embeddable":true,"href":"https:\/\/www.klarenthal-vbw.de\/tr\/wp-json\/wp\/v2\/tags?post=3579"},{"taxonomy":"folder","embeddable":true,"href":"https:\/\/www.klarenthal-vbw.de\/tr\/wp-json\/wp\/v2\/folder?post=3579"}],"curies":[{"name":"wp","href":"https:\/\/api.w.org\/{rel}","templated":true}]}}