{"id":4684,"date":"2025-02-27T22:03:45","date_gmt":"2025-02-27T21:03:45","guid":{"rendered":"https:\/\/vbw.entwicklung-mediengewerk.de\/konsiyerj\/"},"modified":"2025-07-30T15:24:03","modified_gmt":"2025-07-30T13:24:03","slug":"konsiyerj","status":"publish","type":"page","link":"https:\/\/www.klarenthal-vbw.de\/tr\/sosyal-mahalle-calismalari\/konsiyerj\/","title":{"rendered":"Concierge"},"content":{"rendered":"\t\t<div data-elementor-type=\"wp-page\" data-elementor-id=\"4684\" class=\"elementor elementor-4684 elementor-3658\" data-elementor-post-type=\"page\">\n\t\t\t\t<div class=\"elementor-element elementor-element-4ba0652e e-flex e-con-boxed e-con e-parent\" data-id=\"4ba0652e\" data-element_type=\"container\">\n\t\t\t\t\t<div class=\"e-con-inner\">\n\t\t\t\t<div class=\"elementor-element elementor-element-52fb037 animated-slow elementor-widget__width-initial elementor-view-default elementor-invisible elementor-widget elementor-widget-icon\" data-id=\"52fb037\" data-element_type=\"widget\" data-settings=\"{&quot;_animation&quot;:&quot;fadeIn&quot;}\" data-widget_type=\"icon.default\">\n\t\t\t\t<div class=\"elementor-widget-container\">\n\t\t\t\t\t\t\t<div class=\"elementor-icon-wrapper\">\n\t\t\t<div class=\"elementor-icon\">\n\t\t\t<svg xmlns=\"http:\/\/www.w3.org\/2000\/svg\" id=\"Ebene_1\" viewBox=\"0 0 34.47 34.47\"><path d=\"M18.97,23.55h-8c-.303,0-.55-.246-.55-.55V6.825c0-.219.13-.416.33-.503l8-3.556c.28-.12.604.006.725.284.03.068.045.144.045.219v19.731c0,.304-.247.55-.55.55ZM18.969,2.82c-.06,0-.121.012-.179.038l-8,3.556c-.164.071-.27.232-.271.411v16.175c0,.248.202.45.45.45h8c.248,0,.45-.202.45-.45V3.269c0-.061-.013-.123-.038-.179-.074-.169-.24-.27-.414-.27h.002Z\"><\/path><path d=\"M16.47,23.55c-.028,0-.05-.022-.05-.05v-2.5c0-.248-.202-.45-.45-.45h-2c-.248,0-.45.202-.45.45v2.5c0,.027-.022.05-.05.05s-.05-.022-.05-.05v-2.5c0-.304.247-.55.55-.55h2c.303,0,.55.246.55.55v2.5c0,.027-.022.05-.05.05Z\"><\/path><path d=\"M13.47,5.217c-.028,0-.05-.022-.05-.05V.5c0-.028.022-.05.05-.05s.05.022.05.05v4.667c0,.028-.022.05-.05.05Z\"><\/path><path d=\"M19.47,9.55h-4c-.028,0-.05-.022-.05-.05s.022-.05.05-.05h4c.028,0,.05.022.05.05s-.022.05-.05.05Z\"><\/path><path d=\"M19.47,11.55h-6c-.028,0-.05-.022-.05-.05s.022-.05.05-.05h6c.028,0,.05.022.05.05s-.022.05-.05.05Z\"><\/path><path d=\"M19.47,7.55h-3c-.028,0-.05-.022-.05-.05s.022-.05.05-.05h3c.028,0,.05.022.05.05s-.022.05-.05.05Z\"><\/path><path d=\"M31.97,23.55h-7c-.304,0-.55-.246-.55-.55v-14.6c0-.303.246-.55.55-.55.104,0,.204.029.291.083l7.235,4.524c.015.009.023.025.023.042v10.5c0,.304-.246.55-.55.55h.001ZM24.97,7.95c-.248,0-.45.202-.45.45v14.6c0,.248.202.45.45.45h7c.248,0,.45-.202.45-.45v-10.472l-7.212-4.509c-.071-.045-.153-.069-.238-.069Z\"><\/path><path d=\"M31.47,11.925c-.027,0-.05-.022-.05-.05v-2.875c0-.248-.202-.45-.45-.45h-4.9c-.027,0-.05-.022-.05-.05s.022-.05.05-.05h4.9c.304,0,.55.247.55.55v2.875c0,.028-.022.05-.05.05Z\"><\/path><path d=\"M29.47,23.55c-.027,0-.05-.022-.05-.05v-2.95h-1.9v2.95c0,.027-.022.05-.05.05s-.05-.022-.05-.05v-3c0-.027.022-.05.05-.05h2c.027,0,.05.022.05.05v3c0,.027-.022.05-.05.05Z\"><\/path><path d=\"M27.47,13.55h-3c-.027,0-.05-.022-.05-.05s.022-.05.05-.05h3c.027,0,.05.022.05.05s-.022.05-.05.05Z\"><\/path><path d=\"M29.47,15.55h-5c-.027,0-.05-.022-.05-.05s.022-.05.05-.05h5c.027,0,.05.022.05.05s-.022.05-.05.05Z\"><\/path><path d=\"M4.97,32.82H.97c-.028,0-.05-.022-.05-.05v-8c0-.027.022-.05.05-.05h4c.028,0,.05.022.05.05v8c0,.027-.022.05-.05.05ZM1.02,32.721h3.9v-7.9H1.02v7.9Z\"><\/path><path d=\"M13.133,33.76c-1.279,0-2.69-.489-5.259-1.381-.843-.293-1.799-.625-2.919-.998-.026-.009-.041-.037-.032-.063.009-.027.04-.038.063-.032,1.122.374,2.078.706,2.921.999,1.767.614,3.489,1.373,5.231,1.379,2,.007,3.952-1.293,5.887-2.321,1.273-.677,2.854-1.518,4.87-2.526-.681-.876-1.842-1.247-2.91-.935l-4.315,1.367c-.027.003-.055-.007-.063-.033-.008-.025.006-.054.033-.062l4.316-1.367c1.127-.331,2.355.075,3.055,1.018.009.013.012.027.009.042-.004.015-.014.026-.026.033-2.04,1.02-3.638,1.869-4.921,2.552-3.02,1.606-4.382,2.33-5.938,2.33l-.002-.002Z\"><\/path><path d=\"M15.97,29.82h-5.5c-.028,0-.05-.022-.05-.05s.022-.05.05-.05h5.5c.481,0,.7-.492.7-.95s-.219-.95-.7-.95h-3.5c-.174,0-.436-.191-.832-.481-.826-.604-2.074-1.519-3.668-1.519h-3c-.028,0-.05-.022-.05-.05s.022-.05.05-.05h3c1.627,0,2.942.963,3.728,1.538.353.258.631.462.772.462h3.5c.55,0,.8.544.8,1.05s-.25,1.05-.8,1.05Z\"><\/path><\/svg>\t\t\t<\/div>\n\t\t<\/div>\n\t\t\t\t\t\t<\/div>\n\t\t\t\t<\/div>\n\t\t\t\t<div class=\"elementor-element elementor-element-6606c371 elementor-widget elementor-widget-text-editor\" data-id=\"6606c371\" data-element_type=\"widget\" data-widget_type=\"text-editor.default\">\n\t\t\t\t<div class=\"elementor-widget-container\">\n\t\t\t\t\t\t\t\t\t\n<h2 class=\"wp-block-heading\">Concierge Ekibi<\/h2>\n<h3 class=\"wp-block-heading\">Hermann-Brill-Stra\u00dfe&#8217;deki ileti\u015fim ki\u015finiz<\/h3>\n\n<p>Klarenthal konsiyerj ekibi <strong>GENo50<\/strong>, <strong>GWW Wiesbaden<\/strong> ve <strong>Nassauische Heimst\u00e4tte<\/strong>&#8216;nin ortak bir giri\u015fimidir. Yukar\u0131 Hermann-Brill-Strasse&#8217;deki t\u00fcm evler i\u00e7in g\u00fcvenilir irtibat ki\u015fileriniziz ve k\u00fc\u00e7\u00fck ve b\u00fcy\u00fck g\u00fcnl\u00fck sorunlar\u0131n\u0131zda sizi do\u011frudan ve yerinde destekliyoruz. <\/p>\n\n<h3 class=\"wp-block-heading\">G\u00f6revlerimiz \u015funlar\u0131 kapsar<\/h3>\n\n<ul class=\"wp-block-list\">\n<li>Doktora veya eczaneye refakat.<\/li>\n\n<li>K\u00fc\u00e7\u00fck al\u0131\u015fveri\u015flerde yard\u0131m (randevu ile), posta kutular\u0131n\u0131n bo\u015falt\u0131lmas\u0131, \u00e7i\u00e7eklerin sulanmas\u0131 veya paketlerin teslim al\u0131nmas\u0131.<\/li>\n\n<li>Yetkililerden gelen mektuplar konusunda yard\u0131m.<\/li>\n<\/ul>\n\n<p>Turlar\u0131m\u0131z s\u0131ras\u0131nda d\u0131\u015f alanlar\u0131 ve binalar\u0131 d\u00fczenli olarak denetliyoruz: \u0130zinsiz \u00e7\u00f6p veya hacimli at\u0131k var m\u0131? Merdiven bo\u015fluklar\u0131ndaki t\u00fcm \u0131\u015f\u0131klar \u00e7al\u0131\u015f\u0131yor mu? Kap\u0131lar ve acil \u00e7\u0131k\u0131\u015flar m\u00fckemmel durumda m\u0131? Mahzenler de d\u00fczenli olarak kontrol edilmektedir.   <\/p>\n\n<p>G\u00f6revlerimiz aras\u0131nda ayr\u0131ca Hermann-Brill-Stra\u00dfe 12&#8217;deki bo\u015f zaman merkezi ve di\u011fer odalar\u0131n bak\u0131m\u0131 ve kiralanmas\u0131 da yer al\u0131yor. <strong>Dil odas\u0131nda<\/strong>, dil becerilerini te\u015fvik etmek ve geli\u015ftirmek i\u00e7in kurslar sunuyoruz.<\/p>\n\n<p>G\u00fcnl\u00fck hayat\u0131n\u0131z\u0131 biraz daha kolayla\u015ft\u0131rmak i\u00e7in sab\u0131rs\u0131zlan\u0131yoruz!<\/p>\n\t\t\t\t\t\t\t\t<\/div>\n\t\t\t\t<\/div>\n\t\t\t\t\t<\/div>\n\t\t\t\t<\/div>\n\t\t\t\t<\/div>\n\t\t","protected":false},"excerpt":{"rendered":"<p>Concierge Ekibi Hermann-Brill-Stra\u00dfe&#8217;deki ileti\u015fim ki\u015finiz Klarenthal konsiyerj ekibi GENo50, GWW Wiesbaden ve Nassauische Heimst\u00e4tte&#8216;nin ortak bir giri\u015fimidir. Yukar\u0131 Hermann-Brill-Strasse&#8217;deki t\u00fcm evler i\u00e7in g\u00fcvenilir irtibat ki\u015fileriniziz ve k\u00fc\u00e7\u00fck ve b\u00fcy\u00fck g\u00fcnl\u00fck sorunlar\u0131n\u0131zda sizi do\u011frudan ve yerinde destekliyoruz. G\u00f6revlerimiz \u015funlar\u0131 kapsar Doktora veya eczaneye refakat. K\u00fc\u00e7\u00fck al\u0131\u015fveri\u015flerde yard\u0131m (randevu ile), posta kutular\u0131n\u0131n bo\u015falt\u0131lmas\u0131, \u00e7i\u00e7eklerin sulanmas\u0131 veya paketlerin [&hellip;]<\/p>\n","protected":false},"author":8,"featured_media":0,"parent":4733,"menu_order":0,"comment_status":"closed","ping_status":"closed","template":"","meta":{"_acf_changed":false,"footnotes":""},"categories":[],"tags":[166],"folder":[15],"class_list":["post-4684","page","type-page","status-publish","hentry","tag-concierge-tr"],"acf":[],"yoast_head":"<!-- This site is optimized with the Yoast SEO plugin v27.4 - https:\/\/yoast.com\/product\/yoast-seo-wordpress\/ -->\n<title>Concierge - Volksbildungswerk Klarenthal e.V.<\/title>\n<meta name=\"robots\" content=\"index, follow, max-snippet:-1, max-image-preview:large, max-video-preview:-1\" \/>\n<link rel=\"canonical\" href=\"https:\/\/www.klarenthal-vbw.de\/tr\/sosyal-mahalle-calismalari\/konsiyerj\/\" \/>\n<meta property=\"og:locale\" content=\"tr_TR\" \/>\n<meta property=\"og:type\" content=\"article\" \/>\n<meta property=\"og:title\" content=\"Concierge - Volksbildungswerk Klarenthal e.V.\" \/>\n<meta property=\"og:description\" content=\"Concierge Ekibi Hermann-Brill-Stra\u00dfe&#8217;deki ileti\u015fim ki\u015finiz Klarenthal konsiyerj ekibi GENo50, GWW Wiesbaden ve Nassauische Heimst\u00e4tte&#8216;nin ortak bir giri\u015fimidir. Yukar\u0131 Hermann-Brill-Strasse&#8217;deki t\u00fcm evler i\u00e7in g\u00fcvenilir irtibat ki\u015fileriniziz ve k\u00fc\u00e7\u00fck ve b\u00fcy\u00fck g\u00fcnl\u00fck sorunlar\u0131n\u0131zda sizi do\u011frudan ve yerinde destekliyoruz. G\u00f6revlerimiz \u015funlar\u0131 kapsar Doktora veya eczaneye refakat. K\u00fc\u00e7\u00fck al\u0131\u015fveri\u015flerde yard\u0131m (randevu ile), posta kutular\u0131n\u0131n bo\u015falt\u0131lmas\u0131, \u00e7i\u00e7eklerin sulanmas\u0131 veya paketlerin [&hellip;]\" \/>\n<meta property=\"og:url\" content=\"https:\/\/www.klarenthal-vbw.de\/tr\/sosyal-mahalle-calismalari\/konsiyerj\/\" \/>\n<meta property=\"og:site_name\" content=\"Volksbildungswerk Klarenthal e.V.\" \/>\n<meta property=\"article:modified_time\" content=\"2025-07-30T13:24:03+00:00\" \/>\n<meta name=\"twitter:card\" content=\"summary_large_image\" \/>\n<meta name=\"twitter:label1\" content=\"Tahmini okuma s\u00fcresi\" \/>\n\t<meta name=\"twitter:data1\" content=\"1 dakika\" \/>\n<script type=\"application\/ld+json\" class=\"yoast-schema-graph\">{\"@context\":\"https:\\\/\\\/schema.org\",\"@graph\":[{\"@type\":\"WebPage\",\"@id\":\"https:\\\/\\\/www.klarenthal-vbw.de\\\/tr\\\/sosyal-mahalle-calismalari\\\/konsiyerj\\\/\",\"url\":\"https:\\\/\\\/www.klarenthal-vbw.de\\\/tr\\\/sosyal-mahalle-calismalari\\\/konsiyerj\\\/\",\"name\":\"Concierge - Volksbildungswerk Klarenthal e.V.\",\"isPartOf\":{\"@id\":\"https:\\\/\\\/www.klarenthal-vbw.de\\\/tr\\\/#website\"},\"datePublished\":\"2025-02-27T21:03:45+00:00\",\"dateModified\":\"2025-07-30T13:24:03+00:00\",\"breadcrumb\":{\"@id\":\"https:\\\/\\\/www.klarenthal-vbw.de\\\/tr\\\/sosyal-mahalle-calismalari\\\/konsiyerj\\\/#breadcrumb\"},\"inLanguage\":\"tr\",\"potentialAction\":[{\"@type\":\"ReadAction\",\"target\":[\"https:\\\/\\\/www.klarenthal-vbw.de\\\/tr\\\/sosyal-mahalle-calismalari\\\/konsiyerj\\\/\"]}]},{\"@type\":\"BreadcrumbList\",\"@id\":\"https:\\\/\\\/www.klarenthal-vbw.de\\\/tr\\\/sosyal-mahalle-calismalari\\\/konsiyerj\\\/#breadcrumb\",\"itemListElement\":[{\"@type\":\"ListItem\",\"position\":1,\"name\":\"Startseite\",\"item\":\"https:\\\/\\\/www.klarenthal-vbw.de\\\/tr\\\/\"},{\"@type\":\"ListItem\",\"position\":2,\"name\":\"Sosyal mahalle \u00e7al\u0131\u015fmalar\u0131\",\"item\":\"https:\\\/\\\/www.klarenthal-vbw.de\\\/tr\\\/sosyal-mahalle-calismalari\\\/\"},{\"@type\":\"ListItem\",\"position\":3,\"name\":\"Concierge\"}]},{\"@type\":\"WebSite\",\"@id\":\"https:\\\/\\\/www.klarenthal-vbw.de\\\/tr\\\/#website\",\"url\":\"https:\\\/\\\/www.klarenthal-vbw.de\\\/tr\\\/\",\"name\":\"Volksbildungswerk Klarenthal e.V.\",\"description\":\"Chancen. Bildung. Perspektiven\",\"publisher\":{\"@id\":\"https:\\\/\\\/www.klarenthal-vbw.de\\\/tr\\\/#organization\"},\"potentialAction\":[{\"@type\":\"SearchAction\",\"target\":{\"@type\":\"EntryPoint\",\"urlTemplate\":\"https:\\\/\\\/www.klarenthal-vbw.de\\\/tr\\\/?s={search_term_string}\"},\"query-input\":{\"@type\":\"PropertyValueSpecification\",\"valueRequired\":true,\"valueName\":\"search_term_string\"}}],\"inLanguage\":\"tr\"},{\"@type\":\"Organization\",\"@id\":\"https:\\\/\\\/www.klarenthal-vbw.de\\\/tr\\\/#organization\",\"name\":\"Volksbildungswerk Klarenthal e.V.\",\"url\":\"https:\\\/\\\/www.klarenthal-vbw.de\\\/tr\\\/\",\"logo\":{\"@type\":\"ImageObject\",\"inLanguage\":\"tr\",\"@id\":\"https:\\\/\\\/www.klarenthal-vbw.de\\\/tr\\\/#\\\/schema\\\/logo\\\/image\\\/\",\"url\":\"https:\\\/\\\/www.klarenthal-vbw.de\\\/wp-content\\\/uploads\\\/2025\\\/02\\\/logo.svg\",\"contentUrl\":\"https:\\\/\\\/www.klarenthal-vbw.de\\\/wp-content\\\/uploads\\\/2025\\\/02\\\/logo.svg\",\"caption\":\"Volksbildungswerk Klarenthal e.V.\"},\"image\":{\"@id\":\"https:\\\/\\\/www.klarenthal-vbw.de\\\/tr\\\/#\\\/schema\\\/logo\\\/image\\\/\"}}]}<\/script>\n<!-- \/ Yoast SEO plugin. -->","yoast_head_json":{"title":"Concierge - Volksbildungswerk Klarenthal e.V.","robots":{"index":"index","follow":"follow","max-snippet":"max-snippet:-1","max-image-preview":"max-image-preview:large","max-video-preview":"max-video-preview:-1"},"canonical":"https:\/\/www.klarenthal-vbw.de\/tr\/sosyal-mahalle-calismalari\/konsiyerj\/","og_locale":"tr_TR","og_type":"article","og_title":"Concierge - Volksbildungswerk Klarenthal e.V.","og_description":"Concierge Ekibi Hermann-Brill-Stra\u00dfe&#8217;deki ileti\u015fim ki\u015finiz Klarenthal konsiyerj ekibi GENo50, GWW Wiesbaden ve Nassauische Heimst\u00e4tte&#8216;nin ortak bir giri\u015fimidir. Yukar\u0131 Hermann-Brill-Strasse&#8217;deki t\u00fcm evler i\u00e7in g\u00fcvenilir irtibat ki\u015fileriniziz ve k\u00fc\u00e7\u00fck ve b\u00fcy\u00fck g\u00fcnl\u00fck sorunlar\u0131n\u0131zda sizi do\u011frudan ve yerinde destekliyoruz. G\u00f6revlerimiz \u015funlar\u0131 kapsar Doktora veya eczaneye refakat. K\u00fc\u00e7\u00fck al\u0131\u015fveri\u015flerde yard\u0131m (randevu ile), posta kutular\u0131n\u0131n bo\u015falt\u0131lmas\u0131, \u00e7i\u00e7eklerin sulanmas\u0131 veya paketlerin [&hellip;]","og_url":"https:\/\/www.klarenthal-vbw.de\/tr\/sosyal-mahalle-calismalari\/konsiyerj\/","og_site_name":"Volksbildungswerk Klarenthal e.V.","article_modified_time":"2025-07-30T13:24:03+00:00","twitter_card":"summary_large_image","twitter_misc":{"Tahmini okuma s\u00fcresi":"1 dakika"},"schema":{"@context":"https:\/\/schema.org","@graph":[{"@type":"WebPage","@id":"https:\/\/www.klarenthal-vbw.de\/tr\/sosyal-mahalle-calismalari\/konsiyerj\/","url":"https:\/\/www.klarenthal-vbw.de\/tr\/sosyal-mahalle-calismalari\/konsiyerj\/","name":"Concierge - Volksbildungswerk Klarenthal e.V.","isPartOf":{"@id":"https:\/\/www.klarenthal-vbw.de\/tr\/#website"},"datePublished":"2025-02-27T21:03:45+00:00","dateModified":"2025-07-30T13:24:03+00:00","breadcrumb":{"@id":"https:\/\/www.klarenthal-vbw.de\/tr\/sosyal-mahalle-calismalari\/konsiyerj\/#breadcrumb"},"inLanguage":"tr","potentialAction":[{"@type":"ReadAction","target":["https:\/\/www.klarenthal-vbw.de\/tr\/sosyal-mahalle-calismalari\/konsiyerj\/"]}]},{"@type":"BreadcrumbList","@id":"https:\/\/www.klarenthal-vbw.de\/tr\/sosyal-mahalle-calismalari\/konsiyerj\/#breadcrumb","itemListElement":[{"@type":"ListItem","position":1,"name":"Startseite","item":"https:\/\/www.klarenthal-vbw.de\/tr\/"},{"@type":"ListItem","position":2,"name":"Sosyal mahalle \u00e7al\u0131\u015fmalar\u0131","item":"https:\/\/www.klarenthal-vbw.de\/tr\/sosyal-mahalle-calismalari\/"},{"@type":"ListItem","position":3,"name":"Concierge"}]},{"@type":"WebSite","@id":"https:\/\/www.klarenthal-vbw.de\/tr\/#website","url":"https:\/\/www.klarenthal-vbw.de\/tr\/","name":"Volksbildungswerk Klarenthal e.V.","description":"Chancen. Bildung. Perspektiven","publisher":{"@id":"https:\/\/www.klarenthal-vbw.de\/tr\/#organization"},"potentialAction":[{"@type":"SearchAction","target":{"@type":"EntryPoint","urlTemplate":"https:\/\/www.klarenthal-vbw.de\/tr\/?s={search_term_string}"},"query-input":{"@type":"PropertyValueSpecification","valueRequired":true,"valueName":"search_term_string"}}],"inLanguage":"tr"},{"@type":"Organization","@id":"https:\/\/www.klarenthal-vbw.de\/tr\/#organization","name":"Volksbildungswerk Klarenthal e.V.","url":"https:\/\/www.klarenthal-vbw.de\/tr\/","logo":{"@type":"ImageObject","inLanguage":"tr","@id":"https:\/\/www.klarenthal-vbw.de\/tr\/#\/schema\/logo\/image\/","url":"https:\/\/www.klarenthal-vbw.de\/wp-content\/uploads\/2025\/02\/logo.svg","contentUrl":"https:\/\/www.klarenthal-vbw.de\/wp-content\/uploads\/2025\/02\/logo.svg","caption":"Volksbildungswerk Klarenthal e.V."},"image":{"@id":"https:\/\/www.klarenthal-vbw.de\/tr\/#\/schema\/logo\/image\/"}}]}},"_links":{"self":[{"href":"https:\/\/www.klarenthal-vbw.de\/tr\/wp-json\/wp\/v2\/pages\/4684","targetHints":{"allow":["GET"]}}],"collection":[{"href":"https:\/\/www.klarenthal-vbw.de\/tr\/wp-json\/wp\/v2\/pages"}],"about":[{"href":"https:\/\/www.klarenthal-vbw.de\/tr\/wp-json\/wp\/v2\/types\/page"}],"author":[{"embeddable":true,"href":"https:\/\/www.klarenthal-vbw.de\/tr\/wp-json\/wp\/v2\/users\/8"}],"replies":[{"embeddable":true,"href":"https:\/\/www.klarenthal-vbw.de\/tr\/wp-json\/wp\/v2\/comments?post=4684"}],"version-history":[{"count":0,"href":"https:\/\/www.klarenthal-vbw.de\/tr\/wp-json\/wp\/v2\/pages\/4684\/revisions"}],"up":[{"embeddable":true,"href":"https:\/\/www.klarenthal-vbw.de\/tr\/wp-json\/wp\/v2\/pages\/4733"}],"wp:attachment":[{"href":"https:\/\/www.klarenthal-vbw.de\/tr\/wp-json\/wp\/v2\/media?parent=4684"}],"wp:term":[{"taxonomy":"category","embeddable":true,"href":"https:\/\/www.klarenthal-vbw.de\/tr\/wp-json\/wp\/v2\/categories?post=4684"},{"taxonomy":"post_tag","embeddable":true,"href":"https:\/\/www.klarenthal-vbw.de\/tr\/wp-json\/wp\/v2\/tags?post=4684"},{"taxonomy":"folder","embeddable":true,"href":"https:\/\/www.klarenthal-vbw.de\/tr\/wp-json\/wp\/v2\/folder?post=4684"}],"curies":[{"name":"wp","href":"https:\/\/api.w.org\/{rel}","templated":true}]}}