{"id":4723,"date":"2025-02-27T22:00:07","date_gmt":"2025-02-27T21:00:07","guid":{"rendered":"https:\/\/vbw.entwicklung-mediengewerk.de\/fitness-kulubu\/"},"modified":"2025-07-30T15:46:33","modified_gmt":"2025-07-30T13:46:33","slug":"fitness-kulubu","status":"publish","type":"page","link":"https:\/\/www.klarenthal-vbw.de\/tr\/sosyal-mahalle-calismalari\/fitness-kulubu\/","title":{"rendered":"Fitmacherclub"},"content":{"rendered":"\t\t<div data-elementor-type=\"wp-page\" data-elementor-id=\"4723\" class=\"elementor elementor-4723 elementor-2534\" data-elementor-post-type=\"page\">\n\t\t\t\t<div class=\"elementor-element elementor-element-7a1e8dfa e-flex e-con-boxed e-con e-parent\" data-id=\"7a1e8dfa\" data-element_type=\"container\">\n\t\t\t\t\t<div class=\"e-con-inner\">\n\t\t\t\t<div class=\"elementor-element elementor-element-6710dde animated-slow elementor-widget__width-initial elementor-view-default elementor-invisible elementor-widget elementor-widget-icon\" data-id=\"6710dde\" data-element_type=\"widget\" data-settings=\"{&quot;_animation&quot;:&quot;fadeIn&quot;}\" data-widget_type=\"icon.default\">\n\t\t\t\t<div class=\"elementor-widget-container\">\n\t\t\t\t\t\t\t<div class=\"elementor-icon-wrapper\">\n\t\t\t<div class=\"elementor-icon\">\n\t\t\t<svg xmlns=\"http:\/\/www.w3.org\/2000\/svg\" id=\"Ebene_1\" viewBox=\"0 0 24 24\"><path d=\"M.5,23.55c-.028,0-.05-.022-.05-.05v-12.5c0-.303.247-.55.55-.55h9.5c.028,0,.05.022.05.05s-.022.05-.05.05H1c-.248,0-.45.202-.45.45v12.5c0,.027-.022.05-.05.05Z\"><\/path><path d=\"M8,21.55H3c-.005,0-.55-.006-.55-.55v-1c0-.006.006-.55.55-.55h5c.005,0,.55.006.55.55v1c0,.006-.006.55-.55.55ZM3,19.55c-.443,0-.45.432-.45.45v1c0,.443.432.45.45.45h5c.443,0,.45-.432.45-.45v-1c0-.443-.432-.45-.45-.45H3Z\"><\/path><path d=\"M3.5,19.55c-.028,0-.05-.022-.05-.05v-9c0-.028.022-.05.05-.05s.05.022.05.05v9c0,.027-.022.05-.05.05Z\"><\/path><path d=\"M7.5,19.55c-.028,0-.05-.022-.05-.05v-9c0-.028.022-.05.05-.05s.05.022.05.05v9c0,.027-.022.05-.05.05Z\"><\/path><path d=\"M23,16.05h-12c-.303,0-.55-.246-.55-.55V6.5c0-.028.022-.05.05-.05h13c.027,0,.05.022.05.05v9c0,.304-.246.55-.55.55ZM10.55,6.55v8.95c0,.248.202.45.45.45h12c.248,0,.45-.202.45-.45V6.55h-12.9Z\"><\/path><path d=\"M13.5,23.55c-.027,0-.05-.022-.05-.05v-7.5c0-.027.022-.05.05-.05s.05.022.05.05v7.5c0,.027-.022.05-.05.05Z\"><\/path><path d=\"M22.5,23.55c-.027,0-.05-.022-.05-.05v-7.5c0-.027.022-.05.05-.05s.05.022.05.05v7.5c0,.027-.022.05-.05.05Z\"><\/path><path d=\"M16.5,23.55c-.027,0-.05-.022-.05-.05v-7.5c0-.027.022-.05.05-.05s.05.022.05.05v7.5c0,.027-.022.05-.05.05Z\"><\/path><path d=\"M16.5,22.05h-3c-.027,0-.05-.022-.05-.05s.022-.05.05-.05h3c.027,0,.05.022.05.05s-.022.05-.05.05Z\"><\/path><path d=\"M16.5,19.05h-3c-.027,0-.05-.022-.05-.05s.022-.05.05-.05h3c.027,0,.05.022.05.05s-.022.05-.05.05Z\"><\/path><path d=\"M16.5,16.05c-.027,0-.05-.022-.05-.05v-3c0-.799-.65-1.45-1.45-1.45s-1.45.651-1.45,1.45v3c0,.027-.022.05-.05.05s-.05-.022-.05-.05v-3c0-.854.695-1.55,1.55-1.55s1.55.695,1.55,1.55v3c0,.027-.022.05-.05.05Z\"><\/path><path d=\"M20,13.05c-.854,0-1.55-.695-1.55-1.55s.695-1.55,1.55-1.55,1.55.695,1.55,1.55-.695,1.55-1.55,1.55ZM20,10.05c-.8,0-1.45.651-1.45,1.45s.65,1.45,1.45,1.45,1.45-.651,1.45-1.45-.65-1.45-1.45-1.45Z\"><\/path><path d=\"M23.5,6.55c-.013,0-.024-.004-.034-.014L17.286.656c-.165-.142-.407-.143-.574.002l-6.177,5.878c-.02.02-.052.019-.071-.001-.019-.02-.019-.052.001-.071L16.646.584c.207-.177.504-.177.707-.002l6.182,5.882c.021.019.021.051.002.071-.01.01-.022.015-.036.015Z\"><\/path><\/svg>\t\t\t<\/div>\n\t\t<\/div>\n\t\t\t\t\t\t<\/div>\n\t\t\t\t<\/div>\n\t\t\t\t<div class=\"elementor-element elementor-element-4f4c40bb elementor-widget elementor-widget-text-editor\" data-id=\"4f4c40bb\" data-element_type=\"widget\" data-widget_type=\"text-editor.default\">\n\t\t\t\t<div class=\"elementor-widget-container\">\n\t\t\t\t\t\t\t\t\t\n<h2 class=\"wp-block-heading\">Fitmacherclub &#8211; ilkokul \u00e7ocuklar\u0131 i\u00e7in g\u00fcvenilir \u00f6\u011fleden sonra bak\u0131m\u0131<\/h2>\n\n\n\n<p>Fitmacherclub (FMC), Klarenthal ve Kohlheck&#8217;teki ilkokullardan gelen \u00e7ocuklara sevgi dolu ve g\u00fcvenilir bir \u00f6\u011fleden sonra bak\u0131m\u0131 sunmaktad\u0131r. Odak noktas\u0131, \u00e7ocuklar\u0131n sabit gruplar halinde bak\u0131ld\u0131\u011f\u0131 okul \u00f6\u011fleden sonras\u0131n\u0131n e\u011fitim organizasyonudur. FMC&#8217;deki zaman yap\u0131land\u0131r\u0131lm\u0131\u015ft\u0131r, \u00e7ocuklara istikrar sa\u011flar ve yine de onlara yeterince \u00f6zg\u00fcrl\u00fck b\u0131rak\u0131r.  <\/p>\n\n\n\n<p>\u00c7ocuklar\u0131n beslenme ihtiya\u00e7lar\u0131 da kar\u015f\u0131lanmaktad\u0131r: \u00c7ocuklara \u00f6\u011fleden sonra i\u00e7in enerji verecek sa\u011fl\u0131kl\u0131 ve \u00e7e\u015fitli beslenmeye \u00f6zel \u00f6nem veriyoruz.<\/p>\n\n\n\n<p>\u00c7ocuklar burada g\u00fcvenli bir ortamda \u00e7e\u015fitli bir \u00f6\u011fleden sonra ge\u00e7iriyor, oyun oynayabiliyor, \u00f6\u011frenebiliyor, kendilerini geli\u015ftirebiliyor ve \u00f6devlerini yapmak i\u00e7in sakin bir alan bulabiliyorlar. Okul ve sosyal becerilerin geli\u015ftirilmesinin yan\u0131 s\u0131ra, \u00e7ocuklar\u0131n birlikte yeni deneyimler ya\u015famas\u0131 ve arkada\u015fl\u0131klar kurmas\u0131 yoluyla topluluk ruhu da g\u00fc\u00e7lendirilmektedir. FMC, \u00e7ocuklara bireysel bak\u0131m sunarak Klarenthal ve Kohlheck&#8217;teki aileleri desteklemektedir.  <\/p>\n\n\n\n<h3 class=\"wp-block-heading\">Bizim konseptimiz<\/h3>\n\n\n\n<p>Klarenthal spor kul\u00fcb\u00fc her g\u00fcn Geschwister-Scholl ilkokulundaki ilkokul \u00e7a\u011f\u0131ndaki 180 \u00e7ocu\u011fa e\u015flik ediyor. \u00c7ocuklar, 12 e\u011fitimli pedagojik uzman personelden olu\u015fan bir ekip taraf\u0131ndan 6 grupta bak\u0131m g\u00f6r\u00fcyor. Geschwister-Scholl \u0130lkokulu&#8217;nun D Pavyonu&#8217;nda bu ama\u00e7la d\u00fczenlenmi\u015f grup odalar\u0131 bulunmaktad\u0131r: rahatlama alan\u0131, yap\u0131m, yarat\u0131c\u0131l\u0131k ve oyun odas\u0131, t\u0131rmanma duvar\u0131 ve daha fazlas\u0131. Ayr\u0131ca s\u0131n\u0131flar, bilgisayar odas\u0131, at\u00f6lye, spor salonu ve biti\u015fik d\u0131\u015f alan da kullan\u0131lmaktad\u0131r. Semtteki do\u011fa ve etkinlik alanlar\u0131na \u00f6zel \u00f6nem verilmektedir.  <\/p>\n\n\n\n<h3 class=\"wp-block-heading\">MOTTOMUZ: Her g\u00fcn gelecek i\u00e7in bir iyilik.<\/h3>\n\n\n\n<ul class=\"wp-block-list\">\n<li><strong>\u00d6\u011fle yeme\u011fi<\/strong>: Birlikte taze haz\u0131rlanm\u0131\u015f bir \u00f6\u011fle yeme\u011fi organize ediyoruz.<\/li>\n\n\n\n<li>Ev \u00f6devi g\u00f6zetimi<strong>:<\/strong> Sabit gruplar halinde ev \u00f6devi g\u00f6zetimi (13:45 &#8211; 14:45), Bukalemun projesinin \u00f6\u011frenme rehberleriyle iyi bir i\u015fbirli\u011fi ve \u00e7e\u015fitli \u00f6\u011fleden sonra kul\u00fcpleri (14:45 &#8211; 16:15) d\u00fczenliyoruz.<\/li>\n\n\n\n<li>Ge\u00e7 <strong>bak\u0131m<\/strong>: Ge\u00e7 bak\u0131m da m\u00fcmk\u00fcnd\u00fcr (g\u00fcnl\u00fck 16:15 &#8211; 17:00).<\/li>\n\n\n\n<li><strong>Tatil program\u0131<\/strong>: Okul saatlerindeki bak\u0131ma ek olarak, eyalet ba\u015fkenti Wiesbaden ile i\u015fbirli\u011fi i\u00e7inde temal\u0131, dokuz haftal\u0131k bir tatil program\u0131 sunuyoruz. Klarenthal Yeti\u015fkin E\u011fitim Merkezi&#8217;nin bir par\u00e7as\u0131 olarak, profesyonel \u00e7ocuk bak\u0131m\u0131 \u00e7al\u0131\u015fmalar\u0131na ve \u00e7ok \u00e7e\u015fitli destek se\u00e7eneklerine b\u00fcy\u00fck \u00f6nem veriyoruz. \u00c7ocuklar, b\u00f6lgedeki a\u011flar arac\u0131l\u0131\u011f\u0131yla mahallelerini tan\u0131maktad\u0131r.  <\/li>\n<\/ul>\n\n\n\n<p>Ebeveynler, bir ebeveyn konseyi, ek aile ve ebeveyn e\u011fitimi teklifleri arac\u0131l\u0131\u011f\u0131yla i\u015fbirli\u011fine te\u015fvik edilmektedir. D\u00fczenli olarak g\u00fcncel ebeveyn konferanslar\u0131, \u015fenlikler, bulu\u015fmalar ve KiEZ Klarenthal ile i\u015fbirli\u011fi i\u00e7inde sunulan tiyatro g\u00f6sterileri d\u00fczenlenmektedir. Wiesbaden pilot lokasyonu olarak projeyi de\u011ferlendiriyor ve s\u00fcrekli olarak kendimizi geli\u015ftiriyoruz. <\/p>\n\n\n\n<p class=\"has-text-align-center\"><\/p>\n\n\n\n<div style=\"height:0px\" aria-hidden=\"true\" class=\"wp-block-spacer\"><\/div>\n\t\t\t\t\t\t\t\t<\/div>\n\t\t\t\t<\/div>\n\t\t\t\t\t<\/div>\n\t\t\t\t<\/div>\n\t\t\t\t<\/div>\n\t\t","protected":false},"excerpt":{"rendered":"<p>Fitmacherclub &#8211; ilkokul \u00e7ocuklar\u0131 i\u00e7in g\u00fcvenilir \u00f6\u011fleden sonra bak\u0131m\u0131 Fitmacherclub (FMC), Klarenthal ve Kohlheck&#8217;teki ilkokullardan gelen \u00e7ocuklara sevgi dolu ve g\u00fcvenilir bir \u00f6\u011fleden sonra bak\u0131m\u0131 sunmaktad\u0131r. Odak noktas\u0131, \u00e7ocuklar\u0131n sabit gruplar halinde bak\u0131ld\u0131\u011f\u0131 okul \u00f6\u011fleden sonras\u0131n\u0131n e\u011fitim organizasyonudur. FMC&#8217;deki zaman yap\u0131land\u0131r\u0131lm\u0131\u015ft\u0131r, \u00e7ocuklara istikrar sa\u011flar ve yine de onlara yeterince \u00f6zg\u00fcrl\u00fck b\u0131rak\u0131r. \u00c7ocuklar\u0131n beslenme ihtiya\u00e7lar\u0131 da [&hellip;]<\/p>\n","protected":false},"author":3,"featured_media":0,"parent":4733,"menu_order":0,"comment_status":"closed","ping_status":"closed","template":"","meta":{"_acf_changed":false,"footnotes":""},"categories":[],"tags":[202],"folder":[15],"class_list":["post-4723","page","type-page","status-publish","hentry","tag-fitmacherclub-tr"],"acf":[],"yoast_head":"<!-- This site is optimized with the Yoast SEO plugin v27.4 - https:\/\/yoast.com\/product\/yoast-seo-wordpress\/ -->\n<title>Fitmacherclub - Volksbildungswerk Klarenthal e.V.<\/title>\n<meta name=\"description\" content=\"Klarenthal spor kul\u00fcb\u00fc her g\u00fcn Geschwister-Scholl ilkokulundaki ilkokul \u00e7a\u011f\u0131ndaki 180 \u00e7ocu\u011fa e\u015flik ediyor.\" \/>\n<meta name=\"robots\" content=\"index, follow, max-snippet:-1, max-image-preview:large, max-video-preview:-1\" \/>\n<link rel=\"canonical\" href=\"https:\/\/www.klarenthal-vbw.de\/tr\/sosyal-mahalle-calismalari\/fitness-kulubu\/\" \/>\n<meta property=\"og:locale\" content=\"tr_TR\" \/>\n<meta property=\"og:type\" content=\"article\" \/>\n<meta property=\"og:title\" content=\"Fitmacherclub - Volksbildungswerk Klarenthal e.V.\" \/>\n<meta property=\"og:description\" content=\"Klarenthal spor kul\u00fcb\u00fc her g\u00fcn Geschwister-Scholl ilkokulundaki ilkokul \u00e7a\u011f\u0131ndaki 180 \u00e7ocu\u011fa e\u015flik ediyor.\" \/>\n<meta property=\"og:url\" content=\"https:\/\/www.klarenthal-vbw.de\/tr\/sosyal-mahalle-calismalari\/fitness-kulubu\/\" \/>\n<meta property=\"og:site_name\" content=\"Volksbildungswerk Klarenthal e.V.\" \/>\n<meta property=\"article:modified_time\" content=\"2025-07-30T13:46:33+00:00\" \/>\n<meta name=\"twitter:card\" content=\"summary_large_image\" \/>\n<meta name=\"twitter:label1\" content=\"Tahmini okuma s\u00fcresi\" \/>\n\t<meta name=\"twitter:data1\" content=\"2 dakika\" \/>\n<script type=\"application\/ld+json\" class=\"yoast-schema-graph\">{\"@context\":\"https:\\\/\\\/schema.org\",\"@graph\":[{\"@type\":\"WebPage\",\"@id\":\"https:\\\/\\\/www.klarenthal-vbw.de\\\/tr\\\/sosyal-mahalle-calismalari\\\/fitness-kulubu\\\/\",\"url\":\"https:\\\/\\\/www.klarenthal-vbw.de\\\/tr\\\/sosyal-mahalle-calismalari\\\/fitness-kulubu\\\/\",\"name\":\"Fitmacherclub - Volksbildungswerk Klarenthal e.V.\",\"isPartOf\":{\"@id\":\"https:\\\/\\\/www.klarenthal-vbw.de\\\/tr\\\/#website\"},\"datePublished\":\"2025-02-27T21:00:07+00:00\",\"dateModified\":\"2025-07-30T13:46:33+00:00\",\"description\":\"Klarenthal spor kul\u00fcb\u00fc her g\u00fcn Geschwister-Scholl ilkokulundaki ilkokul \u00e7a\u011f\u0131ndaki 180 \u00e7ocu\u011fa e\u015flik ediyor.\",\"breadcrumb\":{\"@id\":\"https:\\\/\\\/www.klarenthal-vbw.de\\\/tr\\\/sosyal-mahalle-calismalari\\\/fitness-kulubu\\\/#breadcrumb\"},\"inLanguage\":\"tr\",\"potentialAction\":[{\"@type\":\"ReadAction\",\"target\":[\"https:\\\/\\\/www.klarenthal-vbw.de\\\/tr\\\/sosyal-mahalle-calismalari\\\/fitness-kulubu\\\/\"]}]},{\"@type\":\"BreadcrumbList\",\"@id\":\"https:\\\/\\\/www.klarenthal-vbw.de\\\/tr\\\/sosyal-mahalle-calismalari\\\/fitness-kulubu\\\/#breadcrumb\",\"itemListElement\":[{\"@type\":\"ListItem\",\"position\":1,\"name\":\"Startseite\",\"item\":\"https:\\\/\\\/www.klarenthal-vbw.de\\\/tr\\\/\"},{\"@type\":\"ListItem\",\"position\":2,\"name\":\"Sosyal mahalle \u00e7al\u0131\u015fmalar\u0131\",\"item\":\"https:\\\/\\\/www.klarenthal-vbw.de\\\/tr\\\/sosyal-mahalle-calismalari\\\/\"},{\"@type\":\"ListItem\",\"position\":3,\"name\":\"Fitmacherclub\"}]},{\"@type\":\"WebSite\",\"@id\":\"https:\\\/\\\/www.klarenthal-vbw.de\\\/tr\\\/#website\",\"url\":\"https:\\\/\\\/www.klarenthal-vbw.de\\\/tr\\\/\",\"name\":\"Volksbildungswerk Klarenthal e.V.\",\"description\":\"Chancen. Bildung. Perspektiven\",\"publisher\":{\"@id\":\"https:\\\/\\\/www.klarenthal-vbw.de\\\/tr\\\/#organization\"},\"potentialAction\":[{\"@type\":\"SearchAction\",\"target\":{\"@type\":\"EntryPoint\",\"urlTemplate\":\"https:\\\/\\\/www.klarenthal-vbw.de\\\/tr\\\/?s={search_term_string}\"},\"query-input\":{\"@type\":\"PropertyValueSpecification\",\"valueRequired\":true,\"valueName\":\"search_term_string\"}}],\"inLanguage\":\"tr\"},{\"@type\":\"Organization\",\"@id\":\"https:\\\/\\\/www.klarenthal-vbw.de\\\/tr\\\/#organization\",\"name\":\"Volksbildungswerk Klarenthal e.V.\",\"url\":\"https:\\\/\\\/www.klarenthal-vbw.de\\\/tr\\\/\",\"logo\":{\"@type\":\"ImageObject\",\"inLanguage\":\"tr\",\"@id\":\"https:\\\/\\\/www.klarenthal-vbw.de\\\/tr\\\/#\\\/schema\\\/logo\\\/image\\\/\",\"url\":\"https:\\\/\\\/www.klarenthal-vbw.de\\\/wp-content\\\/uploads\\\/2025\\\/02\\\/logo.svg\",\"contentUrl\":\"https:\\\/\\\/www.klarenthal-vbw.de\\\/wp-content\\\/uploads\\\/2025\\\/02\\\/logo.svg\",\"caption\":\"Volksbildungswerk Klarenthal e.V.\"},\"image\":{\"@id\":\"https:\\\/\\\/www.klarenthal-vbw.de\\\/tr\\\/#\\\/schema\\\/logo\\\/image\\\/\"}}]}<\/script>\n<!-- \/ Yoast SEO plugin. -->","yoast_head_json":{"title":"Fitmacherclub - Volksbildungswerk Klarenthal e.V.","description":"Klarenthal spor kul\u00fcb\u00fc her g\u00fcn Geschwister-Scholl ilkokulundaki ilkokul \u00e7a\u011f\u0131ndaki 180 \u00e7ocu\u011fa e\u015flik ediyor.","robots":{"index":"index","follow":"follow","max-snippet":"max-snippet:-1","max-image-preview":"max-image-preview:large","max-video-preview":"max-video-preview:-1"},"canonical":"https:\/\/www.klarenthal-vbw.de\/tr\/sosyal-mahalle-calismalari\/fitness-kulubu\/","og_locale":"tr_TR","og_type":"article","og_title":"Fitmacherclub - Volksbildungswerk Klarenthal e.V.","og_description":"Klarenthal spor kul\u00fcb\u00fc her g\u00fcn Geschwister-Scholl ilkokulundaki ilkokul \u00e7a\u011f\u0131ndaki 180 \u00e7ocu\u011fa e\u015flik ediyor.","og_url":"https:\/\/www.klarenthal-vbw.de\/tr\/sosyal-mahalle-calismalari\/fitness-kulubu\/","og_site_name":"Volksbildungswerk Klarenthal e.V.","article_modified_time":"2025-07-30T13:46:33+00:00","twitter_card":"summary_large_image","twitter_misc":{"Tahmini okuma s\u00fcresi":"2 dakika"},"schema":{"@context":"https:\/\/schema.org","@graph":[{"@type":"WebPage","@id":"https:\/\/www.klarenthal-vbw.de\/tr\/sosyal-mahalle-calismalari\/fitness-kulubu\/","url":"https:\/\/www.klarenthal-vbw.de\/tr\/sosyal-mahalle-calismalari\/fitness-kulubu\/","name":"Fitmacherclub - Volksbildungswerk Klarenthal e.V.","isPartOf":{"@id":"https:\/\/www.klarenthal-vbw.de\/tr\/#website"},"datePublished":"2025-02-27T21:00:07+00:00","dateModified":"2025-07-30T13:46:33+00:00","description":"Klarenthal spor kul\u00fcb\u00fc her g\u00fcn Geschwister-Scholl ilkokulundaki ilkokul \u00e7a\u011f\u0131ndaki 180 \u00e7ocu\u011fa e\u015flik ediyor.","breadcrumb":{"@id":"https:\/\/www.klarenthal-vbw.de\/tr\/sosyal-mahalle-calismalari\/fitness-kulubu\/#breadcrumb"},"inLanguage":"tr","potentialAction":[{"@type":"ReadAction","target":["https:\/\/www.klarenthal-vbw.de\/tr\/sosyal-mahalle-calismalari\/fitness-kulubu\/"]}]},{"@type":"BreadcrumbList","@id":"https:\/\/www.klarenthal-vbw.de\/tr\/sosyal-mahalle-calismalari\/fitness-kulubu\/#breadcrumb","itemListElement":[{"@type":"ListItem","position":1,"name":"Startseite","item":"https:\/\/www.klarenthal-vbw.de\/tr\/"},{"@type":"ListItem","position":2,"name":"Sosyal mahalle \u00e7al\u0131\u015fmalar\u0131","item":"https:\/\/www.klarenthal-vbw.de\/tr\/sosyal-mahalle-calismalari\/"},{"@type":"ListItem","position":3,"name":"Fitmacherclub"}]},{"@type":"WebSite","@id":"https:\/\/www.klarenthal-vbw.de\/tr\/#website","url":"https:\/\/www.klarenthal-vbw.de\/tr\/","name":"Volksbildungswerk Klarenthal e.V.","description":"Chancen. Bildung. Perspektiven","publisher":{"@id":"https:\/\/www.klarenthal-vbw.de\/tr\/#organization"},"potentialAction":[{"@type":"SearchAction","target":{"@type":"EntryPoint","urlTemplate":"https:\/\/www.klarenthal-vbw.de\/tr\/?s={search_term_string}"},"query-input":{"@type":"PropertyValueSpecification","valueRequired":true,"valueName":"search_term_string"}}],"inLanguage":"tr"},{"@type":"Organization","@id":"https:\/\/www.klarenthal-vbw.de\/tr\/#organization","name":"Volksbildungswerk Klarenthal e.V.","url":"https:\/\/www.klarenthal-vbw.de\/tr\/","logo":{"@type":"ImageObject","inLanguage":"tr","@id":"https:\/\/www.klarenthal-vbw.de\/tr\/#\/schema\/logo\/image\/","url":"https:\/\/www.klarenthal-vbw.de\/wp-content\/uploads\/2025\/02\/logo.svg","contentUrl":"https:\/\/www.klarenthal-vbw.de\/wp-content\/uploads\/2025\/02\/logo.svg","caption":"Volksbildungswerk Klarenthal e.V."},"image":{"@id":"https:\/\/www.klarenthal-vbw.de\/tr\/#\/schema\/logo\/image\/"}}]}},"_links":{"self":[{"href":"https:\/\/www.klarenthal-vbw.de\/tr\/wp-json\/wp\/v2\/pages\/4723","targetHints":{"allow":["GET"]}}],"collection":[{"href":"https:\/\/www.klarenthal-vbw.de\/tr\/wp-json\/wp\/v2\/pages"}],"about":[{"href":"https:\/\/www.klarenthal-vbw.de\/tr\/wp-json\/wp\/v2\/types\/page"}],"author":[{"embeddable":true,"href":"https:\/\/www.klarenthal-vbw.de\/tr\/wp-json\/wp\/v2\/users\/3"}],"replies":[{"embeddable":true,"href":"https:\/\/www.klarenthal-vbw.de\/tr\/wp-json\/wp\/v2\/comments?post=4723"}],"version-history":[{"count":0,"href":"https:\/\/www.klarenthal-vbw.de\/tr\/wp-json\/wp\/v2\/pages\/4723\/revisions"}],"up":[{"embeddable":true,"href":"https:\/\/www.klarenthal-vbw.de\/tr\/wp-json\/wp\/v2\/pages\/4733"}],"wp:attachment":[{"href":"https:\/\/www.klarenthal-vbw.de\/tr\/wp-json\/wp\/v2\/media?parent=4723"}],"wp:term":[{"taxonomy":"category","embeddable":true,"href":"https:\/\/www.klarenthal-vbw.de\/tr\/wp-json\/wp\/v2\/categories?post=4723"},{"taxonomy":"post_tag","embeddable":true,"href":"https:\/\/www.klarenthal-vbw.de\/tr\/wp-json\/wp\/v2\/tags?post=4723"},{"taxonomy":"folder","embeddable":true,"href":"https:\/\/www.klarenthal-vbw.de\/tr\/wp-json\/wp\/v2\/folder?post=4723"}],"curies":[{"name":"wp","href":"https:\/\/api.w.org\/{rel}","templated":true}]}}