{"id":4791,"date":"2023-05-25T12:52:50","date_gmt":"2023-05-25T10:52:50","guid":{"rendered":"https:\/\/vbw.entwicklung-mediengewerk.de\/dernek\/bizim-ekibimiz\/"},"modified":"2025-07-31T15:52:57","modified_gmt":"2025-07-31T13:52:57","slug":"bizim-ekibimiz","status":"publish","type":"page","link":"https:\/\/www.klarenthal-vbw.de\/tr\/dernek\/bizim-ekibimiz\/","title":{"rendered":"Kat\u0131l\u0131m"},"content":{"rendered":"\t\t<div data-elementor-type=\"wp-page\" data-elementor-id=\"4791\" class=\"elementor elementor-4791 elementor-2408\" data-elementor-post-type=\"page\">\n\t\t\t\t<div class=\"elementor-element elementor-element-7653e5c7 e-flex e-con-boxed e-con e-parent\" data-id=\"7653e5c7\" data-element_type=\"container\">\n\t\t\t\t\t<div class=\"e-con-inner\">\n\t\t\t\t<div class=\"elementor-element elementor-element-3062f315 elementor-widget elementor-widget-text-editor\" data-id=\"3062f315\" data-element_type=\"widget\" data-widget_type=\"text-editor.default\">\n\t\t\t\t<div class=\"elementor-widget-container\">\n\t\t\t\t\t\t\t\t\t<h2 class=\"p1\">Klarenthal Halk E\u011fitim Merkezi&#8217;nde G\u00f6n\u00fcll\u00fc Kat\u0131l\u0131m<b><\/b><\/h2><p class=\"p3\">Klarenthal Halk E\u011fitim Merkezi (VBW), 1970&#8217;den beri mahallede e\u011fitim, k\u00fclt\u00fcr ve bulu\u015fma i\u00e7in canl\u0131 bir mekand\u0131r. Y\u0131lda yakla\u015f\u0131k 320 etkinlik ve yakla\u015f\u0131k 5.000 kat\u0131l\u0131mla bu \u00e7e\u015fitli program, yaln\u0131zca say\u0131s\u0131z g\u00f6n\u00fcll\u00fc ve tam zamanl\u0131 \u00e7al\u0131\u015fan\u0131n aktif deste\u011fi sayesinde m\u00fcmk\u00fcn olmaktad\u0131r. Onlar derne\u011fimizin kalbidir ve VBW&#8217;nin birliktelik ve kat\u0131l\u0131m yeri olarak kalmas\u0131na b\u00fcy\u00fck katk\u0131 sa\u011flamaktad\u0131r.  <\/p><h3 class=\"p1\">Kat\u0131l\u0131m\u0131n\u0131z Neden \u00d6nemli<b><\/b><\/h3><p class=\"p3\">Kurs y\u00f6netiminde, etkinlik organizasyonunda, halkla ili\u015fkilerde veya dijital projelerin desteklenmesinde olsun \u2013 zaman\u0131n\u0131z, fikirleriniz ve kat\u0131l\u0131m\u0131n\u0131z fark yarat\u0131r. \u00d6zellikle dijitalle\u015fme, s\u00fcrd\u00fcr\u00fclebilirli\u011fin desteklenmesi ve yeni gelenlerin entegrasyonu gibi alanlarda yeni d\u00fcrt\u00fcler ve yard\u0131m eden eller her zaman ho\u015f kar\u015f\u0131lan\u0131r. <\/p><h3 class=\"p1\">\u00c7e\u015fitli Kat\u0131l\u0131m Olanaklar\u0131<b><\/b><\/h3><p class=\"p3\">VBW katk\u0131da bulunmak i\u00e7in say\u0131s\u0131z olanak sunar:<\/p><ul><li><p class=\"p1\"><span class=\"s1\"><b>Kurs Y\u00f6netimi ve E\u011fitim Programlar\u0131<\/b><\/span>: Bilginizi ve becerilerinizi \u00e7e\u015fitli kurs ve at\u00f6lyelerde payla\u015f\u0131n.<\/p><\/li><li><p class=\"p1\"><span class=\"s1\"><b>Etkinlik Organizasyonu<\/b><\/span>: K\u00fclt\u00fcrel etkinliklerin, sergilerin veya e\u011fitim gezilerinin planlanmas\u0131 ve y\u00fcr\u00fct\u00fclmesinde yard\u0131m edin.<\/p><\/li><li><p class=\"p1\"><span class=\"s1\"><b>Dijital Destek<\/b><\/span>: Teknolojiye daha az a\u015fina olan ki\u015filerin dijital medya ve platformlar\u0131 kullanmas\u0131nda destek olun.<\/p><\/li><li><p class=\"p1\"><span class=\"s1\"><b>Halkla \u0130li\u015fkiler<\/b><\/span>: Sosyal medya, haber b\u00fclteni veya yerel bas\u0131n \u00e7al\u0131\u015fmalar\u0131 yoluyla d\u0131\u015f ileti\u015fimi bizimle birlikte \u015fekillendirin.<\/p><\/li><\/ul><h2 class=\"p1\">Ekibimizin Bir Par\u00e7as\u0131 Olun<b><\/b><\/h2><p class=\"p3\">Kat\u0131lmak ve ekibimizin bir par\u00e7as\u0131 olmak m\u0131 istiyorsunuz? \u00c7al\u0131\u015fmalar\u0131m\u0131z\u0131 zenginle\u015ftiren ve mahalledeki dayan\u0131\u015fmay\u0131 g\u00fc\u00e7lendiren her t\u00fcrl\u00fc deste\u011fi memnuniyetle kar\u015f\u0131l\u0131yoruz. Daha fazla bilgi ve g\u00fcncel kat\u0131l\u0131m olanaklar\u0131 i\u00e7in Wiesbaden G\u00f6n\u00fcll\u00fcler Merkezi&#8217;nin web sitesini ziyaret edin: <a href=\"https:\/\/www.fwz-wiesbaden.de\/volksbildungswerk-klarenthal\/\" target=\"_blank\" rel=\"noopener\">www.fwz-wiesbaden.de\/volksbildungswerk-klarenthal<\/a>  <\/p><p class=\"p3\">Orada g\u00fcncel teklifler hakk\u0131nda bilgi alabilir ve do\u011frudan ileti\u015fime ge\u00e7ebilirsiniz.<\/p><h2 class=\"p1\">Klarenthal \u0130\u00e7in Birlikte<b><\/b><\/h2><p class=\"p3\">VBW&#8217;deki kat\u0131l\u0131m\u0131n\u0131z sadece g\u00f6n\u00fcll\u00fc \u00e7al\u0131\u015fmadan daha fazlas\u0131n\u0131 ifade eder \u2013 canl\u0131, dayan\u0131\u015fma i\u00e7inde ve \u00e7e\u015fitli bir toplulu\u011fa aktif bir katk\u0131d\u0131r. Birlikte Klarenthal&#8217;i insanlar\u0131n bulu\u015ftu\u011fu, birbirinden \u00f6\u011frendi\u011fi ve birlikte b\u00fcy\u00fcd\u00fc\u011f\u00fc bir yer olarak \u015fekillendiriyoruz. <\/p><p class=\"p3\">Sizi bekliyoruz!<\/p>\t\t\t\t\t\t\t\t<\/div>\n\t\t\t\t<\/div>\n\t\t\t\t\t<\/div>\n\t\t\t\t<\/div>\n\t\t\t\t<\/div>\n\t\t","protected":false},"excerpt":{"rendered":"<p>Klarenthal Halk E\u011fitim Merkezi&#8217;nde G\u00f6n\u00fcll\u00fc Kat\u0131l\u0131m Klarenthal Halk E\u011fitim Merkezi (VBW), 1970&#8217;den beri mahallede e\u011fitim, k\u00fclt\u00fcr ve bulu\u015fma i\u00e7in canl\u0131 bir mekand\u0131r. Y\u0131lda yakla\u015f\u0131k 320 etkinlik ve yakla\u015f\u0131k 5.000 kat\u0131l\u0131mla bu \u00e7e\u015fitli program, yaln\u0131zca say\u0131s\u0131z g\u00f6n\u00fcll\u00fc ve tam zamanl\u0131 \u00e7al\u0131\u015fan\u0131n aktif deste\u011fi sayesinde m\u00fcmk\u00fcn olmaktad\u0131r. Onlar derne\u011fimizin kalbidir ve VBW&#8217;nin birliktelik ve kat\u0131l\u0131m yeri olarak [&hellip;]<\/p>\n","protected":false},"author":3,"featured_media":0,"parent":3642,"menu_order":0,"comment_status":"closed","ping_status":"closed","template":"","meta":{"_acf_changed":false,"footnotes":""},"categories":[],"tags":[],"folder":[13],"class_list":["post-4791","page","type-page","status-publish","hentry"],"acf":[],"yoast_head":"<!-- This site is optimized with the Yoast SEO plugin v27.4 - https:\/\/yoast.com\/product\/yoast-seo-wordpress\/ -->\n<title>Kat\u0131l\u0131m - Volksbildungswerk Klarenthal e.V.<\/title>\n<meta name=\"description\" content=\"Volksbildungswerk&#039;teki \u00f6zel ekip hakk\u0131nda daha fazla bilgi edinin. Birlikte e\u011fitim ve uyum i\u00e7in \u00e7al\u0131\u015f\u0131yoruz.\" \/>\n<meta name=\"robots\" content=\"index, follow, max-snippet:-1, max-image-preview:large, max-video-preview:-1\" \/>\n<link rel=\"canonical\" href=\"https:\/\/www.klarenthal-vbw.de\/tr\/dernek\/bizim-ekibimiz\/\" \/>\n<meta property=\"og:locale\" content=\"tr_TR\" \/>\n<meta property=\"og:type\" content=\"article\" \/>\n<meta property=\"og:title\" content=\"Kat\u0131l\u0131m - Volksbildungswerk Klarenthal e.V.\" \/>\n<meta property=\"og:description\" content=\"Volksbildungswerk&#039;teki \u00f6zel ekip hakk\u0131nda daha fazla bilgi edinin. Birlikte e\u011fitim ve uyum i\u00e7in \u00e7al\u0131\u015f\u0131yoruz.\" \/>\n<meta property=\"og:url\" content=\"https:\/\/www.klarenthal-vbw.de\/tr\/dernek\/bizim-ekibimiz\/\" \/>\n<meta property=\"og:site_name\" content=\"Volksbildungswerk Klarenthal e.V.\" \/>\n<meta property=\"article:modified_time\" content=\"2025-07-31T13:52:57+00:00\" \/>\n<meta name=\"twitter:card\" content=\"summary_large_image\" \/>\n<meta name=\"twitter:label1\" content=\"Tahmini okuma s\u00fcresi\" \/>\n\t<meta name=\"twitter:data1\" content=\"2 dakika\" \/>\n<script type=\"application\/ld+json\" class=\"yoast-schema-graph\">{\"@context\":\"https:\\\/\\\/schema.org\",\"@graph\":[{\"@type\":\"WebPage\",\"@id\":\"https:\\\/\\\/www.klarenthal-vbw.de\\\/tr\\\/dernek\\\/bizim-ekibimiz\\\/\",\"url\":\"https:\\\/\\\/www.klarenthal-vbw.de\\\/tr\\\/dernek\\\/bizim-ekibimiz\\\/\",\"name\":\"Kat\u0131l\u0131m - Volksbildungswerk Klarenthal e.V.\",\"isPartOf\":{\"@id\":\"https:\\\/\\\/www.klarenthal-vbw.de\\\/tr\\\/#website\"},\"datePublished\":\"2023-05-25T10:52:50+00:00\",\"dateModified\":\"2025-07-31T13:52:57+00:00\",\"description\":\"Volksbildungswerk'teki \u00f6zel ekip hakk\u0131nda daha fazla bilgi edinin. Birlikte e\u011fitim ve uyum i\u00e7in \u00e7al\u0131\u015f\u0131yoruz.\",\"breadcrumb\":{\"@id\":\"https:\\\/\\\/www.klarenthal-vbw.de\\\/tr\\\/dernek\\\/bizim-ekibimiz\\\/#breadcrumb\"},\"inLanguage\":\"tr\",\"potentialAction\":[{\"@type\":\"ReadAction\",\"target\":[\"https:\\\/\\\/www.klarenthal-vbw.de\\\/tr\\\/dernek\\\/bizim-ekibimiz\\\/\"]}]},{\"@type\":\"BreadcrumbList\",\"@id\":\"https:\\\/\\\/www.klarenthal-vbw.de\\\/tr\\\/dernek\\\/bizim-ekibimiz\\\/#breadcrumb\",\"itemListElement\":[{\"@type\":\"ListItem\",\"position\":1,\"name\":\"Startseite\",\"item\":\"https:\\\/\\\/www.klarenthal-vbw.de\\\/tr\\\/\"},{\"@type\":\"ListItem\",\"position\":2,\"name\":\"Dernek\",\"item\":\"https:\\\/\\\/www.klarenthal-vbw.de\\\/tr\\\/dernek\\\/\"},{\"@type\":\"ListItem\",\"position\":3,\"name\":\"Kat\u0131l\u0131m\"}]},{\"@type\":\"WebSite\",\"@id\":\"https:\\\/\\\/www.klarenthal-vbw.de\\\/tr\\\/#website\",\"url\":\"https:\\\/\\\/www.klarenthal-vbw.de\\\/tr\\\/\",\"name\":\"Volksbildungswerk Klarenthal e.V.\",\"description\":\"Chancen. Bildung. Perspektiven\",\"publisher\":{\"@id\":\"https:\\\/\\\/www.klarenthal-vbw.de\\\/tr\\\/#organization\"},\"potentialAction\":[{\"@type\":\"SearchAction\",\"target\":{\"@type\":\"EntryPoint\",\"urlTemplate\":\"https:\\\/\\\/www.klarenthal-vbw.de\\\/tr\\\/?s={search_term_string}\"},\"query-input\":{\"@type\":\"PropertyValueSpecification\",\"valueRequired\":true,\"valueName\":\"search_term_string\"}}],\"inLanguage\":\"tr\"},{\"@type\":\"Organization\",\"@id\":\"https:\\\/\\\/www.klarenthal-vbw.de\\\/tr\\\/#organization\",\"name\":\"Volksbildungswerk Klarenthal e.V.\",\"url\":\"https:\\\/\\\/www.klarenthal-vbw.de\\\/tr\\\/\",\"logo\":{\"@type\":\"ImageObject\",\"inLanguage\":\"tr\",\"@id\":\"https:\\\/\\\/www.klarenthal-vbw.de\\\/tr\\\/#\\\/schema\\\/logo\\\/image\\\/\",\"url\":\"https:\\\/\\\/www.klarenthal-vbw.de\\\/wp-content\\\/uploads\\\/2025\\\/02\\\/logo.svg\",\"contentUrl\":\"https:\\\/\\\/www.klarenthal-vbw.de\\\/wp-content\\\/uploads\\\/2025\\\/02\\\/logo.svg\",\"caption\":\"Volksbildungswerk Klarenthal e.V.\"},\"image\":{\"@id\":\"https:\\\/\\\/www.klarenthal-vbw.de\\\/tr\\\/#\\\/schema\\\/logo\\\/image\\\/\"}}]}<\/script>\n<!-- \/ Yoast SEO plugin. -->","yoast_head_json":{"title":"Kat\u0131l\u0131m - Volksbildungswerk Klarenthal e.V.","description":"Volksbildungswerk'teki \u00f6zel ekip hakk\u0131nda daha fazla bilgi edinin. Birlikte e\u011fitim ve uyum i\u00e7in \u00e7al\u0131\u015f\u0131yoruz.","robots":{"index":"index","follow":"follow","max-snippet":"max-snippet:-1","max-image-preview":"max-image-preview:large","max-video-preview":"max-video-preview:-1"},"canonical":"https:\/\/www.klarenthal-vbw.de\/tr\/dernek\/bizim-ekibimiz\/","og_locale":"tr_TR","og_type":"article","og_title":"Kat\u0131l\u0131m - Volksbildungswerk Klarenthal e.V.","og_description":"Volksbildungswerk'teki \u00f6zel ekip hakk\u0131nda daha fazla bilgi edinin. Birlikte e\u011fitim ve uyum i\u00e7in \u00e7al\u0131\u015f\u0131yoruz.","og_url":"https:\/\/www.klarenthal-vbw.de\/tr\/dernek\/bizim-ekibimiz\/","og_site_name":"Volksbildungswerk Klarenthal e.V.","article_modified_time":"2025-07-31T13:52:57+00:00","twitter_card":"summary_large_image","twitter_misc":{"Tahmini okuma s\u00fcresi":"2 dakika"},"schema":{"@context":"https:\/\/schema.org","@graph":[{"@type":"WebPage","@id":"https:\/\/www.klarenthal-vbw.de\/tr\/dernek\/bizim-ekibimiz\/","url":"https:\/\/www.klarenthal-vbw.de\/tr\/dernek\/bizim-ekibimiz\/","name":"Kat\u0131l\u0131m - Volksbildungswerk Klarenthal e.V.","isPartOf":{"@id":"https:\/\/www.klarenthal-vbw.de\/tr\/#website"},"datePublished":"2023-05-25T10:52:50+00:00","dateModified":"2025-07-31T13:52:57+00:00","description":"Volksbildungswerk'teki \u00f6zel ekip hakk\u0131nda daha fazla bilgi edinin. Birlikte e\u011fitim ve uyum i\u00e7in \u00e7al\u0131\u015f\u0131yoruz.","breadcrumb":{"@id":"https:\/\/www.klarenthal-vbw.de\/tr\/dernek\/bizim-ekibimiz\/#breadcrumb"},"inLanguage":"tr","potentialAction":[{"@type":"ReadAction","target":["https:\/\/www.klarenthal-vbw.de\/tr\/dernek\/bizim-ekibimiz\/"]}]},{"@type":"BreadcrumbList","@id":"https:\/\/www.klarenthal-vbw.de\/tr\/dernek\/bizim-ekibimiz\/#breadcrumb","itemListElement":[{"@type":"ListItem","position":1,"name":"Startseite","item":"https:\/\/www.klarenthal-vbw.de\/tr\/"},{"@type":"ListItem","position":2,"name":"Dernek","item":"https:\/\/www.klarenthal-vbw.de\/tr\/dernek\/"},{"@type":"ListItem","position":3,"name":"Kat\u0131l\u0131m"}]},{"@type":"WebSite","@id":"https:\/\/www.klarenthal-vbw.de\/tr\/#website","url":"https:\/\/www.klarenthal-vbw.de\/tr\/","name":"Volksbildungswerk Klarenthal e.V.","description":"Chancen. Bildung. Perspektiven","publisher":{"@id":"https:\/\/www.klarenthal-vbw.de\/tr\/#organization"},"potentialAction":[{"@type":"SearchAction","target":{"@type":"EntryPoint","urlTemplate":"https:\/\/www.klarenthal-vbw.de\/tr\/?s={search_term_string}"},"query-input":{"@type":"PropertyValueSpecification","valueRequired":true,"valueName":"search_term_string"}}],"inLanguage":"tr"},{"@type":"Organization","@id":"https:\/\/www.klarenthal-vbw.de\/tr\/#organization","name":"Volksbildungswerk Klarenthal e.V.","url":"https:\/\/www.klarenthal-vbw.de\/tr\/","logo":{"@type":"ImageObject","inLanguage":"tr","@id":"https:\/\/www.klarenthal-vbw.de\/tr\/#\/schema\/logo\/image\/","url":"https:\/\/www.klarenthal-vbw.de\/wp-content\/uploads\/2025\/02\/logo.svg","contentUrl":"https:\/\/www.klarenthal-vbw.de\/wp-content\/uploads\/2025\/02\/logo.svg","caption":"Volksbildungswerk Klarenthal e.V."},"image":{"@id":"https:\/\/www.klarenthal-vbw.de\/tr\/#\/schema\/logo\/image\/"}}]}},"_links":{"self":[{"href":"https:\/\/www.klarenthal-vbw.de\/tr\/wp-json\/wp\/v2\/pages\/4791","targetHints":{"allow":["GET"]}}],"collection":[{"href":"https:\/\/www.klarenthal-vbw.de\/tr\/wp-json\/wp\/v2\/pages"}],"about":[{"href":"https:\/\/www.klarenthal-vbw.de\/tr\/wp-json\/wp\/v2\/types\/page"}],"author":[{"embeddable":true,"href":"https:\/\/www.klarenthal-vbw.de\/tr\/wp-json\/wp\/v2\/users\/3"}],"replies":[{"embeddable":true,"href":"https:\/\/www.klarenthal-vbw.de\/tr\/wp-json\/wp\/v2\/comments?post=4791"}],"version-history":[{"count":2,"href":"https:\/\/www.klarenthal-vbw.de\/tr\/wp-json\/wp\/v2\/pages\/4791\/revisions"}],"predecessor-version":[{"id":8398,"href":"https:\/\/www.klarenthal-vbw.de\/tr\/wp-json\/wp\/v2\/pages\/4791\/revisions\/8398"}],"up":[{"embeddable":true,"href":"https:\/\/www.klarenthal-vbw.de\/tr\/wp-json\/wp\/v2\/pages\/3642"}],"wp:attachment":[{"href":"https:\/\/www.klarenthal-vbw.de\/tr\/wp-json\/wp\/v2\/media?parent=4791"}],"wp:term":[{"taxonomy":"category","embeddable":true,"href":"https:\/\/www.klarenthal-vbw.de\/tr\/wp-json\/wp\/v2\/categories?post=4791"},{"taxonomy":"post_tag","embeddable":true,"href":"https:\/\/www.klarenthal-vbw.de\/tr\/wp-json\/wp\/v2\/tags?post=4791"},{"taxonomy":"folder","embeddable":true,"href":"https:\/\/www.klarenthal-vbw.de\/tr\/wp-json\/wp\/v2\/folder?post=4791"}],"curies":[{"name":"wp","href":"https:\/\/api.w.org\/{rel}","templated":true}]}}