{"id":8062,"date":"2025-05-08T11:55:44","date_gmt":"2025-05-08T09:55:44","guid":{"rendered":"https:\/\/vbw.entwicklung-mediengewerk.de\/blog\/"},"modified":"2025-07-30T13:28:09","modified_gmt":"2025-07-30T11:28:09","slug":"blog","status":"publish","type":"page","link":"https:\/\/www.klarenthal-vbw.de\/tr\/blog\/","title":{"rendered":"Blog"},"content":{"rendered":"\t\t<div data-elementor-type=\"wp-page\" data-elementor-id=\"8062\" class=\"elementor elementor-8062 elementor-7016\" data-elementor-post-type=\"page\">\n\t\t\t\t<div class=\"elementor-element elementor-element-6ad846b e-flex e-con-boxed e-con e-parent\" data-id=\"6ad846b\" data-element_type=\"container\">\n\t\t\t\t\t<div class=\"e-con-inner\">\n\t\t\t\t<div class=\"elementor-element elementor-element-be962c2 elementor-grid-3 elementor-grid-tablet-2 elementor-grid-mobile-1 elementor-posts--thumbnail-top elementor-widget elementor-widget-posts\" data-id=\"be962c2\" data-element_type=\"widget\" data-settings=\"{&quot;classic_columns&quot;:&quot;3&quot;,&quot;classic_columns_tablet&quot;:&quot;2&quot;,&quot;classic_columns_mobile&quot;:&quot;1&quot;,&quot;classic_row_gap&quot;:{&quot;unit&quot;:&quot;px&quot;,&quot;size&quot;:35,&quot;sizes&quot;:[]},&quot;classic_row_gap_widescreen&quot;:{&quot;unit&quot;:&quot;px&quot;,&quot;size&quot;:&quot;&quot;,&quot;sizes&quot;:[]},&quot;classic_row_gap_laptop&quot;:{&quot;unit&quot;:&quot;px&quot;,&quot;size&quot;:&quot;&quot;,&quot;sizes&quot;:[]},&quot;classic_row_gap_tablet_extra&quot;:{&quot;unit&quot;:&quot;px&quot;,&quot;size&quot;:&quot;&quot;,&quot;sizes&quot;:[]},&quot;classic_row_gap_tablet&quot;:{&quot;unit&quot;:&quot;px&quot;,&quot;size&quot;:&quot;&quot;,&quot;sizes&quot;:[]},&quot;classic_row_gap_mobile_extra&quot;:{&quot;unit&quot;:&quot;px&quot;,&quot;size&quot;:&quot;&quot;,&quot;sizes&quot;:[]},&quot;classic_row_gap_mobile&quot;:{&quot;unit&quot;:&quot;px&quot;,&quot;size&quot;:&quot;&quot;,&quot;sizes&quot;:[]}}\" data-widget_type=\"posts.classic\">\n\t\t\t\t<div class=\"elementor-widget-container\">\n\t\t\t\t\t\t\t<div class=\"elementor-posts-container elementor-posts elementor-posts--skin-classic elementor-grid\" role=\"list\">\n\t\t\t\t<article class=\"elementor-post elementor-grid-item post-9687 post type-post status-publish format-standard hentry category-allgemein\" role=\"listitem\">\n\t\t\t\t<div class=\"elementor-post__text\">\n\t\t\t\t<h3 class=\"elementor-post__title\">\n\t\t\t<a href=\"https:\/\/www.klarenthal-vbw.de\/tr\/klarenthal-adventskalender-2025\/\" >\n\t\t\t\tKlarenthal Adventskalender 2025\t\t\t<\/a>\n\t\t<\/h3>\n\t\t\t\t<div class=\"elementor-post__excerpt\">\n\t\t\t<p>Der Klarenthaler Adventskalender 2025 l\u00e4dt dazu ein, die Vorweihnachtszeit gemeinsam im Stadtteil zu erleben. Hinter jedem T\u00fcrchen steckt ein besonderes Ereignis&nbsp; \u2013 von gem\u00fctlichen Konzerten, adventlichen Bastelstunden und Kinderaktionen bis hin zu stimmungsvollen Begegnungen bei Feuer, Musik und guten Gespr\u00e4chen. Ob Stockbrot am Campus, Weihnachtsbasar oder Adventskonzert \u2013&nbsp; \u00fcberall in<\/p>\n\t\t<\/div>\n\t\t\n\t\t<a class=\"elementor-post__read-more\" href=\"https:\/\/www.klarenthal-vbw.de\/tr\/klarenthal-adventskalender-2025\/\" aria-label=\"Read more about Klarenthal Adventskalender 2025\" tabindex=\"-1\" >\n\t\t\tDevam\u0131n\u0131 oku \u00bb\t\t<\/a>\n\n\t\t\t\t<\/div>\n\t\t\t\t<\/article>\n\t\t\t\t<article class=\"elementor-post elementor-grid-item post-9645 post type-post status-publish format-standard has-post-thumbnail hentry tag-mahalle-calismasi\" role=\"listitem\">\n\t\t\t\t<a class=\"elementor-post__thumbnail__link\" href=\"https:\/\/www.klarenthal-vbw.de\/tr\/klarenthal-demokrasi-haftasi-2025\/\" tabindex=\"-1\" >\n\t\t\t<div class=\"elementor-post__thumbnail\"><img fetchpriority=\"high\" decoding=\"async\" width=\"800\" height=\"628\" src=\"https:\/\/www.klarenthal-vbw.de\/wp-content\/uploads\/2025\/09\/klarenthal-lebt-demokratie-1024x804.jpg\" class=\"attachment-large size-large wp-image-9625\" alt=\"2 Frauen von hinten, die beide T-Shirts mit der Aufschrift Klarenthal lebt Demokratie tragen\" srcset=\"https:\/\/www.klarenthal-vbw.de\/wp-content\/uploads\/2025\/09\/klarenthal-lebt-demokratie-1024x804.jpg 1024w, https:\/\/www.klarenthal-vbw.de\/wp-content\/uploads\/2025\/09\/klarenthal-lebt-demokratie-300x236.jpg 300w, https:\/\/www.klarenthal-vbw.de\/wp-content\/uploads\/2025\/09\/klarenthal-lebt-demokratie-768x603.jpg 768w, https:\/\/www.klarenthal-vbw.de\/wp-content\/uploads\/2025\/09\/klarenthal-lebt-demokratie.jpg 1231w\" sizes=\"(max-width: 800px) 100vw, 800px\" \/><\/div>\n\t\t<\/a>\n\t\t\t\t<div class=\"elementor-post__text\">\n\t\t\t\t<h3 class=\"elementor-post__title\">\n\t\t\t<a href=\"https:\/\/www.klarenthal-vbw.de\/tr\/klarenthal-demokrasi-haftasi-2025\/\" >\n\t\t\t\tKlarenthal Demokrasi Haftas\u0131 2025\t\t\t<\/a>\n\t\t<\/h3>\n\t\t\t\t<div class=\"elementor-post__excerpt\">\n\t\t\t<p>&#8220;Klarenthal lebt Demokratie&#8221; Klarenthal sakinleri, H\u0131ristiyan kiliseleri, t\u00fcm demokratik partilerin temsilcileri, Klarenthal Yeti\u015fkin E\u011fitim Merkezi, KiEZ, Klarenthal \u0130l\u00e7e Merkezi ve di\u011fer sivil toplum akt\u00f6rlerinin aktif, yarat\u0131c\u0131, yerel ve somut bir \u015fekilde demokrasiye \u00f6rnek olmak i\u00e7in g\u00fc\u00e7lerini birle\u015ftirdikleri bir giri\u015fimdir.&#8221;Klarenthal Demokrasiyi Ya\u015f\u0131yor&#8221;, Klarenthal sakinleri, H\u0131ristiyan kiliseleri, t\u00fcm demokratik partilerin temsilcileri, Klarenthal<\/p>\n\t\t<\/div>\n\t\t\n\t\t<a class=\"elementor-post__read-more\" href=\"https:\/\/www.klarenthal-vbw.de\/tr\/klarenthal-demokrasi-haftasi-2025\/\" aria-label=\"Read more about Klarenthal Demokrasi Haftas\u0131 2025\" tabindex=\"-1\" >\n\t\t\tDevam\u0131n\u0131 oku \u00bb\t\t<\/a>\n\n\t\t\t\t<\/div>\n\t\t\t\t<\/article>\n\t\t\t\t<article class=\"elementor-post elementor-grid-item post-7974 post type-post status-publish format-standard has-post-thumbnail hentry category-genel tag-concierge-tr\" role=\"listitem\">\n\t\t\t\t<a class=\"elementor-post__thumbnail__link\" href=\"https:\/\/www.klarenthal-vbw.de\/tr\/klarenthal-concierge-fark-yaratan-yakinlik\/\" tabindex=\"-1\" >\n\t\t\t<div class=\"elementor-post__thumbnail\"><img decoding=\"async\" width=\"800\" height=\"534\" src=\"https:\/\/www.klarenthal-vbw.de\/wp-content\/uploads\/2025\/04\/volksbildungswerk-gesellschaft-verbindungen-1024x683.jpg\" class=\"attachment-large size-large wp-image-6259\" alt=\"einigen Personen, was Konnektivit\u00e4t und soziale Verbindungen symbolisiert.\" srcset=\"https:\/\/www.klarenthal-vbw.de\/wp-content\/uploads\/2025\/04\/volksbildungswerk-gesellschaft-verbindungen-1024x683.jpg 1024w, https:\/\/www.klarenthal-vbw.de\/wp-content\/uploads\/2025\/04\/volksbildungswerk-gesellschaft-verbindungen-300x200.jpg 300w, https:\/\/www.klarenthal-vbw.de\/wp-content\/uploads\/2025\/04\/volksbildungswerk-gesellschaft-verbindungen-768x512.jpg 768w, https:\/\/www.klarenthal-vbw.de\/wp-content\/uploads\/2025\/04\/volksbildungswerk-gesellschaft-verbindungen-1536x1024.jpg 1536w, https:\/\/www.klarenthal-vbw.de\/wp-content\/uploads\/2025\/04\/volksbildungswerk-gesellschaft-verbindungen.jpg 1620w\" sizes=\"(max-width: 800px) 100vw, 800px\" \/><\/div>\n\t\t<\/a>\n\t\t\t\t<div class=\"elementor-post__text\">\n\t\t\t\t<h3 class=\"elementor-post__title\">\n\t\t\t<a href=\"https:\/\/www.klarenthal-vbw.de\/tr\/klarenthal-concierge-fark-yaratan-yakinlik\/\" >\n\t\t\t\tKlarenthal Concierge \u2013 Fark Yaratan Yak\u0131nl\u0131k\t\t\t<\/a>\n\t\t<\/h3>\n\t\t\t\t<div class=\"elementor-post__excerpt\">\n\t\t\t<p>Klarenthal&#8217;\u0131n konut komplekslerinin ortas\u0131nda, concierge hizmeti mahallede iyi bir birlikte ya\u015fam i\u00e7in sessiz ama son derece etkili bir katk\u0131 sa\u011fl\u0131yor. \u0130nsanlar\u0131n ya\u015fad\u0131\u011f\u0131 yerde var. Dinliyor, arac\u0131l\u0131k ediyor, destekliyor &#8211; ve mahalleyi t\u00fcm k\u00f6\u015feleri, endi\u015feleri ve potansiyelleriyle tan\u0131yor. Klarenthal Concierge masa ba\u015f\u0131 bir proje de\u011fil. O mevcut. G\u00f6r\u00fcn\u00fcr. Ki\u015fisel. Ve tam<\/p>\n\t\t<\/div>\n\t\t\n\t\t<a class=\"elementor-post__read-more\" href=\"https:\/\/www.klarenthal-vbw.de\/tr\/klarenthal-concierge-fark-yaratan-yakinlik\/\" aria-label=\"Read more about Klarenthal Concierge \u2013 Fark Yaratan Yak\u0131nl\u0131k\" tabindex=\"-1\" >\n\t\t\tDevam\u0131n\u0131 oku \u00bb\t\t<\/a>\n\n\t\t\t\t<\/div>\n\t\t\t\t<\/article>\n\t\t\t\t<article class=\"elementor-post elementor-grid-item post-7994 post type-post status-publish format-standard has-post-thumbnail hentry category-genel tag-kiez-tr\" role=\"listitem\">\n\t\t\t\t<a class=\"elementor-post__thumbnail__link\" href=\"https:\/\/www.klarenthal-vbw.de\/tr\/kiez-klarenthal-aileleri-birlestiren-ve-guclendiren-bir-yer\/\" tabindex=\"-1\" >\n\t\t\t<div class=\"elementor-post__thumbnail\"><img decoding=\"async\" width=\"800\" height=\"534\" src=\"https:\/\/www.klarenthal-vbw.de\/wp-content\/uploads\/2025\/04\/volksbildungswerk-kinder-familien-kletterwald-1024x684.jpg\" class=\"attachment-large size-large wp-image-6211\" alt=\"Ein Mann mit blauem Helm und Klettergurt steht l\u00e4chelnd auf einer Holzplattform in einem Hochseilgarten, w\u00e4hrend eine weitere Person mit orangefarbenem Helm im Vordergrund zu sehen ist, umgeben von B\u00e4umen.\" srcset=\"https:\/\/www.klarenthal-vbw.de\/wp-content\/uploads\/2025\/04\/volksbildungswerk-kinder-familien-kletterwald-1024x684.jpg 1024w, https:\/\/www.klarenthal-vbw.de\/wp-content\/uploads\/2025\/04\/volksbildungswerk-kinder-familien-kletterwald-300x200.jpg 300w, https:\/\/www.klarenthal-vbw.de\/wp-content\/uploads\/2025\/04\/volksbildungswerk-kinder-familien-kletterwald-768x513.jpg 768w, https:\/\/www.klarenthal-vbw.de\/wp-content\/uploads\/2025\/04\/volksbildungswerk-kinder-familien-kletterwald-1536x1025.jpg 1536w, https:\/\/www.klarenthal-vbw.de\/wp-content\/uploads\/2025\/04\/volksbildungswerk-kinder-familien-kletterwald.jpg 1618w\" sizes=\"(max-width: 800px) 100vw, 800px\" \/><\/div>\n\t\t<\/a>\n\t\t\t\t<div class=\"elementor-post__text\">\n\t\t\t\t<h3 class=\"elementor-post__title\">\n\t\t\t<a href=\"https:\/\/www.klarenthal-vbw.de\/tr\/kiez-klarenthal-aileleri-birlestiren-ve-guclendiren-bir-yer\/\" >\n\t\t\t\tKiEZ Klarenthal \u2013 Aileleri birle\u015ftiren ve g\u00fc\u00e7lendiren bir yer\t\t\t<\/a>\n\t\t<\/h3>\n\t\t\t\t<div class=\"elementor-post__excerpt\">\n\t\t\t<p>Canl\u0131 Klarenthal semtinin ortas\u0131nda, KinderElternZentrum (KiEZ) 0-10 ya\u015f aras\u0131 \u00e7ocuklu aileler i\u00e7in korunakl\u0131 bir alan sunuyor. Burada ebeveynler ve \u00e7ocuklar sadece destek de\u011fil, ayn\u0131 zamanda topluluk ve \u00e7e\u015fitli e\u011fitim f\u0131rsatlar\u0131 da buluyorlar. Bulu\u015fma ve destek yeri KiEZ Klarenthal, semtteki t\u00fcm aileler i\u00e7in bir ba\u015fvuru noktas\u0131 olarak hizmet veriyor. Sundu\u011fu hizmetler:<\/p>\n\t\t<\/div>\n\t\t\n\t\t<a class=\"elementor-post__read-more\" href=\"https:\/\/www.klarenthal-vbw.de\/tr\/kiez-klarenthal-aileleri-birlestiren-ve-guclendiren-bir-yer\/\" aria-label=\"Read more about KiEZ Klarenthal \u2013 Aileleri birle\u015ftiren ve g\u00fc\u00e7lendiren bir yer\" tabindex=\"-1\" >\n\t\t\tDevam\u0131n\u0131 oku \u00bb\t\t<\/a>\n\n\t\t\t\t<\/div>\n\t\t\t\t<\/article>\n\t\t\t\t<article class=\"elementor-post elementor-grid-item post-8004 post type-post status-publish format-standard has-post-thumbnail hentry category-genel tag-egitim-ve-kueltuer\" role=\"listitem\">\n\t\t\t\t<a class=\"elementor-post__thumbnail__link\" href=\"https:\/\/www.klarenthal-vbw.de\/tr\/dotzheim-klarenthal-ve-kohlheckte-egitim-ve-yasama-yakin-kalpten-halk-egitim-merkezi\/\" tabindex=\"-1\" >\n\t\t\t<div class=\"elementor-post__thumbnail\"><img loading=\"lazy\" decoding=\"async\" width=\"800\" height=\"534\" src=\"https:\/\/www.klarenthal-vbw.de\/wp-content\/uploads\/2025\/04\/volksbildungswerk-gesellschaft-paulskirche-1024x683.jpg\" class=\"attachment-large size-large wp-image-6250\" alt=\"Die Paulskirche in Frankfurt am Main, ein rotes Sandsteingeb\u00e4ude mit einem runden Hauptteil und einem Turm mit gr\u00fcner Kuppel und goldenem Kreuz, unter einem blauen Himmel mit wei\u00dfen Wolken.\" srcset=\"https:\/\/www.klarenthal-vbw.de\/wp-content\/uploads\/2025\/04\/volksbildungswerk-gesellschaft-paulskirche-1024x683.jpg 1024w, https:\/\/www.klarenthal-vbw.de\/wp-content\/uploads\/2025\/04\/volksbildungswerk-gesellschaft-paulskirche-300x200.jpg 300w, https:\/\/www.klarenthal-vbw.de\/wp-content\/uploads\/2025\/04\/volksbildungswerk-gesellschaft-paulskirche-768x512.jpg 768w, https:\/\/www.klarenthal-vbw.de\/wp-content\/uploads\/2025\/04\/volksbildungswerk-gesellschaft-paulskirche-1536x1024.jpg 1536w, https:\/\/www.klarenthal-vbw.de\/wp-content\/uploads\/2025\/04\/volksbildungswerk-gesellschaft-paulskirche.jpg 1620w\" sizes=\"(max-width: 800px) 100vw, 800px\" \/><\/div>\n\t\t<\/a>\n\t\t\t\t<div class=\"elementor-post__text\">\n\t\t\t\t<h3 class=\"elementor-post__title\">\n\t\t\t<a href=\"https:\/\/www.klarenthal-vbw.de\/tr\/dotzheim-klarenthal-ve-kohlheckte-egitim-ve-yasama-yakin-kalpten-halk-egitim-merkezi\/\" >\n\t\t\t\tDotzheim, Klarenthal ve Kohlheck&#8217;te e\u011fitim ve ya\u015fama yak\u0131n &#8211; Kalpten Halk E\u011fitim Merkezi\t\t\t<\/a>\n\t\t<\/h3>\n\t\t\t\t<div class=\"elementor-post__excerpt\">\n\t\t\t<p>E\u011fitim derslikte ba\u015flamaz ve okul bitirmeyle sona ermez. E\u011fitim merakt\u0131r, kar\u015f\u0131la\u015fmad\u0131r, ufuk geni\u015fletmedir &#8211; ya\u015fam boyu s\u00fcren bir s\u00fcre\u00e7tir. Ve biz tam olarak bunun i\u00e7in var\u0131z: semtte do\u011frudan halk e\u011fitim merkezi olarak, Dotzheim, Kohlheck ve Klarenthal&#8217;deki insanlara \u00e7ok yak\u0131n. Belki \u015fehir merkezindeki b\u00fcy\u00fck halk e\u011fitim merkezi de\u011filiz &#8211; ama tam<\/p>\n\t\t<\/div>\n\t\t\n\t\t<a class=\"elementor-post__read-more\" href=\"https:\/\/www.klarenthal-vbw.de\/tr\/dotzheim-klarenthal-ve-kohlheckte-egitim-ve-yasama-yakin-kalpten-halk-egitim-merkezi\/\" aria-label=\"Read more about Dotzheim, Klarenthal ve Kohlheck&#8217;te e\u011fitim ve ya\u015fama yak\u0131n &#8211; Kalpten Halk E\u011fitim Merkezi\" tabindex=\"-1\" >\n\t\t\tDevam\u0131n\u0131 oku \u00bb\t\t<\/a>\n\n\t\t\t\t<\/div>\n\t\t\t\t<\/article>\n\t\t\t\t<article class=\"elementor-post elementor-grid-item post-8018 post type-post status-publish format-standard has-post-thumbnail hentry category-genel tag-mahalle-calismasi\" role=\"listitem\">\n\t\t\t\t<a class=\"elementor-post__thumbnail__link\" href=\"https:\/\/www.klarenthal-vbw.de\/tr\/klarenthal-icin-birlikte-baglayan-mahalle-calismasi\/\" tabindex=\"-1\" >\n\t\t\t<div class=\"elementor-post__thumbnail\"><img loading=\"lazy\" decoding=\"async\" width=\"800\" height=\"534\" src=\"https:\/\/www.klarenthal-vbw.de\/wp-content\/uploads\/2025\/04\/volksbildungswerk-sprachen-sprachkurs-1024x683.jpg\" class=\"attachment-large size-large wp-image-6018\" alt=\"Eine Gruppe von sechs Studierenden sitzt um einen Tisch in einer Bibliothek und arbeitet gemeinsam an einem gro\u00dfen Blatt Papier, w\u00e4hrend im Hintergrund B\u00fccherregale und eine wei\u00dfe Tafel zu sehen sind.\" srcset=\"https:\/\/www.klarenthal-vbw.de\/wp-content\/uploads\/2025\/04\/volksbildungswerk-sprachen-sprachkurs-1024x683.jpg 1024w, https:\/\/www.klarenthal-vbw.de\/wp-content\/uploads\/2025\/04\/volksbildungswerk-sprachen-sprachkurs-300x200.jpg 300w, https:\/\/www.klarenthal-vbw.de\/wp-content\/uploads\/2025\/04\/volksbildungswerk-sprachen-sprachkurs-768x512.jpg 768w, https:\/\/www.klarenthal-vbw.de\/wp-content\/uploads\/2025\/04\/volksbildungswerk-sprachen-sprachkurs-1536x1024.jpg 1536w, https:\/\/www.klarenthal-vbw.de\/wp-content\/uploads\/2025\/04\/volksbildungswerk-sprachen-sprachkurs.jpg 1620w\" sizes=\"(max-width: 800px) 100vw, 800px\" \/><\/div>\n\t\t<\/a>\n\t\t\t\t<div class=\"elementor-post__text\">\n\t\t\t\t<h3 class=\"elementor-post__title\">\n\t\t\t<a href=\"https:\/\/www.klarenthal-vbw.de\/tr\/klarenthal-icin-birlikte-baglayan-mahalle-calismasi\/\" >\n\t\t\t\tKlarenthal i\u00e7in birlikte \u2013 ba\u011flayan mahalle \u00e7al\u0131\u015fmas\u0131\t\t\t<\/a>\n\t\t<\/h3>\n\t\t\t\t<div class=\"elementor-post__excerpt\">\n\t\t\t<p>Bir mahalle sadece sokaklar ve binalardan ibaret de\u011fildir. \u0130nsanlar, hikayeler ve fikirlerden olu\u015fan canl\u0131 bir a\u011fd\u0131r. Bu a\u011f\u0131n ger\u00e7ek bir birlikteli\u011fe d\u00f6n\u00fc\u015fmesi i\u00e7in de\u011fi\u015fim, kar\u015f\u0131la\u015fma ve ortak \u015fekillendirme alanlar\u0131na ihtiya\u00e7 vard\u0131r. \u0130\u015fte Klarenthal&#8217;daki mahalle \u00e7al\u0131\u015fmam\u0131z tam da burada devreye giriyor \u2013 a\u011f kurucu, moderat\u00f6r ve net bir hedefle: mahallede herkes<\/p>\n\t\t<\/div>\n\t\t\n\t\t<a class=\"elementor-post__read-more\" href=\"https:\/\/www.klarenthal-vbw.de\/tr\/klarenthal-icin-birlikte-baglayan-mahalle-calismasi\/\" aria-label=\"Read more about Klarenthal i\u00e7in birlikte \u2013 ba\u011flayan mahalle \u00e7al\u0131\u015fmas\u0131\" tabindex=\"-1\" >\n\t\t\tDevam\u0131n\u0131 oku \u00bb\t\t<\/a>\n\n\t\t\t\t<\/div>\n\t\t\t\t<\/article>\n\t\t\t\t<\/div>\n\t\t\n\t\t\t\t\t\t<\/div>\n\t\t\t\t<\/div>\n\t\t\t\t\t<\/div>\n\t\t\t\t<\/div>\n\t\t\t\t<\/div>\n\t\t","protected":false},"excerpt":{"rendered":"","protected":false},"author":8,"featured_media":0,"parent":0,"menu_order":0,"comment_status":"closed","ping_status":"closed","template":"","meta":{"_acf_changed":false,"footnotes":""},"categories":[],"tags":[],"folder":[14],"class_list":["post-8062","page","type-page","status-publish","hentry"],"acf":[],"yoast_head":"<!-- This site is optimized with the Yoast SEO plugin v27.4 - https:\/\/yoast.com\/product\/yoast-seo-wordpress\/ -->\n<title>Blog - Volksbildungswerk Klarenthal e.V.<\/title>\n<meta name=\"robots\" content=\"index, follow, max-snippet:-1, max-image-preview:large, max-video-preview:-1\" \/>\n<link rel=\"canonical\" href=\"https:\/\/www.klarenthal-vbw.de\/tr\/blog\/\" \/>\n<meta property=\"og:locale\" content=\"tr_TR\" \/>\n<meta property=\"og:type\" content=\"article\" \/>\n<meta property=\"og:title\" content=\"Blog - Volksbildungswerk Klarenthal e.V.\" \/>\n<meta property=\"og:url\" content=\"https:\/\/www.klarenthal-vbw.de\/tr\/blog\/\" \/>\n<meta property=\"og:site_name\" content=\"Volksbildungswerk Klarenthal e.V.\" \/>\n<meta property=\"article:modified_time\" content=\"2025-07-30T11:28:09+00:00\" \/>\n<meta name=\"twitter:card\" content=\"summary_large_image\" \/>\n<script type=\"application\/ld+json\" class=\"yoast-schema-graph\">{\"@context\":\"https:\\\/\\\/schema.org\",\"@graph\":[{\"@type\":\"WebPage\",\"@id\":\"https:\\\/\\\/www.klarenthal-vbw.de\\\/tr\\\/blog\\\/\",\"url\":\"https:\\\/\\\/www.klarenthal-vbw.de\\\/tr\\\/blog\\\/\",\"name\":\"Blog - Volksbildungswerk Klarenthal e.V.\",\"isPartOf\":{\"@id\":\"https:\\\/\\\/www.klarenthal-vbw.de\\\/tr\\\/#website\"},\"datePublished\":\"2025-05-08T09:55:44+00:00\",\"dateModified\":\"2025-07-30T11:28:09+00:00\",\"breadcrumb\":{\"@id\":\"https:\\\/\\\/www.klarenthal-vbw.de\\\/tr\\\/blog\\\/#breadcrumb\"},\"inLanguage\":\"tr\",\"potentialAction\":[{\"@type\":\"ReadAction\",\"target\":[\"https:\\\/\\\/www.klarenthal-vbw.de\\\/tr\\\/blog\\\/\"]}]},{\"@type\":\"BreadcrumbList\",\"@id\":\"https:\\\/\\\/www.klarenthal-vbw.de\\\/tr\\\/blog\\\/#breadcrumb\",\"itemListElement\":[{\"@type\":\"ListItem\",\"position\":1,\"name\":\"Startseite\",\"item\":\"https:\\\/\\\/www.klarenthal-vbw.de\\\/tr\\\/\"},{\"@type\":\"ListItem\",\"position\":2,\"name\":\"Blog\"}]},{\"@type\":\"WebSite\",\"@id\":\"https:\\\/\\\/www.klarenthal-vbw.de\\\/tr\\\/#website\",\"url\":\"https:\\\/\\\/www.klarenthal-vbw.de\\\/tr\\\/\",\"name\":\"Volksbildungswerk Klarenthal e.V.\",\"description\":\"Chancen. Bildung. Perspektiven\",\"publisher\":{\"@id\":\"https:\\\/\\\/www.klarenthal-vbw.de\\\/tr\\\/#organization\"},\"potentialAction\":[{\"@type\":\"SearchAction\",\"target\":{\"@type\":\"EntryPoint\",\"urlTemplate\":\"https:\\\/\\\/www.klarenthal-vbw.de\\\/tr\\\/?s={search_term_string}\"},\"query-input\":{\"@type\":\"PropertyValueSpecification\",\"valueRequired\":true,\"valueName\":\"search_term_string\"}}],\"inLanguage\":\"tr\"},{\"@type\":\"Organization\",\"@id\":\"https:\\\/\\\/www.klarenthal-vbw.de\\\/tr\\\/#organization\",\"name\":\"Volksbildungswerk Klarenthal e.V.\",\"url\":\"https:\\\/\\\/www.klarenthal-vbw.de\\\/tr\\\/\",\"logo\":{\"@type\":\"ImageObject\",\"inLanguage\":\"tr\",\"@id\":\"https:\\\/\\\/www.klarenthal-vbw.de\\\/tr\\\/#\\\/schema\\\/logo\\\/image\\\/\",\"url\":\"https:\\\/\\\/www.klarenthal-vbw.de\\\/wp-content\\\/uploads\\\/2025\\\/02\\\/logo.svg\",\"contentUrl\":\"https:\\\/\\\/www.klarenthal-vbw.de\\\/wp-content\\\/uploads\\\/2025\\\/02\\\/logo.svg\",\"caption\":\"Volksbildungswerk Klarenthal e.V.\"},\"image\":{\"@id\":\"https:\\\/\\\/www.klarenthal-vbw.de\\\/tr\\\/#\\\/schema\\\/logo\\\/image\\\/\"}}]}<\/script>\n<!-- \/ Yoast SEO plugin. -->","yoast_head_json":{"title":"Blog - Volksbildungswerk Klarenthal e.V.","robots":{"index":"index","follow":"follow","max-snippet":"max-snippet:-1","max-image-preview":"max-image-preview:large","max-video-preview":"max-video-preview:-1"},"canonical":"https:\/\/www.klarenthal-vbw.de\/tr\/blog\/","og_locale":"tr_TR","og_type":"article","og_title":"Blog - Volksbildungswerk Klarenthal e.V.","og_url":"https:\/\/www.klarenthal-vbw.de\/tr\/blog\/","og_site_name":"Volksbildungswerk Klarenthal e.V.","article_modified_time":"2025-07-30T11:28:09+00:00","twitter_card":"summary_large_image","schema":{"@context":"https:\/\/schema.org","@graph":[{"@type":"WebPage","@id":"https:\/\/www.klarenthal-vbw.de\/tr\/blog\/","url":"https:\/\/www.klarenthal-vbw.de\/tr\/blog\/","name":"Blog - Volksbildungswerk Klarenthal e.V.","isPartOf":{"@id":"https:\/\/www.klarenthal-vbw.de\/tr\/#website"},"datePublished":"2025-05-08T09:55:44+00:00","dateModified":"2025-07-30T11:28:09+00:00","breadcrumb":{"@id":"https:\/\/www.klarenthal-vbw.de\/tr\/blog\/#breadcrumb"},"inLanguage":"tr","potentialAction":[{"@type":"ReadAction","target":["https:\/\/www.klarenthal-vbw.de\/tr\/blog\/"]}]},{"@type":"BreadcrumbList","@id":"https:\/\/www.klarenthal-vbw.de\/tr\/blog\/#breadcrumb","itemListElement":[{"@type":"ListItem","position":1,"name":"Startseite","item":"https:\/\/www.klarenthal-vbw.de\/tr\/"},{"@type":"ListItem","position":2,"name":"Blog"}]},{"@type":"WebSite","@id":"https:\/\/www.klarenthal-vbw.de\/tr\/#website","url":"https:\/\/www.klarenthal-vbw.de\/tr\/","name":"Volksbildungswerk Klarenthal e.V.","description":"Chancen. Bildung. Perspektiven","publisher":{"@id":"https:\/\/www.klarenthal-vbw.de\/tr\/#organization"},"potentialAction":[{"@type":"SearchAction","target":{"@type":"EntryPoint","urlTemplate":"https:\/\/www.klarenthal-vbw.de\/tr\/?s={search_term_string}"},"query-input":{"@type":"PropertyValueSpecification","valueRequired":true,"valueName":"search_term_string"}}],"inLanguage":"tr"},{"@type":"Organization","@id":"https:\/\/www.klarenthal-vbw.de\/tr\/#organization","name":"Volksbildungswerk Klarenthal e.V.","url":"https:\/\/www.klarenthal-vbw.de\/tr\/","logo":{"@type":"ImageObject","inLanguage":"tr","@id":"https:\/\/www.klarenthal-vbw.de\/tr\/#\/schema\/logo\/image\/","url":"https:\/\/www.klarenthal-vbw.de\/wp-content\/uploads\/2025\/02\/logo.svg","contentUrl":"https:\/\/www.klarenthal-vbw.de\/wp-content\/uploads\/2025\/02\/logo.svg","caption":"Volksbildungswerk Klarenthal e.V."},"image":{"@id":"https:\/\/www.klarenthal-vbw.de\/tr\/#\/schema\/logo\/image\/"}}]}},"_links":{"self":[{"href":"https:\/\/www.klarenthal-vbw.de\/tr\/wp-json\/wp\/v2\/pages\/8062","targetHints":{"allow":["GET"]}}],"collection":[{"href":"https:\/\/www.klarenthal-vbw.de\/tr\/wp-json\/wp\/v2\/pages"}],"about":[{"href":"https:\/\/www.klarenthal-vbw.de\/tr\/wp-json\/wp\/v2\/types\/page"}],"author":[{"embeddable":true,"href":"https:\/\/www.klarenthal-vbw.de\/tr\/wp-json\/wp\/v2\/users\/8"}],"replies":[{"embeddable":true,"href":"https:\/\/www.klarenthal-vbw.de\/tr\/wp-json\/wp\/v2\/comments?post=8062"}],"version-history":[{"count":0,"href":"https:\/\/www.klarenthal-vbw.de\/tr\/wp-json\/wp\/v2\/pages\/8062\/revisions"}],"wp:attachment":[{"href":"https:\/\/www.klarenthal-vbw.de\/tr\/wp-json\/wp\/v2\/media?parent=8062"}],"wp:term":[{"taxonomy":"category","embeddable":true,"href":"https:\/\/www.klarenthal-vbw.de\/tr\/wp-json\/wp\/v2\/categories?post=8062"},{"taxonomy":"post_tag","embeddable":true,"href":"https:\/\/www.klarenthal-vbw.de\/tr\/wp-json\/wp\/v2\/tags?post=8062"},{"taxonomy":"folder","embeddable":true,"href":"https:\/\/www.klarenthal-vbw.de\/tr\/wp-json\/wp\/v2\/folder?post=8062"}],"curies":[{"name":"wp","href":"https:\/\/api.w.org\/{rel}","templated":true}]}}